{"id":9708,"date":"2018-01-30T22:41:34","date_gmt":"2018-01-30T22:41:34","guid":{"rendered":"https:\/\/moirai.si\/?post_type=product&#038;p=9708"},"modified":"2025-08-19T20:35:28","modified_gmt":"2025-08-19T20:35:28","slug":"versy-rutil-2","status":"publish","type":"product","link":"https:\/\/moirai.si\/de\/izdelek\/versy-rutil-2\/","title":{"rendered":"Versy Rutil"},"content":{"rendered":"<p>Einzigartiger Anh\u00e4nger aus der Versy-Kollektion von Rutile an einem schwarzen Lederband mit verstellbarer L\u00e4nge (den Knoten nach oben oder unten ziehen). Die Kette ist unisex und f\u00fcr Kinder und Erwachsene geeignet.<\/p>\n<p>Weitere Informationen: <a href=\"https:\/\/moirai.si\/de\/rutil\/\" target=\"_blank\" rel=\"noopener noreferrer\">Rutil<\/a><\/p>\n<p>MATERIAL: Rutil (Cabochon), schwarzes Leder<br \/>\nL\u00c4NGE: flexibel (38-77 cm)<br \/>\nGEWICHT: 11,1 g<br \/>\nGr\u00f6\u00dfe des Steins: 2 x 3,2 cm<br \/>\nSTEINDICKE: 0,7 cm<\/p>","protected":false},"excerpt":{"rendered":"<p>Unikaten obesek kolekcije Versy iz Rutila na \u010drnem usnjenem traku s prilagodljivo dol\u017eino (poteg vozla gor oz. dol). Ogrlica je unisex in je primerna za otroke in odrasle. Ve\u010d informacij: Rutil MATERIAL: Rutil (kabo\u0161on), \u010drno usnje DOL\u017dINA: prilagodljiva (38-77 cm) TE\u017dA: 11.1 g VELIKOST KAMNA: 2 x 3.2 cm DEBELINA KAMNA: 0.7 cm<\/p>","protected":false},"featured_media":18285,"template":"","meta":[],"product_brand":[],"product_cat":[92,72,309],"product_tag":[648,708],"class_list":{"0":"post-9708","1":"product","2":"type-product","3":"status-publish","4":"has-post-thumbnail","6":"product_cat-obeski-in-usnje","7":"product_cat-rutil","8":"product_cat-versy","9":"product_tag-crno-usnje","10":"product_tag-rutil-kaboson","12":"first","13":"instock","14":"purchasable","15":"product-type-simple"},"_links":{"self":[{"href":"https:\/\/moirai.si\/de\/wp-json\/wp\/v2\/product\/9708","targetHints":{"allow":["GET"]}}],"collection":[{"href":"https:\/\/moirai.si\/de\/wp-json\/wp\/v2\/product"}],"about":[{"href":"https:\/\/moirai.si\/de\/wp-json\/wp\/v2\/types\/product"}],"wp:featuredmedia":[{"embeddable":true,"href":"https:\/\/moirai.si\/de\/wp-json\/wp\/v2\/media\/18285"}],"wp:attachment":[{"href":"https:\/\/moirai.si\/de\/wp-json\/wp\/v2\/media?parent=9708"}],"wp:term":[{"taxonomy":"product_brand","embeddable":true,"href":"https:\/\/moirai.si\/de\/wp-json\/wp\/v2\/product_brand?post=9708"},{"taxonomy":"product_cat","embeddable":true,"href":"https:\/\/moirai.si\/de\/wp-json\/wp\/v2\/product_cat?post=9708"},{"taxonomy":"product_tag","embeddable":true,"href":"https:\/\/moirai.si\/de\/wp-json\/wp\/v2\/product_tag?post=9708"}],"curies":[{"name":"wp","href":"https:\/\/api.w.org\/{rel}","templated":true}]}}