{"id":9733,"date":"2018-02-12T19:12:51","date_gmt":"2018-02-12T19:12:51","guid":{"rendered":"https:\/\/moirai.si\/?post_type=product&#038;p=9733"},"modified":"2026-03-26T12:47:14","modified_gmt":"2026-03-26T12:47:14","slug":"mation-des-auges","status":"publish","type":"product","link":"https:\/\/moirai.si\/de\/izdelek\/macje-oko-m\/","title":{"rendered":"Katzenauge M"},"content":{"rendered":"<p>Ein wundersch\u00f6nes St\u00fcck poliertes Katzenauge (S\u00fcdafrika), geeignet als heilender Handstein oder als Geschenk. Die Abbildung ist symbolisch. Geringe Abweichungen in Farbe, Gewicht und Form sind m\u00f6glich.<\/p>\n<p>Weitere Informationen: <a href=\"https:\/\/moirai.si\/de\/augenverletzungen\/\" target=\"_blank\" rel=\"noopener noreferrer\">Das Auge der Katze<\/a><\/p>\n<p>MATERIAL: Katzenauge<br \/>\nABMESSUNGEN: ca. 1,5-2,5 cm<br \/>\nGEWICHT: 10-15 g<\/p>","protected":false},"excerpt":{"rendered":"<p>\u010cudovit kos spoliranega Ma\u010djega O\u010desa (Ju\u017ena Afrika), primeren kot zdravilni ro\u010dni kamen ali kot darilo. Slika je simboli\u010dna. Mo\u017ena so manj\u0161a odstopanja v barvi, te\u017ei in obliki. Ve\u010d informacij: Ma\u010dje Oko MATERIAL: Ma\u010dje Oko DIMENZIJE: cca 1,5-2,5 cm TE\u017dA: 10-15 g<\/p>","protected":false},"featured_media":22418,"template":"","meta":[],"product_brand":[],"product_cat":[86,753,81],"product_tag":[220],"class_list":{"0":"post-9733","1":"product","2":"type-product","3":"status-publish","4":"has-post-thumbnail","6":"product_cat-macje-oko","7":"product_cat-rocni-kamni","8":"product_cat-tigrovo-oko","9":"product_tag-macje-oko","11":"first","12":"instock","13":"purchasable","14":"product-type-simple"},"_links":{"self":[{"href":"https:\/\/moirai.si\/de\/wp-json\/wp\/v2\/product\/9733","targetHints":{"allow":["GET"]}}],"collection":[{"href":"https:\/\/moirai.si\/de\/wp-json\/wp\/v2\/product"}],"about":[{"href":"https:\/\/moirai.si\/de\/wp-json\/wp\/v2\/types\/product"}],"wp:featuredmedia":[{"embeddable":true,"href":"https:\/\/moirai.si\/de\/wp-json\/wp\/v2\/media\/22418"}],"wp:attachment":[{"href":"https:\/\/moirai.si\/de\/wp-json\/wp\/v2\/media?parent=9733"}],"wp:term":[{"taxonomy":"product_brand","embeddable":true,"href":"https:\/\/moirai.si\/de\/wp-json\/wp\/v2\/product_brand?post=9733"},{"taxonomy":"product_cat","embeddable":true,"href":"https:\/\/moirai.si\/de\/wp-json\/wp\/v2\/product_cat?post=9733"},{"taxonomy":"product_tag","embeddable":true,"href":"https:\/\/moirai.si\/de\/wp-json\/wp\/v2\/product_tag?post=9733"}],"curies":[{"name":"wp","href":"https:\/\/api.w.org\/{rel}","templated":true}]}}