{"id":9994,"date":"2018-07-10T15:19:52","date_gmt":"2018-07-10T15:19:52","guid":{"rendered":"https:\/\/moirai.si\/?post_type=product&#038;p=9994"},"modified":"2026-02-02T09:54:01","modified_gmt":"2026-02-02T09:54:01","slug":"pendel-calcit-orange","status":"publish","type":"product","link":"https:\/\/moirai.si\/de\/izdelek\/nihalo-kalcit-oranzni\/","title":{"rendered":"Pendel Calcit Orange"},"content":{"rendered":"<p>Orangefarbenes Calcit-Pendel an einer versilberten Kette, mit einer einfach zu bedienenden Steinzelle versehen. Die Abbildung ist symbolisch. Geringe Abweichungen in Farbe, Gewicht und Form sind m\u00f6glich.<\/p>\n<p>Weitere Informationen: <a href=\"https:\/\/moirai.si\/de\/pendel\/\" target=\"_blank\" rel=\"noopener noreferrer\">Nihalo, <\/a><a href=\"https:\/\/moirai.si\/de\/calcit\/\" target=\"_blank\" rel=\"noopener noreferrer\">Calcit<\/a><\/p>\n<p>MATERIAL: Orangefarbener Calcit<br \/>\nGEWICHT: 5-15 g<br \/>\nSTEINGR\u00d6SSE: 3-5 cm<\/p>","protected":false},"excerpt":{"rendered":"<p>Nihalo iz Oran\u017enega Kalcita na posrebreni veri\u017eici, zaklju\u010deno z bunkico iz kamna za preprosto uporabo. Slika je simboli\u010dna. Mo\u017ena so manj\u0161a odstopanja v barvi, te\u017ei in obliki. Ve\u010d informacij: Nihalo, Kalcit MATERIAL: Oran\u017eni Kalcit TE\u017dA: 5-15 g VELIKOST KAMNOV: 3-5 cm<\/p>","protected":false},"featured_media":25799,"template":"","meta":[],"product_brand":[],"product_cat":[747,754],"product_tag":[718],"class_list":{"0":"post-9994","1":"product","2":"type-product","3":"status-publish","4":"has-post-thumbnail","6":"product_cat-kalcit","7":"product_cat-nihala","8":"product_tag-nihalo-kalcit","10":"first","11":"outofstock","12":"purchasable","13":"product-type-simple"},"_links":{"self":[{"href":"https:\/\/moirai.si\/de\/wp-json\/wp\/v2\/product\/9994","targetHints":{"allow":["GET"]}}],"collection":[{"href":"https:\/\/moirai.si\/de\/wp-json\/wp\/v2\/product"}],"about":[{"href":"https:\/\/moirai.si\/de\/wp-json\/wp\/v2\/types\/product"}],"wp:featuredmedia":[{"embeddable":true,"href":"https:\/\/moirai.si\/de\/wp-json\/wp\/v2\/media\/25799"}],"wp:attachment":[{"href":"https:\/\/moirai.si\/de\/wp-json\/wp\/v2\/media?parent=9994"}],"wp:term":[{"taxonomy":"product_brand","embeddable":true,"href":"https:\/\/moirai.si\/de\/wp-json\/wp\/v2\/product_brand?post=9994"},{"taxonomy":"product_cat","embeddable":true,"href":"https:\/\/moirai.si\/de\/wp-json\/wp\/v2\/product_cat?post=9994"},{"taxonomy":"product_tag","embeddable":true,"href":"https:\/\/moirai.si\/de\/wp-json\/wp\/v2\/product_tag?post=9994"}],"curies":[{"name":"wp","href":"https:\/\/api.w.org\/{rel}","templated":true}]}}