{"id":9997,"date":"2018-07-11T11:27:04","date_gmt":"2018-07-11T11:27:04","guid":{"rendered":"https:\/\/moirai.si\/?post_type=product&#038;p=9997"},"modified":"2026-02-02T09:53:52","modified_gmt":"2026-02-02T09:53:52","slug":"nihalo-tigrovo-oko","status":"publish","type":"product","link":"https:\/\/moirai.si\/de\/izdelek\/nihalo-tigrovo-oko\/","title":{"rendered":"Tigerauge Pendel"},"content":{"rendered":"<p>Nihalo iz Tigrovega O\u010desa na posrebreni veri\u017eici, zaklju\u010deno z bunkico iz kamna za preprosto uporabo. Slika je simboli\u010dna. Mo\u017ena so manj\u0161a odstopanja v barvi, te\u017ei in obliki.<\/p>\n<p>Weitere Informationen: <a href=\"https:\/\/moirai.si\/de\/pendel\/\" target=\"_blank\" rel=\"noopener noreferrer\">Nihalo<\/a>, <a href=\"https:\/\/moirai.si\/de\/das-auge-des-tigers\/\" target=\"_blank\" rel=\"noopener noreferrer\">Tigerauge<\/a><\/p>\n<p>MATERIAL:\u00a0 Tigrovo Oko<br \/>\nGEWICHT: 5-15 g<br \/>\nSTEINGR\u00d6SSE: 3-5 cm<\/p>","protected":false},"excerpt":{"rendered":"<p>Nihalo iz Tigrovega O\u010desa na posrebreni veri\u017eici, zaklju\u010deno z bunkico iz kamna za preprosto uporabo. Slika je simboli\u010dna. Mo\u017ena so manj\u0161a odstopanja v barvi, te\u017ei in obliki. Ve\u010d informacij: Nihalo, Tigrovo Oko MATERIAL:\u00a0 Tigrovo Oko TE\u017dA: 5-15 g VELIKOST KAMNOV: 3-5 cm<\/p>","protected":false},"featured_media":25806,"template":"","meta":[],"product_brand":[],"product_cat":[754,81],"product_tag":[719],"class_list":{"0":"post-9997","1":"product","2":"type-product","3":"status-publish","4":"has-post-thumbnail","6":"product_cat-nihala","7":"product_cat-tigrovo-oko","8":"product_tag-nihalo-tigrovo-oko","10":"first","11":"instock","12":"purchasable","13":"product-type-simple"},"_links":{"self":[{"href":"https:\/\/moirai.si\/de\/wp-json\/wp\/v2\/product\/9997","targetHints":{"allow":["GET"]}}],"collection":[{"href":"https:\/\/moirai.si\/de\/wp-json\/wp\/v2\/product"}],"about":[{"href":"https:\/\/moirai.si\/de\/wp-json\/wp\/v2\/types\/product"}],"wp:featuredmedia":[{"embeddable":true,"href":"https:\/\/moirai.si\/de\/wp-json\/wp\/v2\/media\/25806"}],"wp:attachment":[{"href":"https:\/\/moirai.si\/de\/wp-json\/wp\/v2\/media?parent=9997"}],"wp:term":[{"taxonomy":"product_brand","embeddable":true,"href":"https:\/\/moirai.si\/de\/wp-json\/wp\/v2\/product_brand?post=9997"},{"taxonomy":"product_cat","embeddable":true,"href":"https:\/\/moirai.si\/de\/wp-json\/wp\/v2\/product_cat?post=9997"},{"taxonomy":"product_tag","embeddable":true,"href":"https:\/\/moirai.si\/de\/wp-json\/wp\/v2\/product_tag?post=9997"}],"curies":[{"name":"wp","href":"https:\/\/api.w.org\/{rel}","templated":true}]}}