{"id":13697,"date":"2019-06-22T15:10:54","date_gmt":"2019-06-22T15:10:54","guid":{"rendered":"https:\/\/moirai.si\/?page_id=13697"},"modified":"2026-01-02T13:35:52","modified_gmt":"2026-01-02T13:35:52","slug":"epidote","status":"publish","type":"page","link":"https:\/\/moirai.si\/en\/epidot\/","title":{"rendered":"Epidote"},"content":{"rendered":"<div class=\"wp-block-button aligncenter\"><a class=\"wp-block-button__link has-text-color has-background wp-element-button\" href=\"https:\/\/moirai.si\/en\/product-category\/buying-by-the-stone\/epidote\/\" style=\"color:#2d2c2c;background-color:#ddc942\" target=\"_blank\" rel=\"noreferrer noopener\">Shop Epidote<\/a><\/div>\n\n\n\n<h3 class=\"wp-block-heading\"><span style=\"color: #800080;\"><strong>History<\/strong><\/span><\/h3>\n\n\n<div class=\"wp-block-image is-resized\">\n<figure class=\"alignright size-large\"><img loading=\"lazy\" decoding=\"async\" width=\"566\" height=\"566\" src=\"https:\/\/moirai.si\/wp-content\/uploads\/2020\/01\/epidot.jpg\" alt=\"\" class=\"wp-image-15691\" style=\"object-fit:cover;width:125px;height:125px\" srcset=\"https:\/\/moirai.si\/wp-content\/uploads\/2020\/01\/epidot.jpg 566w, https:\/\/moirai.si\/wp-content\/uploads\/2020\/01\/epidot-100x100.jpg 100w, https:\/\/moirai.si\/wp-content\/uploads\/2020\/01\/epidot-501x501.jpg 501w, https:\/\/moirai.si\/wp-content\/uploads\/2020\/01\/epidot-500x500.jpg 500w\" sizes=\"auto, (max-width: 566px) 100vw, 566px\" \/><\/figure>\n<\/div>\n\n\n<ul class=\"wp-block-list\">\n<li>Epidote was named by Rene Just Ha\u00fcy in 1801 from the Greek word \"\u03b5\u03c0\u03b9\u03b4\u03bf\u03c3\u03b9\u03b6\" (epidosis), meaning \"to enlarge\", because it has the crystalline feature of one longer side at the base of the prism. It can be defined as Calcium Aluminium Iron Silicate. It usually contains various colours of green, brown and yellow. Epidote is also a key constituent of some rocks. Epidosite is a stone composed of Quartz and Epidote. Unakite is an altered Granite composed of Epidote, pink Feldspar and colourless Quartz.<\/li>\n<\/ul>\n\n\n\n<h3 class=\"wp-block-heading\"><span style=\"color: #800080;\"><strong>Medicinal * Metaphysical properties<\/strong><\/span><\/h3>\n\n\n\n<ul class=\"wp-block-list\">\n<li>prosperity, immune system, liver, anger, love, jealousy, adrenal gland, negative energy, negative thoughts, abundance, relationships, greed, digestion, metabolism, dreams, shyness, happiness, fear, thyroid, resentment, protection, confidence, nervous system, gallbladder...<\/li>\n<\/ul>\n\n\n\n<div class=\"wp-block-button aligncenter\"><a class=\"wp-block-button__link has-text-color has-background wp-element-button\" href=\"https:\/\/moirai.si\/en\/product-category\/buying-by-the-stone\/epidote\/\" style=\"color:#2d2c2c;background-color:#ddc942\" target=\"_blank\" rel=\"noreferrer noopener\">Shop Epidote<\/a><\/div>\n\n\n<div class=\"wp-block-image is-resized\">\n<figure class=\"alignleft\"><a href=\"https:\/\/moirai.si\/en\/cakra\/\"><img loading=\"lazy\" decoding=\"async\" width=\"500\" height=\"500\" src=\"https:\/\/moirai.si\/wp-content\/uploads\/2019\/09\/\u010dakra.jpg\" alt=\"\" class=\"wp-image-14534\" style=\"object-fit:cover;width:125px;height:125px\" srcset=\"https:\/\/moirai.si\/wp-content\/uploads\/2019\/09\/\u010dakra.jpg 500w, https:\/\/moirai.si\/wp-content\/uploads\/2019\/09\/\u010dakra-100x100.jpg 100w\" sizes=\"auto, (max-width: 500px) 100vw, 500px\" \/><\/a><\/figure>\n<\/div>\n\n\n<p><a href=\"https:\/\/moirai.si\/en\/cakra\/\">Chakra<\/a><\/p>\n\n\n\n<p class=\"has-small-font-size\">** The healing and metaphysical properties of the stones listed are compiled from several different sources. The information is provided as a service only and not for the treatment of disease. Moirai.si does not guarantee the full validity of the information provided.<\/p>\n\n\n\n<h3 class=\"wp-block-heading\"><span style=\"color: #800080;\"><strong>Features of the mineral<\/strong><\/span><\/h3>\n\n\n\n<figure class=\"wp-block-table\"><table><tbody><tr><td>Chemical composition<\/td><td>Ca2(Fe,Al)3(SiO4)3(OH)<\/td><\/tr><tr><td>Colour<\/td><td>green, yellow-green, black-green<\/td><\/tr><tr><td>Hardness (Mohs)<\/td><td>6 &#8211; 7<\/td><\/tr><tr><td>Specific gravity<\/td><td>3.00-3.50<\/td><\/tr><tr><td>Refractive index<\/td><td>1.729-1.768<\/td><\/tr><\/tbody><\/table><\/figure>\n\n\n\n<h3 class=\"wp-block-heading\"><span style=\"color: #800080;\"><strong>Origin and sources of the mineral<\/strong><\/span><\/h3>\n\n\n<div class=\"wp-block-image is-resized\">\n<figure class=\"alignleft size-large\"><img loading=\"lazy\" decoding=\"async\" width=\"189\" height=\"104\" src=\"https:\/\/moirai.si\/wp-content\/uploads\/2020\/01\/svet.jpg\" alt=\"\" class=\"wp-image-15658\" style=\"width:125px\"\/><\/figure>\n<\/div>\n\n\n<ul class=\"wp-block-list\">\n<li>Australia, Austria, Brazil, China, Czech Republic, Slovakia, Finland, France, Italy, Japan, Kenya, Korea, Madagascar, Mexico, Mozambique, Myanmar (Burma), Norway, Switzerland, Sri Lanka, USA...<\/li>\n<\/ul>\n\n\n\n<h3 class=\"wp-block-heading\"><span style=\"color: #800080;\"><strong>Care<\/strong><\/span><\/h3>\n\n\n\n<ul class=\"wp-block-list\">\n<li>Epidote can be easily cleaned with warm soapy water and a soft cloth or brush. Be sure to rinse it well to remove any soapy residue. Jasper is quite porous, which allows it to stain quickly as it easily absorbs other chemicals and colors. Avoid prolonged exposure to heat as heating can permanently change the color of your stones. When storing stone jewelry or the stones themselves, it is best to place them in a fabric-lined box or wrap them in cloth separately from other stones to prevent damage and scratches. It is advisable to remove the jewelry during major physical activities such as gymnastics or sports. Avoid spraying perfume and hairspray directly on your jewelry and stones.<\/li>\n<\/ul>\n\n\n\n<div class=\"wp-block-button aligncenter\"><a class=\"wp-block-button__link has-text-color has-background wp-element-button\" href=\"https:\/\/moirai.si\/en\/product-category\/buying-by-the-stone\/epidote\/\" style=\"color:#2d2c2c;background-color:#ddc942\" target=\"_blank\" rel=\"noreferrer noopener\">Shop Epidote<\/a><\/div>\n\n\n\n<p class=\"has-text-align-center\">For <strong><span style=\"color: #800080;\">10<\/span>%<\/strong> Use the code for a discount when buying online: <span style=\"color: #800080;\"><strong>moirai26 <\/strong><\/span>(koda je veljavna do 31.12.2026)!<\/p>\n\n\n\n<h3 class=\"wp-block-heading\"><span style=\"color: #800080;\"><strong>Horoscope<\/strong><\/span><\/h3>\n\n\n<div class=\"wp-block-image\">\n<figure class=\"alignleft size-large\"><img loading=\"lazy\" decoding=\"async\" width=\"116\" height=\"111\" src=\"https:\/\/moirai.si\/wp-content\/uploads\/2020\/01\/horoskop.jpg\" alt=\"\" class=\"wp-image-15659\"\/><\/figure>\n<\/div>\n\n\n<ul class=\"wp-block-list\">\n<li>The Twin<\/li>\n<\/ul>","protected":false},"excerpt":{"rendered":"<p>Zgodovina Zdravilno * Metafizi\u010dne lastnosti \u010cakra ** Navedene zdravilne in metafizi\u010dne lastnosti kamnov so zbrane iz ve\u010d razli\u010dnih virov. Informacije so na voljo le kot storitev in ne za zdravljenje bolezni. Moirai.si ne jam\u010di popolne veljavnosti navedenega. Zna\u010dilnosti minerala Kemijska sestava Ca2(Fe,Al)3(SiO4)3(OH) Barva zelena, rumeno-zelena, \u010drno-zelena Trdota (Mohs) 6 &#8211; 7 Specifi\u010dna te\u017ea 3.00-3.50 Lomni [&hellip;]<\/p>\n","protected":false},"author":1,"featured_media":0,"parent":0,"menu_order":0,"comment_status":"closed","ping_status":"closed","template":"template-products-page.php","meta":{"footnotes":""},"class_list":["post-13697","page","type-page","status-publish","hentry"],"_links":{"self":[{"href":"https:\/\/moirai.si\/en\/wp-json\/wp\/v2\/pages\/13697","targetHints":{"allow":["GET"]}}],"collection":[{"href":"https:\/\/moirai.si\/en\/wp-json\/wp\/v2\/pages"}],"about":[{"href":"https:\/\/moirai.si\/en\/wp-json\/wp\/v2\/types\/page"}],"author":[{"embeddable":true,"href":"https:\/\/moirai.si\/en\/wp-json\/wp\/v2\/users\/1"}],"replies":[{"embeddable":true,"href":"https:\/\/moirai.si\/en\/wp-json\/wp\/v2\/comments?post=13697"}],"version-history":[{"count":14,"href":"https:\/\/moirai.si\/en\/wp-json\/wp\/v2\/pages\/13697\/revisions"}],"predecessor-version":[{"id":27183,"href":"https:\/\/moirai.si\/en\/wp-json\/wp\/v2\/pages\/13697\/revisions\/27183"}],"wp:attachment":[{"href":"https:\/\/moirai.si\/en\/wp-json\/wp\/v2\/media?parent=13697"}],"curies":[{"name":"wp","href":"https:\/\/api.w.org\/{rel}","templated":true}]}}