{"id":13701,"date":"2019-06-22T15:13:23","date_gmt":"2019-06-22T15:13:23","guid":{"rendered":"https:\/\/moirai.si\/?page_id=13701"},"modified":"2026-01-02T14:04:33","modified_gmt":"2026-01-02T14:04:33","slug":"mations-of-the-eye","status":"publish","type":"page","link":"https:\/\/moirai.si\/en\/macje-oko\/","title":{"rendered":"Cat's Eye"},"content":{"rendered":"<div class=\"wp-block-button aligncenter\"><a class=\"wp-block-button__link has-text-color has-background wp-element-button\" href=\"https:\/\/moirai.si\/en\/product-category\/buying-by-the-stone\/mations-of-the-eye\/\" style=\"color:#2d2c2c;background-color:#ddc942\" target=\"_blank\" rel=\"noreferrer noopener\">Shop Cat's Eye <\/a><\/div>\n\n\n\n<h3 class=\"wp-block-heading\"><span style=\"color: #800080;\"><strong>History<\/strong><\/span><\/h3>\n\n\n<div class=\"wp-block-image is-resized\">\n<figure class=\"alignright size-thumbnail\"><img decoding=\"async\" src=\"https:\/\/moirai.si\/wp-content\/uploads\/2020\/01\/ma\u010dje-500x500.jpg\" alt=\"\" class=\"wp-image-15751\" style=\"width:125px\"\/><\/figure>\n<\/div>\n\n\n<ul class=\"wp-block-list\">\n<li>Cat's Eye is also called the Red Eye of the Tiger or the Dragon's Eye. Its color is brownish red. It has a trigonal crystal system. The glow that can be seen on the Cat's Eye is produced during its formation. The red color is due to the degree of oxidation.<\/li>\n\n\n\n<li><a href=\"https:\/\/moirai.si\/en\/hawkeye\/\" target=\"_blank\" rel=\"noreferrer noopener\">Falcon Eye<\/a> is the blue-grey to blue-green version of Quartz. It belongs to the Quartz family of crystals. It is a type of macrocrystalline Quartz. Falcon Eye is initially a Crocidolite and later transforms into Quartz. Crocidolite is a fibrous blue mineral belonging to the Ribekite family (amphibole silicates). The transformation of Falcon Eye begins when Quartz slowly mixes in between the fibers of the Crocidolite, eventually replacing it completely and retaining its original shape. Falcon Eye is known for its cat-like optical effect, resembling the eye of a falcon. It is closely related to Tiger's Eye and Pietarsite, which have a similar effect. Tiger's Eye is actually formed from Falcon Eye. When the blue Crocidolite dissolves with Quartz, traces of Iron Oxide remain. Less Iron results in the blue color of the Krokidolite. More Iron results in the brown color of the Tiger's Eye. Pietarsite is an aggregate composed mainly of Falcon's Eye and Tiger's Eye. It has a rather chaotic swirling pattern which is formed during disintegration and later consolidates with the Quartz.<\/li>\n\n\n\n<li><a href=\"https:\/\/moirai.si\/en\/tigers-eye\/\" data-type=\"URL\" target=\"_blank\" rel=\"noreferrer noopener\">Tiger's Eye <\/a>actually arises from the Falcon Eye. During the pseudomorphic transformation process, materials containing more Iron Oxide are manifested in the brown Tiger's Eye. When oxidation and Iron are less, the colour tends to the original blue colour of Krokidolite.<\/li>\n<\/ul>\n\n\n\n<h3 class=\"wp-block-heading\"><span style=\"color: #800080;\"><strong>Medicinal * Metaphysical properties<\/strong><\/span><\/h3>\n\n\n\n<ul class=\"wp-block-list\">\n<li>self-help, love, creativity, psychic vision, blood disorders, anaemia, strength, vitality, metabolism, pain relief, nervous system, adrenal glands, sexual function, sexual disorders, muscle tissue, teeth, nails...<\/li>\n<\/ul>\n\n\n\n<div class=\"wp-block-button aligncenter\"><a class=\"wp-block-button__link has-text-color has-background wp-element-button\" href=\"https:\/\/moirai.si\/en\/product-category\/buying-by-the-stone\/mations-of-the-eye\/\" style=\"color:#2d2c2c;background-color:#ddc942\" target=\"_blank\" rel=\"noreferrer noopener\">Shop Cat's Eye <\/a><\/div>\n\n\n<div class=\"wp-block-image is-resized\">\n<figure class=\"alignleft\"><a href=\"https:\/\/moirai.si\/en\/cakra\/\"><img loading=\"lazy\" decoding=\"async\" width=\"500\" height=\"500\" src=\"https:\/\/moirai.si\/wp-content\/uploads\/2019\/09\/\u010dakra.jpg\" alt=\"\" class=\"wp-image-14534\" style=\"width:125px\" srcset=\"https:\/\/moirai.si\/wp-content\/uploads\/2019\/09\/\u010dakra.jpg 500w, https:\/\/moirai.si\/wp-content\/uploads\/2019\/09\/\u010dakra-100x100.jpg 100w\" sizes=\"auto, (max-width: 500px) 100vw, 500px\" \/><\/a><\/figure>\n<\/div>\n\n\n<p><a href=\"https:\/\/moirai.si\/en\/cakra\/\">Chakra<\/a><\/p>\n\n\n\n<p class=\"has-small-font-size\">** The healing and metaphysical properties of the stones listed are compiled from several different sources. The information is provided as a service only and not for the treatment of disease. Moirai.si does not guarantee the full validity of the information provided.<\/p>\n\n\n\n<h3 class=\"wp-block-heading\"><span style=\"color: #800080;\"><strong>Origin and sources of the mineral<\/strong><\/span><\/h3>\n\n\n<div class=\"wp-block-image is-resized\">\n<figure class=\"alignleft size-large\"><img loading=\"lazy\" decoding=\"async\" width=\"189\" height=\"104\" src=\"https:\/\/moirai.si\/wp-content\/uploads\/2020\/01\/svet.jpg\" alt=\"\" class=\"wp-image-15658\" style=\"width:125px\"\/><\/figure>\n<\/div>\n\n\n<ul class=\"wp-block-list\">\n<li>South Africa, Namibia, India, Canada, Brazil, America...<\/li>\n<\/ul>\n\n\n\n<h3 class=\"wp-block-heading\"><span style=\"color: #800080;\"><strong>Care<\/strong><\/span><\/h3>\n\n\n\n<ul class=\"wp-block-list\">\n<li>To clean Cat's Eye, simply use soapy water and a soft cloth. Be sure to rinse the stone well to remove any soapy residue. As with most gemstones, ultrasonic cleaners and steamers are not recommended. It is best to store stone jewellery and the stones themselves in a cloth-covered box or wrap them in cloth separately from other stones to prevent self-damage and possible scratches. It is advisable not to wear jewellery during major physical activities such as exercise or sports. Avoid spraying perfume and hairspray directly on your jewellery and stones.<\/li>\n<\/ul>\n\n\n\n<div class=\"wp-block-button aligncenter\"><a class=\"wp-block-button__link has-text-color has-background wp-element-button\" href=\"https:\/\/moirai.si\/en\/product-category\/buying-by-the-stone\/mations-of-the-eye\/\" style=\"color:#2d2c2c;background-color:#ddc942\" target=\"_blank\" rel=\"noreferrer noopener\">Shop Cat's Eye <\/a><\/div>\n\n\n\n<p class=\"has-text-align-center\">For <strong><span style=\"color: #800080;\">10<\/span>%<\/strong> Use the code for a discount when buying online: <span style=\"color: #800080;\"><strong>moirai26 <\/strong><\/span>(koda je veljavna do 31.12.2026)!<\/p>\n\n\n\n<h3 class=\"wp-block-heading\"><span style=\"color: #800080;\"><strong>Horoscope<\/strong><\/span><\/h3>\n\n\n<div class=\"wp-block-image\">\n<figure class=\"alignleft size-large\"><img loading=\"lazy\" decoding=\"async\" width=\"116\" height=\"111\" src=\"https:\/\/moirai.si\/wp-content\/uploads\/2020\/01\/horoskop.jpg\" alt=\"\" class=\"wp-image-15659\"\/><\/figure>\n<\/div>\n\n\n<ul class=\"wp-block-list\">\n<li>Capricorn, Taurus, Aries<\/li>\n<\/ul>","protected":false},"excerpt":{"rendered":"<p>Zgodovina Zdravilno * Metafizi\u010dne lastnosti \u010cakra ** Navedene zdravilne in metafizi\u010dne lastnosti kamnov so zbrane iz ve\u010d razli\u010dnih virov. Informacije so na voljo le kot storitev in ne za zdravljenje bolezni. Moirai.si ne jam\u010di popolne veljavnosti navedenega. Izvor in viri minerala Nega Za 10% popust pri spletnem nakupu uporabite kodo: moirai26 (koda je veljavna do [&hellip;]<\/p>\n","protected":false},"author":1,"featured_media":0,"parent":0,"menu_order":0,"comment_status":"closed","ping_status":"closed","template":"template-products-page.php","meta":{"footnotes":""},"class_list":["post-13701","page","type-page","status-publish","hentry"],"_links":{"self":[{"href":"https:\/\/moirai.si\/en\/wp-json\/wp\/v2\/pages\/13701","targetHints":{"allow":["GET"]}}],"collection":[{"href":"https:\/\/moirai.si\/en\/wp-json\/wp\/v2\/pages"}],"about":[{"href":"https:\/\/moirai.si\/en\/wp-json\/wp\/v2\/types\/page"}],"author":[{"embeddable":true,"href":"https:\/\/moirai.si\/en\/wp-json\/wp\/v2\/users\/1"}],"replies":[{"embeddable":true,"href":"https:\/\/moirai.si\/en\/wp-json\/wp\/v2\/comments?post=13701"}],"version-history":[{"count":15,"href":"https:\/\/moirai.si\/en\/wp-json\/wp\/v2\/pages\/13701\/revisions"}],"predecessor-version":[{"id":27220,"href":"https:\/\/moirai.si\/en\/wp-json\/wp\/v2\/pages\/13701\/revisions\/27220"}],"wp:attachment":[{"href":"https:\/\/moirai.si\/en\/wp-json\/wp\/v2\/media?parent=13701"}],"curies":[{"name":"wp","href":"https:\/\/api.w.org\/{rel}","templated":true}]}}