{"id":15320,"date":"2019-12-22T12:31:39","date_gmt":"2019-12-22T12:31:39","guid":{"rendered":"https:\/\/moirai.si\/?page_id=15320"},"modified":"2026-01-02T14:44:57","modified_gmt":"2026-01-02T14:44:57","slug":"sugilite-2","status":"publish","type":"page","link":"https:\/\/moirai.si\/en\/sugilit\/","title":{"rendered":"Sugilite"},"content":{"rendered":"\n<div class=\"wp-block-button aligncenter\"><a class=\"wp-block-button__link has-text-color has-background wp-element-button\" href=\"https:\/\/moirai.si\/izdelek-kategorija\/nakup-po-kamnih\/sugilit\/\" style=\"color:#2d2c2c;background-color:#ddc942\" target=\"_blank\" rel=\"noreferrer noopener\">Trgovina Sugilit<\/a><\/div>\n\n\n\n<h3 class=\"wp-block-heading\"><strong><span style=\"color: #800080;\">Zgodovina&nbsp;<\/span> &nbsp;&nbsp;<\/strong><strong>&nbsp; &nbsp; &nbsp; &nbsp; &nbsp; &nbsp; &nbsp;<\/strong><\/h3>\n\n\n<div class=\"wp-block-image is-resized\">\n<figure class=\"alignright size-thumbnail\"><img loading=\"lazy\" decoding=\"async\" width=\"500\" height=\"500\" src=\"https:\/\/moirai.si\/wp-content\/uploads\/2020\/02\/sugilit-500x500.jpg\" alt=\"\" class=\"wp-image-15812\" style=\"width:125px\" srcset=\"https:\/\/moirai.si\/wp-content\/uploads\/2020\/02\/sugilit-500x500.jpg 500w, https:\/\/moirai.si\/wp-content\/uploads\/2020\/02\/sugilit-100x100.jpg 100w, https:\/\/moirai.si\/wp-content\/uploads\/2020\/02\/sugilit-501x501.jpg 501w, https:\/\/moirai.si\/wp-content\/uploads\/2020\/02\/sugilit.jpg 566w\" sizes=\"auto, (max-width: 500px) 100vw, 500px\" \/><\/figure>\n<\/div>\n\n\n<ul class=\"wp-block-list\">\n<li>Sugilit je dobil svoje ime po japonskem petrologu Ken-ichi Sugi, ki ga je prvi\u010d identificiral leta 1944 v Iwagi Isletu na Japonskem. Leta 1980 je bil Sugilit uradno razvr\u0161\u010den kot redek kamen, zaradi \u010desar se je njegova cena zvi\u0161ala. Sugilit dobi svojo privla\u010dno vijoli\u010dno barvo zaradi sledi Mangana. Njegova barva sega od ro\u017enato-vijoli\u010dne do globoko modrikasto-vijoli\u010dne. Sugilit lahko vsebuje tudi rumenkaste ali rde\u010dkaste made\u017ee in svetlo vijoli\u010dne ali bele lise. Sugilit se obi\u010dajno pojavlja v masivni obliki in kristali so izredno redki. Sugilit lahko me\u0161amo s kremenom ali \u010drno matrico, kar ima za posledico razli\u010dne zna\u010dilnosti, kot je trdota.<\/li>\n<\/ul>\n\n\n\n<h3 class=\"wp-block-heading\"><span style=\"color: #800080;\"><strong>Zdravilno * Metafizi\u010dne lastnosti<\/strong><\/span><\/h3>\n\n\n\n<ul class=\"wp-block-list\">\n<li>alergije, astma, avtizem, bole\u010dine, disleksija, duhovnost, glavobol, hipofiza, jeza, komunikacija, kri, limfni sistem, ljubezen, ljubosumje, mir, motorika, mo\u017egani, navdih, negativna energija, nespe\u010dnost, no\u010dne more, odpu\u0161\u010danje, paranoja, pozitivnost, prizemljitev, sanje, shizofrenija, stres, u\u010denje, ustvarjalnost, veselje, virusna obolenja, vnetja, vzdr\u017eljivost, za\u0161\u010dita, zaupanje, \u017ealost, \u017eiv\u010dni sistem&#8230;<\/li>\n\n\n\n<li>Sugilit naj bi pomagal pri uravnove\u0161anju uma, telesa in duha z odpiranjem \u010daker za spodbujanje pretoka energije.&nbsp; Pravijo, da \u010disti telo.&nbsp; \u0160e posebej je koristen pri te\u017eavah s hipofizo.&nbsp; Re\u010deno je, da laj\u0161a stres, pomaga pri odpu\u0161\u010danju in spro\u0161\u010danju morebitne negativne energije.<\/li>\n<\/ul>\n\n\n\n<div class=\"wp-block-button aligncenter\"><a class=\"wp-block-button__link has-text-color has-background wp-element-button\" href=\"https:\/\/moirai.si\/izdelek-kategorija\/nakup-po-kamnih\/sugilit\/\" style=\"color:#2d2c2c;background-color:#ddc942\" target=\"_blank\" rel=\"noreferrer noopener\">Trgovina Sugilit<\/a><\/div>\n\n\n<div class=\"wp-block-image is-resized\">\n<figure class=\"alignleft\"><img loading=\"lazy\" decoding=\"async\" width=\"500\" height=\"500\" src=\"https:\/\/moirai.si\/wp-content\/uploads\/2019\/09\/\u010dakra.jpg\" alt=\"\" class=\"wp-image-14534\" style=\"width:125px\" srcset=\"https:\/\/moirai.si\/wp-content\/uploads\/2019\/09\/\u010dakra.jpg 500w, https:\/\/moirai.si\/wp-content\/uploads\/2019\/09\/\u010dakra-100x100.jpg 100w\" sizes=\"auto, (max-width: 500px) 100vw, 500px\" \/><\/figure>\n<\/div>\n\n\n<p><a href=\"https:\/\/moirai.si\/cakra\/\">\u010cakra<\/a><\/p>\n\n\n\n<p class=\"has-small-font-size\">** Navedene zdravilne in metafizi\u010dne lastnosti kamnov so zbrane iz ve\u010d razli\u010dnih virov. Informacije so na voljo le kot storitev in ne za zdravljenje bolezni. Moirai ne jam\u010di popolne veljavnosti navedenega.<\/p>\n\n\n\n<h3 class=\"wp-block-heading\"><span style=\"color: #800080;\"><strong>Zna\u010dilnosti minerala<\/strong><\/span><\/h3>\n\n\n\n<figure class=\"wp-block-table\"><table><tbody><tr><td>Kemijska sestava<\/td><td>Na3KLi2 (Fe3+Mn3+,Al) 2[Si12O30]<\/td><\/tr><tr><td>Barva<\/td><td>vijoli\u010dna-roza<\/td><\/tr><tr><td>Trdota (Mohs)<\/td><td>5-6.5<\/td><\/tr><tr><td>Gostota<\/td><td>2.76-2.8<\/td><\/tr><tr><td>Lomni koli\u010dnik<\/td><td>1.544-1.611<\/td><\/tr><tr><td><\/td><td><\/td><\/tr><\/tbody><\/table><\/figure>\n\n\n\n<h3 class=\"wp-block-heading\"><span style=\"color: #800080;\"><strong>Izvor in viri minerala<\/strong><\/span><\/h3>\n\n\n<div class=\"wp-block-image is-resized\">\n<figure class=\"alignleft size-large\"><img loading=\"lazy\" decoding=\"async\" width=\"189\" height=\"104\" src=\"https:\/\/moirai.si\/wp-content\/uploads\/2020\/01\/svet.jpg\" alt=\"\" class=\"wp-image-15658\" style=\"width:125px\"\/><\/figure>\n<\/div>\n\n\n<ul class=\"wp-block-list\">\n<li>Japonska, Ju\u017ena Afrika, Indija, Avstralija, Tad\u017eikistan, Italija, Kanada &#8230;<\/li>\n<\/ul>\n\n\n\n<h3 class=\"wp-block-heading\"><span style=\"color: #800080;\"><strong>Nega<\/strong><\/span><\/h3>\n\n\n\n<ul class=\"wp-block-list\">\n<li>Sugilit je dokaj \u017eilav in trpe\u017een. Najbolj\u0161i na\u010din \u010di\u0161\u010denja Sugilita je uporaba milnice in mehke krpe. Dobro sperite in odstranite ostanke milnice. Tako kot pri ve\u010dini dragih kamnov tudi ultrazvo\u010dna \u010distila in parne naprave ne priporo\u010damo.<\/li>\n\n\n\n<li>Shranjevanje nakita iz kamnov in same kamne je najbolje dati v \u0161katlo prevle\u010deno s tkanino ali pa jih zavijemo v krpico lo\u010deno od ostalih in s tem prepre\u010dimo samo \u0161kodo in morebitne praske. Priporo\u010dljivo je, da nakita ne nosite med ve\u010djimi fizi\u010dnimi aktivnostmi, kot so telovadba ali \u0161port. Izogibajte se pr\u0161enju parfuma in laka za lase direktno po svojem nakitu in kamnih.<\/li>\n<\/ul>\n\n\n\n<div class=\"wp-block-button aligncenter\"><a class=\"wp-block-button__link has-text-color has-background wp-element-button\" href=\"https:\/\/moirai.si\/izdelek-kategorija\/nakup-po-kamnih\/sugilit\/\" style=\"color:#2d2c2c;background-color:#ddc942\" target=\"_blank\" rel=\"noreferrer noopener\">Trgovina Sugilit<\/a><\/div>\n\n\n\n<p class=\"has-text-align-center\">Za <strong><span style=\"color: #800080;\">10<\/span>%<\/strong> popust pri spletnem nakupu uporabite kodo: <span style=\"color: #800080;\"><strong>moirai26 <\/strong><\/span>(koda je veljavna do 31.12.2026)!<\/p>\n\n\n\n<h3 class=\"wp-block-heading\"><span style=\"color: #800080;\"><strong>Horoskop<\/strong><\/span><\/h3>\n\n\n<div class=\"wp-block-image\">\n<figure class=\"alignleft size-large\"><img loading=\"lazy\" decoding=\"async\" width=\"116\" height=\"111\" src=\"https:\/\/moirai.si\/wp-content\/uploads\/2020\/01\/horoskop.jpg\" alt=\"\" class=\"wp-image-15659\"\/><\/figure>\n<\/div>\n\n\n<ul class=\"wp-block-list\">\n<li>Strelec, Kozorog, Ribi<\/li>\n<\/ul>\n","protected":false},"excerpt":{"rendered":"<p>Zgodovina&nbsp; &nbsp;&nbsp;&nbsp; &nbsp; &nbsp; &nbsp; &nbsp; &nbsp; &nbsp; Zdravilno * Metafizi\u010dne lastnosti \u010cakra ** Navedene zdravilne in metafizi\u010dne lastnosti kamnov so zbrane iz ve\u010d razli\u010dnih virov. Informacije so na voljo le kot storitev in ne za zdravljenje bolezni. Moirai ne jam\u010di popolne veljavnosti navedenega. Zna\u010dilnosti minerala Kemijska sestava Na3KLi2 (Fe3+Mn3+,Al) 2[Si12O30] Barva vijoli\u010dna-roza Trdota (Mohs) [&hellip;]<\/p>\n","protected":false},"author":1,"featured_media":0,"parent":0,"menu_order":0,"comment_status":"closed","ping_status":"closed","template":"template-products-page.php","meta":{"footnotes":""},"class_list":["post-15320","page","type-page","status-publish","hentry"],"_links":{"self":[{"href":"https:\/\/moirai.si\/en\/wp-json\/wp\/v2\/pages\/15320","targetHints":{"allow":["GET"]}}],"collection":[{"href":"https:\/\/moirai.si\/en\/wp-json\/wp\/v2\/pages"}],"about":[{"href":"https:\/\/moirai.si\/en\/wp-json\/wp\/v2\/types\/page"}],"author":[{"embeddable":true,"href":"https:\/\/moirai.si\/en\/wp-json\/wp\/v2\/users\/1"}],"replies":[{"embeddable":true,"href":"https:\/\/moirai.si\/en\/wp-json\/wp\/v2\/comments?post=15320"}],"version-history":[{"count":13,"href":"https:\/\/moirai.si\/en\/wp-json\/wp\/v2\/pages\/15320\/revisions"}],"predecessor-version":[{"id":27244,"href":"https:\/\/moirai.si\/en\/wp-json\/wp\/v2\/pages\/15320\/revisions\/27244"}],"wp:attachment":[{"href":"https:\/\/moirai.si\/en\/wp-json\/wp\/v2\/media?parent=15320"}],"curies":[{"name":"wp","href":"https:\/\/api.w.org\/{rel}","templated":true}]}}