{"id":276,"date":"2015-06-18T20:05:57","date_gmt":"2015-06-18T20:05:57","guid":{"rendered":"http:\/\/moirai.si\/?page_id=276"},"modified":"2023-12-06T11:29:27","modified_gmt":"2023-12-06T11:29:27","slug":"contact","status":"publish","type":"page","link":"https:\/\/moirai.si\/en\/kontakt\/","title":{"rendered":"Contact"},"content":{"rendered":"<h3 class=\"wp-block-heading has-text-align-center\">info@moirai.si<\/h3>\n\n\n\n<h3 class=\"wp-block-heading has-text-align-center\">Tel: <strong>040781999<\/strong><\/h3>\n\n\n\n<p class=\"has-text-align-center has-normal-font-size\">You can call us Monday to Friday between 12:00 and 16:00, or outside office hours by appointment <\/p>\n\n\n\n<p class=\"has-text-align-center has-normal-font-size\">(please send us a message by phone or email to make an appointment)<\/p>\n\n\n\n<h3 class=\"wp-block-heading has-text-align-center\">If you have any questions or requests, we are always at your service!<\/h3>\n\n\n\n<p><\/p>","protected":false},"excerpt":{"rendered":"<p>info@moirai.si Tel: 040781999 Pokli\u010dete nas lahko od ponedeljka do petka med 12h in 16h oz. po dogovoru izven delovnega \u010dasa (za termin nam prosim po\u0161ljite sporo\u010dilo na telefon ali elektronski naslov) V primeru morebitnih vpra\u0161anj ali \u017eelja smo vam vedno na voljo!<\/p>","protected":false},"author":1,"featured_media":0,"parent":0,"menu_order":0,"comment_status":"closed","ping_status":"open","template":"template-products-page.php","meta":{"footnotes":""},"class_list":["post-276","page","type-page","status-publish","hentry"],"_links":{"self":[{"href":"https:\/\/moirai.si\/en\/wp-json\/wp\/v2\/pages\/276","targetHints":{"allow":["GET"]}}],"collection":[{"href":"https:\/\/moirai.si\/en\/wp-json\/wp\/v2\/pages"}],"about":[{"href":"https:\/\/moirai.si\/en\/wp-json\/wp\/v2\/types\/page"}],"author":[{"embeddable":true,"href":"https:\/\/moirai.si\/en\/wp-json\/wp\/v2\/users\/1"}],"replies":[{"embeddable":true,"href":"https:\/\/moirai.si\/en\/wp-json\/wp\/v2\/comments?post=276"}],"version-history":[{"count":7,"href":"https:\/\/moirai.si\/en\/wp-json\/wp\/v2\/pages\/276\/revisions"}],"predecessor-version":[{"id":24498,"href":"https:\/\/moirai.si\/en\/wp-json\/wp\/v2\/pages\/276\/revisions\/24498"}],"wp:attachment":[{"href":"https:\/\/moirai.si\/en\/wp-json\/wp\/v2\/media?parent=276"}],"curies":[{"name":"wp","href":"https:\/\/api.w.org\/{rel}","templated":true}]}}