{"id":4082,"date":"2015-12-05T19:01:23","date_gmt":"2015-12-05T19:01:23","guid":{"rendered":"http:\/\/moirai.si\/?page_id=4082"},"modified":"2026-01-02T13:41:19","modified_gmt":"2026-01-02T13:41:19","slug":"agate","status":"publish","type":"page","link":"https:\/\/moirai.si\/en\/ahat\/","title":{"rendered":"Agate"},"content":{"rendered":"<div class=\"wp-block-button aligncenter is-style-fill\"><a class=\"wp-block-button__link has-text-color has-background wp-element-button\" href=\"https:\/\/moirai.si\/en\/product-category\/buying-by-the-stone\/agate\/\" style=\"color:#2d2c2c;background-color:#ddc942\">Shop Agate<\/a><\/div>\n\n\n\n<h3 class=\"wp-block-heading\"><strong><span style=\"color: #800080;\">History&nbsp;<\/span>&nbsp;&nbsp;&nbsp;&nbsp;&nbsp;<\/strong><strong>&nbsp;&nbsp;&nbsp;&nbsp;&nbsp;&nbsp;&nbsp;&nbsp;&nbsp;&nbsp;&nbsp;&nbsp;&nbsp;&nbsp;&nbsp;&nbsp;&nbsp;&nbsp;&nbsp;&nbsp;&nbsp;&nbsp;&nbsp;&nbsp;&nbsp;&nbsp;&nbsp;&nbsp;&nbsp;&nbsp;&nbsp;&nbsp;&nbsp;&nbsp;&nbsp;&nbsp;&nbsp;&nbsp;&nbsp;&nbsp;&nbsp;&nbsp;&nbsp;&nbsp;&nbsp;&nbsp;&nbsp;&nbsp;&nbsp;&nbsp;&nbsp;&nbsp;&nbsp;&nbsp;&nbsp;&nbsp;&nbsp;&nbsp;&nbsp;&nbsp; <\/strong><\/h3>\n\n\n<div class=\"wp-block-image wp-block-image alignright size-thumbnail is-resized\">\n<figure ><img loading=\"lazy\" decoding=\"async\" width=\"500\" height=\"500\" src=\"https:\/\/moirai.si\/wp-content\/uploads\/2020\/01\/ahatn-500x500.jpg\" alt=\"\" class=\"wp-image-15641\" style=\"object-fit:cover;width:125px;height:125px\" srcset=\"https:\/\/moirai.si\/wp-content\/uploads\/2020\/01\/ahatn-500x500.jpg 500w, https:\/\/moirai.si\/wp-content\/uploads\/2020\/01\/ahatn-100x100.jpg 100w, https:\/\/moirai.si\/wp-content\/uploads\/2020\/01\/ahatn-501x501.jpg 501w, https:\/\/moirai.si\/wp-content\/uploads\/2020\/01\/ahatn.jpg 566w\" sizes=\"auto, (max-width: 500px) 100vw, 500px\" \/><\/figure>\n<\/div>\n\n\n<ul class=\"wp-block-list\">\n<li>The stone was named by the Greek philosopher and naturalist Theophrastus, who found it on the banks of the Achates River in present-day Sicily between the 4th and 3rd centuries BC. It belongs to the Quartz (silica) family. It is classified as a cryptocrystalline variety or, more specifically, as Chalcedony. Agate is commonly found alongside many other stones and is primarily classified as a volcanic rock. It often grows in pockets in igneous, sedimentary and metamorphic rocks such as Granite. It normally grows in almond-shaped or spherical nodules and is deposited in layers over a long period of time, giving rise to visible parallel layer-threads. Specimens containing layered streaks are separated as Agate, while mixed and uniform ones are classified as Chalcedony, Carnelian, Mossy Agate and other commercial names.<\/li>\n\n\n\n<li><span style=\"color: #800080;\">Synonyms, old names, trade names:<\/span> Agate geode, Agate Eye, Botswana Agate, Dendrite Agate, Tree Agate, Fossil Agate, Chrysocolla, Iris Agate, Jasper, Snake Agate, Chalcedony, Carnelian, Laguna Agate, Moss Agate, Blue Agate, Fire Agate, Fire Agate, Oker Agate, Onyx, Provincial Agate, Brown Agate, Sard, Sardonyx, Grey Agate, Tuba Agate, Star Agate...<\/li>\n<\/ul>\n\n\n\n<h3 class=\"wp-block-heading\"><span style=\"color: #800080;\"><strong>Medicinal * Metaphysical properties<\/strong><\/span><\/h3>\n\n\n\n<ul class=\"wp-block-list\">\n<li>ambition, analytical skills, well-being, blockage, pain, gut, energy, epilepsy, phobias, frigidity, impotence, immune system, anger, yin\/yang, communication, concentration, skin, blood, blood system, kidneys, logic, love, bladder, calmness, strength, motivation, negative energy, negative thoughts, independence, danger, nightmares, pregnancy, abundance, eyes, determination, resilience, quitting smoking, infections, optimism, frostbite, swelling, blood vessels, insect bites, fertility, hypothermia, courage, digestion, grounding, balance, detoxifying, self-analysis, self-confidence, bad habits, bad hearing, sleep, heart, happiness, stability, fears, stress, trauma, calmness, fatigue, safety, heat, perseverance, protection, perception, lowers blood pressure, maturity, loyalty, stomach, nervous system, gallstones...<\/li>\n<\/ul>\n\n\n\n<ul class=\"wp-block-list\">\n<li><a href=\"https:\/\/moirai.si\/en\/product-category\/buying-by-the-stone\/agate\/\" target=\"_blank\" rel=\"noopener noreferrer\"><span style=\"color: #800080;\"><strong>The Eye of Agate <\/strong><\/span><\/a>enhances energy flow throughout the body and stimulates regeneration processes. It helps us get closer and faster to our goal. It infuses us with determination.<\/li>\n<\/ul>\n\n\n\n<ul class=\"wp-block-list\">\n<li><a href=\"https:\/\/moirai.si\/en\/product-category\/buying-by-the-stone\/agate\/\"><span style=\"color: #800080;\"><strong>Botswanna Agate <\/strong><\/span><\/a>eliminates bad habits. Traditionally, it has been used to help maintain attention to detail. It absorbs negative energy very well and is an excellent detoxifier.<\/li>\n<\/ul>\n\n\n\n<ul class=\"wp-block-list\">\n<li><a href=\"https:\/\/moirai.si\/en\/product-category\/buying-by-the-stone\/agate\/\"><span style=\"color: #800080;\"><strong>Dendrite Agate <\/strong><\/span><\/a>boosts self-confidence, inner peace and perseverance. It helps us to become aware of our inner strength. It strengthens the flow of energy in the body. It is an excellent talisman for meditation and various therapies. It is highly recommended for pregnant women and new mothers as it offers strong support.<\/li>\n<\/ul>\n\n\n\n<ul class=\"wp-block-list\">\n<li><a href=\"https:\/\/moirai.si\/en\/product-category\/buying-by-the-stone\/agate\/\"><span style=\"color: #800080;\"><strong>Tree Agate <\/strong><\/span><\/a>helps with hypothermia and frostbite. It protects us from infections and gives us courage. It is good for the kidneys and bladder. It strengthens the heart and gives us new motivation. It lowers blood pressure and is good for the nervous and circulatory systems. Boosts the body's natural immune system.<\/li>\n<\/ul>\n\n\n\n<ul class=\"wp-block-list\">\n<li><a href=\"https:\/\/moirai.si\/en\/product-category\/buying-by-the-stone\/agate\/\"><span style=\"color: #800080;\"><strong>Fossil Agate <\/strong><\/span><\/a>or Turitela (Turritella) Agate contains fossils of small snails and clams. It balances the energy of yin and yang and increases our energy. Fossil Agate: analytical abilities, pain, soreness, epilepsy, phobias, communication, concentration, skin, love, negative thoughts, danger, swelling, vascularity, fertility, digestion, balance, self-analysis, self-confidence, sleep, heart, stability, fears, trauma, calmness, fatigue, safety, heat, protection, perception, maturity, loyalty, gallstones, etc.<\/li>\n<\/ul>\n\n\n\n<ul class=\"wp-block-list\">\n<li><a href=\"https:\/\/moirai.si\/en\/product-category\/buying-by-the-stone\/agate\/\"><span style=\"color: #800080;\"><strong>Snake Agate <\/strong><\/span><\/a>symbolises independence and ambition. It will bring happiness, joy and health into our lives. It promotes long life and brings us peace and harmony. It is recommended for people who have problems with their hearing and stomach.<\/li>\n<\/ul>\n\n\n\n<ul class=\"wp-block-list\">\n<li><a href=\"https:\/\/moirai.si\/en\/product-category\/buying-by-the-stone\/agate\/\"><span style=\"color: #800080;\"><strong>Mossy Agate <\/strong><\/span><\/a>is the stone of wealth\/prosperity as it attracts abundance and gives us optimism. It relieves suffering and clears blockages. It improves self-confidence, eliminates fear and stress. It is the stone of new beginnings, happiness and protection. It helps with childbirth. It is suitable for those who want to give up smoking.<\/li>\n<\/ul>\n\n\n\n<ul class=\"wp-block-list\">\n<li><a href=\"https:\/\/moirai.si\/en\/product-category\/buying-by-the-stone\/agate\/\"><span style=\"color: #800080;\"><strong>Fiery Agate<\/strong><\/span> <\/a>offers us a strong grounding and support in difficult moments. It has a powerful effect on the body's inner cells. It is used as a sex stone as it prevents impotence and frigidity. It protects us against strong mood swings and outbursts of anger.<\/li>\n<\/ul>\n\n\n\n<ul class=\"wp-block-list\">\n<li><a href=\"https:\/\/moirai.si\/en\/product-category\/buying-by-the-stone\/agate\/\"><span style=\"color: #800080;\"><strong>Brown Agate <\/strong><\/span><\/a>relieves the pain of insect bites and strengthens the blood. It makes us immune to external influences.<\/li>\n<\/ul>\n\n\n\n<ul class=\"wp-block-list\">\n<li><a href=\"https:\/\/moirai.si\/en\/product-category\/buying-by-the-stone\/agate\/\"><span style=\"color: #800080;\"><strong>Grey Agate <\/strong><\/span><\/a>helps us heal our eyes, intestines and bladder. It is used for protection. It is good for healing the eyes. It strengthens the bladder and intestines and cleanses toxins in the body. It helps with depression and promotes courage and initiative. It balances logic and intuition and boosts self-confidence.  Maintains vitality, health, energy, youthful appearance and longevity.<\/li>\n<\/ul>\n\n\n\n<div class=\"wp-block-button aligncenter is-style-fill\"><a class=\"wp-block-button__link has-text-color has-background wp-element-button\" href=\"https:\/\/moirai.si\/en\/product-category\/buying-by-the-stone\/agate\/\" style=\"color:#2d2c2c;background-color:#ddc942\">Shop Agate<\/a><\/div>\n\n\n<div class=\"wp-block-image wp-block-image alignleft is-resized\">\n<figure ><img loading=\"lazy\" decoding=\"async\" width=\"500\" height=\"500\" src=\"https:\/\/moirai.si\/wp-content\/uploads\/2019\/09\/\u010dakra.jpg\" alt=\"\" class=\"wp-image-14534\" style=\"object-fit:cover;width:125px;height:125px\" srcset=\"https:\/\/moirai.si\/wp-content\/uploads\/2019\/09\/\u010dakra.jpg 500w, https:\/\/moirai.si\/wp-content\/uploads\/2019\/09\/\u010dakra-100x100.jpg 100w\" sizes=\"auto, (max-width: 500px) 100vw, 500px\" \/><\/figure>\n<\/div>\n\n\n<ul class=\"wp-block-list\">\n<li><a href=\"https:\/\/moirai.si\/en\/cakra\/\">Chakra<\/a><\/li>\n<\/ul>\n\n\n\n<p class=\"has-small-font-size\">** The healing and metaphysical properties of the stones listed are compiled from several different sources. The information is provided as a service only and not for the treatment of disease. Moirai does not guarantee the full validity of the information provided.<\/p>\n\n\n\n<h3 class=\"wp-block-heading\"><span style=\"color: #800080;\"><strong>Features of the mineral<\/strong><\/span><\/h3>\n\n\n\n<figure class=\"wp-block-table is-style-regular\"><table><tbody><tr><td><h3>Chemical composition:<\/h3><\/td><td><h3>SiO<sub>2<\/sub><\/h3><\/td><\/tr><tr><td><h3>Colour:<\/h3><\/td><td><h3>grey, brown, light grey, white layers<\/h3><\/td><\/tr><tr><td><h3>Hardness (Mohs):<\/h3><\/td><td><h3>6.5-7<\/h3><\/td><\/tr><tr><td><h3>Density:<\/h3><\/td><td><h3>2.58-2.65<\/h3><\/td><\/tr><tr><td><h3>Refractive index:<\/h3><\/td><td><h3>1.530-1.540<\/h3><\/td><\/tr><\/tbody><\/table><\/figure>\n\n\n\n<h3 class=\"wp-block-heading has-text-align-left\"><span style=\"color: #800080;\"><strong>Origin and sources of the mineral<\/strong><\/span><\/h3>\n\n\n<div class=\"wp-block-image\">\n<figure class=\"alignleft is-resized\"><img loading=\"lazy\" decoding=\"async\" width=\"189\" height=\"104\" src=\"https:\/\/moirai.si\/wp-content\/uploads\/2019\/09\/svet.jpg\" alt=\"\" class=\"wp-image-14535\" style=\"width:125px\"\/><\/figure>\n<\/div>\n\n\n<ul class=\"wp-block-list\">\n<li>Argentina, Australia, Botswana, Brazil, Egypt, Germany, India, Madagascar, Mexico, Myanmar, Uruguay, USA...<\/li>\n<\/ul>\n\n\n\n<p><\/p>\n\n\n\n<h3 class=\"wp-block-heading\"><span style=\"color: #800080;\"><strong>Care<\/strong><\/span><\/h3>\n\n\n\n<ul class=\"wp-block-list\">\n<li>As Agate is Quartz, we must be careful not to use anything harder than it when cleaning. The stone is simply cleaned with lukewarm soapy water and a soft brush. As is the case with most stones and jewellery, the use of household chemicals in cleaning is not recommended. Extreme heat can cause permanent damage to the Agate.<\/li>\n\n\n\n<li>It is best to store stone jewellery and the stones themselves in a fabric-covered box or wrapped in cloth separately from the others to prevent damage and possible scratches. It is advisable not to wear jewellery during major physical activities such as exercise or sports. Avoid spraying perfume and hairspray directly on your jewellery and stones.<\/li>\n<\/ul>\n\n\n\n<div class=\"wp-block-button aligncenter is-style-fill\"><a class=\"wp-block-button__link has-text-color has-background wp-element-button\" href=\"https:\/\/moirai.si\/en\/product-category\/buying-by-the-stone\/agate\/\" style=\"color:#2d2c2c;background-color:#ddc942\">Shop Agate<\/a><\/div>\n\n\n\n<ul class=\"wp-block-list\">\n<li>For <strong><span style=\"color: #800080;\">10<\/span>%<\/strong> Use the code for a discount when buying online: <span style=\"color: #800080;\"><strong>moirai26 <\/strong><\/span>(koda je veljavna do 31.12.2026)!<\/li>\n<\/ul>\n\n\n\n<h3 class=\"wp-block-heading\"><span style=\"color: #800080;\"><strong>Horoscope<\/strong><\/span><\/h3>\n\n\n\n<h3 class=\"wp-block-heading\"><figure><img loading=\"lazy\" decoding=\"async\" class=\"wp-image-14536 alignleft\" src=\"https:\/\/moirai.si\/wp-content\/uploads\/2019\/09\/horoskop.jpg\" alt=\"\" width=\"90\" height=\"87\"\/><\/figure><\/h3>\n\n\n\n<ul class=\"wp-block-list\">\n<li>Gemini, Virgo, Aquarius, Taurus, Capricorn<\/li>\n<\/ul>","protected":false},"excerpt":{"rendered":"<p>Zgodovina&nbsp;&nbsp;&nbsp;&nbsp;&nbsp;&nbsp;&nbsp;&nbsp;&nbsp;&nbsp;&nbsp;&nbsp;&nbsp;&nbsp;&nbsp;&nbsp;&nbsp;&nbsp;&nbsp;&nbsp;&nbsp;&nbsp;&nbsp;&nbsp;&nbsp;&nbsp;&nbsp;&nbsp;&nbsp;&nbsp;&nbsp;&nbsp;&nbsp;&nbsp;&nbsp;&nbsp;&nbsp;&nbsp;&nbsp;&nbsp;&nbsp;&nbsp;&nbsp;&nbsp;&nbsp;&nbsp;&nbsp;&nbsp;&nbsp;&nbsp;&nbsp;&nbsp;&nbsp;&nbsp;&nbsp;&nbsp;&nbsp;&nbsp;&nbsp;&nbsp;&nbsp;&nbsp;&nbsp;&nbsp;&nbsp;&nbsp; Zdravilno * Metafizi\u010dne lastnosti ** Navedene zdravilne in metafizi\u010dne lastnosti kamnov so zbrane iz ve\u010d razli\u010dnih virov. Informacije so na voljo le kot storitev in ne za zdravljenje bolezni. Moirai ne jam\u010di popolne veljavnosti navedenega. Zna\u010dilnosti minerala Kemijska sestava: SiO2 Barva: siva, rjava, svetlo siva, bele plasti Trdota (Mohs): 6.5-7 Gostota: 2.58-2.65 Lomni koli\u010dnik: [&hellip;]<\/p>\n","protected":false},"author":1,"featured_media":0,"parent":0,"menu_order":0,"comment_status":"closed","ping_status":"open","template":"template-products-page.php","meta":{"footnotes":""},"class_list":["post-4082","page","type-page","status-publish","hentry"],"_links":{"self":[{"href":"https:\/\/moirai.si\/en\/wp-json\/wp\/v2\/pages\/4082","targetHints":{"allow":["GET"]}}],"collection":[{"href":"https:\/\/moirai.si\/en\/wp-json\/wp\/v2\/pages"}],"about":[{"href":"https:\/\/moirai.si\/en\/wp-json\/wp\/v2\/types\/page"}],"author":[{"embeddable":true,"href":"https:\/\/moirai.si\/en\/wp-json\/wp\/v2\/users\/1"}],"replies":[{"embeddable":true,"href":"https:\/\/moirai.si\/en\/wp-json\/wp\/v2\/comments?post=4082"}],"version-history":[{"count":43,"href":"https:\/\/moirai.si\/en\/wp-json\/wp\/v2\/pages\/4082\/revisions"}],"predecessor-version":[{"id":27195,"href":"https:\/\/moirai.si\/en\/wp-json\/wp\/v2\/pages\/4082\/revisions\/27195"}],"wp:attachment":[{"href":"https:\/\/moirai.si\/en\/wp-json\/wp\/v2\/media?parent=4082"}],"curies":[{"name":"wp","href":"https:\/\/api.w.org\/{rel}","templated":true}]}}