{"id":4170,"date":"2015-12-07T17:37:35","date_gmt":"2015-12-07T17:37:35","guid":{"rendered":"http:\/\/moirai.si\/?page_id=4170"},"modified":"2026-01-02T13:38:26","modified_gmt":"2026-01-02T13:38:26","slug":"pearl","status":"publish","type":"page","link":"https:\/\/moirai.si\/en\/biser\/","title":{"rendered":"Pearl"},"content":{"rendered":"<div class=\"wp-block-button aligncenter\"><a class=\"wp-block-button__link has-text-color has-background wp-element-button\" href=\"https:\/\/moirai.si\/en\/product-category\/buying-by-the-stone\/pearls-and-shells\/\" style=\"color:#2d2c2c;background-color:#ddc942\" target=\"_blank\" rel=\"noreferrer noopener\">Shop Pearl<\/a><\/div>\n\n\n\n<h3 class=\"wp-block-heading\"><span style=\"color: #800080;\"><strong>History<\/strong><\/span><\/h3>\n\n\n<div class=\"wp-block-image is-resized\">\n<figure class=\"alignright size-thumbnail\"><img decoding=\"async\" src=\"https:\/\/moirai.si\/wp-content\/uploads\/2020\/01\/biser-500x500.jpg\" alt=\"\" class=\"wp-image-15675\" style=\"object-fit:cover;width:125px;height:125px\"\/><\/figure>\n<\/div>\n\n\n<ul class=\"wp-block-list\">\n<li>Pearls are one of the earliest semi-precious stones found along the coast of India, dating back to prehistoric times. They are organic semi-precious and precious stones formed by laminating the pearly layer of molluscs, mainly oysters and mussels. The name 'pearl' is thought to be derived from the Middle English term for 'pearl', which in turn came from the Latin word 'perna', meaning 'leg', which is thought to reflect the shell-shaped leg (ham-leg). Pearls can come from freshwater or marine molluscs. The beauty of pearls is that they can be brought out of their shell already naturally beautiful, fully formed and displaying a perfect lustre without the need to reduce or polish them.<\/li>\n\n\n\n<li><span style=\"color: #800080;\"><strong>Natural pearls<\/strong> <\/span>are extremely rare, incredibly expensive and usually small. That is why people have developed ways of cultivating\/cultivating pearls so that we can all enjoy these beautiful gemstones. In cultured pearls, some of the pearl tissue is embedded in the shell around the foreign body. If the process is successful, the shell makes a 'pearl sac' around the foreign body, the cells of which secrete a layer of brownish protein called Conchiolin. This is followed by the secretion of many mineral layers of Sedef, made up of calcium carbonate in thin overlapping layers.<\/li>\n\n\n\n<li>Before man began to cultivate pearls, they were collected from the Persian Gulf, Sri Lanka, fresh water sources in China and some rivers in Europe. Later, Christopher Columbus discovered pearls in South America. When natural pearls were almost used up at the beginning of the 20th century, the Chinese and Japanese started to cultivate pearls.  It takes a mussel 3 to 7 years to make one pearl. The colour of the pearl depends on the type of lamination.<\/li>\n<\/ul>\n\n\n\n<h3 class=\"wp-block-heading\"><span style=\"color: #800080;\"><strong>Medicinal * Metaphysical properties<\/strong><\/span><\/h3>\n\n\n\n<ul class=\"wp-block-list\">\n<li>Some healers use the Pearls to help balance the body's rhythms and hormone levels with the lunar cycle and to harmonise man with nature. Pearls are said to signify innocence and faith. Some people believe that pearls are perfect for brides as they represent purity, honesty and fidelity. They promote good health and wealth.<\/li>\n<\/ul>\n\n\n\n<div class=\"wp-block-button aligncenter\"><a class=\"wp-block-button__link has-text-color has-background wp-element-button\" href=\"https:\/\/moirai.si\/en\/product-category\/buying-by-the-stone\/pearls-and-shells\/\" style=\"color:#2d2c2c;background-color:#ddc942\" target=\"_blank\" rel=\"noreferrer noopener\">Shop Pearl<\/a><\/div>\n\n\n<div class=\"wp-block-image is-resized\">\n<figure class=\"alignleft\"><a href=\"https:\/\/moirai.si\/en\/cakra\/\"><img loading=\"lazy\" decoding=\"async\" width=\"500\" height=\"500\" src=\"https:\/\/moirai.si\/wp-content\/uploads\/2019\/09\/\u010dakra.jpg\" alt=\"\" class=\"wp-image-14534\" style=\"object-fit:cover;width:125px;height:125px\" srcset=\"https:\/\/moirai.si\/wp-content\/uploads\/2019\/09\/\u010dakra.jpg 500w, https:\/\/moirai.si\/wp-content\/uploads\/2019\/09\/\u010dakra-100x100.jpg 100w\" sizes=\"auto, (max-width: 500px) 100vw, 500px\" \/><\/a><\/figure>\n<\/div>\n\n\n<p><a href=\"https:\/\/moirai.si\/en\/cakra\/\">Chakra<\/a><\/p>\n\n\n\n<p class=\"has-small-font-size\">** The healing and metaphysical properties of the stones listed are compiled from several different sources. The information is provided as a service only and not for the treatment of disease. Moirai.si does not guarantee the full validity of the information provided.<\/p>\n\n\n\n<h3 class=\"wp-block-heading\"><span style=\"color: #800080;\"><strong>Features of the mineral<\/strong><\/span><\/h3>\n\n\n\n<figure class=\"wp-block-table\"><table><tbody><tr><td>Chemical composition<\/td><td>CaCO<sub>3<\/sub><\/td><\/tr><tr><td>Colour<\/td><td>white, pink, silver, gold, green, blue, black<\/td><\/tr><tr><td>Hardness (Mohs)<\/td><td>2.5-4.5<\/td><\/tr><tr><td>Density<\/td><td>2.61-2.85<\/td><\/tr><tr><td>Refractive index<\/td><td>1.530-1.690<\/td><\/tr><tr><td>Crystal system<\/td><td>Rhombic<\/td><\/tr><\/tbody><\/table><\/figure>\n\n\n\n<h3 class=\"wp-block-heading\"><span style=\"color: #800080;\"><strong>Origin and sources of the mineral<\/strong><\/span><\/h3>\n\n\n<div class=\"wp-block-image is-resized\">\n<figure class=\"alignleft size-large\"><img loading=\"lazy\" decoding=\"async\" width=\"189\" height=\"104\" src=\"https:\/\/moirai.si\/wp-content\/uploads\/2020\/01\/svet.jpg\" alt=\"\" class=\"wp-image-15658\" style=\"width:125px\"\/><\/figure>\n<\/div>\n\n\n<ul class=\"wp-block-list\">\n<li>Japan, China, Australia, Austria, France, Scotland and Ireland.<\/li>\n<\/ul>\n\n\n\n<h3 class=\"wp-block-heading\"><span style=\"color: #800080;\"><strong>Care<\/strong><\/span><\/h3>\n\n\n\n<ul class=\"wp-block-list\">\n<li>Pearls are soft so delicacy is needed. Never use ultrasonic cleaners or steamers. Wipe pearls gently with a soft cloth after each wear. When cleaning, use mild soap and water. If the jewellery is knotted, make sure the strand is completely dry before wearing.<\/li>\n\n\n\n<li>It is best to store stone jewellery and the stones themselves in a fabric-covered box or wrapped in cloth separately from the others to prevent damage and possible scratches. It is advisable not to wear jewellery during major physical activities such as exercise or sports. Avoid spraying perfume and hairspray directly on your jewellery and stones.<\/li>\n<\/ul>\n\n\n\n<div class=\"wp-block-button aligncenter\"><a class=\"wp-block-button__link has-text-color has-background wp-element-button\" href=\"https:\/\/moirai.si\/en\/product-category\/buying-by-the-stone\/pearls-and-shells\/\" style=\"color:#2d2c2c;background-color:#ddc942\" target=\"_blank\" rel=\"noreferrer noopener\">Shop Pearl<\/a><\/div>\n\n\n\n<p class=\"has-text-align-center\">For <strong><span style=\"color: #800080;\">10<\/span>%<\/strong> Use the code for a discount when buying online: <span style=\"color: #800080;\"><strong>moirai26 <\/strong><\/span>(koda je veljavna do 31.12.2026)!<\/p>","protected":false},"excerpt":{"rendered":"<p>Zgodovina Zdravilno * Metafizi\u010dne lastnosti \u010cakra ** Navedene zdravilne in metafizi\u010dne lastnosti kamnov so zbrane iz ve\u010d razli\u010dnih virov. Informacije so na voljo le kot storitev in ne za zdravljenje bolezni. Moirai.si ne jam\u010di popolne veljavnosti navedenega. Zna\u010dilnosti minerala Kemijska sestava CaCO3 Barva bela, roza, srebrna, zlata, zelena, modra, \u010drna Trdota (Mohs) 2.5-4.5 Gostota 2.61-2.85 [&hellip;]<\/p>\n","protected":false},"author":1,"featured_media":0,"parent":0,"menu_order":0,"comment_status":"closed","ping_status":"closed","template":"template-products-page.php","meta":{"footnotes":""},"class_list":["post-4170","page","type-page","status-publish","hentry"],"_links":{"self":[{"href":"https:\/\/moirai.si\/en\/wp-json\/wp\/v2\/pages\/4170","targetHints":{"allow":["GET"]}}],"collection":[{"href":"https:\/\/moirai.si\/en\/wp-json\/wp\/v2\/pages"}],"about":[{"href":"https:\/\/moirai.si\/en\/wp-json\/wp\/v2\/types\/page"}],"author":[{"embeddable":true,"href":"https:\/\/moirai.si\/en\/wp-json\/wp\/v2\/users\/1"}],"replies":[{"embeddable":true,"href":"https:\/\/moirai.si\/en\/wp-json\/wp\/v2\/comments?post=4170"}],"version-history":[{"count":12,"href":"https:\/\/moirai.si\/en\/wp-json\/wp\/v2\/pages\/4170\/revisions"}],"predecessor-version":[{"id":27188,"href":"https:\/\/moirai.si\/en\/wp-json\/wp\/v2\/pages\/4170\/revisions\/27188"}],"wp:attachment":[{"href":"https:\/\/moirai.si\/en\/wp-json\/wp\/v2\/media?parent=4170"}],"curies":[{"name":"wp","href":"https:\/\/api.w.org\/{rel}","templated":true}]}}