{"id":4188,"date":"2015-12-07T18:23:32","date_gmt":"2015-12-07T18:23:32","guid":{"rendered":"http:\/\/moirai.si\/?page_id=4188"},"modified":"2026-01-02T13:35:10","modified_gmt":"2026-01-02T13:35:10","slug":"garnet","status":"publish","type":"page","link":"https:\/\/moirai.si\/en\/granat\/","title":{"rendered":"Garnet"},"content":{"rendered":"<div class=\"wp-block-button aligncenter\"><a class=\"wp-block-button__link has-text-color has-background wp-element-button\" href=\"https:\/\/moirai.si\/en\/product-category\/buying-by-the-stone\/garnet\/\" style=\"color:#2d2c2c;background-color:#ddc942\" target=\"_blank\" rel=\"noreferrer noopener\">Shop Garnet<\/a><\/div>\n\n\n\n<h3 class=\"wp-block-heading\"><span style=\"color: #800080;\"><strong>History<\/strong><\/span><\/h3>\n\n\n<div class=\"wp-block-image is-resized\">\n<figure class=\"alignright size-thumbnail\"><img decoding=\"async\" src=\"https:\/\/moirai.si\/wp-content\/uploads\/2020\/01\/granat-500x500.jpg\" alt=\"\" class=\"wp-image-15696\" style=\"width:125px\"\/><\/figure>\n<\/div>\n\n\n<ul class=\"wp-block-list\">\n<li>The name garnet is derived from the Latin word for pomegranate \"granatum\". When most people think of garnets , they think of red gemstones. Although red is the most common colour, Garnet appears in almost every colour. Garnet is a group of minerals that occurs in more than twenty different varieties.<\/li>\n\n\n\n<li><span style=\"color: #800080;\">Synonyms, old names, trade names:<\/span> Almandine, Andradite, Arkansas Ruby, Bohemian Ruby, Demantoid, Precious Garnet, Grosular, Hessonite, Cape Ruby, Pyrope, Rhodolite, Spessartine, Transvaal Jade, Uvarovite...<\/li>\n<\/ul>\n\n\n\n<h3 class=\"wp-block-heading\"><span style=\"color: #800080;\"><strong>Medicinal * Metaphysical properties<\/strong><\/span><\/h3>\n\n\n\n<ul class=\"wp-block-list\">\n<li><strong><span style=\"color: #800080;\">Red Garnet<\/span><\/strong>: depression, headache, anger, blood, leukaemia, love, melancholy, nightmares, fertility, courage, depression, metabolism, self-confidence, anaemia, weakness, heartbreak, sadness...<\/li>\n\n\n\n<li><span style=\"color: #800080;\"><strong>Green Garnet<\/strong><\/span> (Tsavorite or Tsavolite): abundance, arteriosclerosis, arthritis, charity, compassion, health, hope, immune system, infections, inflammations, joy, kidneys, material goods, kindness, liver, metabolism, peace, prosperity, protection, respiratory system, rheumatism, spirituality, strength, wealth...<\/li>\n<\/ul>\n\n\n\n<div class=\"wp-block-button aligncenter\"><a class=\"wp-block-button__link has-text-color has-background wp-element-button\" href=\"https:\/\/moirai.si\/en\/product-category\/buying-by-the-stone\/garnet\/\" style=\"color:#2d2c2c;background-color:#ddc942\" target=\"_blank\" rel=\"noreferrer noopener\">Shop Garnet<\/a><\/div>\n\n\n<div class=\"wp-block-image is-resized\">\n<figure class=\"alignleft\"><a href=\"https:\/\/moirai.si\/en\/cakra\/\"><img loading=\"lazy\" decoding=\"async\" width=\"500\" height=\"500\" src=\"https:\/\/moirai.si\/wp-content\/uploads\/2019\/09\/\u010dakra.jpg\" alt=\"\" class=\"wp-image-14534\" style=\"width:125px\" srcset=\"https:\/\/moirai.si\/wp-content\/uploads\/2019\/09\/\u010dakra.jpg 500w, https:\/\/moirai.si\/wp-content\/uploads\/2019\/09\/\u010dakra-100x100.jpg 100w\" sizes=\"auto, (max-width: 500px) 100vw, 500px\" \/><\/a><\/figure>\n<\/div>\n\n\n<p><a href=\"https:\/\/moirai.si\/en\/cakra\/\">Chakra<\/a><\/p>\n\n\n\n<p class=\"has-small-font-size\">** The healing and metaphysical properties of the stones listed are compiled from several different sources. The information is provided as a service only and not for the treatment of disease. Moirai.si does not guarantee the full validity of the information provided.<\/p>\n\n\n\n<h3 class=\"wp-block-heading\">&nbsp;<span style=\"color: #800080;\"><strong>Features of the mineral<\/strong><\/span><\/h3>\n\n\n\n<figure class=\"wp-block-table\"><table><tbody><tr><td>Chemical composition<\/td><td>Mg<sub>3<\/sub>Al<sub>2<\/sub>(SiO<sub>4<\/sub>)<sub>3<\/sub>)<\/td><\/tr><tr><td>Colour<\/td><td>deep red to light purple<\/td><\/tr><tr><td>Hardness (Mohs)<\/td><td>6.5-7.5<\/td><\/tr><tr><td>Density<\/td><td>3.10-4.30<\/td><\/tr><tr><td>Refractive index<\/td><td>1.720-1.940<\/td><\/tr><tr><td>Crystal system<\/td><td>Cubic<\/td><\/tr><\/tbody><\/table><\/figure>\n\n\n\n<h3 class=\"wp-block-heading\"><span style=\"color: #800080;\"><strong>Origin and sources of the mineral<\/strong><\/span><\/h3>\n\n\n<div class=\"wp-block-image is-resized\">\n<figure class=\"alignleft size-large\"><img loading=\"lazy\" decoding=\"async\" width=\"189\" height=\"104\" src=\"https:\/\/moirai.si\/wp-content\/uploads\/2020\/01\/svet.jpg\" alt=\"\" class=\"wp-image-15658\" style=\"width:125px\"\/><\/figure>\n<\/div>\n\n\n<ul class=\"wp-block-list\">\n<li>Africa, India, Russia, South America, Madagascar, Pakistan<strong>, <\/strong>USA...<\/li>\n<\/ul>\n\n\n\n<h3 class=\"wp-block-heading has-text-align-left\"><span style=\"color: #800080;\"><strong>Care<\/strong><\/span><\/h3>\n\n\n\n<ul class=\"wp-block-list\">\n<li>Clean the garnet with warm soapy water and a soft brush. Rinse the stone after washing. Ultrasonic treatments can be used for most garnets, except for the demantoid type. Steam cleaning can cause discolouration from heat. Protect garnets from sharp blows, extreme temperature changes and chemicals.<\/li>\n\n\n\n<li>It is best to store stone jewellery and the stones themselves in a fabric-covered box or wrapped in cloth separately from the others to prevent damage and possible scratches. It is advisable not to wear jewellery during major physical activities such as exercise or sports. Avoid spraying perfume and hairspray directly on your jewellery and stones.<\/li>\n<\/ul>\n\n\n\n<div class=\"wp-block-button aligncenter\"><a class=\"wp-block-button__link has-text-color has-background wp-element-button\" href=\"https:\/\/moirai.si\/en\/product-category\/buying-by-the-stone\/garnet\/\" style=\"color:#2d2c2c;background-color:#ddc942\" target=\"_blank\" rel=\"noreferrer noopener\">Shop Garnet<\/a><\/div>\n\n\n\n<p class=\"has-text-align-center\">For <strong><span style=\"color: #800080;\">10<\/span>%<\/strong> Use the code for a discount when buying online: <span style=\"color: #800080;\"><strong>moirai26 <\/strong><\/span>(koda je veljavna do 31.12.2026)!<\/p>\n\n\n\n<h3 class=\"wp-block-heading\"><span style=\"color: #800080;\"><strong>Horoscope<\/strong><\/span><\/h3>\n\n\n<div class=\"wp-block-image\">\n<figure class=\"alignleft size-large\"><img loading=\"lazy\" decoding=\"async\" width=\"116\" height=\"111\" src=\"https:\/\/moirai.si\/wp-content\/uploads\/2020\/01\/horoskop.jpg\" alt=\"\" class=\"wp-image-15659\"\/><\/figure>\n<\/div>\n\n\n<ul class=\"wp-block-list\">\n<li>Aries, Leo, Virgo, Scorpio, Capricorn<\/li>\n<\/ul>","protected":false},"excerpt":{"rendered":"<p>Zgodovina Zdravilno * Metafizi\u010dne lastnosti \u010cakra ** Navedene zdravilne in metafizi\u010dne lastnosti kamnov so zbrane iz ve\u010d razli\u010dnih virov. Informacije so na voljo le kot storitev in ne za zdravljenje bolezni. Moirai.si ne jam\u010di popolne veljavnosti navedenega. &nbsp;Zna\u010dilnosti minerala Kemijska sestava Mg3Al2(SiO4)3) Barva globoko rde\u010da do svetlo vijoli\u010dna Trdota (Mohs) 6.5-7.5 Gostota 3.10-4.30 Lomni koli\u010dnik [&hellip;]<\/p>\n","protected":false},"author":1,"featured_media":0,"parent":0,"menu_order":0,"comment_status":"closed","ping_status":"closed","template":"template-products-page.php","meta":{"footnotes":""},"class_list":["post-4188","page","type-page","status-publish","hentry"],"_links":{"self":[{"href":"https:\/\/moirai.si\/en\/wp-json\/wp\/v2\/pages\/4188","targetHints":{"allow":["GET"]}}],"collection":[{"href":"https:\/\/moirai.si\/en\/wp-json\/wp\/v2\/pages"}],"about":[{"href":"https:\/\/moirai.si\/en\/wp-json\/wp\/v2\/types\/page"}],"author":[{"embeddable":true,"href":"https:\/\/moirai.si\/en\/wp-json\/wp\/v2\/users\/1"}],"replies":[{"embeddable":true,"href":"https:\/\/moirai.si\/en\/wp-json\/wp\/v2\/comments?post=4188"}],"version-history":[{"count":16,"href":"https:\/\/moirai.si\/en\/wp-json\/wp\/v2\/pages\/4188\/revisions"}],"predecessor-version":[{"id":27181,"href":"https:\/\/moirai.si\/en\/wp-json\/wp\/v2\/pages\/4188\/revisions\/27181"}],"wp:attachment":[{"href":"https:\/\/moirai.si\/en\/wp-json\/wp\/v2\/media?parent=4188"}],"curies":[{"name":"wp","href":"https:\/\/api.w.org\/{rel}","templated":true}]}}