{"id":4205,"date":"2015-12-07T19:15:00","date_gmt":"2015-12-07T19:15:00","guid":{"rendered":"http:\/\/moirai.si\/?page_id=4205"},"modified":"2026-01-02T13:12:19","modified_gmt":"2026-01-02T13:12:19","slug":"amber","status":"publish","type":"page","link":"https:\/\/moirai.si\/en\/jantar\/","title":{"rendered":"Amber"},"content":{"rendered":"<div class=\"wp-block-button aligncenter\"><a class=\"wp-block-button__link has-text-color has-background wp-element-button\" href=\"https:\/\/moirai.si\/en\/product-category\/buying-by-the-stone\/amber\/\" style=\"color:#2d2c2c;background-color:#ddc942\" target=\"_blank\" rel=\"noreferrer noopener\">Shop Amber<\/a><\/div>\n\n\n\n<h3 class=\"wp-block-heading\"><span style=\"color: #800080;\"><strong>History<\/strong><\/span><\/h3>\n\n\n<div class=\"wp-block-image is-resized\">\n<figure class=\"alignright size-thumbnail\"><img loading=\"lazy\" decoding=\"async\" width=\"500\" height=\"500\" src=\"https:\/\/moirai.si\/wp-content\/uploads\/2020\/01\/jantar-500x500.jpg\" alt=\"\" class=\"wp-image-15710\" style=\"width:125px\" srcset=\"https:\/\/moirai.si\/wp-content\/uploads\/2020\/01\/jantar-500x500.jpg 500w, https:\/\/moirai.si\/wp-content\/uploads\/2020\/01\/jantar-100x100.jpg 100w, https:\/\/moirai.si\/wp-content\/uploads\/2020\/01\/jantar-501x501.jpg 501w, https:\/\/moirai.si\/wp-content\/uploads\/2020\/01\/jantar.jpg 566w\" sizes=\"auto, (max-width: 500px) 100vw, 500px\" \/><\/figure>\n<\/div>\n\n\n<ul class=\"wp-block-list\">\n<li>Amber is a 50-million-year-old fossil tree resin from prehistoric pine forests. It often contains fossilised insects, mammal hair and other organic matter. Pieces of amber containing these substances are usually more valuable than those without (especially if the whole organism has been preserved). Most Amber comes from the seabed. Amber used to be picked up on the beach when the sea washed up. Amber that has been in the sand for a long time is usually dull, dirty and contains traces of sand, so it must be polished.<\/li>\n\n\n\n<li><span style=\"color: #800080;\">Synonyms, old names, trade names:<\/span> Burmit, Gagat, Jet, Simetit...<\/li>\n<\/ul>\n\n\n\n<h3 class=\"wp-block-heading\"><span style=\"color: #800080;\"><strong>Medicinal * Metaphysical properties<\/strong><\/span><\/h3>\n\n\n\n<ul class=\"wp-block-list\">\n<li>asthma, pain, bronchitis, frigidity, cartilage, impotence, liver, cough, bones, kidneys, bladder, calmness, negative energy, determination, whooping cough, lungs, courage, metabolism, wounds, tooth and bone growth, rheumatism, self-confidence, joints, mucous membranes, memory, heart, happiness, stress, ears, viral infections, spleen, fever, teeth, stomach, nerves, nervous system...<\/li>\n\n\n\n<li>It reduces pain and negative energy and transforms it into healing energy.  Amber is said to attract disease from the body and help rejuvenate cells and tissues. It accelerates the body's ability to heal itself. It is said that Amber should be used in the treatment of kidney, bladder and lymph node cancers.<\/li>\n<\/ul>\n\n\n\n<h3 class=\"wp-block-heading\"><span style=\"color: #800080;\"><strong>Amber for baby? Why?<\/strong><\/span><\/h3>\n\n\n\n<ul class=\"wp-block-list\">\n<li>Amber is a natural painkiller. Our body heat triggers the discharge of its oil, which helps children relax during the growth of milk teeth. It has been used for this purpose for many decades in Europe. It is an excellent substitute for other pain-relieving medicines. Infants\/toddlers have experienced a significant reduction in pain symptoms during tooth growth when wearing an Amber necklace.<\/li>\n<\/ul>\n\n\n\n<div class=\"wp-block-button aligncenter\"><a class=\"wp-block-button__link has-text-color has-background wp-element-button\" href=\"https:\/\/moirai.si\/en\/product-category\/buying-by-the-stone\/amber\/\" style=\"color:#2d2c2c;background-color:#ddc942\" target=\"_blank\" rel=\"noreferrer noopener\">Shop Amber<\/a><\/div>\n\n\n<div class=\"wp-block-image is-resized\">\n<figure class=\"alignleft\"><a href=\"https:\/\/moirai.si\/en\/cakra\/\"><img loading=\"lazy\" decoding=\"async\" width=\"500\" height=\"500\" src=\"https:\/\/moirai.si\/wp-content\/uploads\/2019\/09\/\u010dakra.jpg\" alt=\"\" class=\"wp-image-14534\" style=\"width:125px\" srcset=\"https:\/\/moirai.si\/wp-content\/uploads\/2019\/09\/\u010dakra.jpg 500w, https:\/\/moirai.si\/wp-content\/uploads\/2019\/09\/\u010dakra-100x100.jpg 100w\" sizes=\"auto, (max-width: 500px) 100vw, 500px\" \/><\/a><\/figure>\n<\/div>\n\n\n<p><a href=\"https:\/\/moirai.si\/en\/cakra\/\">Chakra<\/a><\/p>\n\n\n\n<p class=\"has-small-font-size\">** The healing and metaphysical properties of the stones listed are compiled from several different sources. The information is provided as a service only and not for the treatment of disease. Moirai.si does not guarantee the full validity of the information provided.<\/p>\n\n\n\n<h3 class=\"wp-block-heading\"><span style=\"color: #800080;\">Fake Amber?<\/span><\/h3>\n\n\n\n<p class=\"has-text-align-center\"><strong><span style=\"color: #800080;\">There are many counterfeit Ambers. Most are made from the following materials:<\/span><\/strong><\/p>\n\n\n\n<ul class=\"wp-block-list\">\n<li><strong><span style=\"color: #800080;\">Celluloid<\/span> <\/strong>- lit Celluloid has the smell of burnt plastic. If your Amber smells like plastic, it is probably a fake made from Celluloid. Celluloid is not as flammable as Amber.<\/li>\n\n\n\n<li><strong><span style=\"color: #800080;\">Kopal<\/span> <\/strong>- is a younger form of tree resin and is very similar to amber. Kopal melts at higher temperatures and has a very sweet smell. Amber melts at 150<sup>o<\/sup>C.<\/li>\n\n\n\n<li><strong><span style=\"color: #800080;\">Glass<\/span> &#8211; <\/strong>it is more rigid and cannot be scratched by metal. Glass reflects light and shatters if thrown on the floor.<\/li>\n\n\n\n<li><strong><span style=\"color: #800080;\">Casein<\/span> <\/strong>- is made from milk. It is heavier and very similar to plastic. If burnt, it smells like burnt plastic.<\/li>\n\n\n\n<li><strong><span style=\"color: #800080;\">Phenolic resin<\/span><\/strong> - has exactly the same shape and colour as Amber. If you burn phenol resin and it does not have a resinous smell, it is most likely a fake.<\/li>\n<\/ul>\n\n\n\n<h3 class=\"wp-block-heading\"><span style=\"color: #800080;\">TEST YOUR AMBER:<\/span><\/h3>\n\n\n\n<ul class=\"wp-block-list\">\n<li><strong><span style=\"color: #800080;\">1. Visual test of Amber:&nbsp;<\/span><\/strong>Real Amber is unique in its appearance. Some common imperfections are small cracks or small air bubbles. Amber cells should vary little and the shape should not always be round, unless the amber is polished. The touch of the Amber itself should be just a little warm, which is not the case with most other fakes.<\/li>\n\n\n\n<li><strong><span style=\"color: #800080;\">2. Salt water test: <\/span><\/strong>For this test, you need about 7 teaspoons of salt and a medium cup of water. Add the salt to the water and stir well to melt it completely. Drop the amber into the prepared salted water. A real Amber should float in this water, whereas most fakes will sink quickly. The main disadvantage of this test is that it is not suitable for testing jewellery that has some metal or other components in it.<\/li>\n\n\n\n<li><strong><span style=\"color: #800080;\">3. Rub test:&nbsp;<\/span><\/strong>One of the simplest ways to distinguish Amber from fakes is the rub test. Real Amber has electrostatic properties and can attract fine dust, small pieces of paper or even hair. Rub the amber against a cloth, wool or tissue for 20-60 seconds. If your hair is attracted to the Amber after rubbing, this means that static has been created and your Amber is most likely real.<\/li>\n\n\n\n<li><strong><span style=\"color: #800080;\">4. Warm needle test:<\/span><\/strong>&nbsp;To perform this test, you need to heat the needle and push it towards the Amber. If the needle stuck into the Amber very slightly or if there were a few cracks, it is most likely a real Amber. You should notice a smell similar to tree resin in real Amber. When you do a test with a fake, you will very easily push the needle into it and you will notice a plastic smell. The main disadvantage of this test is that a small mark may be left by the hot needle.<\/li>\n\n\n\n<li><strong><span style=\"color: #800080;\">5. The crack test:&nbsp;<\/span><\/strong>Real Amber has a hardness of approximately 2-2.5 on the Mohs scale. Scratching with a fingernail on Amber does not cause scratches. If you notice a scratch on your Amber in this test you have a fake. If you use metal to scratch, the scratch on the Amber will be noticeable. On fakes made of glass the scratch will not be noticeable.<\/li>\n\n\n\n<li><span style=\"color: #800080;\"><strong>6. Smell test:&nbsp;<\/strong><\/span>For this test, you need to know the difference between the smell of Kopal and the smell of Amber. The smell of real Amber is stronger than that of Kopal. In case you have a fake that is made of a different material you will notice the smell of plastic.<\/li>\n\n\n\n<li><strong><span style=\"color: #800080;\">7. Feeling test:&nbsp;<\/span><\/strong>Real Amber is light and slightly warm to the touch. Glass fakes are heavier and cooler.<\/li>\n\n\n\n<li><strong><span style=\"color: #800080;\">8. Hardness test:&nbsp;<\/span><\/strong>By performing this test, you can tell immediately whether Jantar is real or not. Real amber is relatively soft. Most fakes are either a hard solid or have a plastic feel to the touch.<\/li>\n\n\n\n<li><span style=\"color: #800080;\"><strong>9. UV test:<\/strong>&nbsp;<\/span>You will need a UV lamp for this test. If you place the Amber under UV light, you will see a blue or green colour. If you see other colours in the test, your Amber is a fake.<\/li>\n\n\n\n<li><strong><span style=\"color: #800080;\">10. Heat test:&nbsp;<\/span><\/strong>Natural Amber contains tiny bubbles in its microscopic structure. When heated, these bubbles evaporate and the result is a more translucent Amber. When higher temperatures are applied, the Amber becomes darker.<\/li>\n\n\n\n<li><strong><span style=\"color: #800080;\">11. Lysal test:&nbsp;<\/span><\/strong>When you lick real Amber, you don't taste it. Plastic and polymer fakes leave a plastic taste in our mouths.<\/li>\n\n\n\n<li><span style=\"color: #800080;\"><strong>12. Acetone test:&nbsp;<\/strong><\/span>Kopal and plastic fake amber can be dissolved with Acetone and Alcohol. Just a small drop of Acetone makes the surface sticky. On real Amber, Acetone will evaporate and leave no residue. If you do this test on Kopal you will notice a white spot.<\/li>\n<\/ul>\n\n\n\n<h3 class=\"wp-block-heading\"><span style=\"color: #800080;\"><strong>Features of the mineral<\/strong><\/span><\/h3>\n\n\n\n<figure class=\"wp-block-table\"><table><tbody><tr><td>Chemical composition<\/td><td>C<sub>12<\/sub>H<sub>20<\/sub>O - C<sub>80<\/sub>H<sub>120<\/sub>O<sub>5<\/sub><\/td><\/tr><tr><td>Colour<\/td><td>soft yellow-brown, red, colourless, white, blue, black, green<\/td><\/tr><tr><td>Hardness (Mohs)<\/td><td>2-2.5<\/td><\/tr><tr><td>Density<\/td><td>1.05-1.30<\/td><\/tr><tr><td>Refractive index<\/td><td>1.540<\/td><\/tr><\/tbody><\/table><\/figure>\n\n\n\n<h3 class=\"wp-block-heading\"><span style=\"color: #800080;\"><strong>Origin and sources of the mineral<\/strong><\/span><\/h3>\n\n\n<div class=\"wp-block-image is-resized\">\n<figure class=\"alignleft size-large\"><img loading=\"lazy\" decoding=\"async\" width=\"189\" height=\"104\" src=\"https:\/\/moirai.si\/wp-content\/uploads\/2020\/01\/svet.jpg\" alt=\"\" class=\"wp-image-15658\" style=\"width:125px\"\/><\/figure>\n<\/div>\n\n\n<ul class=\"wp-block-list\">\n<li>Poland, Germany, Russia, Sicily, Romania, Mexico, Dominican Republic, USA...<\/li>\n<\/ul>\n\n\n\n<h3 class=\"wp-block-heading\"><span style=\"color: #800080;\"><strong>Care<\/strong><\/span><\/h3>\n\n\n\n<ul class=\"wp-block-list\">\n<li>Amber is a very delicate mineral and needs to be cared for very gently. It scratches quickly and is very sensitive to chemicals, acids, perfumes and alcohol. It is also flammable and can ignite with direct flame. Steamers, hot water and ultrasonic cleaners can damage this gem. To clean Amber, use mild soap, cold water and a soft cloth.<\/li>\n\n\n\n<li>When storing stone jewellery or the stones themselves, it is best to place them in a fabric-covered box or wrap them in cloth separately from other stones to prevent damage and scratches. It is advisable to remove the jewellery during major physical activities such as gymnastics or sports. Avoid spraying perfume and hairspray directly on your jewellery and stones.<\/li>\n<\/ul>\n\n\n\n<div class=\"wp-block-button aligncenter\"><a class=\"wp-block-button__link has-text-color has-background wp-element-button\" href=\"https:\/\/moirai.si\/en\/product-category\/buying-by-the-stone\/amber\/\" style=\"color:#2d2c2c;background-color:#ddc942\" target=\"_blank\" rel=\"noreferrer noopener\">Shop Amber<\/a><\/div>\n\n\n\n<p class=\"has-text-align-center\">For <strong><span style=\"color: #800080;\">10<\/span>%<\/strong> Use the code for a discount when buying online: <span style=\"color: #800080;\"><strong>moirai26 <\/strong><\/span>(koda je veljavna do 31.12.2026)!<\/p>\n\n\n\n<h3 class=\"wp-block-heading\"><span style=\"color: #800080;\"><strong>Horoscope<\/strong><\/span><\/h3>\n\n\n<div class=\"wp-block-image\">\n<figure class=\"alignleft size-large\"><img loading=\"lazy\" decoding=\"async\" width=\"116\" height=\"111\" src=\"https:\/\/moirai.si\/wp-content\/uploads\/2020\/01\/horoskop.jpg\" alt=\"\" class=\"wp-image-15659\"\/><\/figure>\n<\/div>\n\n\n<ul class=\"wp-block-list\">\n<li>Leo, Aquarius, Virgo<\/li>\n<\/ul>","protected":false},"excerpt":{"rendered":"<p>Zgodovina Zdravilno * Metafizi\u010dne lastnosti Jantar za dojen\u010dka? Zakaj? \u010cakra ** Navedene zdravilne in metafizi\u010dne lastnosti kamnov so zbrane iz ve\u010d razli\u010dnih virov. Informacije so na voljo le kot storitev in ne za zdravljenje bolezni. Moirai.si ne jam\u010di popolne veljavnosti navedenega. Ponarejen Jantar? Obstaja veliko ponaredkov Jantarja. Najve\u010dkrat so ponaredki narejeni iz slede\u010dih materialov: TESTIRAJTE [&hellip;]<\/p>\n","protected":false},"author":1,"featured_media":0,"parent":0,"menu_order":0,"comment_status":"closed","ping_status":"closed","template":"template-products-page.php","meta":{"footnotes":""},"class_list":["post-4205","page","type-page","status-publish","hentry"],"_links":{"self":[{"href":"https:\/\/moirai.si\/en\/wp-json\/wp\/v2\/pages\/4205","targetHints":{"allow":["GET"]}}],"collection":[{"href":"https:\/\/moirai.si\/en\/wp-json\/wp\/v2\/pages"}],"about":[{"href":"https:\/\/moirai.si\/en\/wp-json\/wp\/v2\/types\/page"}],"author":[{"embeddable":true,"href":"https:\/\/moirai.si\/en\/wp-json\/wp\/v2\/users\/1"}],"replies":[{"embeddable":true,"href":"https:\/\/moirai.si\/en\/wp-json\/wp\/v2\/comments?post=4205"}],"version-history":[{"count":16,"href":"https:\/\/moirai.si\/en\/wp-json\/wp\/v2\/pages\/4205\/revisions"}],"predecessor-version":[{"id":27146,"href":"https:\/\/moirai.si\/en\/wp-json\/wp\/v2\/pages\/4205\/revisions\/27146"}],"wp:attachment":[{"href":"https:\/\/moirai.si\/en\/wp-json\/wp\/v2\/media?parent=4205"}],"curies":[{"name":"wp","href":"https:\/\/api.w.org\/{rel}","templated":true}]}}