{"id":4211,"date":"2015-12-07T19:33:35","date_gmt":"2015-12-07T19:33:35","guid":{"rendered":"http:\/\/moirai.si\/?page_id=4211"},"modified":"2026-01-02T13:53:11","modified_gmt":"2026-01-02T13:53:11","slug":"jasper","status":"publish","type":"page","link":"https:\/\/moirai.si\/en\/jaspis\/","title":{"rendered":"Jasper"},"content":{"rendered":"<div class=\"wp-block-button aligncenter\"><a class=\"wp-block-button__link has-text-color has-background wp-element-button\" href=\"https:\/\/moirai.si\/en\/product-category\/buying-by-the-stone\/jasper\/\" style=\"color:#2d2c2c;background-color:#ddc942\" target=\"_blank\" rel=\"noreferrer noopener\">Shop Jasper<\/a><\/div>\n\n\n\n<h3 class=\"wp-block-heading\"><span style=\"color: #800080;\"><strong>History<\/strong><\/span><\/h3>\n\n\n<div class=\"wp-block-image is-resized\">\n<figure class=\"alignright size-thumbnail\"><img decoding=\"async\" src=\"https:\/\/moirai.si\/wp-content\/uploads\/2020\/01\/jaspis-500x500.jpg\" alt=\"\" class=\"wp-image-15712\" style=\"width:125px\"\/><\/figure>\n<\/div>\n\n\n<ul class=\"wp-block-list\">\n<li>Jasper is a type of silica. The name \"Jasper\" comes from the Greek word for \"dotted stone\". The name refers to its usually multicoloured, striped, dotted or fiery appearance. Jasper can come in almost any colour. The most common patterns of Jasper include interesting marble patterns, orbital rings, stripes and dots.<\/li>\n\n\n\n<li><span style=\"color: #800080;\">Synonyms, old names, trade names: <\/span>Agate Jasper, Basanite, Breccia Jasper, Black Jasper, Dalmatian Jasper, Egyptian Jasper, Kambaba Jasper, Blood Jasper, Leopard Skin Jasper, Mokaite, Ocean Jasper, Provincial Jasper, Red Jasper, Red Malachite, Rhyolite, Yellow Jasper, Silex, Turitela Jasper, Zebra Jasper, Green Jasper...<\/li>\n<\/ul>\n\n\n\n<h3 class=\"wp-block-heading\"><span style=\"color: #800080;\"><strong>Medicinal * Metaphysical properties<\/strong><\/span><\/h3>\n\n\n\n<ul class=\"wp-block-list\">\n<li>allergies, astral travel, aura, pain, emotions, energy, skin, blood, bleeding, kidneys, calm, negative energy, responsibility, recovery, immune system, instinct, courage, patience, digestion, digestive tract, grounding, detoxifies organs, tissue regeneration, radiation, heart, feet, fear, comfort, creativity, heat, education, protection, stomach...<\/li>\n<\/ul>\n\n\n\n<ul class=\"wp-block-list\">\n<li><strong><span style=\"color: #800080;\">Brecia Jasper<\/span><\/strong> is good for grounding and protection. It increases organisational skills and the development of creativity. It promotes empathy and helps us with allergies. Absorbs negative energy. Cleanses and stabilises the auric field. It is excellent for detoxifying the body.It helps with heart and blood problems.<\/li>\n\n\n\n<li><span style=\"color: #800080;\"><strong>Black Jasper<\/strong><\/span> is a protective stone and is great for grounding. It is useful in relieving all kinds of pain. It helps us with stomach and foot problems. It balances the minerals in the body and helps us to recover from long term illness or surgery.<\/li>\n\n\n\n<li><span style=\"color: #800080;\"><strong>Dalmatian Jasper<\/strong><\/span> is a grounding stone. It purifies blood, aura and all other non-functional energies. Strengthens the immune system. Helps to harmonise emotions and maintain calm. The noticeable black dots are black Tourmalines, which absorb negative energy very well.<\/li>\n\n\n\n<li><strong><span style=\"color: #800080;\">Leopard Skin<\/span><\/strong> - liver, peace, strength, negative energy, fertility, digestive system, blood flow, stability, stress, weakness, kidney problems, abdomen, vitality, spleen, protection, gall bladder...<\/li>\n\n\n\n<li><span style=\"color: #800080;\"><strong>Mokaite Jasper<\/strong><\/span> is a powerful healing stone. It connects us to the energies of the earth, allowing a greater connection to instinct. It brings an intuitive understanding of the natural evolution of the spirit. It balances and improves the flow of energy between the chakras. Helps in slowing down the ageing process.<\/li>\n\n\n\n<li><span style=\"color: #800080;\"><strong>Oceanic Jasper<\/strong><\/span> helps you to accept responsibility and be patient. It improves the digestive process and eliminates toxins that cause body odour and disease. It is a stone of joy. It promotes deep relaxation. It soothes sadness from the past and gives us optimism. Calms stress and promotes peace. Stabilises the aura. It is an excellent aid to meditation. It is used as a talisman of patience.<\/li>\n\n\n\n<li><span style=\"color: #800080;\"><strong>Provincial Jasper<\/strong><\/span> boosts creativity. It brings comfort and reduces fear. It removes toxins from the body and strengthens the immune system. Helps with skin diseases and kidney disease. Reduces radiation. It is a protective and nurturing stone that will bring us comfort in difficult moments. It is the perfect stone for all artists seeking inspiration. It brings security and stability to our lives.<\/li>\n\n\n\n<li><span style=\"color: #800080;\"><strong>Red Jasper<\/strong><\/span> can be used in astral travel and keeps us very grounded. It helps us to find justice and at the same time teaches us to take responsibility. It steers us away from situations that are not good for us. It strengthens the immune system and relieves various kinds of pain. It stops bleeding and helps with fever. Neutralises radiation and other forms of environmental and electromagnetic pollution. Cleanses and stabilises the aura.<\/li>\n\n\n\n<li><span style=\"color: #800080;\"><strong>Yellow Jasper<\/strong><\/span> is a protective stone. It neutralises radiation and other forms of environmental and electromagnetic pollution. It is a stone of education. It helps with stomach and gastrointestinal disorders, relieves flatulence and promotes tissue regeneration. It detoxifies the organs and aids digestion. It brings courage and gives protection. Supports us in times of stress and anxiety and helps calm nerves and emotions.<\/li>\n\n\n\n<li><span style=\"color: #800080;\"><strong>Zebra Jasper<\/strong><\/span> (Spider's Jaspis Grid) is excellent for grounding and stabilisation. It is a very suitable stone for consolation and has a beneficial effect on the aura and chakras. It is useful for anyone recovering from illness or injury.<\/li>\n\n\n\n<li><span style=\"color: #800080;\"><strong>Green Jasper<\/strong><\/span> is the stone of balance. It heals and releases diseases and various obsessions. It strengthens the immune system and detoxifies the body. Protects against pollution. Helps with skin diseases. Heals diseases of the upper torso and digestive tract.<\/li>\n\n\n\n<li><span style=\"color: #800080;\"><strong>Kambaba Jaspis<\/strong><\/span>: srce, travma, \u017ealost, jeza, ljubosumje, meditacija, mir, travma, osredoto\u010denost, rak, blaginja, vnetja, plodnost&#8230;<\/li>\n<\/ul>\n\n\n\n<div class=\"wp-block-button aligncenter\"><a class=\"wp-block-button__link has-text-color has-background wp-element-button\" href=\"https:\/\/moirai.si\/en\/product-category\/buying-by-the-stone\/jasper\/\" style=\"color:#2d2c2c;background-color:#ddc942\" target=\"_blank\" rel=\"noreferrer noopener\">Shop Jasper<\/a><\/div>\n\n\n<div class=\"wp-block-image is-resized\">\n<figure class=\"alignleft\"><a href=\"https:\/\/moirai.si\/en\/cakra\/\"><img loading=\"lazy\" decoding=\"async\" width=\"500\" height=\"500\" src=\"https:\/\/moirai.si\/wp-content\/uploads\/2019\/09\/\u010dakra.jpg\" alt=\"\" class=\"wp-image-14534\" style=\"width:125px\" srcset=\"https:\/\/moirai.si\/wp-content\/uploads\/2019\/09\/\u010dakra.jpg 500w, https:\/\/moirai.si\/wp-content\/uploads\/2019\/09\/\u010dakra-100x100.jpg 100w\" sizes=\"auto, (max-width: 500px) 100vw, 500px\" \/><\/a><\/figure>\n<\/div>\n\n\n<p><a href=\"https:\/\/moirai.si\/en\/cakra\/\">Chakra<\/a><\/p>\n\n\n\n<p class=\"has-small-font-size\">** The healing and metaphysical properties of the stones listed are compiled from several different sources. The information is provided as a service only and not for the treatment of disease. Moirai.si does not guarantee the full validity of the information provided.<\/p>\n\n\n\n<h3 class=\"wp-block-heading\"><span style=\"color: #800080;\"><strong>Features of the mineral<\/strong><\/span><\/h3>\n\n\n\n<figure class=\"wp-block-table\"><table><tbody><tr><td>Chemical composition<\/td><td>SiO<sub>2<\/sub><\/td><\/tr><tr><td>Colour<\/td><td>brick red<\/td><\/tr><tr><td>Hardness (Mohs)<\/td><td>6.5- 7<\/td><\/tr><tr><td>Density<\/td><td>2.58-2.91<\/td><\/tr><tr><td>Refractive index<\/td><td>1.540<\/td><\/tr><tr><td>Crystal system<\/td><td>Trigonal<\/td><\/tr><\/tbody><\/table><\/figure>\n\n\n\n<h3 class=\"wp-block-heading\"><span style=\"color: #800080;\"><strong>Origin and sources of the mineral<\/strong><\/span><\/h3>\n\n\n<div class=\"wp-block-image is-resized\">\n<figure class=\"alignleft size-large\"><img loading=\"lazy\" decoding=\"async\" width=\"189\" height=\"104\" src=\"https:\/\/moirai.si\/wp-content\/uploads\/2020\/01\/svet.jpg\" alt=\"\" class=\"wp-image-15658\" style=\"width:125px\"\/><\/figure>\n<\/div>\n\n\n<ul class=\"wp-block-list\">\n<li>Australia, Brazil, Canada, Egypt, India, Indonesia, Kazakhstan, Madagascar, Mexico, Russia, Uruguay, Venezuela, Arizona, California, Idaho, Oregon, Texas, USA...<\/li>\n<\/ul>\n\n\n\n<h3 class=\"wp-block-heading\"><span style=\"color: #800080;\"><strong>Care<\/strong><\/span><\/h3>\n\n\n\n<ul class=\"wp-block-list\">\n<li>Jasper can be easily cleaned with warm soapy water and a soft cloth or brush. Be sure to rinse it well to remove any soapy residue. Jasper is quite porous, which allows it to stain quickly as it easily absorbs other chemicals and colours. Avoid prolonged exposure to heat as heating can permanently change the colour of your stones. When storing stone jewellery or the stones themselves, it is best to place them in a cloth-covered box or wrap them in a cloth separately from other stones to prevent damage and scratches.<\/li>\n\n\n\n<li>It is advisable to remove jewellery during major physical activities such as exercise or sports. Avoid spraying perfume and hairspray directly on your jewellery and stones.<\/li>\n<\/ul>\n\n\n\n<div class=\"wp-block-button aligncenter\"><a class=\"wp-block-button__link has-text-color has-background wp-element-button\" href=\"https:\/\/moirai.si\/en\/product-category\/buying-by-the-stone\/jasper\/\" style=\"color:#2d2c2c;background-color:#ddc942\" target=\"_blank\" rel=\"noreferrer noopener\">Shop Jasper<\/a><\/div>\n\n\n\n<p class=\"has-text-align-center\">For <strong><span style=\"color: #800080;\">10<\/span>%<\/strong> Use the code for a discount when buying online: <span style=\"color: #800080;\"><strong>moirai26 <\/strong><\/span>(koda je veljavna do 31.12.2026)!<\/p>\n\n\n\n<h3 class=\"wp-block-heading\"><span style=\"color: #800080;\"><strong>Horoscope<\/strong><\/span><\/h3>\n\n\n<div class=\"wp-block-image\">\n<figure class=\"alignleft size-large\"><img loading=\"lazy\" decoding=\"async\" width=\"116\" height=\"111\" src=\"https:\/\/moirai.si\/wp-content\/uploads\/2020\/01\/horoskop.jpg\" alt=\"\" class=\"wp-image-15659\"\/><\/figure>\n<\/div>\n\n\n<ul class=\"wp-block-list\">\n<li>Leo, Virgo, Scorpio, Aquarius, Aries<\/li>\n<\/ul>","protected":false},"excerpt":{"rendered":"<p>Zgodovina Zdravilno * Metafizi\u010dne lastnosti \u010cakra ** Navedene zdravilne in metafizi\u010dne lastnosti kamnov so zbrane iz ve\u010d razli\u010dnih virov. Informacije so na voljo le kot storitev in ne za zdravljenje bolezni. Moirai.si ne jam\u010di popolne veljavnosti navedenega. Zna\u010dilnosti minerala Kemijska sestava SiO2 Barva ope\u010dnato rde\u010da Trdota (Mohs) 6.5- 7 Gostota 2.58-2.91 Lomni koli\u010dnik 1.540 Kristalni [&hellip;]<\/p>\n","protected":false},"author":1,"featured_media":0,"parent":0,"menu_order":0,"comment_status":"closed","ping_status":"closed","template":"template-products-page.php","meta":{"footnotes":""},"class_list":["post-4211","page","type-page","status-publish","hentry"],"_links":{"self":[{"href":"https:\/\/moirai.si\/en\/wp-json\/wp\/v2\/pages\/4211","targetHints":{"allow":["GET"]}}],"collection":[{"href":"https:\/\/moirai.si\/en\/wp-json\/wp\/v2\/pages"}],"about":[{"href":"https:\/\/moirai.si\/en\/wp-json\/wp\/v2\/types\/page"}],"author":[{"embeddable":true,"href":"https:\/\/moirai.si\/en\/wp-json\/wp\/v2\/users\/1"}],"replies":[{"embeddable":true,"href":"https:\/\/moirai.si\/en\/wp-json\/wp\/v2\/comments?post=4211"}],"version-history":[{"count":14,"href":"https:\/\/moirai.si\/en\/wp-json\/wp\/v2\/pages\/4211\/revisions"}],"predecessor-version":[{"id":27197,"href":"https:\/\/moirai.si\/en\/wp-json\/wp\/v2\/pages\/4211\/revisions\/27197"}],"wp:attachment":[{"href":"https:\/\/moirai.si\/en\/wp-json\/wp\/v2\/media?parent=4211"}],"curies":[{"name":"wp","href":"https:\/\/api.w.org\/{rel}","templated":true}]}}