{"id":4235,"date":"2015-12-07T21:05:45","date_gmt":"2015-12-07T21:05:45","guid":{"rendered":"http:\/\/moirai.si\/?page_id=4235"},"modified":"2026-01-02T13:59:12","modified_gmt":"2026-01-02T13:59:12","slug":"quartz","status":"publish","type":"page","link":"https:\/\/moirai.si\/en\/kvarc\/","title":{"rendered":"Quartz"},"content":{"rendered":"<div class=\"wp-block-button aligncenter\"><a class=\"wp-block-button__link has-text-color has-background wp-element-button\" href=\"https:\/\/moirai.si\/en\/product-category\/buying-by-the-stone\/quartz\/\" style=\"color:#2d2c2c;background-color:#ddc942\" target=\"_blank\" rel=\"noreferrer noopener\">Shop Quartz<\/a><\/div>\n\n\n\n<h3 class=\"wp-block-heading\"><span style=\"color: #800080;\"><strong>History<\/strong><\/span><\/h3>\n\n\n<div class=\"wp-block-image is-resized\">\n<figure class=\"alignright size-thumbnail\"><img decoding=\"async\" src=\"https:\/\/moirai.si\/wp-content\/uploads\/2020\/01\/kvarc-500x500.jpg\" alt=\"\" class=\"wp-image-15734\" style=\"width:125px\"\/><\/figure>\n<\/div>\n\n\n<ul class=\"wp-block-list\">\n<li>Quartz is one of the most important minerals on earth and represents one of the most popular groups of stones in the world of coloured stones. There are two variants of Quartz, which can be subdivided into other more specific sub-types. The two main branches of quartz are macrocrystalline quartz and cryptocrystalline quartz.<\/li>\n\n\n\n<li><strong><span style=\"color: #800080;\">Macrocrystalline Quartz<\/span><\/strong> Includes Amethyst, Ametrine, Stone Lightning, Blue Quartz, Citrine, Hawkeye, Prasiolite, Cat's Eye, Lemon Quartz, Smoky Quartz, Prasem, Rutile, Rose Quartz and Tiger's Eye. Macrocrystalline Quartz is usually transparent to translucent and is formed with larger crystals than cryptocrystalline Quartz.<\/li>\n\n\n\n<li><strong><span style=\"color: #800080;\">Cryptocrystalline Quartz<\/span> <\/strong>includes Agate, Chrysoprase, Dumortierite, Jasper, Onyx, Sard, Sardonyx, Hematite, Heliotrope, Chrysocolla, Chalcedony and Carnelian.<\/li>\n<\/ul>\n\n\n\n<div class=\"wp-block-button aligncenter\"><a class=\"wp-block-button__link has-text-color has-background wp-element-button\" href=\"https:\/\/moirai.si\/en\/product-category\/buying-by-the-stone\/quartz\/\" style=\"color:#2d2c2c;background-color:#ddc942\" target=\"_blank\" rel=\"noreferrer noopener\">Shop Quartz<\/a><\/div>\n\n\n\n<h3 class=\"wp-block-heading\"><span style=\"color: #800080;\"><strong>Medicinal * Metaphysical properties<\/strong><\/span><\/h3>\n\n\n<div class=\"wp-block-image is-resized\">\n<figure class=\"alignleft size-thumbnail\"><img decoding=\"async\" src=\"https:\/\/moirai.si\/wp-content\/uploads\/2020\/01\/\u010dakra-500x500.jpg\" alt=\"\" class=\"wp-image-15609\" style=\"width:125px\"\/><\/figure>\n<\/div>\n\n\n<p><a href=\"https:\/\/moirai.si\/en\/cakra\/\">Chakra<\/a><\/p>\n\n\n\n<p class=\"has-small-font-size\"> ** The healing and metaphysical properties of the stones listed are compiled from several different sources. The information is provided as a service only and not for the treatment of disease. Moirai.si does not guarantee the full validity of the information provided. <\/p>\n\n\n\n<div class=\"wp-block-group\"><div class=\"wp-block-group__inner-container is-layout-flow wp-block-group-is-layout-flow\">\n<div class=\"wp-block-group\"><div class=\"wp-block-group__inner-container is-layout-flow wp-block-group-is-layout-flow\">\n<ul class=\"wp-block-list\">\n<li><strong><span style=\"color: #800080;\">Amethyst<\/span> <\/strong>- evil thoughts, intelligence, psychic abilities, intuition, peace, union, serenity, calm, insomnia, headache, pancreatitis, back pain, alcoholism...<\/li>\n<\/ul>\n<\/div><\/div>\n<\/div><\/div>\n\n\n\n<ul class=\"wp-block-list\">\n<li><strong><span style=\"color: #800080;\">Agate<\/span> <\/strong>- happiness, protection, nightmares, stress, fatigue, strength, harmony, inner stability, composure, maturity, security, confidence, breastfeeding, inspiration...<\/li>\n<\/ul>\n\n\n\n<ul class=\"wp-block-list\">\n<li><strong><span style=\"color: #800080;\">Amethrin<\/span> <\/strong>- headache, pancreas, back pain, alcoholism, stress, tension, head, emotions, depression, creativity, concentration, clarity, immune system, nervous system, allergies, digestive disorders...<\/li>\n\n\n\n<li><strong><span style=\"color: #800080;\">Blue Quartz<\/span><\/strong> - calm, mind, intuition, communication, creativity, stress, negative thoughts, throat, blood...<\/li>\n\n\n\n<li><span style=\"color: #800080;\"><strong>Carnelian<\/strong> <\/span>- courage, depression, protection against fire and misfortune, happiness, bad energy, poverty, humour, temper, indigestion, abdominal pain, poverty, kidney...<\/li>\n<\/ul>\n\n\n\n<div class=\"wp-block-button aligncenter\"><a class=\"wp-block-button__link has-text-color has-background wp-element-button\" href=\"https:\/\/moirai.si\/en\/product-category\/buying-by-the-stone\/quartz\/\" style=\"color:#2d2c2c;background-color:#ddc942\" target=\"_blank\" rel=\"noreferrer noopener\">Shop Quartz<\/a><\/div>\n\n\n\n<ul class=\"wp-block-list\">\n<li><strong><span style=\"color: #800080;\">Cat's Eye<\/span><\/strong> - self-help, love, creativity, psychic vision, blood disorders, anaemia, strength, vitality, metabolism, pain relief, nervous system, adrenal glands, sexual function, sexual disorders, muscle tissue, teeth, nails...<\/li>\n<\/ul>\n\n\n\n<ul class=\"wp-block-list\">\n<li><strong><span style=\"color: #800080;\">Chalcedony<\/span> <\/strong>- emotional balance, endurance, kindness, responsiveness, acceptance, generosity, charity, kindness, balance of all the body's energies, fever, leukaemia, eye diseases...<\/li>\n<\/ul>\n\n\n\n<div class=\"wp-block-button aligncenter\"><a class=\"wp-block-button__link has-text-color has-background wp-element-button\" href=\"https:\/\/moirai.si\/en\/product-category\/buying-by-the-stone\/chalcedony\/\" style=\"color:#2d2c2c;background-color:#ddc942\" target=\"_blank\" rel=\"noreferrer noopener\">Shop Chalcedony<\/a><\/div>\n\n\n\n<ul class=\"wp-block-list\">\n<li><span style=\"color: #800080;\"><strong>Chrysocolla<\/strong> <\/span>- acceptance, anger, anxiety, arthritis, blood pressure, burns, confidence, cramps, depression, diabetes, digestion, fear, fever, guilt, heart, hips, infections, strength, inspiration, laryngitis, throat, learning, liver, love, lungs, meditation, menstrual pain, muscles, negative energy, nervous tension, peace, rheumatism, scars, sensitivity, stability, stress, throat, thyroid, tolerance, ulcers...<\/li>\n<\/ul>\n\n\n\n<div class=\"wp-block-button aligncenter\"><a class=\"wp-block-button__link has-text-color has-background wp-element-button\" href=\"https:\/\/moirai.si\/en\/product-category\/buying-by-the-stone\/hrizokol\/\" style=\"color:#2d2c2c;background-color:#ddc942\" target=\"_blank\" rel=\"noreferrer noopener\">Shop Chrysocolla<\/a><\/div>\n\n\n\n<ul class=\"wp-block-list\">\n<li><strong><span style=\"color: #800080;\">Chrysopras<\/span> <\/strong>- happiness, prosperity, speech, anger, clarity, creativity, abundance, success, loyalty, business, heart, self-esteem, emotional balance, acceptance of change, tolerance...<\/li>\n<\/ul>\n\n\n\n<div class=\"wp-block-button aligncenter\"><a class=\"wp-block-button__link has-text-color has-background wp-element-button\" href=\"https:\/\/moirai.si\/en\/product-category\/buying-by-the-stone\/chrysopras\/\" style=\"color:#2d2c2c;background-color:#ddc942\" target=\"_blank\" rel=\"noreferrer noopener\">Shop Chrysopras<\/a><\/div>\n\n\n\n<ul class=\"wp-block-list\">\n<li><span style=\"color: #800080;\"><strong>Citrine<\/strong> <\/span>- positive energy, success, prosperity, abundance, negative energy, protection, depression, anger, mood swings, digestion, stomach problems, sleep disturbances, thyroid, heart, kidney, liver, physical dependencies, fear, phobias...<\/li>\n\n\n\n<li><strong><span style=\"color: #800080;\">Herkimer Quartz <\/span><\/strong>is double-crystallised quartz of exceptional purity. It is also called Herkimer Diamond because of its high lustre and brilliance. Herkimer is named after Herkimer County (USA), where such a specimen was first found in the Mohawk River Valley. There is also a new deposit in Pakistan. Herkimer Quartz is a powerful amplifier of spiritual energy and an extremely healing crystal used for meditation and visualisation. It combines the power of the Lightning Stone and Diamond. It is believed to be the most powerful of all quartz crystals. It has the ability to receive spiritual energy in addition to transmitting its own energy. It is only this that it strengthens and directs. It heals and balances all the chakras. It helps us to make clear decisions and to accept the past. It is also used to clear emotions, to promote a smooth flow of emotional life and to facilitate the release of emotional blockages caused by trauma in this and previous lives. The presence of dark hydrocarbons in the crystal contributes to the power of this stone to protect the wearer and purify the surroundings of all negative emotions by transforming negative energies into more positive frequencies.<\/li>\n<\/ul>\n\n\n\n<ul class=\"wp-block-list\">\n<li><strong><span style=\"color: #800080;\">Dumortierite<\/span><\/strong> - brain, life control, courage, convulsions, depression, diarrhoea, epilepsy, fear, headache, hypersensitivity, nausea, patience, calm, personal addictions, pregnancy symptoms, self-esteem, selfishness, skin disorders, pain, abdomen, stress , stubbornness, thyroid, vomiting...<\/li>\n<\/ul>\n\n\n\n<div class=\"wp-block-button aligncenter\"><a class=\"wp-block-button__link has-text-color has-background wp-element-button\" href=\"https:\/\/moirai.si\/en\/product-category\/buying-by-the-stone\/dumortierit\/\" style=\"color:#2d2c2c;background-color:#ddc942\" target=\"_blank\" rel=\"noreferrer noopener\">Shop Dumortierite<\/a><\/div>\n\n\n\n<ul class=\"wp-block-list\">\n<li><strong><span style=\"color: #800080;\">Falcon Eye<\/span><\/strong> - fear of flying, focus, vision, sinuses, spine, neck, protection, negative energy, spiritual and material goals, astral travel, happiness...<\/li>\n<\/ul>\n\n\n\n<div class=\"wp-block-button aligncenter\"><a class=\"wp-block-button__link has-text-color has-background wp-element-button\" href=\"https:\/\/moirai.si\/en\/product-category\/buying-by-the-stone\/hawkeye\/\" style=\"color:#2d2c2c;background-color:#ddc942\" target=\"_blank\" rel=\"noreferrer noopener\">Shop Falcon eye<\/a><\/div>\n\n\n\n<ul class=\"wp-block-list\">\n<li><span style=\"color: #800080;\"><strong>Heliotrope (Blood Stone)<\/strong><\/span> - pain, bleeding, stomach, intestines, blood, blood circulation, protection, intuition, creativity, negative energy, stress, dreaming, courage, selflessness, idealism, confusion, cancer, leukaemia, anaemia...<\/li>\n<\/ul>\n\n\n\n<div class=\"wp-block-button aligncenter\"><a class=\"wp-block-button__link has-text-color has-background wp-element-button\" href=\"https:\/\/moirai.si\/en\/product-category\/buying-by-the-stone\/heliotrope\/\" style=\"color:#2d2c2c;background-color:#ddc942\" target=\"_blank\" rel=\"noreferrer noopener\">Shop Heliotrope<\/a><\/div>\n\n\n\n<ul class=\"wp-block-list\">\n<li><span style=\"color: #800080;\"><strong>Jasper<\/strong> <\/span>- allergies, astral travel, pain, emotions, energy, skin, blood, bleeding, kidneys, calm, negative energy, responsibility, recovery, immune system, instinct, courage, patience, digestion, digestive tract, tissue regeneration, radiation, heart, feet, fear, comfort, creativity, heat, education, protection...<\/li>\n<\/ul>\n\n\n\n<div class=\"wp-block-button aligncenter\"><a class=\"wp-block-button__link has-text-color has-background wp-element-button\" href=\"https:\/\/moirai.si\/en\/product-category\/buying-by-the-stone\/jasper\/\" style=\"color:#2d2c2c;background-color:#ddc942\" target=\"_blank\" rel=\"noreferrer noopener\">Shop Jasper<\/a><\/div>\n\n\n\n<ul class=\"wp-block-list\">\n<li><strong><span style=\"color: #800080;\">Lemon Quartz<\/span><\/strong> - clarity, decision making, communication, happiness, spirituality, doubt, anxiety, depression, balance, happiness...<\/li>\n<\/ul>\n\n\n\n<div class=\"wp-block-button aligncenter\"><a class=\"wp-block-button__link has-text-color has-background wp-element-button\" href=\"https:\/\/moirai.si\/en\/product-category\/buying-by-the-stone\/quartz\/\" style=\"color:#2d2c2c;background-color:#ddc942\" target=\"_blank\" rel=\"noreferrer noopener\">Shop Quartz<\/a><\/div>\n\n\n\n<ul class=\"wp-block-list\">\n<li><span style=\"color: #800080;\"><strong>Onyx<\/strong> <\/span>- regeneration, new beginnings, protection, strength, confidence, negative emotions, fear, anxiety, emotional wounds, childbirth, eyes, ears, skin, hair, teeth, nails...<\/li>\n<\/ul>\n\n\n\n<div class=\"wp-block-button aligncenter\"><a class=\"wp-block-button__link has-text-color has-background wp-element-button\" href=\"https:\/\/moirai.si\/en\/product-category\/buying-by-the-stone\/onyx\/\" style=\"color:#2d2c2c;background-color:#ddc942\" target=\"_blank\" rel=\"noreferrer noopener\">Shop Onyx<\/a><\/div>\n\n\n\n<ul class=\"wp-block-list\">\n<li><strong><span style=\"color: #800080;\">Prasem<\/span> <\/strong>- joy, negativity, good health, negative energy, depression, eyes, bruises, fever, heart, immune and endocrine system, emotional fatigue, cysts, meditation...<\/li>\n<\/ul>\n\n\n\n<div class=\"wp-block-button aligncenter\"><a class=\"wp-block-button__link has-text-color has-background wp-element-button\" href=\"https:\/\/moirai.si\/en\/product-category\/buying-by-the-stone\/printed-from\/\" style=\"color:#2d2c2c;background-color:#ddc942\" target=\"_blank\" rel=\"noreferrer noopener\">Shop Prasem<\/a><\/div>\n\n\n\n<p><strong><span style=\"color: #800080;\">Prasiolite (Green Quartz)<\/span><\/strong>- toxins, tumour, ulcers, growth, blockages, stomach acid, prosperity, wealth, happiness, motivation, negative energy, self-confidence, worry, heart, happiness, joy, compassion...<\/p>\n\n\n\n<div class=\"wp-block-button aligncenter\"><a class=\"wp-block-button__link has-text-color has-background wp-element-button\" href=\"https:\/\/moirai.si\/en\/product-category\/buying-by-the-stone\/amethyst-2\/\" style=\"color:#2d2c2c;background-color:#ddc942\" target=\"_blank\" rel=\"noreferrer noopener\">Shop Amethyst-Prasiolite<\/a><\/div>\n\n\n\n<ul class=\"wp-block-list\">\n<li><span style=\"color: #800080;\"><strong>Rock crystal<\/strong><\/span> - Master healer, negative energy, radiation, electromagnetic smog, concentration, memory, immune system, balance, organs, purifier of the soul, harmonises all chakras...<\/li>\n<\/ul>\n\n\n\n<div class=\"wp-block-button aligncenter\"><a class=\"wp-block-button__link has-text-color has-background wp-element-button\" href=\"https:\/\/moirai.si\/en\/product-category\/buying-by-the-stone\/rock-crystal\/\" style=\"color:#2d2c2c;background-color:#ddc942\" target=\"_blank\" rel=\"noreferrer noopener\">Shop Rock Crystal<\/a><\/div>\n\n\n\n<ul class=\"wp-block-list\">\n<li><span style=\"color: #800080;\"><strong>Rose Quartz<\/strong> <\/span>- love, trust, harmony, relationships, heart, friendship, healing, peace, comfort, grief, blood circulation, body fluids, leukaemia, fertility, miscarriage, meditation, forgiveness, empathy, tension, stress, jealousy, anger, skin, blood-vascular system, female reproductive system, blisters, burns, scars...<\/li>\n<\/ul>\n\n\n\n<div class=\"wp-block-button aligncenter\"><a class=\"wp-block-button__link has-text-color has-background wp-element-button\" href=\"https:\/\/moirai.si\/en\/product-category\/buying-by-the-stone\/the-tramp\/\" style=\"color:#2d2c2c;background-color:#ddc942\" target=\"_blank\" rel=\"noreferrer noopener\">Shop Rose Quartz<\/a><\/div>\n\n\n\n<ul class=\"wp-block-list\">\n<li><strong><span style=\"color: #800080;\">Rutile<\/span> <\/strong>- relationships, trauma, astral travel, dreams, meditation, intuition, bronchitis, impotence, breastfeeding, veins, regeneration, clarity, depression, emotional wounds, spiritual awakening...<\/li>\n<\/ul>\n\n\n\n<div class=\"wp-block-button aligncenter\"><a class=\"wp-block-button__link has-text-color has-background wp-element-button\" href=\"https:\/\/moirai.si\/en\/product-category\/buying-by-the-stone\/rutil\/\" style=\"color:#2d2c2c;background-color:#ddc942\" target=\"_blank\" rel=\"noreferrer noopener\">Shop Rutile<\/a><\/div>\n\n\n\n<ul class=\"wp-block-list\">\n<li><strong><span style=\"color: #800080;\">Sardonyx<\/span> <\/strong>- protection, happiness, friendship, strength, happiness, integrity, depression, stamina, strength, energy, creativity, self-control, perception, lungs, bones, immune system...<\/li>\n<\/ul>\n\n\n\n<ul class=\"wp-block-list\">\n<li><span style=\"color: #800080;\"><strong>Smoky Quartz<\/strong><\/span> - abdomen, adrenals, anger, back, bronchial tubes, chemotherapy, chronic pain, depression, fatigue, fear, feet, hands, headache, hips, independence, kidneys, knees, leadership, legs, muscles, tissues, cramps, negative energy, pancreas, radiation, reproductive system, shoulders, spine, spiritual energy, stamina, strength, stress, burns, toxins...<\/li>\n\n\n\n<li>It is known for its healing properties for the lower body, ovaries, abdomen and legs.  It is thought to help in the treatment of radiation sickness and also in post-chemotherapy treatment.  The darker the Smoke Quartz, the more effective it is said to be.<\/li>\n<\/ul>\n\n\n\n<div class=\"wp-block-button aligncenter\"><a class=\"wp-block-button__link has-text-color has-background wp-element-button\" href=\"https:\/\/moirai.si\/en\/product-category\/buying-by-the-stone\/quartz\/\" style=\"color:#2d2c2c;background-color:#ddc942\" target=\"_blank\" rel=\"noreferrer noopener\">Shop Quartz<\/a><\/div>\n\n\n\n<ul class=\"wp-block-list\">\n<li><strong><span style=\"color: #800080;\">Tiger's Eye<\/span><\/strong> - physical strength, stamina, vision problems, sinus problems, negative energy, mood swings, power, will, purpose, courage, confidence...<\/li>\n<\/ul>\n\n\n\n<div class=\"wp-block-button aligncenter\"><a class=\"wp-block-button__link has-text-color has-background wp-element-button\" href=\"https:\/\/moirai.si\/en\/product-category\/buying-by-the-stone\/tigers-eye\/\" style=\"color:#2d2c2c;background-color:#ddc942\" target=\"_blank\" rel=\"noreferrer noopener\">Shop Tiger's Eye<\/a><\/div>\n\n\n\n<p class=\"has-text-align-center\">For <strong><span style=\"color: #800080;\">10<\/span>%<\/strong> Use the code for a discount when buying online: <span style=\"color: #800080;\"><strong>moirai26 <\/strong><\/span>(koda je veljavna do 31.12.2026)!<\/p>\n\n\n\n<h3 class=\"wp-block-heading\"><span style=\"color: #800080;\">Care<\/span><\/h3>\n\n\n\n<ul class=\"wp-block-list\">\n<li>Quartz has relatively good hardness and durability. It is harder than other stones, but still softer than others. To clean quartz, simply use plain water and a mild soap or detergent if necessary. Wipe the stones with a soft cloth and make sure the stone is well washed to remove any soapy residue. Avoid prolonged exposure to direct sunlight or heat and avoid large temperature fluctuations. As with most minerals, avoid the use of heat steamers and ultrasonic cleaners.<\/li>\n\n\n\n<li>It is best to store stone jewellery and the stones themselves in a fabric-covered box or wrapped in cloth separately from the others to prevent damage and possible scratches. It is advisable not to wear jewellery during major physical activities such as exercise or sports. Avoid spraying perfume and hairspray directly on your jewellery and stones.<\/li>\n<\/ul>","protected":false},"excerpt":{"rendered":"<p>Zgodovina Zdravilno * Metafizi\u010dne lastnosti \u010cakra ** Navedene zdravilne in metafizi\u010dne lastnosti kamnov so zbrane iz ve\u010d razli\u010dnih virov. Informacije so na voljo le kot storitev in ne za zdravljenje bolezni. Moirai.si ne jam\u010di popolne veljavnosti navedenega. Prasiolit (zeleni Kvarc)&#8211; toksini, tumor, razjede, rast, blokade, \u017eelod\u010dna kislina, blaginja, bogastvo, sre\u010da, motivacija, negativna energija, samozavest, skrbi, [&hellip;]<\/p>\n","protected":false},"author":1,"featured_media":0,"parent":0,"menu_order":0,"comment_status":"closed","ping_status":"closed","template":"template-products-page.php","meta":{"footnotes":""},"class_list":["post-4235","page","type-page","status-publish","hentry"],"_links":{"self":[{"href":"https:\/\/moirai.si\/en\/wp-json\/wp\/v2\/pages\/4235","targetHints":{"allow":["GET"]}}],"collection":[{"href":"https:\/\/moirai.si\/en\/wp-json\/wp\/v2\/pages"}],"about":[{"href":"https:\/\/moirai.si\/en\/wp-json\/wp\/v2\/types\/page"}],"author":[{"embeddable":true,"href":"https:\/\/moirai.si\/en\/wp-json\/wp\/v2\/users\/1"}],"replies":[{"embeddable":true,"href":"https:\/\/moirai.si\/en\/wp-json\/wp\/v2\/comments?post=4235"}],"version-history":[{"count":30,"href":"https:\/\/moirai.si\/en\/wp-json\/wp\/v2\/pages\/4235\/revisions"}],"predecessor-version":[{"id":27213,"href":"https:\/\/moirai.si\/en\/wp-json\/wp\/v2\/pages\/4235\/revisions\/27213"}],"wp:attachment":[{"href":"https:\/\/moirai.si\/en\/wp-json\/wp\/v2\/media?parent=4235"}],"curies":[{"name":"wp","href":"https:\/\/api.w.org\/{rel}","templated":true}]}}