{"id":4770,"date":"2015-12-11T17:15:44","date_gmt":"2015-12-11T17:15:44","guid":{"rendered":"http:\/\/moirai.si\/en\/?page_id=4770"},"modified":"2026-01-02T14:02:20","modified_gmt":"2026-01-02T14:02:20","slug":"lapis-lazuli","status":"publish","type":"page","link":"https:\/\/moirai.si\/en\/lapis-lazuli\/","title":{"rendered":"Lapis Lazuli"},"content":{"rendered":"<div class=\"wp-block-button aligncenter\"><a class=\"wp-block-button__link has-text-color has-background wp-element-button\" href=\"https:\/\/moirai.si\/en\/product-category\/buying-by-the-stone\/lapis-lazuli\/\" style=\"color:#2d2c2c;background-color:#ddc942\" target=\"_blank\" rel=\"noreferrer noopener\">Shop Lapis Lazuli<\/a><\/div>\n\n\n\n<h3 class=\"wp-block-heading\"><span style=\"color: #993366;\"><span style=\"color: #800080;\"><strong>History<\/strong><\/span><strong><br \/><\/strong><\/span><\/h3>\n\n\n<div class=\"wp-block-image is-resized\">\n<figure class=\"alignright size-thumbnail\"><img decoding=\"async\" src=\"https:\/\/moirai.si\/wp-content\/uploads\/2020\/01\/lapis-500x500.jpg\" alt=\"\" class=\"wp-image-15743\" style=\"width:125px\"\/><\/figure>\n<\/div>\n\n\n<ul class=\"wp-block-list\">\n<li>Its name comes from the Latin word \"lapis\", meaning \"stone\", and from the Arabic and Persian word \"lazaward\". Lazaward was the Persian name for Lapis stone and the name of the mine site where it was first found. Technically, it is defined as a stone (rock) and not as a mineral.<\/li>\n<\/ul>\n\n\n\n<h3 class=\"wp-block-heading\"><span style=\"color: #800080;\"><strong>Medicinal * Metaphysical properties<\/strong><\/span><\/h3>\n\n\n\n<ul class=\"wp-block-list\">\n<li>alergija, duhovnost, epilepsija, glavobol, grlo, harmonija, imunski sistem, izra\u017eanje, ko\u017ea, kr\u010di, krvni pritisk, menstrualne bole\u010dine, migrena, mir, mo\u010d, morala, negativna energija, negativnost, nos, objektivnost, odnosi, piki in vbodi insektov, plju\u010da, pogum, po\u0161tenost, preglednost, psihi\u010dni napad, samospo\u0161tovanje, sklepi, so\u010dutje, srce, stres, \u0161\u010ditnica, uroki, ustvarjalnost, vnetje, vro\u010dina, za\u0161\u010dita, \u017eiv\u010dni sistem&#8230;<\/li>\n<\/ul>\n\n\n\n<div class=\"wp-block-button aligncenter\"><a class=\"wp-block-button__link has-text-color has-background wp-element-button\" href=\"https:\/\/moirai.si\/en\/product-category\/buying-by-the-stone\/lapis-lazuli\/\" style=\"color:#2d2c2c;background-color:#ddc942\" target=\"_blank\" rel=\"noreferrer noopener\">Shop Lapis Lazuli<\/a><\/div>\n\n\n<div class=\"wp-block-image is-resized\">\n<figure class=\"alignleft\"><a href=\"https:\/\/moirai.si\/en\/cakra\/\"><img loading=\"lazy\" decoding=\"async\" width=\"500\" height=\"500\" src=\"https:\/\/moirai.si\/wp-content\/uploads\/2019\/09\/\u010dakra.jpg\" alt=\"\" class=\"wp-image-14534\" style=\"width:125px\" srcset=\"https:\/\/moirai.si\/wp-content\/uploads\/2019\/09\/\u010dakra.jpg 500w, https:\/\/moirai.si\/wp-content\/uploads\/2019\/09\/\u010dakra-100x100.jpg 100w\" sizes=\"auto, (max-width: 500px) 100vw, 500px\" \/><\/a><\/figure>\n<\/div>\n\n\n<p><a href=\"https:\/\/moirai.si\/en\/cakra\/\">Chakra<\/a><\/p>\n\n\n\n<p class=\"has-small-font-size\">**The healing and metaphysical properties of stones are compiled from several different sources. The information is provided as a service only and not for the treatment of disease. Moirai.si does not guarantee the full validity of the information provided.<\/p>\n\n\n\n<h3 class=\"wp-block-heading\"><span style=\"color: #800080;\"><strong>Features of the mineral&nbsp;<\/strong><\/span><\/h3>\n\n\n\n<figure class=\"wp-block-table\"><table><tbody><tr><td>Chemical composition<\/td><td>(Na,Ca)<sub>8<\/sub>Al<sub>6<\/sub>Si<sub>6<\/sub>O<sub>24<\/sub>(S,SO)<sub>4<\/sub><\/td><\/tr><tr><td>Colour<\/td><td>Indigo blue<\/td><\/tr><tr><td>Hardness (Mohs)<\/td><td>5-6<\/td><\/tr><tr><td>Density<\/td><td>2.70-2.90<\/td><\/tr><tr><td>Refractive index<\/td><td>1.500<\/td><\/tr><tr><td>Crystal system<\/td><td>Cubic<\/td><\/tr><\/tbody><\/table><\/figure>\n\n\n\n<h3 class=\"wp-block-heading\"><span style=\"color: #800080;\"><strong>Origin and sources of the mineral<\/strong><\/span><\/h3>\n\n\n<div class=\"wp-block-image is-resized\">\n<figure class=\"alignleft size-large\"><img loading=\"lazy\" decoding=\"async\" width=\"189\" height=\"104\" src=\"https:\/\/moirai.si\/wp-content\/uploads\/2020\/01\/svet.jpg\" alt=\"\" class=\"wp-image-15658\" style=\"width:125px\"\/><\/figure>\n<\/div>\n\n\n<ul class=\"wp-block-list\">\n<li>Afghanistan, USA, Canada, Chile, Russia and Canada.<\/li>\n<\/ul>\n\n\n\n<h3 class=\"wp-block-heading\"><span style=\"color: #800080;\"><strong>Care<\/strong><\/span><\/h3>\n\n\n\n<ul class=\"wp-block-list\">\n<li>Lapis Lazuli is softer than many gemstones, but with care, jewellery and products made from it can last for generations. Lapis Lazuli is quite sensitive to strong pressure, high temperatures and to various household chemicals and cleaning agents. Avoid exposing lapis to bleaches and sulphuric acid. Lapis Lazuli can be easily cleaned with cold water and mild soapy water. It is best to store stone jewellery and the stones themselves in a cloth-covered box or wrapped in cloth separately from other stones to prevent self-damage and possible scratches.<\/li>\n\n\n\n<li>It is advisable not to wear jewellery during major physical activities such as exercise or sports. Avoid spraying perfume and hairspray directly on your jewellery and stones.<\/li>\n<\/ul>\n\n\n\n<div class=\"wp-block-button aligncenter\"><a class=\"wp-block-button__link has-text-color has-background wp-element-button\" href=\"https:\/\/moirai.si\/en\/product-category\/buying-by-the-stone\/lapis-lazuli\/\" style=\"color:#2d2c2c;background-color:#ddc942\" target=\"_blank\" rel=\"noreferrer noopener\">Shop Lapis Lazuli<\/a><\/div>\n\n\n\n<p class=\"has-text-align-center\">For <strong><span style=\"color: #800080;\">10<\/span>%<\/strong> Use the code for a discount when buying online: <span style=\"color: #800080;\"><strong>moirai26 <\/strong><\/span>(koda je veljavna do 31.12.2026)!<\/p>\n\n\n\n<h3 class=\"wp-block-heading\"><span style=\"color: #800080;\"><strong>Horoscope<\/strong><\/span><\/h3>\n\n\n<div class=\"wp-block-image\">\n<figure class=\"alignleft size-large\"><img loading=\"lazy\" decoding=\"async\" width=\"116\" height=\"111\" src=\"https:\/\/moirai.si\/wp-content\/uploads\/2020\/01\/horoskop.jpg\" alt=\"\" class=\"wp-image-15659\"\/><\/figure>\n<\/div>\n\n\n<ul class=\"wp-block-list\">\n<li>Taurus, Sagittarius<\/li>\n<\/ul>","protected":false},"excerpt":{"rendered":"<p>Zgodovina Zdravilno * Metafizi\u010dne lastnosti \u010cakra **Navedene zdravilne in metafizi\u010dne lastnosti kamnov so zbrane iz ve\u010d razli\u010dnih virov. Informacije so na voljo le kot storitev in ne za zdravljenje bolezni. Moirai.si ne jam\u010di popolne veljavnosti navedenega. Zna\u010dilnosti minerala&nbsp; Kemijska sestava (Na,Ca)8Al6Si6O24(S,SO)4 Barva Indigo modra Trdota (Mohs) 5-6 Gostota 2.70-2.90 Lomni koli\u010dnik 1.500 Kristalni sistem Kubi\u010dni [&hellip;]<\/p>\n","protected":false},"author":1,"featured_media":0,"parent":0,"menu_order":0,"comment_status":"closed","ping_status":"closed","template":"template-products-page.php","meta":{"footnotes":""},"class_list":["post-4770","page","type-page","status-publish","hentry"],"_links":{"self":[{"href":"https:\/\/moirai.si\/en\/wp-json\/wp\/v2\/pages\/4770","targetHints":{"allow":["GET"]}}],"collection":[{"href":"https:\/\/moirai.si\/en\/wp-json\/wp\/v2\/pages"}],"about":[{"href":"https:\/\/moirai.si\/en\/wp-json\/wp\/v2\/types\/page"}],"author":[{"embeddable":true,"href":"https:\/\/moirai.si\/en\/wp-json\/wp\/v2\/users\/1"}],"replies":[{"embeddable":true,"href":"https:\/\/moirai.si\/en\/wp-json\/wp\/v2\/comments?post=4770"}],"version-history":[{"count":14,"href":"https:\/\/moirai.si\/en\/wp-json\/wp\/v2\/pages\/4770\/revisions"}],"predecessor-version":[{"id":27217,"href":"https:\/\/moirai.si\/en\/wp-json\/wp\/v2\/pages\/4770\/revisions\/27217"}],"wp:attachment":[{"href":"https:\/\/moirai.si\/en\/wp-json\/wp\/v2\/media?parent=4770"}],"curies":[{"name":"wp","href":"https:\/\/api.w.org\/{rel}","templated":true}]}}