{"id":4774,"date":"2015-12-11T17:36:10","date_gmt":"2015-12-11T17:36:10","guid":{"rendered":"http:\/\/moirai.si\/?page_id=4774"},"modified":"2026-01-02T14:04:11","modified_gmt":"2026-01-02T14:04:11","slug":"lepidolite","status":"publish","type":"page","link":"https:\/\/moirai.si\/en\/lepidolit\/","title":{"rendered":"Lepidolite"},"content":{"rendered":"<div class=\"wp-block-button aligncenter\"><a class=\"wp-block-button__link has-text-color has-background wp-element-button\" href=\"https:\/\/moirai.si\/en\/product-category\/buying-by-the-stone\/lepidolite\/\" style=\"color:#2d2c2c;background-color:#ddc942\" target=\"_blank\" rel=\"noreferrer noopener\">Shop Lepidolite<\/a><\/div>\n\n\n\n<h3 class=\"wp-block-heading\"><span style=\"color: #800080;\"><strong>History<\/strong><\/span><\/h3>\n\n\n<div class=\"wp-block-image is-resized\">\n<figure class=\"alignright size-thumbnail\"><img decoding=\"async\" src=\"https:\/\/moirai.si\/wp-content\/uploads\/2020\/01\/lepidolit-500x500.jpg\" alt=\"\" class=\"wp-image-15749\" style=\"width:125px\"\/><\/figure>\n<\/div>\n\n\n<ul class=\"wp-block-list\">\n<li>Lepidolite belongs to the Mica group and is not defined as a stone. It was first discovered in the 18th century, when it was named Lilalite because of its lavender colour. However, scientists later renamed it Lepidolite after the Greek word \"lepidos\", meaning \"scale\". The name refers to its flaky appearance with flakes of lithia. Lepidolite occurs in Granitic Pegmatites and is often found with other crystals such as Tourmaline and Quartz.<\/li>\n\n\n\n<li><span style=\"color: #800080;\">Synonyms, old names, trade names:<\/span> &nbsp;Lilalit...<\/li>\n<\/ul>\n\n\n\n<h3 class=\"wp-block-heading\"><span style=\"color: #800080;\"><strong>Medicinal * Metaphysical properties<\/strong><\/span><\/h3>\n\n\n\n<ul class=\"wp-block-list\">\n<li>anorexia, bipolar disorder, blockages, emotions, depression, spirituality, anger, cosmic awareness, calm, negativity, nervousness, decisions, panic, business success, sanity, stress, trauma, third eye, addiction...<\/li>\n<\/ul>\n\n\n\n<div class=\"wp-block-button aligncenter\"><a class=\"wp-block-button__link has-text-color has-background wp-element-button\" href=\"https:\/\/moirai.si\/en\/product-category\/buying-by-the-stone\/lepidolite\/\" style=\"color:#2d2c2c;background-color:#ddc942\" target=\"_blank\" rel=\"noreferrer noopener\">Shop Lepidolite<\/a><\/div>\n\n\n<div class=\"wp-block-image is-resized\">\n<figure class=\"alignleft\"><a href=\"https:\/\/moirai.si\/en\/cakra\/\"><img loading=\"lazy\" decoding=\"async\" width=\"500\" height=\"500\" src=\"https:\/\/moirai.si\/wp-content\/uploads\/2019\/09\/\u010dakra.jpg\" alt=\"\" class=\"wp-image-14534\" style=\"width:125px\" srcset=\"https:\/\/moirai.si\/wp-content\/uploads\/2019\/09\/\u010dakra.jpg 500w, https:\/\/moirai.si\/wp-content\/uploads\/2019\/09\/\u010dakra-100x100.jpg 100w\" sizes=\"auto, (max-width: 500px) 100vw, 500px\" \/><\/a><\/figure>\n<\/div>\n\n\n<p><a href=\"https:\/\/moirai.si\/en\/cakra\/\">Chakra<\/a><\/p>\n\n\n\n<p class=\"has-small-font-size\">** The healing and metaphysical properties of the stones listed are compiled from several different sources. The information is provided as a service only and not for the treatment of disease. Moirai.si does not guarantee the full validity of the information provided.<\/p>\n\n\n\n<h3 class=\"wp-block-heading\"><span style=\"color: #800080;\"><strong>Features of the mineral<\/strong><\/span><\/h3>\n\n\n\n<figure class=\"wp-block-table\"><table><tbody><tr><td>Chemical composition<\/td><td>K(Li,Al)<sub>3<\/sub>(Al,Si,Rb)<sub>4<\/sub>O<sub>10<\/sub>(F,OH)<sub>2<\/sub><\/td><\/tr><tr><td>Colour<\/td><td>Pink, purple, red, purple-green, yellow, white and translucent<\/td><\/tr><tr><td>Hardness (Mohs)<\/td><td>2.5-3<\/td><\/tr><tr><td>Density<\/td><td>2.80-2.90<\/td><\/tr><tr><td>Refractive index<\/td><td>1.525-1.586<\/td><\/tr><tr><td>Crystal system<\/td><td>Monoclinic<\/td><\/tr><\/tbody><\/table><\/figure>\n\n\n\n<h3 class=\"wp-block-heading\"><span style=\"color: #800080;\"><strong>Origin and sources of the mineral<\/strong><\/span><\/h3>\n\n\n<div class=\"wp-block-image is-resized\">\n<figure class=\"alignleft size-large\"><img loading=\"lazy\" decoding=\"async\" width=\"189\" height=\"104\" src=\"https:\/\/moirai.si\/wp-content\/uploads\/2020\/01\/svet.jpg\" alt=\"\" class=\"wp-image-15658\" style=\"width:125px\"\/><\/figure>\n<\/div>\n\n\n<ul class=\"wp-block-list\">\n<li>Brazil, Russia, USA, Canada, Sweden, Germany, Finland, Czech Republic, Japan, Zimbabwe and Madagascar.<\/li>\n<\/ul>\n\n\n\n<h3 class=\"wp-block-heading\"><span style=\"color: #800080;\"><strong>Care<\/strong><\/span><\/h3>\n\n\n\n<ul class=\"wp-block-list\">\n<li>Lepidolite can be quite sensitive to strong pressure, high temperatures and harsh household chemicals and cleaning agents. Avoid exposing Lepidolite to bleach or sulphuric acid. Clean Lepidolite with warm soapy water. Wipe the stone with a soft cloth and make sure it is well rinsed to remove any soapy residue. It is best to store the stone jewellery and the stones themselves in a cloth-covered box or wrap them in a cloth separately from the others to prevent self-damage and possible scratches.<\/li>\n\n\n\n<li>It is advisable not to wear jewellery during major physical activities such as exercise or sports. Avoid spraying perfume and hairspray directly on your jewellery and stones.<\/li>\n<\/ul>\n\n\n\n<div class=\"wp-block-button aligncenter\"><a class=\"wp-block-button__link has-text-color has-background wp-element-button\" href=\"https:\/\/moirai.si\/en\/product-category\/buying-by-the-stone\/lepidolite\/\" style=\"color:#2d2c2c;background-color:#ddc942\" target=\"_blank\" rel=\"noreferrer noopener\">Shop Lepidolite<\/a><\/div>\n\n\n\n<p class=\"has-text-align-center\">For <strong><span style=\"color: #800080;\">10<\/span>%<\/strong> Use the code for a discount when buying online: <span style=\"color: #800080;\"><strong>moirai26 <\/strong><\/span>(koda je veljavna do 31.12.2026)!<\/p>\n\n\n\n<h3 class=\"wp-block-heading\"><span style=\"color: #800080;\"><strong>Horoscope<\/strong><\/span><\/h3>\n\n\n<div class=\"wp-block-image\">\n<figure class=\"alignleft size-large\"><img loading=\"lazy\" decoding=\"async\" width=\"116\" height=\"111\" src=\"https:\/\/moirai.si\/wp-content\/uploads\/2020\/01\/horoskop.jpg\" alt=\"\" class=\"wp-image-15659\"\/><\/figure>\n<\/div>\n\n\n<ul class=\"wp-block-list\">\n<li>Libra<\/li>\n<\/ul>","protected":false},"excerpt":{"rendered":"<p>Zgodovina Zdravilno * Metafizi\u010dne lastnosti \u010cakra ** Navedene zdravilne in metafizi\u010dne lastnosti kamnov so zbrane iz ve\u010d razli\u010dnih virov. Informacije so na voljo le kot storitev in ne za zdravljenje bolezni. Moirai.si ne jam\u010di popolne veljavnosti navedenega. Zna\u010dilnosti minerala Kemijska sestava K(Li,Al)3(Al,Si,Rb)4O10(F,OH)2 Barva Roza, vijoli\u010den, rde\u010d, vijoli\u010dno-zelen, rumen, bel in prosojen Trdota (Mohs) 2.5-3 Gostota [&hellip;]<\/p>\n","protected":false},"author":1,"featured_media":0,"parent":0,"menu_order":0,"comment_status":"closed","ping_status":"closed","template":"template-products-page.php","meta":{"footnotes":""},"class_list":["post-4774","page","type-page","status-publish","hentry"],"_links":{"self":[{"href":"https:\/\/moirai.si\/en\/wp-json\/wp\/v2\/pages\/4774","targetHints":{"allow":["GET"]}}],"collection":[{"href":"https:\/\/moirai.si\/en\/wp-json\/wp\/v2\/pages"}],"about":[{"href":"https:\/\/moirai.si\/en\/wp-json\/wp\/v2\/types\/page"}],"author":[{"embeddable":true,"href":"https:\/\/moirai.si\/en\/wp-json\/wp\/v2\/users\/1"}],"replies":[{"embeddable":true,"href":"https:\/\/moirai.si\/en\/wp-json\/wp\/v2\/comments?post=4774"}],"version-history":[{"count":11,"href":"https:\/\/moirai.si\/en\/wp-json\/wp\/v2\/pages\/4774\/revisions"}],"predecessor-version":[{"id":27219,"href":"https:\/\/moirai.si\/en\/wp-json\/wp\/v2\/pages\/4774\/revisions\/27219"}],"wp:attachment":[{"href":"https:\/\/moirai.si\/en\/wp-json\/wp\/v2\/media?parent=4774"}],"curies":[{"name":"wp","href":"https:\/\/api.w.org\/{rel}","templated":true}]}}