{"id":4867,"date":"2015-12-12T21:08:34","date_gmt":"2015-12-12T21:08:34","guid":{"rendered":"http:\/\/moirai.si\/?page_id=4867"},"modified":"2026-01-02T14:09:26","modified_gmt":"2026-01-02T14:09:26","slug":"mouldavit","status":"publish","type":"page","link":"https:\/\/moirai.si\/en\/moldavit\/","title":{"rendered":"Moldavite"},"content":{"rendered":"<div class=\"wp-block-button aligncenter\"><a class=\"wp-block-button__link has-text-color has-background wp-element-button\" href=\"https:\/\/moirai.si\/en\/product-category\/buying-by-the-stone\/mouldavit\/\" style=\"color:#2d2c2c;background-color:#ddc942\" target=\"_blank\" rel=\"noreferrer noopener\">Shop Moldavite<\/a><\/div>\n\n\n\n<h3 class=\"wp-block-heading\"><span style=\"color: #800080;\">History<\/span><\/h3>\n\n\n<div class=\"wp-block-image is-resized\">\n<figure class=\"alignright size-thumbnail\"><img decoding=\"async\" src=\"https:\/\/moirai.si\/wp-content\/uploads\/2020\/02\/moldavit-500x500.jpg\" alt=\"\" class=\"wp-image-15759\" style=\"width:125px\"\/><\/figure>\n<\/div>\n\n\n<ul class=\"wp-block-list\">\n<li>Moldavite was first named \"chrysolites\" after Professor Josef Mayer of the University of Prague. The name was later replaced by \"Moldavite\" after \"Moldauthein\". Moldauthein is the place where a Moldavite specimen was first discovered and described. It belongs to the tektite group. It is a natural glass and its colour is olive-green to brown-green. Moldavite was sometimes thought to have been formed from the vapours of a meteorite falling to earth.<\/li>\n<\/ul>\n\n\n\n<h3 class=\"wp-block-heading\"><span style=\"color: #800080;\">Medicinal * Metaphysical properties<\/span><\/h3>\n\n\n\n<ul class=\"wp-block-list\">\n<li>allergies, anaemia, asthma, bacteria, blockages, spirituality, headache, flu, infections, rashes, clairvoyance, bone marrow, skin, skin inflammation, meditation, metastasis, relationships, infections, fertility, colds, psychic awakening, X-rays, nausea, memory, happiness, fatigue, joy, intoxication, protection...<\/li>\n<\/ul>\n\n\n\n<div class=\"wp-block-button aligncenter\"><a class=\"wp-block-button__link has-text-color has-background wp-element-button\" href=\"https:\/\/moirai.si\/en\/product-category\/buying-by-the-stone\/mouldavit\/\" style=\"color:#2d2c2c;background-color:#ddc942\" target=\"_blank\" rel=\"noreferrer noopener\">Shop Moldavite<\/a><\/div>\n\n\n<div class=\"wp-block-image is-resized\">\n<figure class=\"alignleft\"><a href=\"https:\/\/moirai.si\/en\/cakra\/\"><img loading=\"lazy\" decoding=\"async\" width=\"500\" height=\"500\" src=\"https:\/\/moirai.si\/wp-content\/uploads\/2019\/09\/\u010dakra.jpg\" alt=\"\" class=\"wp-image-14534\" style=\"width:125px\" srcset=\"https:\/\/moirai.si\/wp-content\/uploads\/2019\/09\/\u010dakra.jpg 500w, https:\/\/moirai.si\/wp-content\/uploads\/2019\/09\/\u010dakra-100x100.jpg 100w\" sizes=\"auto, (max-width: 500px) 100vw, 500px\" \/><\/a><\/figure>\n<\/div>\n\n\n<p><a href=\"https:\/\/moirai.si\/en\/cakra\/\">Chakra<\/a><\/p>\n\n\n\n<p class=\"has-small-font-size\">** The healing and metaphysical properties of the stones listed are compiled from several different sources. The information is provided as a service only and not for the treatment of disease. Moirai.si does not guarantee the full validity of the information provided.<\/p>\n\n\n\n<h3 class=\"wp-block-heading\"><span style=\"color: #800080;\">Features of the mineral<\/span><\/h3>\n\n\n\n<figure class=\"wp-block-table\"><table><tbody><tr><td>Chemical composition<\/td><td>SiO<sub>2<\/sub>(+Al<sub>2<\/sub>O<sub>3<\/sub>)<\/td><\/tr><tr><td>Colour<\/td><td>green to brown-green<\/td><\/tr><tr><td>Hardness (Mohs)<\/td><td>5.5-7<\/td><\/tr><tr><td>Density<\/td><td>2.32-2.38<\/td><\/tr><tr><td>Refractive index<\/td><td>1.480-1.540<\/td><\/tr><tr><td>Crystal system<\/td><td>Amorphous<\/td><\/tr><\/tbody><\/table><\/figure>\n\n\n\n<h3 class=\"wp-block-heading\"><span style=\"color: #800080;\">Origin and sources of the mineral<\/span><\/h3>\n\n\n<div class=\"wp-block-image is-resized\">\n<figure class=\"alignleft size-large\"><img loading=\"lazy\" decoding=\"async\" width=\"189\" height=\"104\" src=\"https:\/\/moirai.si\/wp-content\/uploads\/2020\/01\/svet.jpg\" alt=\"\" class=\"wp-image-15658\" style=\"width:125px\"\/><\/figure>\n<\/div>\n\n\n<ul class=\"wp-block-list\">\n<li>Czech Republic, Germany and Austria.<\/li>\n<\/ul>\n\n\n\n<h3 class=\"wp-block-heading\"><span style=\"color: #800080;\">Care<\/span><\/h3>\n\n\n\n<ul class=\"wp-block-list\">\n<li>Moldavite is quite soft and brittle compared to most other gemstones. Avoid using chemicals or cleaning agents when cleaning Moldavite. Do not use ultrasonic or steam cleaners. It can be cleaned with mild soap and a soft cloth. Be sure to rinse off any soapy residue well. It is best to store stone jewellery and the stones themselves in a cloth-covered box or wrap them in cloth separately from the others to prevent self-damage and possible scratches.<\/li>\n\n\n\n<li>It is advisable not to wear jewellery during major physical activities such as exercise or sports. Avoid spraying perfume and hairspray directly on your jewellery and stones.<\/li>\n<\/ul>\n\n\n\n<div class=\"wp-block-button aligncenter\"><a class=\"wp-block-button__link has-text-color has-background wp-element-button\" href=\"https:\/\/moirai.si\/en\/product-category\/buying-by-the-stone\/mouldavit\/\" style=\"color:#2d2c2c;background-color:#ddc942\" target=\"_blank\" rel=\"noreferrer noopener\">Shop Moldavite<\/a><\/div>\n\n\n\n<p class=\"has-text-align-center\">For <strong><span style=\"color: #800080;\">10<\/span>%<\/strong> Use the code for a discount when buying online: <span style=\"color: #800080;\"><strong>moirai26 <\/strong><\/span>(koda je veljavna do 31.12.2026)!<\/p>\n\n\n\n<h3 class=\"wp-block-heading\"><span style=\"color: #800080;\">Horoscope<\/span><\/h3>\n\n\n<div class=\"wp-block-image\">\n<figure class=\"alignleft size-large\"><img loading=\"lazy\" decoding=\"async\" width=\"116\" height=\"111\" src=\"https:\/\/moirai.si\/wp-content\/uploads\/2020\/01\/horoskop.jpg\" alt=\"\" class=\"wp-image-15659\"\/><\/figure>\n<\/div>\n\n\n<ul class=\"wp-block-list\">\n<li>All signs<\/li>\n<\/ul>","protected":false},"excerpt":{"rendered":"<p>Zgodovina Zdravilno * Metafizi\u010dne lastnosti \u010cakra ** Navedene zdravilne in metafizi\u010dne lastnosti kamnov so zbrane iz ve\u010d razli\u010dnih virov. Informacije so na voljo le kot storitev in ne za zdravljenje bolezni. Moirai.si ne jam\u010di popolne veljavnosti navedenega. Zna\u010dilnosti minerala Kemijska sestava SiO2(+Al2O3) Barva zelena do rjavo-zelena Trdota (Mohs) 5.5-7 Gostota 2.32-2.38 Lomni koli\u010dnik 1.480-1.540 Kristalni [&hellip;]<\/p>\n","protected":false},"author":1,"featured_media":0,"parent":0,"menu_order":0,"comment_status":"closed","ping_status":"closed","template":"template-products-page.php","meta":{"footnotes":""},"class_list":["post-4867","page","type-page","status-publish","hentry"],"_links":{"self":[{"href":"https:\/\/moirai.si\/en\/wp-json\/wp\/v2\/pages\/4867","targetHints":{"allow":["GET"]}}],"collection":[{"href":"https:\/\/moirai.si\/en\/wp-json\/wp\/v2\/pages"}],"about":[{"href":"https:\/\/moirai.si\/en\/wp-json\/wp\/v2\/types\/page"}],"author":[{"embeddable":true,"href":"https:\/\/moirai.si\/en\/wp-json\/wp\/v2\/users\/1"}],"replies":[{"embeddable":true,"href":"https:\/\/moirai.si\/en\/wp-json\/wp\/v2\/comments?post=4867"}],"version-history":[{"count":11,"href":"https:\/\/moirai.si\/en\/wp-json\/wp\/v2\/pages\/4867\/revisions"}],"predecessor-version":[{"id":27225,"href":"https:\/\/moirai.si\/en\/wp-json\/wp\/v2\/pages\/4867\/revisions\/27225"}],"wp:attachment":[{"href":"https:\/\/moirai.si\/en\/wp-json\/wp\/v2\/media?parent=4867"}],"curies":[{"name":"wp","href":"https:\/\/api.w.org\/{rel}","templated":true}]}}