{"id":4871,"date":"2015-12-12T21:30:47","date_gmt":"2015-12-12T21:30:47","guid":{"rendered":"http:\/\/moirai.si\/?page_id=4871"},"modified":"2026-01-02T14:10:19","modified_gmt":"2026-01-02T14:10:19","slug":"obsidian-2","status":"publish","type":"page","link":"https:\/\/moirai.si\/en\/obsidijan\/","title":{"rendered":"Obsidian"},"content":{"rendered":"<div class=\"wp-block-button aligncenter\"><a class=\"wp-block-button__link has-text-color has-background wp-element-button\" href=\"https:\/\/moirai.si\/en\/product-category\/buying-by-the-stone\/obsidian-2\/\" style=\"color:#2d2c2c;background-color:#ddc942\" target=\"_blank\" rel=\"noreferrer noopener\">Shop Obsidian<\/a><\/div>\n\n\n\n<h3 class=\"wp-block-heading\"><span style=\"color: #800080;\"><strong>History<\/strong><\/span><\/h3>\n\n\n<div class=\"wp-block-image is-resized\">\n<figure class=\"alignright size-thumbnail\"><img loading=\"lazy\" decoding=\"async\" width=\"500\" height=\"500\" src=\"https:\/\/moirai.si\/wp-content\/uploads\/2020\/02\/osidijan-500x500.jpg\" alt=\"\" class=\"wp-image-15765\" style=\"width:125px\" srcset=\"https:\/\/moirai.si\/wp-content\/uploads\/2020\/02\/osidijan-500x500.jpg 500w, https:\/\/moirai.si\/wp-content\/uploads\/2020\/02\/osidijan-100x100.jpg 100w, https:\/\/moirai.si\/wp-content\/uploads\/2020\/02\/osidijan-501x501.jpg 501w, https:\/\/moirai.si\/wp-content\/uploads\/2020\/02\/osidijan.jpg 566w\" sizes=\"auto, (max-width: 500px) 100vw, 500px\" \/><\/figure>\n<\/div>\n\n\n<ul class=\"wp-block-list\">\n<li>Obsidian is named after \"Obsius\", a Roman who discovered a similar stone. It is a natural volcanic glass and is formed when lava cools. It was used to make spearheads and blades, as well as ornaments. In its pure form, obsidian has a dark colour due to the presence of Iron and Magnesium. It can be classified by types according to different properties. However, some of the basic types of Obsidian include the following; spots (Snow and Peanut Obsidian), small nodules (Apache Tears) and lustre (Silver Obsidian and Fire Obsidian).<\/li>\n\n\n\n<li><span style=\"color: #800080;\">Synonyms, old names, trade names:<\/span> Apache Tears, Icelandic Agate, Mahogany Obsidian, Rainbow Obsidian, Snow Obsidian, Silver Obsidian, Tokay Lux Sapphire...<\/li>\n<\/ul>\n\n\n\n<h3 class=\"wp-block-heading\"><span style=\"color: #800080;\"><strong>Medicinal * Metaphysical properties<\/strong><\/span><\/h3>\n\n\n\n<ul class=\"wp-block-list\">\n<li>arthritis, blockages, healing of the soul, emotions, estrogen, immune system, cramps, bleeding, blood circulation, tension, negativity, injuries, metabolism, prostate, psychic attack, detoxification, stress, testosterone, trauma, mental abilities, protection, confusion, nerves...<\/li>\n<\/ul>\n\n\n\n<ul class=\"wp-block-list\">\n<li><span style=\"color: #800080;\"><strong>BLACK OBSIDIAN<\/strong><\/span> has strong metaphysical characteristics that protect against negativity. It is beneficial for fear, anger, stress and wards off the frustration of others. It helps us to release built-in negativity from the aura and in contact with the spiritual world. It is known to help release various addictions, eating disorders, negative behaviours and emotional blockages. It can increase your testosterone or estrogen levels if used to unblock your root chakra. Black obsidian raises your libido.<\/li>\n\n\n\n<li><strong><span style=\"color: #800080;\">MAHOGANY OBSIDIAN<\/span><\/strong> It is a stabilising stone that strengthens the aura and balances the sex chakra and solar plexus. It relieves pain and improves blood circulation. It improves the flow of our creative energies and protects us from psychic attacks. Provides grounding and protection. It is often used to help with the decision-making process.<\/li>\n\n\n\n<li><strong><span style=\"color: #800080;\">RAINBOW OBSIDIAN<\/span><\/strong> is the stone of \"pleasure\". It makes it easier to enjoy our own lives and gives us a sense of gratitude. It teaches us about our spiritual nature and replenishes our heart energy. It is a stone of love. It has strong protective properties. It absorbs negative energy from the aura and wards off stress. It opens and activates all the chakras. Helps to alleviate fear at home and at work. Brings happiness and joy.<\/li>\n\n\n\n<li><span style=\"color: #800080;\"><strong>BLUE OBSIDIAN<\/strong><\/span> helps astral travel and increases telepathy. Activates the throat chakra and supports communication skills. Opens the aura. Helps us with speech disorders, eye disorders, Alzheimer's disease, schizophrenia and personality disorders.<\/li>\n\n\n\n<li><strong><span style=\"color: #800080;\">BLUE-GREEN OBSIDIAN<\/span><\/strong> opens the heart and throat chakras. It enables speaking the truth and understanding from the heart. Balances mind, body and spirit. Improves assimilation of vitamins A and E. Improves night vision.<\/li>\n\n\n\n<li><strong><span style=\"color: #800080;\">SNOW OBSIDIAN<\/span><\/strong> encourages us to grow spiritually. It has very strong protective qualities. It absorbs negative energy from the aura and eliminates stress. It neutralises pain and breaks blockages. Shortens the healing time of wounds. Strengthens health, intuition and circulation. Dissolves tensions and relieves shock. Clears the mind and strengthens logic. Beneficial for the veins, skeleton and smooth skin. Heals old karmic patterns. It is very good for grounding and for protection.<\/li>\n\n\n\n<li><strong><span style=\"color: #800080;\">SILVER OBSIDIAN<\/span><\/strong> - improves perception, sharpens the senses and the intellect. It promotes clear communication with others. Influences rational decision-making. Helps us to understand the behaviour of others and improve undesirable traits. Increases patience and perseverance. It is a wonderful stone for astral travel as it provides a strong connection between the physical and astral bodies. It is a calming stone for those who have problems with a possessive mother.<\/li>\n\n\n\n<li><strong><span style=\"color: #800080;\">GOLD OBSIDIAN<\/span><\/strong> offers us knowledge about spirituality. It balances the energy fields. It improves meditation and gives us patience and perseverance. It connects the astral bodies with the physical body. It offers protection and relieves stress. Cleanses the aura, negative energy and supports us in achieving our goals.<\/li>\n\n\n\n<li><strong><span style=\"color: #800080;\">SPIDERWEB OBSIDIAN<\/span> <\/strong>- grounding, knees, hips, protection, emotions, mood swings, depression, inner strength, mental clarity, creativity, stress, spirituality, astral travel...<\/li>\n<\/ul>\n\n\n\n<div class=\"wp-block-button aligncenter\"><a class=\"wp-block-button__link has-text-color has-background wp-element-button\" href=\"https:\/\/moirai.si\/en\/product-category\/buying-by-the-stone\/obsidian-2\/\" style=\"color:#2d2c2c;background-color:#ddc942\" target=\"_blank\" rel=\"noreferrer noopener\">Shop Obsidian<\/a><\/div>\n\n\n<div class=\"wp-block-image is-resized\">\n<figure class=\"alignleft\"><a href=\"https:\/\/moirai.si\/en\/cakra\/\"><img loading=\"lazy\" decoding=\"async\" width=\"500\" height=\"500\" src=\"https:\/\/moirai.si\/wp-content\/uploads\/2019\/09\/\u010dakra.jpg\" alt=\"\" class=\"wp-image-14534\" style=\"width:125px\" srcset=\"https:\/\/moirai.si\/wp-content\/uploads\/2019\/09\/\u010dakra.jpg 500w, https:\/\/moirai.si\/wp-content\/uploads\/2019\/09\/\u010dakra-100x100.jpg 100w\" sizes=\"auto, (max-width: 500px) 100vw, 500px\" \/><\/a><\/figure>\n<\/div>\n\n\n<p><a href=\"https:\/\/moirai.si\/en\/cakra\/\">Chakra<\/a><\/p>\n\n\n\n<p class=\"has-small-font-size\">** The healing and metaphysical properties of the stones listed are compiled from several different sources. The information is provided as a service only and not for the treatment of disease. Moirai.si does not guarantee the full validity of the information provided.<\/p>\n\n\n\n<h3 class=\"wp-block-heading\"><span style=\"color: #800080;\"><strong>Features of the mineral<\/strong><\/span><\/h3>\n\n\n\n<figure class=\"wp-block-table\"><table><tbody><tr><td>Chemical composition<\/td><td>SiO<sub>2<\/sub>+H<sub>2<\/sub>O<\/td><\/tr><tr><td>Colour<\/td><td>black with white accessories<\/td><\/tr><tr><td>Hardness (Mohs)<\/td><td>5-5.5<\/td><\/tr><tr><td>Density<\/td><td>2.30-2.60<\/td><\/tr><tr><td>Refractive index<\/td><td>1.480-1.510<\/td><\/tr><tr><td>Crystal system<\/td><td>Amorphous<\/td><\/tr><\/tbody><\/table><\/figure>\n\n\n\n<h3 class=\"wp-block-heading\"><span style=\"color: #800080;\"><strong>Origin and sources of the mineral<\/strong><\/span><\/h3>\n\n\n<div class=\"wp-block-image is-resized\">\n<figure class=\"alignleft size-large\"><img loading=\"lazy\" decoding=\"async\" width=\"189\" height=\"104\" src=\"https:\/\/moirai.si\/wp-content\/uploads\/2020\/01\/svet.jpg\" alt=\"\" class=\"wp-image-15658\" style=\"width:125px\"\/><\/figure>\n<\/div>\n\n\n<ul class=\"wp-block-list\">\n<li>Argentina, Armenia, Azerbaijan, Canada, Chile, Canada, El Salvador, El Salvador, Georgia, Greece, Guatemala, Iceland, Italy, Japan, Kenya, Mexico, New Zealand, Peru, Scotland, Turkey, USA.<\/li>\n<\/ul>\n\n\n\n<h3 class=\"wp-block-heading\"><span style=\"color: #800080;\"><strong>Care<\/strong><\/span><\/h3>\n\n\n\n<ul class=\"wp-block-list\">\n<li>To clean the Obsidian, simply use soapy water and a soft cloth. Be sure to rinse the stone well to remove any soapy residue. As with most gemstones, ultrasonic cleaners and steamers are not recommended for Obsidian. It is best to store stone jewellery and the stones themselves in a fabric-lined box or wrapped in cloth separately from the others to prevent self-damage and possible scratches.<\/li>\n\n\n\n<li>It is advisable not to wear jewellery during major physical activities such as exercise or sports. Avoid spraying perfume and hairspray directly on your jewellery and stones.<\/li>\n<\/ul>\n\n\n\n<div class=\"wp-block-button aligncenter\"><a class=\"wp-block-button__link has-text-color has-background wp-element-button\" href=\"https:\/\/moirai.si\/en\/product-category\/buying-by-the-stone\/obsidian-2\/\" style=\"color:#2d2c2c;background-color:#ddc942\" target=\"_blank\" rel=\"noreferrer noopener\">Shop Obsidian<\/a><\/div>\n\n\n\n<p class=\"has-text-align-center\">For <strong><span style=\"color: #800080;\">10<\/span>%<\/strong> Use the code for a discount when buying online: <span style=\"color: #800080;\"><strong>moirai26 <\/strong><\/span>(koda je veljavna do 31.12.2026)!<\/p>\n\n\n\n<h3 class=\"wp-block-heading\"><span style=\"color: #800080;\"><strong>Horoscope<\/strong><\/span><\/h3>\n\n\n<div class=\"wp-block-image\">\n<figure class=\"alignleft size-large\"><img loading=\"lazy\" decoding=\"async\" width=\"116\" height=\"111\" src=\"https:\/\/moirai.si\/wp-content\/uploads\/2020\/01\/horoskop.jpg\" alt=\"\" class=\"wp-image-15659\"\/><\/figure>\n<\/div>\n\n\n<ul class=\"wp-block-list\">\n<li>Scorpio, Sagittarius, Aquarius, Capricorn<\/li>\n<\/ul>","protected":false},"excerpt":{"rendered":"<p>Zgodovina Zdravilno * Metafizi\u010dne lastnosti \u010cakra ** Navedene zdravilne in metafizi\u010dne lastnosti kamnov so zbrane iz ve\u010d razli\u010dnih virov. Informacije so na voljo le kot storitev in ne za zdravljenje bolezni. Moirai.si ne jam\u010di popolne veljavnosti navedenega. Zna\u010dilnosti minerala Kemijska sestava SiO2+H2O Barva \u010drna z belimi dodatki Trdota (Mohs) 5-5.5 Gostota 2.30-2.60 Lomni koli\u010dnik 1.480-1.510 [&hellip;]<\/p>\n","protected":false},"author":1,"featured_media":0,"parent":0,"menu_order":0,"comment_status":"closed","ping_status":"closed","template":"template-products-page.php","meta":{"footnotes":""},"class_list":["post-4871","page","type-page","status-publish","hentry"],"_links":{"self":[{"href":"https:\/\/moirai.si\/en\/wp-json\/wp\/v2\/pages\/4871","targetHints":{"allow":["GET"]}}],"collection":[{"href":"https:\/\/moirai.si\/en\/wp-json\/wp\/v2\/pages"}],"about":[{"href":"https:\/\/moirai.si\/en\/wp-json\/wp\/v2\/types\/page"}],"author":[{"embeddable":true,"href":"https:\/\/moirai.si\/en\/wp-json\/wp\/v2\/users\/1"}],"replies":[{"embeddable":true,"href":"https:\/\/moirai.si\/en\/wp-json\/wp\/v2\/comments?post=4871"}],"version-history":[{"count":14,"href":"https:\/\/moirai.si\/en\/wp-json\/wp\/v2\/pages\/4871\/revisions"}],"predecessor-version":[{"id":27226,"href":"https:\/\/moirai.si\/en\/wp-json\/wp\/v2\/pages\/4871\/revisions\/27226"}],"wp:attachment":[{"href":"https:\/\/moirai.si\/en\/wp-json\/wp\/v2\/media?parent=4871"}],"curies":[{"name":"wp","href":"https:\/\/api.w.org\/{rel}","templated":true}]}}