{"id":4901,"date":"2015-12-13T15:21:17","date_gmt":"2015-12-13T15:21:17","guid":{"rendered":"http:\/\/moirai.si\/?page_id=4901"},"modified":"2026-01-02T14:24:48","modified_gmt":"2026-01-02T14:24:48","slug":"rhodochrosite","status":"publish","type":"page","link":"https:\/\/moirai.si\/en\/rodokrozit\/","title":{"rendered":"Rhodochrosite"},"content":{"rendered":"<div class=\"wp-block-button aligncenter\"><a class=\"wp-block-button__link has-text-color has-background wp-element-button\" href=\"https:\/\/moirai.si\/en\/product-category\/buying-by-the-stone\/rhodochrosite\/\" style=\"color:#2d2c2c;background-color:#ddc942\" target=\"_blank\" rel=\"noreferrer noopener\">Shop Rhodokrosite<\/a><\/div>\n\n\n\n<h3 class=\"wp-block-heading\"><span style=\"color: #800080;\"><strong>History<\/strong><\/span><\/h3>\n\n\n<div class=\"wp-block-image is-resized\">\n<figure class=\"alignright size-thumbnail\"><img loading=\"lazy\" decoding=\"async\" width=\"500\" height=\"500\" src=\"https:\/\/moirai.si\/wp-content\/uploads\/2020\/02\/rodokrozit-500x500.jpg\" alt=\"\" class=\"wp-image-15780\" style=\"width:125px\" srcset=\"https:\/\/moirai.si\/wp-content\/uploads\/2020\/02\/rodokrozit-500x500.jpg 500w, https:\/\/moirai.si\/wp-content\/uploads\/2020\/02\/rodokrozit-100x100.jpg 100w, https:\/\/moirai.si\/wp-content\/uploads\/2020\/02\/rodokrozit-501x501.jpg 501w, https:\/\/moirai.si\/wp-content\/uploads\/2020\/02\/rodokrozit.jpg 566w\" sizes=\"auto, (max-width: 500px) 100vw, 500px\" \/><\/figure>\n<\/div>\n\n\n<ul class=\"wp-block-list\">\n<li>The name Rhodochrosite (Rhodochrosite) comes from the Greek word \"rhodokhros\", meaning \"rose-coloured\". In Argentina, Rhodochrosite Stalagmites are formed in Inca silver mines that were abandoned centuries ago. It is also sometimes called \"Rosa del Inca\" or \"Inca pink stone\". Rhodochrosite is a Manganese mineral. It is usually raspberry red in colour with pink streaks.<\/li>\n\n\n\n<li><span style=\"color: #800080;\">Synonyms, old names, trade names:<\/span> Rhodohrozit...<\/li>\n<\/ul>\n\n\n\n<h3 class=\"wp-block-heading\"><span style=\"color: #800080;\"><strong>Medicinal * Metaphysical properties<\/strong><\/span><\/h3>\n\n\n\n<ul class=\"wp-block-list\">\n<li>asthma, breathing, spirituality, intuition, blood pressure, love, migraine, strength, eyes, infections, courage, compassion, sexual organs, heart, stress, comfort, creativity, joy, consciousness, veins...<\/li>\n\n\n\n<li>It is used to treat lung cancer.  It is thought to help shrink and slow the growth of lung cancer tumours.<\/li>\n<\/ul>\n\n\n\n<div class=\"wp-block-button aligncenter\"><a class=\"wp-block-button__link has-text-color has-background wp-element-button\" href=\"https:\/\/moirai.si\/en\/product-category\/buying-by-the-stone\/rhodochrosite\/\" style=\"color:#2d2c2c;background-color:#ddc942\" target=\"_blank\" rel=\"noreferrer noopener\">Shop Rhodokrosite<\/a><\/div>\n\n\n<div class=\"wp-block-image is-resized\">\n<figure class=\"alignleft\"><a href=\"https:\/\/moirai.si\/en\/cakra\/\"><img loading=\"lazy\" decoding=\"async\" width=\"500\" height=\"500\" src=\"https:\/\/moirai.si\/wp-content\/uploads\/2019\/09\/\u010dakra.jpg\" alt=\"\" class=\"wp-image-14534\" style=\"width:125px\" srcset=\"https:\/\/moirai.si\/wp-content\/uploads\/2019\/09\/\u010dakra.jpg 500w, https:\/\/moirai.si\/wp-content\/uploads\/2019\/09\/\u010dakra-100x100.jpg 100w\" sizes=\"auto, (max-width: 500px) 100vw, 500px\" \/><\/a><\/figure>\n<\/div>\n\n\n<p><a href=\"https:\/\/moirai.si\/en\/cakra\/\">Chakra<\/a><\/p>\n\n\n\n<p class=\"has-small-font-size\">** The healing and metaphysical properties of the stones listed are compiled from several different sources. The information is provided as a service only and not for the treatment of disease. Moirai.si does not guarantee the full validity of the information provided.<\/p>\n\n\n\n<h3 class=\"wp-block-heading\"><span style=\"color: #800080;\"><strong>Features of the mineral<\/strong><\/span><\/h3>\n\n\n\n<figure class=\"wp-block-table\"><table><tbody><tr><td>Chemical composition<\/td><td>MnCO<sub>3<\/sub><\/td><\/tr><tr><td>Colour<\/td><td>Pinkish-red to yellowish<\/td><\/tr><tr><td>Hardness (Mohs)<\/td><td>3.5-4<\/td><\/tr><tr><td>Density<\/td><td>3.45-3.70<\/td><\/tr><tr><td>Refractive index<\/td><td>1.598-1.814<\/td><\/tr><tr><td>Crystal system<\/td><td>Trigonal<\/td><\/tr><\/tbody><\/table><\/figure>\n\n\n\n<h3 class=\"wp-block-heading\"><span style=\"color: #800080;\"><strong>Origin and sources of the mineral<\/strong><\/span><\/h3>\n\n\n<div class=\"wp-block-image is-resized\">\n<figure class=\"alignleft size-large\"><img loading=\"lazy\" decoding=\"async\" width=\"189\" height=\"104\" src=\"https:\/\/moirai.si\/wp-content\/uploads\/2020\/01\/svet.jpg\" alt=\"\" class=\"wp-image-15658\" style=\"width:125px\"\/><\/figure>\n<\/div>\n\n\n<ul class=\"wp-block-list\">\n<li>Argentina, Chile, Mexico, Peru, South Africa, USA, Romania<strong>, <\/strong>Hungary...<\/li>\n<\/ul>\n\n\n\n<h3 class=\"wp-block-heading\"><span style=\"color: #800080;\"><strong>Care<\/strong><\/span><\/h3>\n\n\n\n<ul class=\"wp-block-list\">\n<li>Rhodochrosite is a soft stone, so care must be taken to prevent damage. The best way to clean it is with mild soapy water and a soft cloth. Be sure to rinse the stone well and remove any soapy residue. Do not expose rhodochrosite to household chemicals or excessive heat. As with most gemstones, ultrasonic cleaners and steamers are not recommended. It is best to store gemstone jewellery and the stones themselves in a cloth-covered box or wrapped in cloth separately from other stones to prevent self-damage and possible scratches.<\/li>\n\n\n\n<li>It is advisable not to wear jewellery during major physical activities such as exercise or sports. Avoid spraying perfume and hairspray directly on your jewellery and stones.<\/li>\n<\/ul>\n\n\n\n<div class=\"wp-block-button aligncenter\"><a class=\"wp-block-button__link has-text-color has-background wp-element-button\" href=\"https:\/\/moirai.si\/en\/product-category\/buying-by-the-stone\/rhodochrosite\/\" style=\"color:#2d2c2c;background-color:#ddc942\" target=\"_blank\" rel=\"noreferrer noopener\">Shop Rhodokrosite<\/a><\/div>\n\n\n\n<p class=\"has-text-align-center\">For <strong><span style=\"color: #800080;\">10<\/span>%<\/strong> Use the code for a discount when buying online: <span style=\"color: #800080;\"><strong>moirai26<\/strong><\/span><span style=\"color: #800080;\"><\/span>(koda je veljavna do 31.12.2026)!<\/p>\n\n\n\n<h3 class=\"wp-block-heading\"><span style=\"color: #800080;\"><strong>Horoscope<\/strong><\/span><\/h3>\n\n\n<div class=\"wp-block-image\">\n<figure class=\"alignleft size-large\"><img loading=\"lazy\" decoding=\"async\" width=\"116\" height=\"111\" src=\"https:\/\/moirai.si\/wp-content\/uploads\/2020\/01\/horoskop.jpg\" alt=\"\" class=\"wp-image-15659\"\/><\/figure>\n<\/div>\n\n\n<ul class=\"wp-block-list\">\n<li>Leo, Scorpio, Aries<\/li>\n<\/ul>","protected":false},"excerpt":{"rendered":"<p>Zgodovina Zdravilno * Metafizi\u010dne lastnosti \u010cakra ** Navedene zdravilne in metafizi\u010dne lastnosti kamnov so zbrane iz ve\u010d razli\u010dnih virov. Informacije so na voljo le kot storitev in ne za zdravljenje bolezni. Moirai.si ne jam\u010di popolne veljavnosti navedenega. Zna\u010dilnosti minerala Kemijska sestava MnCO3 Barva Roza-rde\u010da do rumenkasta Trdota (Mohs) 3.5-4 Gostota 3.45-3.70 Lomni koli\u010dnik 1.598-1.814 Kristalni [&hellip;]<\/p>\n","protected":false},"author":1,"featured_media":0,"parent":0,"menu_order":0,"comment_status":"closed","ping_status":"closed","template":"template-products-page.php","meta":{"footnotes":""},"class_list":["post-4901","page","type-page","status-publish","hentry"],"_links":{"self":[{"href":"https:\/\/moirai.si\/en\/wp-json\/wp\/v2\/pages\/4901","targetHints":{"allow":["GET"]}}],"collection":[{"href":"https:\/\/moirai.si\/en\/wp-json\/wp\/v2\/pages"}],"about":[{"href":"https:\/\/moirai.si\/en\/wp-json\/wp\/v2\/types\/page"}],"author":[{"embeddable":true,"href":"https:\/\/moirai.si\/en\/wp-json\/wp\/v2\/users\/1"}],"replies":[{"embeddable":true,"href":"https:\/\/moirai.si\/en\/wp-json\/wp\/v2\/comments?post=4901"}],"version-history":[{"count":13,"href":"https:\/\/moirai.si\/en\/wp-json\/wp\/v2\/pages\/4901\/revisions"}],"predecessor-version":[{"id":27232,"href":"https:\/\/moirai.si\/en\/wp-json\/wp\/v2\/pages\/4901\/revisions\/27232"}],"wp:attachment":[{"href":"https:\/\/moirai.si\/en\/wp-json\/wp\/v2\/media?parent=4901"}],"curies":[{"name":"wp","href":"https:\/\/api.w.org\/{rel}","templated":true}]}}