{"id":4914,"date":"2015-12-13T15:50:22","date_gmt":"2015-12-13T15:50:22","guid":{"rendered":"http:\/\/moirai.si\/?page_id=4914"},"modified":"2026-01-02T14:25:09","modified_gmt":"2026-01-02T14:25:09","slug":"rhodonite","status":"publish","type":"page","link":"https:\/\/moirai.si\/en\/rodonit\/","title":{"rendered":"Rhodonite"},"content":{"rendered":"<div class=\"wp-block-button aligncenter\"><a class=\"wp-block-button__link has-text-color has-background wp-element-button\" href=\"https:\/\/moirai.si\/en\/product-category\/buying-by-the-stone\/rhodonite\/\" style=\"color:#2d2c2c;background-color:#ddc942\" target=\"_blank\" rel=\"noreferrer noopener\">Shop Rhodonite<\/a><\/div>\n\n\n\n<h3 class=\"wp-block-heading\"><span style=\"color: #800080;\"><strong>History<\/strong><\/span><\/h3>\n\n\n<div class=\"wp-block-image is-resized\">\n<figure class=\"alignright size-thumbnail\"><img decoding=\"async\" src=\"https:\/\/moirai.si\/wp-content\/uploads\/2020\/02\/rodonit-500x500.jpg\" alt=\"\" class=\"wp-image-15782\" style=\"width:125px\"\/><\/figure>\n<\/div>\n\n\n<ul class=\"wp-block-list\">\n<li>Rhodonite takes its name from the Greek word \"rhodon\", which means \"rose-coloured\". Rhodonite is pink to dark red with black dendritic inclusions. It is a Manganese Silicate and a member of the Pyroxenoid group of minerals.<\/li>\n\n\n\n<li><span style=\"color: #800080;\">Synonyms, old names, trade names:<\/span> Fovlerit...<\/li>\n<\/ul>\n\n\n\n<h3 class=\"wp-block-heading\"><span style=\"color: #800080;\"><strong>Medicinal * Metaphysical properties<\/strong><\/span><\/h3>\n\n\n\n<ul class=\"wp-block-list\">\n<li>scars, organ healing, circulation, respiration, immune system, bones, skin, bleeding, blood circulation, calm, muscles, multiple sclerosis, tension, neurosis, swelling, fertility, wounds, detoxification, intellect, regeneration, sexual disorders, heart, thyroid, vitality, inflammation, confidence, teeth, glands...<\/li>\n\n\n\n<li>Rhodonite is known as the \"wound healing crystal\" and is particularly useful after surgery. It is also thought to help treat bone cancer and reduce tumours.<\/li>\n<\/ul>\n\n\n\n<div class=\"wp-block-button aligncenter\"><a class=\"wp-block-button__link has-text-color has-background wp-element-button\" href=\"https:\/\/moirai.si\/en\/product-category\/buying-by-the-stone\/rhodonite\/\" style=\"color:#2d2c2c;background-color:#ddc942\" target=\"_blank\" rel=\"noreferrer noopener\">Shop Rhodonite<\/a><\/div>\n\n\n<div class=\"wp-block-image is-resized\">\n<figure class=\"alignleft\"><a href=\"https:\/\/moirai.si\/en\/cakra\/\"><img loading=\"lazy\" decoding=\"async\" width=\"500\" height=\"500\" src=\"https:\/\/moirai.si\/wp-content\/uploads\/2019\/09\/\u010dakra.jpg\" alt=\"\" class=\"wp-image-14534\" style=\"width:125px\" srcset=\"https:\/\/moirai.si\/wp-content\/uploads\/2019\/09\/\u010dakra.jpg 500w, https:\/\/moirai.si\/wp-content\/uploads\/2019\/09\/\u010dakra-100x100.jpg 100w\" sizes=\"auto, (max-width: 500px) 100vw, 500px\" \/><\/a><\/figure>\n<\/div>\n\n\n<p><a href=\"https:\/\/moirai.si\/en\/cakra\/\">Chakra<\/a><\/p>\n\n\n\n<p class=\"has-small-font-size\">** The healing and metaphysical properties of the stones listed are compiled from several different sources. The information is provided as a service only and not for the treatment of disease. Moirai.si does not guarantee the full validity of the information provided.<\/p>\n\n\n\n<h3 class=\"wp-block-heading\"><span style=\"color: #800080;\"><strong>Features of the mineral<\/strong><\/span><\/h3>\n\n\n\n<figure class=\"wp-block-table\"><table><tbody><tr><td>Chemical composition<\/td><td>(Mn<sup>2+<\/sup>, Fe<sup>2+<\/sup>, Mg,Ca)SiO<sub>3<\/sub><\/td><\/tr><tr><td>Colour<\/td><td>pink with possible black inclusions<\/td><\/tr><tr><td>Hardness (Mohs)<\/td><td>5.5 - 6.5<\/td><\/tr><tr><td>Density<\/td><td>3.57-3.76<\/td><\/tr><tr><td>Refractive index<\/td><td>1.711-1.751<\/td><\/tr><tr><td>Crystal system<\/td><td>Triklinski<\/td><\/tr><\/tbody><\/table><\/figure>\n\n\n\n<h3 class=\"wp-block-heading\"><span style=\"color: #800080;\"><strong>Origin and sources of the mineral<\/strong><\/span><\/h3>\n\n\n<div class=\"wp-block-image is-resized\">\n<figure class=\"alignleft size-large\"><img loading=\"lazy\" decoding=\"async\" width=\"189\" height=\"104\" src=\"https:\/\/moirai.si\/wp-content\/uploads\/2020\/01\/svet.jpg\" alt=\"\" class=\"wp-image-15658\" style=\"width:125px\"\/><\/figure>\n<\/div>\n\n\n<ul class=\"wp-block-list\">\n<li>Australia, Canada, Finland, Japan, Madagascar, Mexico, Russia, Sweden, South Africa, Tanzania, USA.<\/li>\n<\/ul>\n\n\n\n<h3 class=\"wp-block-heading\"><span style=\"color: #800080;\"><strong>Care<\/strong><\/span><\/h3>\n\n\n\n<ul class=\"wp-block-list\">\n<li>The best way to clean Rhodonite is with soapy water and a soft cloth. Be sure to rinse the stone well and remove any soapy residue. Do not expose the Rhodonite to sudden changes in temperature. As with most gemstones, the use of ultrasonic cleaners and steamers is not recommended. It is best to store stone jewelry and the stones themselves in a cloth-covered box or wrapped in cloth separately from other stones to prevent self-damage and possible scratches.<\/li>\n\n\n\n<li>It is advisable not to wear jewellery during major physical activities such as exercise or sports. Avoid spraying perfume and hairspray directly on your jewellery and stones.<\/li>\n<\/ul>\n\n\n\n<div class=\"wp-block-button aligncenter\"><a class=\"wp-block-button__link has-text-color has-background wp-element-button\" href=\"https:\/\/moirai.si\/en\/product-category\/buying-by-the-stone\/rhodonite\/\" style=\"color:#2d2c2c;background-color:#ddc942\" target=\"_blank\" rel=\"noreferrer noopener\">Shop Rhodonite<\/a><\/div>\n\n\n\n<p class=\"has-text-align-center\">For <strong><span style=\"color: #800080;\">10<\/span>%<\/strong> Use the code for a discount when buying online: <span style=\"color: #800080;\"><strong>moirai26 <\/strong><\/span>(koda je veljavna do 31.12.2026)!<\/p>\n\n\n\n<h3 class=\"wp-block-heading\"><span style=\"color: #800080;\"><strong>Horoscope<\/strong><\/span><\/h3>\n\n\n<div class=\"wp-block-image\">\n<figure class=\"alignleft size-large\"><img loading=\"lazy\" decoding=\"async\" width=\"116\" height=\"111\" src=\"https:\/\/moirai.si\/wp-content\/uploads\/2020\/01\/horoskop.jpg\" alt=\"\" class=\"wp-image-15659\"\/><\/figure>\n<\/div>\n\n\n<ul class=\"wp-block-list\">\n<li>Taurus, Sagittarius<\/li>\n<\/ul>","protected":false},"excerpt":{"rendered":"<p>Zgodovina Zdravilno * Metafizi\u010dne lastnosti \u010cakra ** Navedene zdravilne in metafizi\u010dne lastnosti kamnov so zbrane iz ve\u010d razli\u010dnih virov. Informacije so na voljo le kot storitev in ne za zdravljenje bolezni. Moirai.si ne jam\u010di popolne veljavnosti navedenega. Zna\u010dilnosti minerala Kemijska sestava (Mn2+,Fe2+,Mg,Ca)SiO3 Barva roza z mo\u017enimi \u010drnimi vklju\u010dki Trdota (Mohs) 5.5 \u2013 6.5 Gostota 3.57-3.76 [&hellip;]<\/p>\n","protected":false},"author":1,"featured_media":0,"parent":0,"menu_order":0,"comment_status":"closed","ping_status":"closed","template":"template-products-page.php","meta":{"footnotes":""},"class_list":["post-4914","page","type-page","status-publish","hentry"],"_links":{"self":[{"href":"https:\/\/moirai.si\/en\/wp-json\/wp\/v2\/pages\/4914","targetHints":{"allow":["GET"]}}],"collection":[{"href":"https:\/\/moirai.si\/en\/wp-json\/wp\/v2\/pages"}],"about":[{"href":"https:\/\/moirai.si\/en\/wp-json\/wp\/v2\/types\/page"}],"author":[{"embeddable":true,"href":"https:\/\/moirai.si\/en\/wp-json\/wp\/v2\/users\/1"}],"replies":[{"embeddable":true,"href":"https:\/\/moirai.si\/en\/wp-json\/wp\/v2\/comments?post=4914"}],"version-history":[{"count":12,"href":"https:\/\/moirai.si\/en\/wp-json\/wp\/v2\/pages\/4914\/revisions"}],"predecessor-version":[{"id":27233,"href":"https:\/\/moirai.si\/en\/wp-json\/wp\/v2\/pages\/4914\/revisions\/27233"}],"wp:attachment":[{"href":"https:\/\/moirai.si\/en\/wp-json\/wp\/v2\/media?parent=4914"}],"curies":[{"name":"wp","href":"https:\/\/api.w.org\/{rel}","templated":true}]}}