{"id":4972,"date":"2015-12-13T19:58:28","date_gmt":"2015-12-13T19:58:28","guid":{"rendered":"http:\/\/moirai.si\/?page_id=4972"},"modified":"2026-01-02T14:47:07","modified_gmt":"2026-01-02T14:47:07","slug":"tourmaline","status":"publish","type":"page","link":"https:\/\/moirai.si\/en\/turmalin\/","title":{"rendered":"Tourmaline"},"content":{"rendered":"<div class=\"wp-block-button aligncenter\"><a class=\"wp-block-button__link has-text-color has-background wp-element-button\" href=\"https:\/\/moirai.si\/en\/product-category\/buying-by-the-stone\/tourmaline\/\" style=\"color:#2d2c2c;background-color:#ddc942\" target=\"_blank\" rel=\"noreferrer noopener\">Shop Tourmaline<\/a><\/div>\n\n\n\n<h3 class=\"wp-block-heading\"><span style=\"color: #800080;\"><strong>History<\/strong><\/span><\/h3>\n\n\n<div class=\"wp-block-image is-resized\">\n<figure class=\"alignright size-thumbnail\"><img decoding=\"async\" src=\"https:\/\/moirai.si\/wp-content\/uploads\/2020\/02\/turmalin-500x500.jpg\" alt=\"\" class=\"wp-image-15822\" style=\"width:125px\"\/><\/figure>\n<\/div>\n\n\n<ul class=\"wp-block-list\">\n<li> The name Tourmaline comes from the Sri Lankan word 'tura mali', meaning an unknown mineral of different colours. Tourmaline has the largest range of colours. The most common colour of Tourmaline is black, but it can be found in every colour of the rainbow. Types of Tourmaline: Rubellite (red-pink), Indigolite (blue), Verdelite (green), Dravite (brown), Akroite (colourless-transparent), Shorlite (black), Paraiba (vivid green), Elbaite (green with a red centre - Watermelon Tourmaline)<\/li>\n\n\n\n<li><span style=\"color: #800080;\">Synonyms, old names, trade names:<\/span> Acroite, Dinaric Quartz, Dravite, Elbaite, Indigolite, Lubenitic Tourmaline, Rubellite, Shorl, Shorlite, Verdelite...<\/li>\n<\/ul>\n\n\n\n<h3 class=\"wp-block-heading\"><span style=\"color: #800080;\"><strong>Medicinal * Metaphysical properties<\/strong><\/span><\/h3>\n\n\n\n<ul class=\"wp-block-list\">\n<li>pain, emotional stability, love, strength, wisdom, negative energy, negativity, panic, courage, patience, devotion, friendship, grounding, compassion, heart, stability, fear, passion, stress, joy, confusion...<\/li>\n<\/ul>\n\n\n\n<ul class=\"wp-block-list\">\n<li><span style=\"color: #800080;\"><strong>Pink Tourmaline<\/strong> <\/span>represents love for humanity and humanitarianism, and compassion for others. It brings the virtue of unconditional love and friendship. It is good for the broken-hearted as it stimulates love and gently dissipates emotional pain and dissolves disturbing feelings. It calms negative emotions that upset relationships. It is suitable for people who are afraid, have panic attacks or need something to help them heal their inner turmoil. It has a beneficial effect on our soul when we lose a loved one. It is said to be effective for the treatment of cancer of the mouth.  It is said to help reduce tumours and cancers in the mouth and throat.<\/li>\n\n\n\n<li><span style=\"color: #800080;\"><strong>Watermelon Tourmaline<\/strong><\/span> is the stone of reconciliation. It encourages compassion and a clear head. It radiates energy that attracts money. It is good for friendship and grounding.<\/li>\n\n\n\n<li><span style=\"color: #800080;\"><strong>Blue Tourmaline<\/strong><\/span> creates a commitment to the individual's goals and protects the user from risks. Light Blue Tourmaline is said to be effective as a crystal for healing the lungs and may help as a complementary therapy for throat and oesophageal cancer. Dark Blue Tourmaline is a rare crystal that is thought to treat brain tumours and brain cancers.  If placed directly on a tumour, it will draw out the energy of the cancer.  It can also be placed in water overnight and then removed and drunk in the morning.<\/li>\n\n\n\n<li><span style=\"color: #800080;\"><strong>Black Tourmaline <\/strong><\/span>repels negative energy. It is recommended to be worn by people who are surrounded by negativity. It helps us in times of crisis. It wards off stress, regulates hormones and has a beneficial effect on the skin. Tourmaline will protect us until we are strong enough. It nurtures inner wisdom, courage, stability and patience. Strengthens the immune system. Balances the left and right sides of the brain and detoxifies the body. It is very useful in lung diseases (bronchitis, pneumonia). It accelerates wound healing and relieves pain. It increases spirituality. Prevents psychic attacks and reduces the effects of radiation. Repels and blocks negative energies. Helps us from negative thoughts of people. Harmonises and protects all chakras. If placed directly on the site of cancer, it is said to help draw out the cancer and inhibit its growth.<\/li>\n\n\n\n<li><span style=\"color: #800080;\"><strong>Red Tourmaline<\/strong><\/span> builds inner strength and wisdom in us, uniting heart and body in love and passion. It also brings joy, emotional stability, compassion and devotion.<\/li>\n\n\n\n<li><strong><span style=\"color: #800080;\">Green Tourmaline<\/span><\/strong> teaches us to look with the heart. It attracts success and abundance. It is used to accelerate spiritual development. It refreshes will and strength. It serves very well spiritually open and evolved people. Stimulates strength and vitality. It is a protective stone that balances and harmonises all the chakras. It provides a sense of peace. Green Tourmaline grounds us and helps with stress and tension. It is also known as a general healer.  It is used to help treat brain cancer and thymus cancer.  It is said to be a crystal that can activate the immune system.<\/li>\n\n\n\n<li><strong><span style=\"color: #800080;\">Brown Tourmaline<\/span><\/strong> promotes self-healing. It purifies the blood, heals intestinal diseases and promotes physical regeneration. Beneficial effects on all internal organs and the skin. It is used to help with addictions.  It clears blockages and is excellent for grounding. Helps with understanding. Promotes practicality and stability. It is said to be a general healer, especially at the cellular level.  Brown Tourmaline is said to help regenerate healthy cells in the body.<\/li>\n<\/ul>\n\n\n\n<div class=\"wp-block-button aligncenter\"><a class=\"wp-block-button__link has-text-color has-background wp-element-button\" href=\"https:\/\/moirai.si\/en\/product-category\/buying-by-the-stone\/tourmaline\/\" style=\"color:#2d2c2c;background-color:#ddc942\" target=\"_blank\" rel=\"noreferrer noopener\">Shop Tourmaline<\/a><\/div>\n\n\n<div class=\"wp-block-image is-resized\">\n<figure class=\"alignleft\"><a href=\"https:\/\/moirai.si\/en\/cakra\/\"><img loading=\"lazy\" decoding=\"async\" width=\"500\" height=\"500\" src=\"https:\/\/moirai.si\/wp-content\/uploads\/2019\/09\/\u010dakra.jpg\" alt=\"\" class=\"wp-image-14534\" style=\"width:125px\" srcset=\"https:\/\/moirai.si\/wp-content\/uploads\/2019\/09\/\u010dakra.jpg 500w, https:\/\/moirai.si\/wp-content\/uploads\/2019\/09\/\u010dakra-100x100.jpg 100w\" sizes=\"auto, (max-width: 500px) 100vw, 500px\" \/><\/a><\/figure>\n<\/div>\n\n\n<p><a href=\"https:\/\/moirai.si\/en\/cakra\/\">Chakra<\/a><\/p>\n\n\n\n<p class=\"has-small-font-size\">** The healing and metaphysical properties of the stones listed are compiled from several different sources. The information is provided as a service only and not for the treatment of disease. Moirai.si does not guarantee the full validity of the information provided.<\/p>\n\n\n\n<h3 class=\"wp-block-heading\"><span style=\"color: #800080;\"><strong>Features of the mineral<\/strong><\/span><\/h3>\n\n\n\n<figure class=\"wp-block-table\"><table><tbody><tr><td>Colour<\/td><td>black, brown, gold, blue, purple, green, pink, transparent-translucent<\/td><\/tr><tr><td>Hardness (Mohs)<\/td><td>7-7.5<\/td><\/tr><tr><td>Specific gravity<\/td><td>3.06-3.26<\/td><\/tr><tr><td>Refractive index<\/td><td>1.635-1.650<\/td><\/tr><tr><td>Crystal system<\/td><td>Trigonal<\/td><\/tr><\/tbody><\/table><\/figure>\n\n\n\n<h3 class=\"wp-block-heading\"><span style=\"color: #800080;\"><strong>Origin and sources of the mineral<\/strong><\/span><\/h3>\n\n\n<div class=\"wp-block-image is-resized\">\n<figure class=\"alignleft size-large\"><img loading=\"lazy\" decoding=\"async\" width=\"189\" height=\"104\" src=\"https:\/\/moirai.si\/wp-content\/uploads\/2020\/01\/svet.jpg\" alt=\"\" class=\"wp-image-15658\" style=\"width:125px\"\/><\/figure>\n<\/div>\n\n\n<ul class=\"wp-block-list\">\n<li>Brazil, Afghanistan, Australia, Burma, India, Italy, Madagascar, Malawi, Mozambique, Namibia, Nepal, Nigeria, Pakistan, Russia, Sri Lanka, Switzerland, Tanzania, USA, Zaire, Zambia and Zimbabwe.<\/li>\n<\/ul>\n\n\n\n<h3 class=\"wp-block-heading\"><span style=\"color: #800080;\"><strong>Care<\/strong><\/span><\/h3>\n\n\n\n<ul class=\"wp-block-list\">\n<li>Do not clean tourmaline with an ultrasonic cleaner or steamer. Tourmaline is easily cleaned with mild soap and cold water. It is best to store stone jewellery and the stones themselves in a fabric-lined box or wrapped in cloth separately from the others to prevent self-damage and possible scratches.<\/li>\n\n\n\n<li>It is advisable not to wear jewellery during major physical activities such as exercise or sports. Avoid spraying perfume and hairspray directly on your jewellery and stones.<\/li>\n<\/ul>\n\n\n\n<div class=\"wp-block-button aligncenter\"><a class=\"wp-block-button__link has-text-color has-background wp-element-button\" href=\"https:\/\/moirai.si\/en\/product-category\/buying-by-the-stone\/tourmaline\/\" style=\"color:#2d2c2c;background-color:#ddc942\" target=\"_blank\" rel=\"noreferrer noopener\">Shop Tourmaline<\/a><\/div>\n\n\n\n<p class=\"has-text-align-center\">For <strong><span style=\"color: #800080;\">10<\/span>%<\/strong> Use the code for a discount when buying online: <span style=\"color: #800080;\"><strong>moirai26 <\/strong><\/span>(koda je veljavna do 31.12.2026)!<\/p>\n\n\n\n<h3 class=\"wp-block-heading\"><span style=\"color: #800080;\"><strong>Horoscope<\/strong><\/span><\/h3>\n\n\n<div class=\"wp-block-image\">\n<figure class=\"alignleft size-large\"><img loading=\"lazy\" decoding=\"async\" width=\"116\" height=\"111\" src=\"https:\/\/moirai.si\/wp-content\/uploads\/2020\/01\/horoskop.jpg\" alt=\"\" class=\"wp-image-15659\"\/><\/figure>\n<\/div>\n\n\n<ul class=\"wp-block-list\">\n<li>Virgo, Libra, Capricorn, Leo, Aquarius<\/li>\n<\/ul>","protected":false},"excerpt":{"rendered":"<p>Zgodovina Zdravilno * Metafizi\u010dne lastnosti \u010cakra ** Navedene zdravilne in metafizi\u010dne lastnosti kamnov so zbrane iz ve\u010d razli\u010dnih virov. Informacije so na voljo le kot storitev in ne za zdravljenje bolezni. Moirai.si ne jam\u010di popolne veljavnosti navedenega. Zna\u010dilnosti minerala Barva \u010drna, rjava, zlata, modra, vijoli\u010dna, zelena, roza, prozorna-prosojna Trdota (Mohs) 7-7.5 Specifi\u010dna te\u017ea 3.06-3.26 Lomni [&hellip;]<\/p>\n","protected":false},"author":1,"featured_media":0,"parent":0,"menu_order":0,"comment_status":"closed","ping_status":"closed","template":"template-products-page.php","meta":{"footnotes":""},"class_list":["post-4972","page","type-page","status-publish","hentry"],"_links":{"self":[{"href":"https:\/\/moirai.si\/en\/wp-json\/wp\/v2\/pages\/4972","targetHints":{"allow":["GET"]}}],"collection":[{"href":"https:\/\/moirai.si\/en\/wp-json\/wp\/v2\/pages"}],"about":[{"href":"https:\/\/moirai.si\/en\/wp-json\/wp\/v2\/types\/page"}],"author":[{"embeddable":true,"href":"https:\/\/moirai.si\/en\/wp-json\/wp\/v2\/users\/1"}],"replies":[{"embeddable":true,"href":"https:\/\/moirai.si\/en\/wp-json\/wp\/v2\/comments?post=4972"}],"version-history":[{"count":14,"href":"https:\/\/moirai.si\/en\/wp-json\/wp\/v2\/pages\/4972\/revisions"}],"predecessor-version":[{"id":27249,"href":"https:\/\/moirai.si\/en\/wp-json\/wp\/v2\/pages\/4972\/revisions\/27249"}],"wp:attachment":[{"href":"https:\/\/moirai.si\/en\/wp-json\/wp\/v2\/media?parent=4972"}],"curies":[{"name":"wp","href":"https:\/\/api.w.org\/{rel}","templated":true}]}}