{"id":4976,"date":"2015-12-13T20:19:52","date_gmt":"2015-12-13T20:19:52","guid":{"rendered":"http:\/\/moirai.si\/?page_id=4976"},"modified":"2026-01-02T14:48:53","modified_gmt":"2026-01-02T14:48:53","slug":"back","status":"publish","type":"page","link":"https:\/\/moirai.si\/en\/zad\/","title":{"rendered":"Jade"},"content":{"rendered":"<div class=\"wp-block-button aligncenter\"><a class=\"wp-block-button__link has-text-color has-background wp-element-button\" href=\"https:\/\/moirai.si\/en\/product-category\/buying-by-the-stone\/back\/\" style=\"color:#2d2c2c;background-color:#ddc942\" target=\"_blank\" rel=\"noreferrer noopener\">Shop Jade<\/a><\/div>\n\n\n\n<h3 class=\"wp-block-heading\"><span style=\"color: #800080;\"><strong>History<\/strong><\/span><\/h3>\n\n\n<div class=\"wp-block-image is-resized\">\n<figure class=\"alignright size-thumbnail\"><img decoding=\"async\" src=\"https:\/\/moirai.si\/wp-content\/uploads\/2020\/02\/\u017ead-500x500.jpg\" alt=\"\" class=\"wp-image-15832\" style=\"width:125px\"\/><\/figure>\n<\/div>\n\n\n<ul class=\"wp-block-list\">\n<li>The name \"Jade\" comes from the Spanish word \"piedra de ijada\", which means \"stone for pain in the side\". The Chinese refer to Jade as \"yu\", which means \"heavenly\" or \"imperial\". Jade from the South Island of New Zealand gets its name from the word \"pounamu\" which means green stone. It was named so by the Maoris, who revered jade as a very precious stone. Maori made jade tools such as chisels, hooks, weapons, ornaments and jewelry. Jade from New Zealand is usually called Nephrite. Spinach Green Nephrite found on Lake Baikal in Russia is known as \"Russian Jade\". Jadeite is the rarer of the two types and consequently the more valuable. The most valuable type of Jade is the emerald green Jadeite, known as \"Imperial Jade\".<\/li>\n\n\n\n<li><span style=\"color: #800080;\">Synonyms, old names, trade names:<\/span> Imperial Jade, Jinan Jade, Chinese Jade, Jadeite\u2026<\/li>\n<\/ul>\n\n\n\n<h3 class=\"wp-block-heading\"><span style=\"color: #800080;\"><strong>Medicinal * Metaphysical properties<\/strong><\/span><\/h3>\n\n\n\n<ul class=\"wp-block-list\">\n<li>pain, headache, harmony, ideas, immune system, communication, bones, blood pressure, kidneys, love, migraine, negativity, nightmares, vascular, friendship, rheumatism, diabetes, heart, happiness, belly, vitality, fever, protection, sweating, teeth, glands...<\/li>\n\n\n\n<li>Jade is said to help heal the kidneys, liver, prostate and adrenal glands, all at a cellular level.<\/li>\n<\/ul>\n\n\n<div class=\"wp-block-image is-resized\">\n<figure class=\"alignleft\"><a href=\"https:\/\/moirai.si\/en\/cakra\/\"><img loading=\"lazy\" decoding=\"async\" width=\"500\" height=\"500\" src=\"https:\/\/moirai.si\/wp-content\/uploads\/2019\/09\/\u010dakra.jpg\" alt=\"\" class=\"wp-image-14534\" style=\"width:125px\" srcset=\"https:\/\/moirai.si\/wp-content\/uploads\/2019\/09\/\u010dakra.jpg 500w, https:\/\/moirai.si\/wp-content\/uploads\/2019\/09\/\u010dakra-100x100.jpg 100w\" sizes=\"auto, (max-width: 500px) 100vw, 500px\" \/><\/a><\/figure>\n<\/div>\n\n\n<p><a href=\"https:\/\/moirai.si\/en\/cakra\/\">Chakra<\/a><\/p>\n\n\n\n<p class=\"has-small-font-size\">** The healing and metaphysical properties of the stones listed are compiled from several different sources. The information is provided as a service only and not for the treatment of disease. Moirai.si does not guarantee the full validity of the information provided.<\/p>\n\n\n\n<h3 class=\"wp-block-heading\"><span style=\"color: #800080;\"><strong>Features of the mineral<\/strong><\/span><\/h3>\n\n\n\n<figure class=\"wp-block-table\"><table><tbody><tr><td>Chemical composition (<span style=\"color: #800080;\"><strong>Jade<\/strong><\/span>)<\/td><td>Ca<sub>2<\/sub>(Mg,Fe)<sub>5<\/sub>Si<sub>8<\/sub>O<sub>22<\/sub>(OH)<sub>2<\/sub><\/td><\/tr><tr><td>Colour<\/td><td>light green<\/td><\/tr><tr><td>Hardness (Mohs)<\/td><td>6-6.5<\/td><\/tr><tr><td>Density<\/td><td>2.90-3.02<\/td><\/tr><tr><td>Refractive index<\/td><td>1.606-1.632<\/td><\/tr><tr><td>Crystal system<\/td><td>Monoclinic<\/td><\/tr><tr><td>Chemical composition (<span style=\"color: #800080;\"><strong>Jadeite<\/strong><\/span>)<\/td><td>NaAlSi<sub>2<\/sub>O<sub>6<\/sub> or Na(Al,Fe<sup>3+<\/sup>)Si<sub>2<\/sub>O<sub>6<\/sub><\/td><\/tr><tr><td>Colour<\/td><td>pale green<\/td><\/tr><tr><td>Hardness (Mohs)<\/td><td>6.5-7<\/td><\/tr><tr><td>Density<\/td><td>3.24-3.43<\/td><\/tr><tr><td>Refractive index<\/td><td>1.654-1.693<\/td><\/tr><tr><td>Crystal system<\/td><td>Monoclinic<\/td><\/tr><\/tbody><\/table><\/figure>\n\n\n\n<h3 class=\"wp-block-heading\"><span style=\"color: #800080;\"><strong>Origin and sources of the mineral<\/strong><\/span><\/h3>\n\n\n<div class=\"wp-block-image is-resized\">\n<figure class=\"alignleft size-large\"><img loading=\"lazy\" decoding=\"async\" width=\"189\" height=\"104\" src=\"https:\/\/moirai.si\/wp-content\/uploads\/2020\/01\/svet.jpg\" alt=\"\" class=\"wp-image-15658\" style=\"width:125px\"\/><\/figure>\n<\/div>\n\n\n<ul class=\"wp-block-list\">\n<li>New Zealand, Australia, Brazil, China, Canada, Zimbabwe, Russia, Taiwan, Alaska, Poland, Myanmar, Japan, Guatemala, Kazakstan, Turkey, Cuba, USA\u2026<\/li>\n<\/ul>\n\n\n\n<h3 class=\"wp-block-heading\"><span style=\"color: #800080;\"><strong>Care<\/strong><\/span><\/h3>\n\n\n\n<ul class=\"wp-block-list\">\n<li>To clean Jade, simply use soapy water and a soft cloth. Be sure to rinse the stone thoroughly to remove any soapy water residue. As with most gemstones, ultrasonic cleaners and steamers are not recommended. Storing jewelry made of stones and the stones themselves is best put in a box covered with fabric or wrapped in a cloth separately from the others, thus preventing only damage and possible scratches.<\/li>\n\n\n\n<li>It is advisable not to wear jewellery during major physical activities such as exercise or sports. Avoid spraying perfume and hairspray directly on your jewellery and stones.<\/li>\n<\/ul>\n\n\n\n<div class=\"wp-block-button aligncenter\"><a class=\"wp-block-button__link has-text-color has-background wp-element-button\" href=\"https:\/\/moirai.si\/en\/product-category\/buying-by-the-stone\/back\/\" style=\"color:#2d2c2c;background-color:#ddc942\" target=\"_blank\" rel=\"noreferrer noopener\">Shop Jade<\/a><\/div>\n\n\n\n<p class=\"has-text-align-center\">For <strong><span style=\"color: #800080;\">10<\/span>%<\/strong> Use the code for a discount when buying online: <span style=\"color: #800080;\"><strong>moirai26 <\/strong><\/span>(koda je veljavna do 31.12.2026)!<\/p>\n\n\n\n<h3 class=\"wp-block-heading\"><span style=\"color: #800080;\"><strong>Horoscope<\/strong><\/span><\/h3>\n\n\n<div class=\"wp-block-image\">\n<figure class=\"alignleft size-large\"><img loading=\"lazy\" decoding=\"async\" width=\"116\" height=\"111\" src=\"https:\/\/moirai.si\/wp-content\/uploads\/2020\/01\/horoskop.jpg\" alt=\"\" class=\"wp-image-15659\"\/><\/figure>\n<\/div>\n\n\n<ul class=\"wp-block-list\">\n<li>Taurus, Aries, Gemini, Libra, Aquarius, Pisces, Virgo<\/li>\n<\/ul>","protected":false},"excerpt":{"rendered":"<p>Zgodovina Zdravilno * Metafizi\u010dne lastnosti \u010cakra ** Navedene zdravilne in metafizi\u010dne lastnosti kamnov so zbrane iz ve\u010d razli\u010dnih virov. Informacije so na voljo le kot storitev in ne za zdravljenje bolezni. Moirai.si ne jam\u010di popolne veljavnosti navedenega. Zna\u010dilnosti minerala Kemijska sestava (Nefrit) Ca2(Mg,Fe)5Si8O22(OH)2 Barva svetlo zelena Trdota (Mohs) 6-6.5 Gostota 2.90-3.02 Lomni koli\u010dnik 1.606-1.632 Kristalni [&hellip;]<\/p>\n","protected":false},"author":1,"featured_media":0,"parent":0,"menu_order":0,"comment_status":"closed","ping_status":"closed","template":"template-products-page.php","meta":{"footnotes":""},"class_list":["post-4976","page","type-page","status-publish","hentry"],"_links":{"self":[{"href":"https:\/\/moirai.si\/en\/wp-json\/wp\/v2\/pages\/4976","targetHints":{"allow":["GET"]}}],"collection":[{"href":"https:\/\/moirai.si\/en\/wp-json\/wp\/v2\/pages"}],"about":[{"href":"https:\/\/moirai.si\/en\/wp-json\/wp\/v2\/types\/page"}],"author":[{"embeddable":true,"href":"https:\/\/moirai.si\/en\/wp-json\/wp\/v2\/users\/1"}],"replies":[{"embeddable":true,"href":"https:\/\/moirai.si\/en\/wp-json\/wp\/v2\/comments?post=4976"}],"version-history":[{"count":12,"href":"https:\/\/moirai.si\/en\/wp-json\/wp\/v2\/pages\/4976\/revisions"}],"predecessor-version":[{"id":27252,"href":"https:\/\/moirai.si\/en\/wp-json\/wp\/v2\/pages\/4976\/revisions\/27252"}],"wp:attachment":[{"href":"https:\/\/moirai.si\/en\/wp-json\/wp\/v2\/media?parent=4976"}],"curies":[{"name":"wp","href":"https:\/\/api.w.org\/{rel}","templated":true}]}}