{"id":9334,"date":"2017-12-27T08:30:34","date_gmt":"2017-12-27T08:30:34","guid":{"rendered":"https:\/\/moirai.si\/?page_id=9334"},"modified":"2026-01-02T13:34:42","modified_gmt":"2026-01-02T13:34:42","slug":"heliotrope","status":"publish","type":"page","link":"https:\/\/moirai.si\/en\/heliotrop\/","title":{"rendered":"Heliotrope"},"content":{"rendered":"<div class=\"wp-block-button aligncenter\"><a class=\"wp-block-button__link has-text-color has-background wp-element-button\" href=\"https:\/\/moirai.si\/en\/product-category\/buying-by-the-stone\/heliotrope\/\" style=\"color:#2d2c2c;background-color:#ddc942\" target=\"_blank\" rel=\"noreferrer noopener\">Shop Heliotrope<\/a><\/div>\n\n\n\n<h3 class=\"wp-block-heading\"><span style=\"color: #800080;\"><strong>History<\/strong><\/span><\/h3>\n\n\n<div class=\"wp-block-image is-resized\">\n<figure class=\"alignright size-thumbnail\"><img decoding=\"async\" src=\"https:\/\/moirai.si\/wp-content\/uploads\/2020\/01\/heliotrop-500x500.jpg\" alt=\"\" class=\"wp-image-15698\" style=\"width:125px\"\/><\/figure>\n<\/div>\n\n\n<ul class=\"wp-block-list\">\n<li>Heliotrope is an opaque to transparent type of Chalcedony. It has a characteristic dark green colour with the presence of red (bloody) inclusions from which it takes its name. The presence of Iron Oxide impurities gives it the appearance of blood inclusions, which can range from red to brownish and sometimes yellow. These inclusions may be very noticeable, but are not necessary. The most desirable Heliotropes have more red inclusions. It can sometimes be confused with Jasper, but Jasper has a much finer grain structure and this is why they can be distinguished from each other.<\/li>\n\n\n\n<li><span style=\"color: #800080;\">Synonyms, old names, trade names:<\/span> Blood Jasper, Blood Stone...<\/li>\n<\/ul>\n\n\n\n<h3 class=\"wp-block-heading\"><span style=\"color: #800080;\"><strong>Medicinal * Metaphysical properties<\/strong><\/span><\/h3>\n\n\n\n<ul class=\"wp-block-list\">\n<li>anaemia, pain, circulation, cysts, intestines, breathing, haemorrhoids, hepatitis, idealism, immune system, infections, intuition, sciatica, blood, bleeding, leukaemia, lymph glands, menopause, menstrual pain, calmness, negativity, selflessness, eyes, decisions, infections, lungs, courage, childbirth, rheumatism, dreams, creativity, ears, inflammation, confusion, stomach...<\/li>\n\n\n\n<li>It is good in the treatment of blood-related cancers (leukaemia, skin cancer, bone cancer and all blood-rich organs).  Some say that Heliotrope can help to shrink tumours over time.&nbsp;<\/li>\n\n\n\n<li>The combination of Heliotrope and Carnelian helps in the complementary treatment of liver and kidney cancer as it is said to transform and purify negative energies.<\/li>\n<\/ul>\n\n\n\n<div class=\"wp-block-button aligncenter\"><a class=\"wp-block-button__link has-text-color has-background wp-element-button\" href=\"https:\/\/moirai.si\/en\/product-category\/buying-by-the-stone\/heliotrope\/\" style=\"color:#2d2c2c;background-color:#ddc942\" target=\"_blank\" rel=\"noreferrer noopener\">Shop Heliotrope<\/a><\/div>\n\n\n<div class=\"wp-block-image is-resized\">\n<figure class=\"alignleft\"><a href=\"https:\/\/moirai.si\/en\/cakra\/\"><img loading=\"lazy\" decoding=\"async\" width=\"500\" height=\"500\" src=\"https:\/\/moirai.si\/wp-content\/uploads\/2019\/09\/\u010dakra.jpg\" alt=\"\" class=\"wp-image-14534\" style=\"width:125px\" srcset=\"https:\/\/moirai.si\/wp-content\/uploads\/2019\/09\/\u010dakra.jpg 500w, https:\/\/moirai.si\/wp-content\/uploads\/2019\/09\/\u010dakra-100x100.jpg 100w\" sizes=\"auto, (max-width: 500px) 100vw, 500px\" \/><\/a><\/figure>\n<\/div>\n\n\n<p><a href=\"https:\/\/moirai.si\/en\/cakra\/\">Chakra<\/a><\/p>\n\n\n\n<p class=\"has-small-font-size\">** The healing and metaphysical properties of the stones listed are compiled from several different sources. The information is provided as a service only and not for the treatment of disease. Moirai.si does not guarantee the full validity of the information provided.<\/p>\n\n\n\n<h3 class=\"wp-block-heading\"><span style=\"color: #800080;\"><strong>Features of the mineral<\/strong><\/span><\/h3>\n\n\n\n<figure class=\"wp-block-table\"><table><tbody><tr><td>Chemical composition<\/td><td>SiO<sub>2<\/sub><\/td><\/tr><tr><td>Colour<\/td><td>green, apple green, green-blue, brown with red dots<\/td><\/tr><tr><td>Hardness (Mohs)<\/td><td>6.5-7<\/td><\/tr><tr><td>Density<\/td><td>2.61<\/td><\/tr><tr><td>Refractive index<\/td><td>1.530-1.540<\/td><\/tr><tr><td>Crystal system<\/td><td>Trigonal<\/td><\/tr><\/tbody><\/table><\/figure>\n\n\n\n<h3 class=\"wp-block-heading\"><span style=\"color: #800080;\"><strong>Origin and sources of the mineral<\/strong><\/span><\/h3>\n\n\n<div class=\"wp-block-image is-resized\">\n<figure class=\"alignleft size-large\"><img loading=\"lazy\" decoding=\"async\" width=\"189\" height=\"104\" src=\"https:\/\/moirai.si\/wp-content\/uploads\/2020\/01\/svet.jpg\" alt=\"\" class=\"wp-image-15658\" style=\"width:125px\"\/><\/figure>\n<\/div>\n\n\n<ul class=\"wp-block-list\">\n<li>India, Madagascar, California, USA, Australia, Germany, Brazil, China and Scotland.<\/li>\n<\/ul>\n\n\n\n<h3 class=\"wp-block-heading\"><span style=\"color: #800080;\"><strong>Care<\/strong><\/span><\/h3>\n\n\n\n<ul class=\"wp-block-list\">\n<li>Clean the heliotrope with warm water and mild soap. Avoid exposing Heliotrope to bleach or sulphuric acid. Wipe the stone with a soft cloth and make sure it is well rinsed to remove any soapy residue. When storing stone jewellery or the stones themselves, it is best to place them in a cloth-covered box or wrap them in a cloth separately from other stones to prevent damage and scratches.<\/li>\n\n\n\n<li>It is advisable to remove jewellery during major physical activities such as exercise or sports. Avoid spraying perfume and hairspray directly on your jewellery and stones.<\/li>\n<\/ul>\n\n\n\n<div class=\"wp-block-button aligncenter\"><a class=\"wp-block-button__link has-text-color has-background wp-element-button\" href=\"https:\/\/moirai.si\/en\/product-category\/buying-by-the-stone\/heliotrope\/\" style=\"color:#2d2c2c;background-color:#ddc942\" target=\"_blank\" rel=\"noreferrer noopener\">Shop Heliotrope<\/a><\/div>\n\n\n\n<p class=\"has-text-align-center\">For <strong><span style=\"color: #800080;\">10<\/span>%<\/strong> Use the code for a discount when buying online: <span style=\"color: #800080;\"><strong>moirai26 <\/strong><\/span>(koda je veljavna do 31.12.2026)!<\/p>\n\n\n\n<h3 class=\"wp-block-heading\"><span style=\"color: #800080;\"><strong>Horoscope<\/strong><\/span><\/h3>\n\n\n<div class=\"wp-block-image\">\n<figure class=\"alignleft size-large\"><img loading=\"lazy\" decoding=\"async\" width=\"116\" height=\"111\" src=\"https:\/\/moirai.si\/wp-content\/uploads\/2020\/01\/horoskop.jpg\" alt=\"\" class=\"wp-image-15659\"\/><\/figure>\n<\/div>\n\n\n<ul class=\"wp-block-list\">\n<li>Aries, Pisces, Scorpio<\/li>\n<\/ul>","protected":false},"excerpt":{"rendered":"<p>Zgodovina Zdravilno * Metafizi\u010dne lastnosti \u010cakra ** Navedene zdravilne in metafizi\u010dne lastnosti kamnov so zbrane iz ve\u010d razli\u010dnih virov. Informacije so na voljo le kot storitev in ne za zdravljenje bolezni. Moirai.si ne jam\u010di popolne veljavnosti navedenega. Zna\u010dilnosti minerala Kemijska sestava SiO2 Barva zelena, jabol\u010dno zelena, zeleno-modra, rjava z rde\u010dimi pikami Trdota (Mohs) 6.5-7 Gostota [&hellip;]<\/p>\n","protected":false},"author":1,"featured_media":0,"parent":0,"menu_order":0,"comment_status":"closed","ping_status":"closed","template":"template-products-page.php","meta":{"footnotes":""},"class_list":["post-9334","page","type-page","status-publish","hentry"],"_links":{"self":[{"href":"https:\/\/moirai.si\/en\/wp-json\/wp\/v2\/pages\/9334","targetHints":{"allow":["GET"]}}],"collection":[{"href":"https:\/\/moirai.si\/en\/wp-json\/wp\/v2\/pages"}],"about":[{"href":"https:\/\/moirai.si\/en\/wp-json\/wp\/v2\/types\/page"}],"author":[{"embeddable":true,"href":"https:\/\/moirai.si\/en\/wp-json\/wp\/v2\/users\/1"}],"replies":[{"embeddable":true,"href":"https:\/\/moirai.si\/en\/wp-json\/wp\/v2\/comments?post=9334"}],"version-history":[{"count":15,"href":"https:\/\/moirai.si\/en\/wp-json\/wp\/v2\/pages\/9334\/revisions"}],"predecessor-version":[{"id":27180,"href":"https:\/\/moirai.si\/en\/wp-json\/wp\/v2\/pages\/9334\/revisions\/27180"}],"wp:attachment":[{"href":"https:\/\/moirai.si\/en\/wp-json\/wp\/v2\/media?parent=9334"}],"curies":[{"name":"wp","href":"https:\/\/api.w.org\/{rel}","templated":true}]}}