{"id":9350,"date":"2017-12-27T08:32:52","date_gmt":"2017-12-27T08:32:52","guid":{"rendered":"https:\/\/moirai.si\/?page_id=9350"},"modified":"2026-01-02T14:44:02","modified_gmt":"2026-01-02T14:44:02","slug":"hawkeye","status":"publish","type":"page","link":"https:\/\/moirai.si\/en\/sokolje-oko\/","title":{"rendered":"Falcon eye"},"content":{"rendered":"<div class=\"wp-block-button aligncenter\"><a class=\"wp-block-button__link has-text-color has-background wp-element-button\" href=\"https:\/\/moirai.si\/en\/product-category\/buying-by-the-stone\/hawkeye\/\" style=\"color:#2d2c2c;background-color:#ddc942\" target=\"_blank\" rel=\"noreferrer noopener\">Shop Falcon eye<\/a><\/div>\n\n\n\n<h3 class=\"wp-block-heading\"><strong><span style=\"color: #800080;\">History<\/span>&nbsp;&nbsp;&nbsp;&nbsp;&nbsp;&nbsp;<\/strong><strong>&nbsp;&nbsp;&nbsp;&nbsp;&nbsp;&nbsp;&nbsp;&nbsp;&nbsp;&nbsp;&nbsp;&nbsp;&nbsp;&nbsp;&nbsp;&nbsp;&nbsp;&nbsp;&nbsp;&nbsp;&nbsp;&nbsp;&nbsp;&nbsp;&nbsp;&nbsp;&nbsp;&nbsp;&nbsp;&nbsp;&nbsp;&nbsp;&nbsp;&nbsp;&nbsp;&nbsp;&nbsp;&nbsp;&nbsp;&nbsp;&nbsp;&nbsp;&nbsp;&nbsp;&nbsp;&nbsp;&nbsp;&nbsp;&nbsp;&nbsp;&nbsp;&nbsp;&nbsp;&nbsp;&nbsp;&nbsp;&nbsp;&nbsp;&nbsp;&nbsp; <\/strong><\/h3>\n\n\n<div class=\"wp-block-image is-resized\">\n<figure class=\"alignright size-thumbnail\"><img loading=\"lazy\" decoding=\"async\" width=\"500\" height=\"500\" src=\"https:\/\/moirai.si\/wp-content\/uploads\/2020\/02\/sokolje-500x500.jpg\" alt=\"\" class=\"wp-image-15805\" style=\"width:125px\" srcset=\"https:\/\/moirai.si\/wp-content\/uploads\/2020\/02\/sokolje-500x500.jpg 500w, https:\/\/moirai.si\/wp-content\/uploads\/2020\/02\/sokolje-100x100.jpg 100w, https:\/\/moirai.si\/wp-content\/uploads\/2020\/02\/sokolje-501x501.jpg 501w, https:\/\/moirai.si\/wp-content\/uploads\/2020\/02\/sokolje.jpg 566w\" sizes=\"auto, (max-width: 500px) 100vw, 500px\" \/><\/figure>\n<\/div>\n\n\n<ul class=\"wp-block-list\">\n<li>Falcon Eye is the blue-grey to blue-green version of Quartz. It belongs to the Quartz family of crystals. It is a type of macrocrystalline Quartz. Falcon Eye is initially a Crocidolite and later transforms into Quartz. Crocidolite is a fibrous blue mineral belonging to the Ribekite family (amphibole silicates). The transformation of Falcon Eye begins when Quartz slowly mixes in between the fibres of the Crocidolite, eventually replacing it completely and retaining its original shape. Falcon Eye is known for its cat-like optical effect, resembling the eye of a falcon. It is closely related to Tiger's Eye and Pietarsite, which have a similar effect. Tiger's Eye is actually formed from Falcon Eye. When the blue Crocidolite dissolves with Quartz, traces of Iron Oxide remain. Less Iron results in the blue colour of the Krokidolite. More Iron results in the brown colour of the Tiger's Eye. Pietarsite is an aggregate composed mainly of Falcon's Eye and Tiger's Eye. It has a rather chaotic swirling pattern which is formed during disintegration and later consolidates with the Quartz.<\/li>\n\n\n\n<li><a href=\"https:\/\/moirai.si\/en\/tigers-eye\/\" target=\"_blank\" rel=\"noreferrer noopener\">Tiger's Eye<\/a> actually arises from the Falcon Eye. During the pseudomorphic transformation process, materials containing more Iron Oxide are manifested in the brown Tiger's Eye. When oxidation and Iron are less, the colour tends to the original blue colour of Krokidolite.<\/li>\n\n\n\n<li><a href=\"https:\/\/moirai.si\/en\/mations-of-the-eye\/\" target=\"_blank\" rel=\"noreferrer noopener\">Cat's Eye<\/a> is also called the Red Eye of the Tiger or the Eye of the Dragon. Its colour is brownish red. It has a trigonal crystal system. The glow that can be seen on the Cat's Eye is produced during its formation. The red colour is due to the degree of oxidation.<\/li>\n\n\n\n<li><span style=\"color: #800080;\">Synonyms, old names, trade names:<\/span> Blue Eye of the Tiger...<\/li>\n<\/ul>\n\n\n\n<h3 class=\"wp-block-heading\"><span style=\"color: #800080;\"><strong>Medicinal * Metaphysical properties<\/strong><\/span><\/h3>\n\n\n\n<ul class=\"wp-block-list\">\n<li>asthma, astral travel, spirituality, soul, phobias, headache, hyperactivity, hormones, spine, mental ability, migraines, calmness, thinking, negative energy, negativity, eyes, focus, obstacles, sinuses, happiness, fear, stress, tolerance, anxiety, third eye, mental ability, neck, protection...<\/li>\n<\/ul>\n\n\n\n<div class=\"wp-block-button aligncenter\"><a class=\"wp-block-button__link has-text-color has-background wp-element-button\" href=\"https:\/\/moirai.si\/en\/product-category\/buying-by-the-stone\/hawkeye\/\" style=\"color:#2d2c2c;background-color:#ddc942\" target=\"_blank\" rel=\"noreferrer noopener\">Shop Falcon eye<\/a><\/div>\n\n\n<div class=\"wp-block-image is-resized\">\n<figure class=\"alignleft\"><a href=\"https:\/\/moirai.si\/en\/cakra\/\"><img loading=\"lazy\" decoding=\"async\" width=\"500\" height=\"500\" src=\"https:\/\/moirai.si\/wp-content\/uploads\/2019\/09\/\u010dakra.jpg\" alt=\"\" class=\"wp-image-14534\" style=\"width:125px\" srcset=\"https:\/\/moirai.si\/wp-content\/uploads\/2019\/09\/\u010dakra.jpg 500w, https:\/\/moirai.si\/wp-content\/uploads\/2019\/09\/\u010dakra-100x100.jpg 100w\" sizes=\"auto, (max-width: 500px) 100vw, 500px\" \/><\/a><\/figure>\n<\/div>\n\n\n<p><a href=\"https:\/\/moirai.si\/en\/cakra\/\">Chakra<\/a><\/p>\n\n\n\n<p class=\"has-small-font-size\">** The healing and metaphysical properties of the stones listed are compiled from several different sources. The information is provided as a service only and not for the treatment of disease. Moirai does not guarantee the full validity of the information provided.<\/p>\n\n\n\n<h3 class=\"wp-block-heading\"><span style=\"color: #800080;\"><strong>Features of the mineral<\/strong><\/span><\/h3>\n\n\n\n<figure class=\"wp-block-table\"><table><tbody><tr><td>Chemical composition<\/td><td>SiO<sub>2<\/sub><\/td><\/tr><tr><td>Colour<\/td><td>blue-grey, green-blue, blue-brown<\/td><\/tr><tr><td>Hardness (Mohs)<\/td><td>7<\/td><\/tr><tr><td>Density<\/td><td>2.64-2.71<\/td><\/tr><tr><td>Refractive index<\/td><td>1.534-1.540<\/td><\/tr><tr><td>Crystal system<\/td><td>Trigonal<\/td><\/tr><\/tbody><\/table><\/figure>\n\n\n\n<h3 class=\"wp-block-heading\"><span style=\"color: #800080;\"><strong>Origin and sources of the mineral<\/strong><\/span><\/h3>\n\n\n<div class=\"wp-block-image is-resized\">\n<figure class=\"alignleft size-large\"><img loading=\"lazy\" decoding=\"async\" width=\"189\" height=\"104\" src=\"https:\/\/moirai.si\/wp-content\/uploads\/2020\/01\/svet.jpg\" alt=\"\" class=\"wp-image-15658\" style=\"width:125px\"\/><\/figure>\n<\/div>\n\n\n<ul class=\"wp-block-list\">\n<li>Australia, Brazil, Canada, China, India, Korea, Burma, Namibia, South Africa, Spain, Thailand...<\/li>\n<\/ul>\n\n\n\n<h3 class=\"wp-block-heading\"><span style=\"color: #800080;\"><strong>Care<\/strong><\/span><\/h3>\n\n\n\n<ul class=\"wp-block-list\">\n<li>Falcon Eye can be quite sensitive to high pressure, high temperatures and harsh household chemicals and cleaning agents. Avoid exposing Hawkeye to bleach or sulphuric acid. Clean the Falcon Eye with warm soapy water. Wipe the stone with a soft cloth and make sure it is well rinsed to remove any soapy residue. It is best to store the stone jewellery and the stones themselves in a cloth-covered box or wrap them in a cloth separately from the others to prevent self-damage and possible scratches.<\/li>\n\n\n\n<li>It is advisable not to wear jewellery during major physical activities such as exercise or sports. Avoid spraying perfume and hairspray directly on your jewellery and stones.<\/li>\n<\/ul>\n\n\n\n<div class=\"wp-block-button aligncenter\"><a class=\"wp-block-button__link has-text-color has-background wp-element-button\" href=\"https:\/\/moirai.si\/en\/product-category\/buying-by-the-stone\/hawkeye\/\" style=\"color:#2d2c2c;background-color:#ddc942\" target=\"_blank\" rel=\"noreferrer noopener\">Shop Falcon eye<\/a><\/div>\n\n\n\n<p class=\"has-text-align-center\">For <strong><span style=\"color: #800080;\">10<\/span>%<\/strong> Use the code for a discount when buying online: <span style=\"color: #800080;\"><strong>moirai26 <\/strong><\/span>(koda je veljavna do 31.12.2026)!<\/p>\n\n\n\n<h3 class=\"wp-block-heading\"><span style=\"color: #800080;\"><strong>Horoscope<\/strong><\/span><\/h3>\n\n\n<div class=\"wp-block-image\">\n<figure class=\"alignleft size-large\"><img loading=\"lazy\" decoding=\"async\" width=\"116\" height=\"111\" src=\"https:\/\/moirai.si\/wp-content\/uploads\/2020\/01\/horoskop.jpg\" alt=\"\" class=\"wp-image-15659\"\/><\/figure>\n<\/div>\n\n\n<ul class=\"wp-block-list\">\n<li>Sagittarius, Capricorn, Aquarius, Cancer<\/li>\n<\/ul>","protected":false},"excerpt":{"rendered":"<p>Zgodovina&nbsp;&nbsp;&nbsp;&nbsp;&nbsp;&nbsp;&nbsp;&nbsp;&nbsp;&nbsp;&nbsp;&nbsp;&nbsp;&nbsp;&nbsp;&nbsp;&nbsp;&nbsp;&nbsp;&nbsp;&nbsp;&nbsp;&nbsp;&nbsp;&nbsp;&nbsp;&nbsp;&nbsp;&nbsp;&nbsp;&nbsp;&nbsp;&nbsp;&nbsp;&nbsp;&nbsp;&nbsp;&nbsp;&nbsp;&nbsp;&nbsp;&nbsp;&nbsp;&nbsp;&nbsp;&nbsp;&nbsp;&nbsp;&nbsp;&nbsp;&nbsp;&nbsp;&nbsp;&nbsp;&nbsp;&nbsp;&nbsp;&nbsp;&nbsp;&nbsp;&nbsp;&nbsp;&nbsp;&nbsp;&nbsp;&nbsp; Zdravilno * Metafizi\u010dne lastnosti \u010cakra ** Navedene zdravilne in metafizi\u010dne lastnosti kamnov so zbrane iz ve\u010d razli\u010dnih virov. Informacije so na voljo le kot storitev in ne za zdravljenje bolezni. Moirai ne jam\u010di popolne veljavnosti navedenega. Zna\u010dilnosti minerala Kemijska sestava SiO2 Barva modro-siva, zeleno-modra, modro-rjava Trdota (Mohs) 7 Gostota 2.64-2.71 Lomni koli\u010dnik 1.534-1.540 Kristalni [&hellip;]<\/p>\n","protected":false},"author":1,"featured_media":0,"parent":0,"menu_order":0,"comment_status":"closed","ping_status":"closed","template":"template-products-page.php","meta":{"footnotes":""},"class_list":["post-9350","page","type-page","status-publish","hentry"],"_links":{"self":[{"href":"https:\/\/moirai.si\/en\/wp-json\/wp\/v2\/pages\/9350","targetHints":{"allow":["GET"]}}],"collection":[{"href":"https:\/\/moirai.si\/en\/wp-json\/wp\/v2\/pages"}],"about":[{"href":"https:\/\/moirai.si\/en\/wp-json\/wp\/v2\/types\/page"}],"author":[{"embeddable":true,"href":"https:\/\/moirai.si\/en\/wp-json\/wp\/v2\/users\/1"}],"replies":[{"embeddable":true,"href":"https:\/\/moirai.si\/en\/wp-json\/wp\/v2\/comments?post=9350"}],"version-history":[{"count":13,"href":"https:\/\/moirai.si\/en\/wp-json\/wp\/v2\/pages\/9350\/revisions"}],"predecessor-version":[{"id":27242,"href":"https:\/\/moirai.si\/en\/wp-json\/wp\/v2\/pages\/9350\/revisions\/27242"}],"wp:attachment":[{"href":"https:\/\/moirai.si\/en\/wp-json\/wp\/v2\/media?parent=9350"}],"curies":[{"name":"wp","href":"https:\/\/api.w.org\/{rel}","templated":true}]}}