{"id":9556,"date":"2018-01-13T14:17:36","date_gmt":"2018-01-13T14:17:36","guid":{"rendered":"https:\/\/moirai.si\/?page_id=9556"},"modified":"2026-01-02T14:50:48","modified_gmt":"2026-01-02T14:50:48","slug":"dorje-vajra","status":"publish","type":"page","link":"https:\/\/moirai.si\/en\/dorje-vajra\/","title":{"rendered":"Dorje Vajra"},"content":{"rendered":"<div class=\"wp-block-image is-resized\">\n<figure class=\"alignright size-thumbnail\"><img decoding=\"async\" src=\"https:\/\/moirai.si\/wp-content\/uploads\/2020\/01\/IMG_1973m-500x500.jpg\" alt=\"\" class=\"wp-image-15610\" style=\"object-fit:cover;width:125px;height:125px\"\/><\/figure>\n<\/div>\n\n\n<ul class=\"wp-block-list\">\n<li>In Sanskrit, Dorje is called \"Vajra\". The symbol of Vajra came from Hinduism into Tibetan Buddhism. Vajra means \"diamond\" and is indestructible. It is like a diamond that cannot be destroyed but can destroy everything around it. Vajra represents spiritual strength and fortitude of spirit. The use of Vajra as a symbolic and ritual tool has spread from India, along with Indian religion and culture, to other parts of Asia and the world. The Vajra symbol is a ritual object. Buddhists in Tibet use Vajra to strike the bell. The Tibetan Vajra represents firmness and strength of spirit.Vajra is known to be the destroyer of evil. In Nepal, Vajras are placed around the house to bring good luck and ward off evil. Vajras made of Stone Lightning purify the energy around it. They can help people to reach higher intuitive thinking and receive intuitive information.<\/li>\n<\/ul>\n\n\n\n<div class=\"wp-block-button aligncenter\"><a class=\"wp-block-button__link has-text-color has-background wp-element-button\" href=\"https:\/\/moirai.si\/en\/product\/dorje-vajra\/\" style=\"color:#2d2c2c;background-color:#ddc942\" target=\"_blank\" rel=\"noreferrer noopener\">Buy Dorje Vajra<\/a><\/div>\n\n\n\n<p class=\"has-text-align-center\">For <strong><span style=\"color: #800080;\">10<\/span>%<\/strong> Use the code for a discount when buying online: <span style=\"color: #800080;\"><strong>moirai26<\/strong><\/span> (koda je veljavna do 31.12.2026)!<\/p>\n\n\n\n<h3 class=\"wp-block-heading\"><span style=\"color: #800080;\">Vajra is made up of several parts:<\/span><\/h3>\n\n\n\n<ul class=\"wp-block-list\">\n<li><strong><span style=\"color: #800080;\">sphere (circle)<\/span> &#8211; <\/strong>represents Sunyata (the original nature of the universe), which is the basic unity of all things<\/li>\n\n\n\n<li><strong><span style=\"color: #800080;\">two lotus flowers -<\/span><\/strong> one flower represents Samsara and the other Nirvana. The lotus represents enlightenment.<\/li>\n\n\n\n<li><strong><span style=\"color: #800080;\">sixteen leaves<\/span><\/strong> - represents the sixteen ways of emptiness<\/li>\n\n\n\n<li><strong><span style=\"color: #800080;\">Three rings<\/span><\/strong> - represent emptiness and effortless living, or the three blisses of the Buddha. The rings or rings represent the six perfections: patience, generosity, discipline, effort, meditation and wisdom.<\/li>\n\n\n\n<li><strong><span style=\"color: #800080;\">five leaves - <\/span><\/strong>four curve towards the central one, forming a closed cage or claw. These leaves represent: form, sensation, perception and motivation with the central one denoting consciousness. These five leaves also denote the five poisons and wisdoms: lust, anger, blindness, greed and pride.<\/li>\n<\/ul>\n\n\n\n<p class=\"has-small-font-size\">** The healing and metaphysical properties of the stones listed are compiled from several different sources. The information is provided as a service only and not for the treatment of disease. Moirai.si does not guarantee the full validity of the information provided.<\/p>","protected":false},"excerpt":{"rendered":"<p>Za 10% popust pri spletnem nakupu uporabite kodo: moirai26 (koda je veljavna do 31.12.2026)! Vajra je sestavljena iz ve\u010d delov: ** Navedene zdravilne in metafizi\u010dne lastnosti kamnov so zbrane iz ve\u010d razli\u010dnih virov. Informacije so na voljo le kot storitev in ne za zdravljenje bolezni. Moirai.si ne jam\u010di popolne veljavnosti navedenega.<\/p>","protected":false},"author":1,"featured_media":0,"parent":0,"menu_order":0,"comment_status":"closed","ping_status":"closed","template":"template-products-page.php","meta":{"footnotes":""},"class_list":["post-9556","page","type-page","status-publish","hentry"],"_links":{"self":[{"href":"https:\/\/moirai.si\/en\/wp-json\/wp\/v2\/pages\/9556","targetHints":{"allow":["GET"]}}],"collection":[{"href":"https:\/\/moirai.si\/en\/wp-json\/wp\/v2\/pages"}],"about":[{"href":"https:\/\/moirai.si\/en\/wp-json\/wp\/v2\/types\/page"}],"author":[{"embeddable":true,"href":"https:\/\/moirai.si\/en\/wp-json\/wp\/v2\/users\/1"}],"replies":[{"embeddable":true,"href":"https:\/\/moirai.si\/en\/wp-json\/wp\/v2\/comments?post=9556"}],"version-history":[{"count":11,"href":"https:\/\/moirai.si\/en\/wp-json\/wp\/v2\/pages\/9556\/revisions"}],"predecessor-version":[{"id":27255,"href":"https:\/\/moirai.si\/en\/wp-json\/wp\/v2\/pages\/9556\/revisions\/27255"}],"wp:attachment":[{"href":"https:\/\/moirai.si\/en\/wp-json\/wp\/v2\/media?parent=9556"}],"curies":[{"name":"wp","href":"https:\/\/api.w.org\/{rel}","templated":true}]}}