{"id":11716,"date":"2019-02-04T14:35:14","date_gmt":"2019-02-04T14:35:14","guid":{"rendered":"https:\/\/moirai.si\/?page_id=11716"},"modified":"2026-01-02T13:36:36","modified_gmt":"2026-01-02T13:36:36","slug":"dumortierit","status":"publish","type":"page","link":"https:\/\/moirai.si\/hr\/dumortierit\/","title":{"rendered":"Dumortierit"},"content":{"rendered":"<div class=\"wp-block-button aligncenter\"><a class=\"wp-block-button__link has-text-color has-background wp-element-button\" href=\"https:\/\/moirai.si\/hr\/kategorija-proizvoda\/kupnja-kamenjem\/dumortierit\/\" style=\"color:#2d2c2c;background-color:#ddc942\" target=\"_blank\" rel=\"noreferrer noopener\">Trgovina Dumortierit<\/a><\/div>\n\n\n\n<h3 class=\"wp-block-heading\"><span style=\"color: #800080;\"><strong>Povjest<\/strong><\/span><\/h3>\n\n\n<div class=\"wp-block-image is-resized\">\n<figure class=\"alignright size-thumbnail\"><img decoding=\"async\" src=\"https:\/\/moirai.si\/wp-content\/uploads\/2020\/01\/dumortierit-500x500.jpg\" alt=\"\" class=\"wp-image-15688\" style=\"object-fit:cover;width:125px;height:125px\"\/><\/figure>\n<\/div>\n\n\n<ul class=\"wp-block-list\">\n<li>Dumortierit je aluminijev borosilikat i prvi put je opisan 1881. Ime je dobio po francuskom paleontologu Eugeneu Dumortieru (1803.-1873.). Budu\u0107i da je poznato da zagrijavanjem poprima iznimno \u010distu bijelu boju, \u010desto se koristi u proizvodnji porculana i keramike. Dumortierit je jedna od rje\u0111ih i neobi\u010dnijih vrsta plavog kvarca. Kombinacija je kvarcnog agregata i Dumortierita. Plava boja kvarca je iznena\u0111uju\u0107e vrlo rijetka. Boje dumortierita mogu varirati od crveno-sme\u0111e do ljubi\u010dasto-plave i od tamne do svijetloplave. Tamnoplava je naj\u010de\u0161\u0107a boja. Mnogi kamenci tako\u0111er mogu pokazivati \u200b\u200bbjelkaste pruge ili mrlje zajedno s plavom bojom. Mineralne ne\u010disto\u0107e dumortierita u kvarcu daju mu plavu boju.<\/li>\n<\/ul>\n\n\n\n<h3 class=\"wp-block-heading\"><span style=\"color: #800080;\"><strong>Ljekovita * Metafizi\u010dka svojstva<\/strong><\/span><\/h3>\n\n\n\n<ul class=\"wp-block-list\">\n<li>povra\u0107anje, emocije, depresija, proljev, epilepsija, glavobolja, hipofiza, ko\u017ea, gr\u010devi, mir, mozak, nervoza, trudno\u0107a, ovisnosti, hrabrost, strpljenje, preosjetljivost, regeneracija ko\u017ee, samopo\u0161tovanje, sebi\u010dnost, mu\u010dnina, strah, stres, \u0161titna \u017elijezda, trbuh, tvrdoglavost, \u017eeludac...<\/li>\n<\/ul>\n\n\n\n<div class=\"wp-block-button aligncenter\"><a class=\"wp-block-button__link has-text-color has-background wp-element-button\" href=\"https:\/\/moirai.si\/hr\/kategorija-proizvoda\/kupnja-kamenjem\/dumortierit\/\" style=\"color:#2d2c2c;background-color:#ddc942\" target=\"_blank\" rel=\"noreferrer noopener\">Trgovina Dumortierit<\/a><\/div>\n\n\n<div class=\"wp-block-image is-resized\">\n<figure class=\"alignleft\"><a href=\"https:\/\/moirai.si\/hr\/cakra\/\"><img loading=\"lazy\" decoding=\"async\" width=\"500\" height=\"500\" src=\"https:\/\/moirai.si\/wp-content\/uploads\/2019\/09\/\u010dakra.jpg\" alt=\"\" class=\"wp-image-14534\" style=\"object-fit:cover;width:125px;height:125px\" srcset=\"https:\/\/moirai.si\/wp-content\/uploads\/2019\/09\/\u010dakra.jpg 500w, https:\/\/moirai.si\/wp-content\/uploads\/2019\/09\/\u010dakra-100x100.jpg 100w\" sizes=\"auto, (max-width: 500px) 100vw, 500px\" \/><\/a><\/figure>\n<\/div>\n\n\n<p><a href=\"https:\/\/moirai.si\/hr\/cakra\/\">\u010cakra<\/a><\/p>\n\n\n\n<p class=\"has-small-font-size\">** Navedena ljekovita i metafizi\u010dka svojstva kamenja prikupljena su iz razli\u010ditih izvora. Informacije su dostupne samo kao usluga, a ne za lije\u010denje bolesti. Moirai ne jam\u010di potpunu valjanost gore navedenog.<\/p>\n\n\n\n<h3 class=\"wp-block-heading\"><span style=\"color: #800080;\"><strong>Karakteristike minerala<\/strong><\/span><\/h3>\n\n\n\n<figure class=\"wp-block-table\"><table><tbody><tr><td>Kemijski sastav<\/td><td>Al7(BO3)(SiO4)3O<\/td><\/tr><tr><td>Boja<\/td><td>svijetloplava, plava, tamnoplava, ljubi\u010dasto-bijela, crveno-sme\u0111a<\/td><\/tr><tr><td>Tvrdo\u0107a (Mohs)<\/td><td>7 \u2013 8.5<\/td><\/tr><tr><td>Specifi\u010dna te\u017eina<\/td><td>3.26 &#8211; 3.41<\/td><\/tr><tr><td>Indeks loma<\/td><td>1.678 &#8211; 1.689<\/td><\/tr><\/tbody><\/table><\/figure>\n\n\n\n<h3 class=\"wp-block-heading\"><span style=\"color: #800080;\"><strong>Izvor minerala<\/strong><\/span><\/h3>\n\n\n<div class=\"wp-block-image is-resized\">\n<figure class=\"alignleft size-large\"><img loading=\"lazy\" decoding=\"async\" width=\"189\" height=\"104\" src=\"https:\/\/moirai.si\/wp-content\/uploads\/2020\/01\/svet.jpg\" alt=\"\" class=\"wp-image-15658\" style=\"width:125px\"\/><\/figure>\n<\/div>\n\n\n<ul class=\"wp-block-list\">\n<li>Brazil, Kanada, Francuska, Italija, Madagaskar, Mozambik, Namibija, Norve\u0161ka, Poljska, \u0160ri Lanka, SAD...<\/li>\n<\/ul>\n\n\n\n<h3 class=\"wp-block-heading\"><span style=\"color: #800080;\"><strong>Briga<\/strong><\/span><\/h3>\n\n\n\n<ul class=\"wp-block-list\">\n<li>Dumortierit ne zahtijeva mnogo kada je u pitanju njega i odr\u017eavanje. Prili\u010dno je tvrd i vrlo izdr\u017eljiv. Za \u010di\u0161\u0107enje jednostavno koristite sapunicu i meku krpu. Obavezno temeljito isperite kamen kako biste uklonili sve ostatke sapunaste vode. Kao i kod ve\u0107ine dragog kamenja, ultrazvu\u010dni \u010dista\u010di i aparati za paru se ne preporu\u010duju.<\/li>\n\n\n\n<li>Najbolje je pohraniti kameni nakit u kutiju prekrivenu krpom ili zamotati u tkaninu odvojeno od ostalih, \u010dime se spre\u010davaju o\u0161te\u0107enja i mogu\u0107e ogrebotine. Preporu\u010dljivo je ne nositi nakit tijekom velikih fizi\u010dkih aktivnosti kao \u0161to su vje\u017ebanje ili sport. Izbjegavajte prskanje parfema na va\u0161 nakit i kamenje.<\/li>\n<\/ul>\n\n\n\n<div class=\"wp-block-button aligncenter\"><a class=\"wp-block-button__link has-text-color has-background wp-element-button\" href=\"https:\/\/moirai.si\/hr\/kategorija-proizvoda\/kupnja-kamenjem\/dumortierit\/\" style=\"color:#2d2c2c;background-color:#ddc942\" target=\"_blank\" rel=\"noreferrer noopener\">Trgovina Dumortierit<\/a><\/div>\n\n\n\n<p class=\"has-text-align-center\">Za <strong><span style=\"color: #800080;\">10<\/span>%<\/strong> popusta koristite kod: <span style=\"color: #800080;\"><strong>moirai26<\/strong><\/span>(koda je veljavna do 31.12.2026)!<\/p>\n\n\n\n<h3 class=\"wp-block-heading\"><span style=\"color: #800080;\"><strong>Horoskop<\/strong><\/span><\/h3>\n\n\n<div class=\"wp-block-image\">\n<figure class=\"alignleft size-large\"><img loading=\"lazy\" decoding=\"async\" width=\"116\" height=\"111\" src=\"https:\/\/moirai.si\/wp-content\/uploads\/2020\/01\/horoskop.jpg\" alt=\"\" class=\"wp-image-15659\"\/><\/figure>\n<\/div>\n\n\n<ul class=\"wp-block-list\">\n<li>  Lav, Djevica, Jarac <\/li>\n<\/ul>","protected":false},"excerpt":{"rendered":"<p>Zgodovina Zdravilno * Metafizi\u010dne lastnosti \u010cakra ** Navedene zdravilne in metafizi\u010dne lastnosti kamnov so zbrane iz ve\u010d razli\u010dnih virov. Informacije so na voljo le kot storitev in ne za zdravljenje bolezni. Moirai.si ne jam\u010di popolne veljavnosti navedenega. Zna\u010dilnosti minerala Kemijska sestava Al7(BO3)(SiO4)3O Barva svetlo modra, modra, temno modra, vijoli\u010dno-bela, rde\u010de-rjava Trdota (Mohs) 7 \u2013 8.5 [&hellip;]<\/p>\n","protected":false},"author":1,"featured_media":0,"parent":0,"menu_order":0,"comment_status":"closed","ping_status":"closed","template":"template-products-page.php","meta":{"footnotes":""},"class_list":["post-11716","page","type-page","status-publish","hentry"],"_links":{"self":[{"href":"https:\/\/moirai.si\/hr\/wp-json\/wp\/v2\/pages\/11716","targetHints":{"allow":["GET"]}}],"collection":[{"href":"https:\/\/moirai.si\/hr\/wp-json\/wp\/v2\/pages"}],"about":[{"href":"https:\/\/moirai.si\/hr\/wp-json\/wp\/v2\/types\/page"}],"author":[{"embeddable":true,"href":"https:\/\/moirai.si\/hr\/wp-json\/wp\/v2\/users\/1"}],"replies":[{"embeddable":true,"href":"https:\/\/moirai.si\/hr\/wp-json\/wp\/v2\/comments?post=11716"}],"version-history":[{"count":12,"href":"https:\/\/moirai.si\/hr\/wp-json\/wp\/v2\/pages\/11716\/revisions"}],"predecessor-version":[{"id":27184,"href":"https:\/\/moirai.si\/hr\/wp-json\/wp\/v2\/pages\/11716\/revisions\/27184"}],"wp:attachment":[{"href":"https:\/\/moirai.si\/hr\/wp-json\/wp\/v2\/media?parent=11716"}],"curies":[{"name":"wp","href":"https:\/\/api.w.org\/{rel}","templated":true}]}}