{"id":11719,"date":"2019-02-04T14:43:06","date_gmt":"2019-02-04T14:43:06","guid":{"rendered":"https:\/\/moirai.si\/?page_id=11719"},"modified":"2026-01-02T13:08:17","modified_gmt":"2026-01-02T13:08:17","slug":"zavijati","status":"publish","type":"page","link":"https:\/\/moirai.si\/hr\/hovlit\/","title":{"rendered":"Hovlit"},"content":{"rendered":"<div class=\"wp-block-button aligncenter\"><a class=\"wp-block-button__link has-text-color has-background wp-element-button\" href=\"https:\/\/moirai.si\/hr\/kategorija-proizvoda\/kupnja-kamenjem\/zavijati\/\" style=\"color:#2d2c2c;background-color:#ddc942\" target=\"_blank\" rel=\"noreferrer noopener\">Trgovina Hovlit<\/a><\/div>\n\n\n\n<h3 class=\"wp-block-heading\"><span style=\"color: #800080;\"><strong>Povjest<\/strong><\/span><\/h3>\n\n\n<div class=\"wp-block-image is-resized\">\n<figure class=\"alignright size-large\"><img loading=\"lazy\" decoding=\"async\" width=\"566\" height=\"566\" src=\"https:\/\/moirai.si\/wp-content\/uploads\/2020\/01\/hovlit.jpg\" alt=\"\" class=\"wp-image-15704\" style=\"width:125px\" srcset=\"https:\/\/moirai.si\/wp-content\/uploads\/2020\/01\/hovlit.jpg 566w, https:\/\/moirai.si\/wp-content\/uploads\/2020\/01\/hovlit-100x100.jpg 100w, https:\/\/moirai.si\/wp-content\/uploads\/2020\/01\/hovlit-501x501.jpg 501w\" sizes=\"auto, (max-width: 566px) 100vw, 566px\" \/><\/figure>\n<\/div>\n\n\n<ul class=\"wp-block-list\">\n<li>Haulit je dobio ime po Henryju Howu, koji ga je otkrio 1868. godine u Novoj \u0160kotskoj. Pripada skupini minerala Borat koja se nalazi u Kanadi i nekim dijelovima Sjedinjenih Dr\u017eava. Formira se kao nakupina nepravilnih kvr\u017eica koje mogu djelovati poput cvjeta\u010de. Prozirni Hovlite kristali su vrlo rijetki i mali. Hovlit ima izgled bijelog mramora ili porculana sa staklenim sjajem. Neproziran je i bijele, sive, crne ili tamnosme\u0111e boje. Tako\u0111er se vrlo rijetko javlja u prozirnom kristalnom obliku. Hovlit je najpoznatiji po krivotvorenju drugog kamenja. Zbog svoje porozne prirode, Hovlite mo\u017ee dobro upiti boju, \u0161to zna\u010di da se mo\u017ee prodavati kao tirkiz, crveni koralj ili kao lapis lazuli.<\/li>\n<\/ul>\n\n\n\n<h3 class=\"wp-block-heading\"><span style=\"color: #800080;\"><strong>Ljekovita * Metafizi\u010dka svojstva<\/strong><\/span><\/h3>\n\n\n\n<ul class=\"wp-block-list\">\n<li>agresija, blagostanje, cirkulacija, emocionalna bol, ljutnja, koncentracija, kosti, ko\u017ea, meditacija, mir, mudrost, negativna energija, nepromi\u0161ljenost, nesanica, obilje, fokus, osteoporoza, cirkulacija, raspolo\u017eenje, prosvjetljenje, sebi\u010dnost, pam\u0107enje, sre\u0107a, stres, tre\u0107e oko, u\u010denje, zadovoljstvo, zubi...<\/li>\n\n\n\n<li>Hovlit pove\u0107ava vitalnost pojedinca kroz kosti, poma\u017ee u obrani i napadu stanica raka.<\/li>\n<\/ul>\n\n\n\n<div class=\"wp-block-button aligncenter\"><a class=\"wp-block-button__link has-text-color has-background wp-element-button\" href=\"https:\/\/moirai.si\/hr\/kategorija-proizvoda\/kupnja-kamenjem\/zavijati\/\" style=\"color:#2d2c2c;background-color:#ddc942\" target=\"_blank\" rel=\"noreferrer noopener\">Trgovina Hovlit<\/a><\/div>\n\n\n<div class=\"wp-block-image is-resized\">\n<figure class=\"alignleft\"><a href=\"https:\/\/moirai.si\/hr\/cakra\/\"><img loading=\"lazy\" decoding=\"async\" width=\"500\" height=\"500\" src=\"https:\/\/moirai.si\/wp-content\/uploads\/2019\/09\/\u010dakra.jpg\" alt=\"\" class=\"wp-image-14534\" style=\"width:125px\" srcset=\"https:\/\/moirai.si\/wp-content\/uploads\/2019\/09\/\u010dakra.jpg 500w, https:\/\/moirai.si\/wp-content\/uploads\/2019\/09\/\u010dakra-100x100.jpg 100w\" sizes=\"auto, (max-width: 500px) 100vw, 500px\" \/><\/a><\/figure>\n<\/div>\n\n\n<p><a href=\"https:\/\/moirai.si\/hr\/cakra\/\">\u010cakra<\/a><\/p>\n\n\n\n<p class=\"has-small-font-size\">** Navedena ljekovita i metafizi\u010dka svojstva kamenja prikupljena su iz razli\u010ditih izvora. Informacije su dostupne samo kao usluga, a ne za lije\u010denje bolesti. Moirai ne jam\u010di potpunu valjanost gore navedenog.<\/p>\n\n\n\n<h3 class=\"wp-block-heading\"><span style=\"color: #800080;\"><strong>Karakteristike minerala<\/strong><\/span><\/h3>\n\n\n\n<figure class=\"wp-block-table\"><table><tbody><tr><td>Kemijski sastav<\/td><td>Ca2B5SiO9(OH)<\/td><\/tr><tr><td>Boja<\/td><td>bijelo-siva<\/td><\/tr><tr><td>Tvrdo\u0107a (Mohs)<\/td><td>3.5<\/td><\/tr><tr><td>Specifi\u010dna te\u017eina<\/td><td>2.45 &#8211; 2.58<\/td><\/tr><tr><td>Indeks loma<\/td><td>1.583 &#8211; 1.600<\/td><\/tr><\/tbody><\/table><\/figure>\n\n\n\n<h3 class=\"wp-block-heading\"><span style=\"color: #800080;\"><strong>Izvor minerala<\/strong><\/span><\/h3>\n\n\n<div class=\"wp-block-image is-resized\">\n<figure class=\"alignleft size-large\"><img loading=\"lazy\" decoding=\"async\" width=\"189\" height=\"104\" src=\"https:\/\/moirai.si\/wp-content\/uploads\/2020\/01\/svet.jpg\" alt=\"\" class=\"wp-image-15658\" style=\"width:125px\"\/><\/figure>\n<\/div>\n\n\n<ul class=\"wp-block-list\">\n<li>Kanada, SAD, Turska, Njema\u010dka, Meksiko, Rusija...<\/li>\n<\/ul>\n\n\n\n<h3 class=\"wp-block-heading\"><span style=\"color: #800080;\"><strong>Briga<\/strong><\/span><\/h3>\n\n\n\n<ul class=\"wp-block-list\">\n<li>Hovlit je mek\u0161i od drugog kamenja, pa ga je vrlo lako ogrebati. Izbjegavajte jaka kemijska sredstva za \u010di\u0161\u0107enje u ku\u0107anstvu. Za \u010di\u0161\u0107enje jednostavno koristite sapunicu i meku krpu. Obavezno temeljito isperite kamen kako biste uklonili sve ostatke sapunaste vode. Kao i kod ve\u0107ine dragog kamenja, ultrazvu\u010dni \u010dista\u010di i aparati za paru se ne preporu\u010duju.<\/li>\n\n\n\n<li>Najbolje je pohraniti kameni nakit u kutiju prekrivenu krpom ili zamotati u tkaninu odvojeno od ostalih, \u010dime se spre\u010davaju o\u0161te\u0107enja i mogu\u0107e ogrebotine. Preporu\u010dljivo je ne nositi nakit tijekom velikih fizi\u010dkih aktivnosti kao \u0161to su vje\u017ebanje ili sport. Izbjegavajte prskanje parfema na va\u0161 nakit i kamenje.<\/li>\n<\/ul>\n\n\n\n<div class=\"wp-block-button aligncenter\"><a class=\"wp-block-button__link has-text-color has-background wp-element-button\" href=\"https:\/\/moirai.si\/hr\/kategorija-proizvoda\/kupnja-kamenjem\/zavijati\/\" style=\"color:#2d2c2c;background-color:#ddc942\" target=\"_blank\" rel=\"noreferrer noopener\">Trgovina Hovlit<\/a><\/div>\n\n\n\n<p class=\"has-text-align-center\">Za <strong><span style=\"color: #800080;\">10<\/span>%<\/strong> popusta koristite kod: <span style=\"color: #800080;\"><strong>moirai26 <\/strong><\/span>(koda je veljavna do 31.12.2026)!<\/p>\n\n\n\n<h3 class=\"wp-block-heading\"><span style=\"color: #800080;\"><strong>Horoskop<\/strong><\/span><\/h3>\n\n\n<div class=\"wp-block-image\">\n<figure class=\"alignleft size-large\"><img loading=\"lazy\" decoding=\"async\" width=\"116\" height=\"111\" src=\"https:\/\/moirai.si\/wp-content\/uploads\/2020\/01\/horoskop.jpg\" alt=\"\" class=\"wp-image-15659\"\/><\/figure>\n<\/div>\n\n\n<ul class=\"wp-block-list\">\n<li>Djevica, Blizanci<\/li>\n<\/ul>","protected":false},"excerpt":{"rendered":"<p>Zgodovina Zdravilno * Metafizi\u010dne lastnosti \u010cakra ** Navedene zdravilne in metafizi\u010dne lastnosti kamnov so zbrane iz ve\u010d razli\u010dnih virov. Informacije so na voljo le kot storitev in ne za zdravljenje bolezni. Moirai.si ne jam\u010di popolne veljavnosti navedenega. Zna\u010dilnosti minerala Kemijska sestava Ca2B5SiO9(OH) Barva belo-siva Trdota (Mohs) 3.5 Specifi\u010dna te\u017ea 2.45 &#8211; 2.58 Lomni koli\u010dnik 1.583 [&hellip;]<\/p>\n","protected":false},"author":1,"featured_media":0,"parent":0,"menu_order":0,"comment_status":"closed","ping_status":"closed","template":"template-products-page.php","meta":{"footnotes":""},"class_list":["post-11719","page","type-page","status-publish","hentry"],"_links":{"self":[{"href":"https:\/\/moirai.si\/hr\/wp-json\/wp\/v2\/pages\/11719","targetHints":{"allow":["GET"]}}],"collection":[{"href":"https:\/\/moirai.si\/hr\/wp-json\/wp\/v2\/pages"}],"about":[{"href":"https:\/\/moirai.si\/hr\/wp-json\/wp\/v2\/types\/page"}],"author":[{"embeddable":true,"href":"https:\/\/moirai.si\/hr\/wp-json\/wp\/v2\/users\/1"}],"replies":[{"embeddable":true,"href":"https:\/\/moirai.si\/hr\/wp-json\/wp\/v2\/comments?post=11719"}],"version-history":[{"count":12,"href":"https:\/\/moirai.si\/hr\/wp-json\/wp\/v2\/pages\/11719\/revisions"}],"predecessor-version":[{"id":27141,"href":"https:\/\/moirai.si\/hr\/wp-json\/wp\/v2\/pages\/11719\/revisions\/27141"}],"wp:attachment":[{"href":"https:\/\/moirai.si\/hr\/wp-json\/wp\/v2\/media?parent=11719"}],"curies":[{"name":"wp","href":"https:\/\/api.w.org\/{rel}","templated":true}]}}