{"id":11721,"date":"2019-02-04T14:45:21","date_gmt":"2019-02-04T14:45:21","guid":{"rendered":"https:\/\/moirai.si\/?page_id=11721"},"modified":"2026-01-02T13:09:14","modified_gmt":"2026-01-02T13:09:14","slug":"krizokol-2","status":"publish","type":"page","link":"https:\/\/moirai.si\/hr\/hrizokol\/","title":{"rendered":"Krizokola"},"content":{"rendered":"<div class=\"wp-block-button aligncenter\"><a class=\"wp-block-button__link has-text-color has-background wp-element-button\" href=\"https:\/\/moirai.si\/hr\/kategorija-proizvoda\/kupnja-kamenjem\/krizokol-2\/\" style=\"color:#2d2c2c;background-color:#ddc942\" target=\"_blank\" rel=\"noreferrer noopener\">Trgovina Krizokola<\/a><\/div>\n\n\n\n<h3 class=\"wp-block-heading\"><span style=\"color: #800080;\"><strong>Povjest<\/strong><\/span><\/h3>\n\n\n<div class=\"wp-block-image is-resized\">\n<figure class=\"alignright size-thumbnail\"><img decoding=\"async\" src=\"https:\/\/moirai.si\/wp-content\/uploads\/2020\/01\/hrizokol-500x500.jpg\" alt=\"\" class=\"wp-image-15706\" style=\"width:125px\"\/><\/figure>\n<\/div>\n\n\n<ul class=\"wp-block-list\">\n<li>Ime \"Chrysokol\" dolazi od gr\u010dkih rije\u010di \"chrysos\" i \"kolla\", \u0161to zna\u010di \"zlato\" i \"ljepilo\". \u010cesto se koristio kao sredstvo za lemljenje zlata. Krizokol je bakreni silikat. \u010cesto se stvara s bakrenim solima, \u017eeljeznim i manganovim oksidima. Najpoznatija je po svojoj atraktivnoj, jarkoj plavozelenoj boji. Njegova boja je zbog prisutnosti ne\u010disto\u0107a bakra. \u010cisti krizokol je vrlo rijedak. \u010cesto raste s drugim mineralima bakra, daju\u0107i mu zanimljive i jedinstvene kombinacije boja i prekrasne pjegave uzorke. Neke od uobi\u010dajenih mje\u0161avina minerala uklju\u010duju azurit, malahit i tirkiz.<\/li>\n\n\n\n<li>Krizokola se tako\u0111er mo\u017ee formirati s Kvarcom. Ove kvarcno-hibridne smjese su tvr\u0111e i trajnije od \u010distih Krizokola. Pojavljuje se u jarkim i privla\u010dnim nijansama od svijetlo do tamno plave i zelene boje. Gotovo je uvijek neproziran, iako se neki rijetki materijali mogu \u010diniti malo ili gotovo prozirnim.<\/li>\n<\/ul>\n\n\n\n<h3 class=\"wp-block-heading\"><span style=\"color: #800080;\"><strong>Ljekovita * Metafizi\u010dka svojstva<\/strong><\/span><\/h3>\n\n\n\n<ul class=\"wp-block-list\">\n<li>artritis, depresija, dijabetes, gr\u010devi, grlo, groznica, infekcije, nadahnu\u0107e, jetra, krvni pritisak, kukovi, laringitis, ljubav, ljutnja, meditacija, menstrualna bol, mir, negativna energija, negativnost, opekline, nje\u017enost, o\u017eiljci, reumatizam, samopouzdanje, snaga, srce, stabilnost, strah, stres, \u0161titnja\u010da, tolerancija, u\u010denje, nervna napetost\u2026<\/li>\n<\/ul>\n\n\n\n<div class=\"wp-block-button aligncenter\"><a class=\"wp-block-button__link has-text-color has-background wp-element-button\" href=\"https:\/\/moirai.si\/hr\/kategorija-proizvoda\/kupnja-kamenjem\/krizokol-2\/\" style=\"color:#2d2c2c;background-color:#ddc942\" target=\"_blank\" rel=\"noreferrer noopener\">Trgovina Krizokola<\/a><\/div>\n\n\n<div class=\"wp-block-image is-resized\">\n<figure class=\"alignleft\"><a href=\"https:\/\/moirai.si\/hr\/cakra\/\"><img loading=\"lazy\" decoding=\"async\" width=\"500\" height=\"500\" src=\"https:\/\/moirai.si\/wp-content\/uploads\/2019\/09\/\u010dakra.jpg\" alt=\"\" class=\"wp-image-14534\" style=\"width:125px\" srcset=\"https:\/\/moirai.si\/wp-content\/uploads\/2019\/09\/\u010dakra.jpg 500w, https:\/\/moirai.si\/wp-content\/uploads\/2019\/09\/\u010dakra-100x100.jpg 100w\" sizes=\"auto, (max-width: 500px) 100vw, 500px\" \/><\/a><\/figure>\n<\/div>\n\n\n<p><a href=\"https:\/\/moirai.si\/hr\/cakra\/\">\u010cakra<\/a><\/p>\n\n\n\n<p class=\"has-small-font-size\">** Navedena ljekovita i metafizi\u010dka svojstva kamenja prikupljena su iz razli\u010ditih izvora. Informacije su dostupne samo kao usluga, a ne za lije\u010denje bolesti. Moirai ne jam\u010di potpunu valjanost gore navedenog.<\/p>\n\n\n\n<h3 class=\"wp-block-heading\"><span style=\"color: #800080;\"><strong>Karakteristike minerala<\/strong><\/span><\/h3>\n\n\n\n<figure class=\"wp-block-table\"><table><tbody><tr><td>Kemijski sastav<\/td><td>(Cu,Al)2H2Si2O5(OH)4nH2O<\/td><\/tr><tr><td>Boja<\/td><td>zelena, plava, plavo-zelena, crno-plava, sme\u0111a<\/td><\/tr><tr><td>Tvrdo\u0107a (Mohs)<\/td><td>2-4<\/td><\/tr><tr><td>Specifi\u010dna te\u017eina<\/td><td>2.00 &#8211; 2.40<\/td><\/tr><tr><td>Indeks loma<\/td><td>1.460 &#8211; 1.570<\/td><\/tr><\/tbody><\/table><\/figure>\n\n\n\n<h3 class=\"wp-block-heading\"><span style=\"color: #800080;\"><strong>Izvor minerala<\/strong><\/span><\/h3>\n\n\n<div class=\"wp-block-image is-resized\">\n<figure class=\"alignleft size-large\"><img loading=\"lazy\" decoding=\"async\" width=\"189\" height=\"104\" src=\"https:\/\/moirai.si\/wp-content\/uploads\/2020\/01\/svet.jpg\" alt=\"\" class=\"wp-image-15658\" style=\"width:125px\"\/><\/figure>\n<\/div>\n\n\n<ul class=\"wp-block-list\">\n<li>\u010cile, Kongo, Engleska, Meksiko, Peru, Rusija, SAD\u2026<\/li>\n<\/ul>\n\n\n\n<h3 class=\"wp-block-heading\"><span style=\"color: #800080;\"><strong>Briga<\/strong><\/span><\/h3>\n\n\n\n<ul class=\"wp-block-list\">\n<li>Krizokol je prili\u010dno mekan kamen. Mo\u017ee se ogrebati drugim mineralima i nakitom, pa se mora odvojeno nositi i \u010distiti. Za \u010di\u0161\u0107enje koristite sapun i meku krpu. Svakako temeljito operite kamen kako biste uklonili ostatke sapuna. Kao i kod ve\u0107ine kamenja, ultrazvu\u010dni ure\u0111aji i pare ne preporu\u010duju se.<\/li>\n\n\n\n<li>Najbolje je pohraniti kameni nakit u kutiju prekrivenu krpom ili zamotati u tkaninu odvojeno od ostalih, \u010dime se spre\u010davaju o\u0161te\u0107enja i mogu\u0107e ogrebotine. Preporu\u010dljivo je ne nositi nakit tijekom velikih fizi\u010dkih aktivnosti kao \u0161to su vje\u017ebanje ili sport. Izbjegavajte prskanje parfema na va\u0161 nakit i kamenje.<\/li>\n<\/ul>\n\n\n\n<div class=\"wp-block-button aligncenter\"><a class=\"wp-block-button__link has-text-color has-background wp-element-button\" href=\"https:\/\/moirai.si\/hr\/kategorija-proizvoda\/kupnja-kamenjem\/krizokol-2\/\" style=\"color:#2d2c2c;background-color:#ddc942\" target=\"_blank\" rel=\"noreferrer noopener\">Trgovina Krizokola<\/a><\/div>\n\n\n\n<p class=\"has-text-align-center\">Za <strong><span style=\"color: #800080;\">10<\/span>%<\/strong> popusta koristite kod: <span style=\"color: #800080;\"><strong>moirai26 <\/strong><\/span>(koda je veljavna do 31.12.2026)!<\/p>\n\n\n\n<h3 class=\"wp-block-heading\"><span style=\"color: #800080;\"><strong>Horoskop<\/strong><\/span><\/h3>\n\n\n<div class=\"wp-block-image\">\n<figure class=\"alignleft size-large\"><img loading=\"lazy\" decoding=\"async\" width=\"116\" height=\"111\" src=\"https:\/\/moirai.si\/wp-content\/uploads\/2020\/01\/horoskop.jpg\" alt=\"\" class=\"wp-image-15659\"\/><\/figure>\n<\/div>\n\n\n<ul class=\"wp-block-list\">\n<li>Strijelac, Bik, Rak, Vodenjak, Vaga<\/li>\n<\/ul>","protected":false},"excerpt":{"rendered":"<p>Zgodovina Zdravilno * Metafizi\u010dne lastnosti \u010cakra ** Navedene zdravilne in metafizi\u010dne lastnosti kamnov so zbrane iz ve\u010d razli\u010dnih virov. Informacije so na voljo le kot storitev in ne za zdravljenje bolezni. Moirai.si ne jam\u010di popolne veljavnosti navedenega. Zna\u010dilnosti minerala Kemijska sestava (Cu,Al)2H2Si2O5(OH)4nH2O Barva zelena, modra, modro-zelena, \u010drno-modra, rjava Trdota (Mohs) 2-4 Specifi\u010dna te\u017ea 2.00 &#8211; [&hellip;]<\/p>\n","protected":false},"author":1,"featured_media":0,"parent":0,"menu_order":0,"comment_status":"closed","ping_status":"closed","template":"template-products-page.php","meta":{"footnotes":""},"class_list":["post-11721","page","type-page","status-publish","hentry"],"_links":{"self":[{"href":"https:\/\/moirai.si\/hr\/wp-json\/wp\/v2\/pages\/11721","targetHints":{"allow":["GET"]}}],"collection":[{"href":"https:\/\/moirai.si\/hr\/wp-json\/wp\/v2\/pages"}],"about":[{"href":"https:\/\/moirai.si\/hr\/wp-json\/wp\/v2\/types\/page"}],"author":[{"embeddable":true,"href":"https:\/\/moirai.si\/hr\/wp-json\/wp\/v2\/users\/1"}],"replies":[{"embeddable":true,"href":"https:\/\/moirai.si\/hr\/wp-json\/wp\/v2\/comments?post=11721"}],"version-history":[{"count":11,"href":"https:\/\/moirai.si\/hr\/wp-json\/wp\/v2\/pages\/11721\/revisions"}],"predecessor-version":[{"id":27143,"href":"https:\/\/moirai.si\/hr\/wp-json\/wp\/v2\/pages\/11721\/revisions\/27143"}],"wp:attachment":[{"href":"https:\/\/moirai.si\/hr\/wp-json\/wp\/v2\/media?parent=11721"}],"curies":[{"name":"wp","href":"https:\/\/api.w.org\/{rel}","templated":true}]}}