{"id":13697,"date":"2019-06-22T15:10:54","date_gmt":"2019-06-22T15:10:54","guid":{"rendered":"https:\/\/moirai.si\/?page_id=13697"},"modified":"2026-01-02T13:35:52","modified_gmt":"2026-01-02T13:35:52","slug":"epidot","status":"publish","type":"page","link":"https:\/\/moirai.si\/hr\/epidot\/","title":{"rendered":"Epidot"},"content":{"rendered":"<div class=\"wp-block-button aligncenter\"><a class=\"wp-block-button__link has-text-color has-background wp-element-button\" href=\"https:\/\/moirai.si\/hr\/kategorija-proizvoda\/kupnja-kamenjem\/epidot\/\" style=\"color:#2d2c2c;background-color:#ddc942\" target=\"_blank\" rel=\"noreferrer noopener\">Trgovina Epidot<\/a><\/div>\n\n\n\n<h3 class=\"wp-block-heading\"><span style=\"color: #800080;\"><strong>Povjest<\/strong><\/span><\/h3>\n\n\n<div class=\"wp-block-image is-resized\">\n<figure class=\"alignright size-large\"><img loading=\"lazy\" decoding=\"async\" width=\"566\" height=\"566\" src=\"https:\/\/moirai.si\/wp-content\/uploads\/2020\/01\/epidot.jpg\" alt=\"\" class=\"wp-image-15691\" style=\"object-fit:cover;width:125px;height:125px\" srcset=\"https:\/\/moirai.si\/wp-content\/uploads\/2020\/01\/epidot.jpg 566w, https:\/\/moirai.si\/wp-content\/uploads\/2020\/01\/epidot-100x100.jpg 100w, https:\/\/moirai.si\/wp-content\/uploads\/2020\/01\/epidot-501x501.jpg 501w, https:\/\/moirai.si\/wp-content\/uploads\/2020\/01\/epidot-500x500.jpg 500w\" sizes=\"auto, (max-width: 566px) 100vw, 566px\" \/><\/figure>\n<\/div>\n\n\n<ul class=\"wp-block-list\">\n<li>Epidot je nazvao Rene Just Ha\u00fcy 1801. godine prema gr\u010dkoj rije\u010di \"\u03b5\u03c0\u03b9\u03b4\u03bf\u03c3\u03b9\u03b6\" (epidosis) \u0161to zna\u010di \"pove\u0107ati se\" jer ima kristalnu karakteristiku jedne du\u017ee stranice u bazi prizme. Mo\u017ee se definirati kao kalcij aluminij \u017eeljezo silikat. Obi\u010dno sadr\u017ei razli\u010dite boje zelene, sme\u0111e i \u017eute. Epidot je tako\u0111er klju\u010dna komponenta nekih stijena. Epidozit je kamen sastavljen od kvarca i epidota. Unakit je modificirani granit koji se sastoji od epidota, ru\u017ei\u010daste gline i bezbojnog kvarca.<\/li>\n<\/ul>\n\n\n\n<h3 class=\"wp-block-heading\"><span style=\"color: #800080;\"><strong>Ljekovita * Metafizi\u010dka svojstva<\/strong><\/span><\/h3>\n\n\n\n<ul class=\"wp-block-list\">\n<li>prosperitet, imunolo\u0161ki sustav, jetra, ljutnja, ljubav, ljubomora, nadbubre\u017ena \u017elijezda, negativna energija, negativne misli, obilje, odnosi, pohlepa, probava, metabolizam, snovi, srame\u017eljivost, sre\u0107a, strah, \u0161titnja\u010da, ljutnja, za\u0161tita, povjerenje, \u017eiv\u010dani sustav , \u017eu\u010dni mjehur..<\/li>\n<\/ul>\n\n\n\n<div class=\"wp-block-button aligncenter\"><a class=\"wp-block-button__link has-text-color has-background wp-element-button\" href=\"https:\/\/moirai.si\/hr\/kategorija-proizvoda\/kupnja-kamenjem\/epidot\/\" style=\"color:#2d2c2c;background-color:#ddc942\" target=\"_blank\" rel=\"noreferrer noopener\">Trgovina Epidot<\/a><\/div>\n\n\n<div class=\"wp-block-image is-resized\">\n<figure class=\"alignleft\"><a href=\"https:\/\/moirai.si\/hr\/cakra\/\"><img loading=\"lazy\" decoding=\"async\" width=\"500\" height=\"500\" src=\"https:\/\/moirai.si\/wp-content\/uploads\/2019\/09\/\u010dakra.jpg\" alt=\"\" class=\"wp-image-14534\" style=\"object-fit:cover;width:125px;height:125px\" srcset=\"https:\/\/moirai.si\/wp-content\/uploads\/2019\/09\/\u010dakra.jpg 500w, https:\/\/moirai.si\/wp-content\/uploads\/2019\/09\/\u010dakra-100x100.jpg 100w\" sizes=\"auto, (max-width: 500px) 100vw, 500px\" \/><\/a><\/figure>\n<\/div>\n\n\n<p><a href=\"https:\/\/moirai.si\/hr\/cakra\/\">\u010cakra<\/a><\/p>\n\n\n\n<p class=\"has-small-font-size\">** Navedena ljekovita i metafizi\u010dka svojstva kamenja prikupljena su iz razli\u010ditih izvora. Informacije su dostupne samo kao usluga, a ne za lije\u010denje bolesti. Moirai ne jam\u010di potpunu valjanost gore navedenog.<\/p>\n\n\n\n<h3 class=\"wp-block-heading\"><span style=\"color: #800080;\"><strong>Karakteristike minerala<\/strong><\/span><\/h3>\n\n\n\n<figure class=\"wp-block-table\"><table><tbody><tr><td>Kemijski sastav<\/td><td>Ca2(Fe,Al)3(SiO4)3(OH)<\/td><\/tr><tr><td>Boja<\/td><td>zelena, \u017euto-zelena, crno-zelena<\/td><\/tr><tr><td>Tvrdo\u0107a (Mohs)<\/td><td>6 &#8211; 7<\/td><\/tr><tr><td>Specifi\u010dna te\u017eina<\/td><td>3.00-3.50<\/td><\/tr><tr><td>Indeks loma<\/td><td>1.729-1.768<\/td><\/tr><\/tbody><\/table><\/figure>\n\n\n\n<h3 class=\"wp-block-heading\"><span style=\"color: #800080;\"><strong>Izvor minerala<\/strong><\/span><\/h3>\n\n\n<div class=\"wp-block-image is-resized\">\n<figure class=\"alignleft size-large\"><img loading=\"lazy\" decoding=\"async\" width=\"189\" height=\"104\" src=\"https:\/\/moirai.si\/wp-content\/uploads\/2020\/01\/svet.jpg\" alt=\"\" class=\"wp-image-15658\" style=\"width:125px\"\/><\/figure>\n<\/div>\n\n\n<ul class=\"wp-block-list\">\n<li>Australija, Austrija, Brazil, Kina, \u010ce\u0161ka, Slova\u010dka, Finska, Francuska, Italija, Japan, Kenija, Koreja, Madagaskar, Meksiko, Mozambik, Mijanmar (Burma), Norve\u0161ka, \u0160vicarska, \u0160ri Lanka, SAD\u2026<\/li>\n<\/ul>\n\n\n\n<h3 class=\"wp-block-heading\"><span style=\"color: #800080;\"><strong>Briga<\/strong><\/span><\/h3>\n\n\n\n<ul class=\"wp-block-list\">\n<li>Epidot se lako \u010disti toplom vodom i sapunicom i mekom krpom ili \u010detkom. Svakako ga dobro isperite kako biste uklonili ostatke sapuna. Jaspis je prili\u010dno porozan, \u0161to mu omogu\u0107uje brzo bojanje, jer lako upija druge kemikalije i boje. Izbjegavajte dugotrajno izlaganje toplini jer zagrijavanje mo\u017ee trajno promijeniti boju va\u0161eg kamenja. Nakit od kamenja ili samo kamenje najbolje je staviti u kutiju oblo\u017eenu tkaninom ili zamotati u krpu odvojeno od ostalih kako ne bi do\u0161lo do o\u0161te\u0107enja i ogrebotina. Preporu\u010da se skidanje nakita tijekom ve\u0107ih tjelesnih aktivnosti, poput vje\u017ebanja ili sporta. Izbjegavajte prskanje parfema i laka za kosu izravno na nakit i kamenje.<\/li>\n<\/ul>\n\n\n\n<div class=\"wp-block-button aligncenter\"><a class=\"wp-block-button__link has-text-color has-background wp-element-button\" href=\"https:\/\/moirai.si\/hr\/kategorija-proizvoda\/kupnja-kamenjem\/epidot\/\" style=\"color:#2d2c2c;background-color:#ddc942\" target=\"_blank\" rel=\"noreferrer noopener\">Trgovina Epidot<\/a><\/div>\n\n\n\n<p class=\"has-text-align-center\">Za <strong><span style=\"color: #800080;\">10<\/span>%<\/strong> popusta koristite kod: <span style=\"color: #800080;\"><strong>moirai26 <\/strong><\/span>(koda je veljavna do 31.12.2026)!<\/p>\n\n\n\n<h3 class=\"wp-block-heading\"><span style=\"color: #800080;\"><strong>Horoskop<\/strong><\/span><\/h3>\n\n\n<div class=\"wp-block-image\">\n<figure class=\"alignleft size-large\"><img loading=\"lazy\" decoding=\"async\" width=\"116\" height=\"111\" src=\"https:\/\/moirai.si\/wp-content\/uploads\/2020\/01\/horoskop.jpg\" alt=\"\" class=\"wp-image-15659\"\/><\/figure>\n<\/div>\n\n\n<ul class=\"wp-block-list\">\n<li>Blizanci<\/li>\n<\/ul>","protected":false},"excerpt":{"rendered":"<p>Zgodovina Zdravilno * Metafizi\u010dne lastnosti \u010cakra ** Navedene zdravilne in metafizi\u010dne lastnosti kamnov so zbrane iz ve\u010d razli\u010dnih virov. Informacije so na voljo le kot storitev in ne za zdravljenje bolezni. Moirai.si ne jam\u010di popolne veljavnosti navedenega. Zna\u010dilnosti minerala Kemijska sestava Ca2(Fe,Al)3(SiO4)3(OH) Barva zelena, rumeno-zelena, \u010drno-zelena Trdota (Mohs) 6 &#8211; 7 Specifi\u010dna te\u017ea 3.00-3.50 Lomni [&hellip;]<\/p>\n","protected":false},"author":1,"featured_media":0,"parent":0,"menu_order":0,"comment_status":"closed","ping_status":"closed","template":"template-products-page.php","meta":{"footnotes":""},"class_list":["post-13697","page","type-page","status-publish","hentry"],"_links":{"self":[{"href":"https:\/\/moirai.si\/hr\/wp-json\/wp\/v2\/pages\/13697","targetHints":{"allow":["GET"]}}],"collection":[{"href":"https:\/\/moirai.si\/hr\/wp-json\/wp\/v2\/pages"}],"about":[{"href":"https:\/\/moirai.si\/hr\/wp-json\/wp\/v2\/types\/page"}],"author":[{"embeddable":true,"href":"https:\/\/moirai.si\/hr\/wp-json\/wp\/v2\/users\/1"}],"replies":[{"embeddable":true,"href":"https:\/\/moirai.si\/hr\/wp-json\/wp\/v2\/comments?post=13697"}],"version-history":[{"count":14,"href":"https:\/\/moirai.si\/hr\/wp-json\/wp\/v2\/pages\/13697\/revisions"}],"predecessor-version":[{"id":27183,"href":"https:\/\/moirai.si\/hr\/wp-json\/wp\/v2\/pages\/13697\/revisions\/27183"}],"wp:attachment":[{"href":"https:\/\/moirai.si\/hr\/wp-json\/wp\/v2\/media?parent=13697"}],"curies":[{"name":"wp","href":"https:\/\/api.w.org\/{rel}","templated":true}]}}