{"id":13707,"date":"2019-06-22T15:15:57","date_gmt":"2019-06-22T15:15:57","guid":{"rendered":"https:\/\/moirai.si\/?page_id=13707"},"modified":"2026-01-02T14:48:32","modified_gmt":"2026-01-02T14:48:32","slug":"zoisit","status":"publish","type":"page","link":"https:\/\/moirai.si\/hr\/zoisit\/","title":{"rendered":"Zoisit"},"content":{"rendered":"\n<div class=\"wp-block-button aligncenter\"><a class=\"wp-block-button__link has-text-color has-background wp-element-button\" href=\"https:\/\/moirai.si\/izdelek-kategorija\/nakup-po-kamnih\/zoisit\/\" style=\"color:#2d2c2c;background-color:#ddc942\" target=\"_blank\" rel=\"noreferrer noopener\">Trgovina Zoisit<\/a><\/div>\n\n\n\n<h3 class=\"wp-block-heading\"><span style=\"color: #800080;\"><strong>Zgodovina<\/strong><\/span><\/h3>\n\n\n<div class=\"wp-block-image is-resized\">\n<figure class=\"alignright size-thumbnail\"><img loading=\"lazy\" decoding=\"async\" width=\"500\" height=\"500\" src=\"https:\/\/moirai.si\/wp-content\/uploads\/2020\/02\/zoisit-500x500.jpg\" alt=\"\" class=\"wp-image-15835\" style=\"width:125px\" srcset=\"https:\/\/moirai.si\/wp-content\/uploads\/2020\/02\/zoisit-500x500.jpg 500w, https:\/\/moirai.si\/wp-content\/uploads\/2020\/02\/zoisit-100x100.jpg 100w, https:\/\/moirai.si\/wp-content\/uploads\/2020\/02\/zoisit-501x501.jpg 501w, https:\/\/moirai.si\/wp-content\/uploads\/2020\/02\/zoisit.jpg 566w\" sizes=\"auto, (max-width: 500px) 100vw, 500px\" \/><\/figure>\n<\/div>\n\n\n<ul class=\"wp-block-list\">\n<li>Zoisit je bil prvotno imenovan Saulapit zaradi mesta Saulape na avstrijskem koro\u0161kem. Ime Zoisit je uvedel A.G. Werner leta 1805 v \u010dast Sigmundu Zoisu (1747-1819), avstrijskemu u\u010denjaku, ki je financiral zbirateljsko ekspedicijo. Od barona Zoisa je Werner dobil primerek iz Saualpeja, ki ga je leta 1804 na\u0161el trgovec z minerali Simon Pre\u0161ern. Rubin Zoisit je naravna kombinacija kristalov Rubina in Zoisita. Znan je tudi kot Aniolit. To ime izhaja iz Masajske besede za \u00bbzeleno\u00ab (anyoli). Druge razli\u010dice imen so \u00bbRubin v Zoisitu\u00ab in \u00bbTanganika umetni\u0161ki kamen\u00ab. Rubin Zoisit je prvi\u010d odkril Tom Blevins v rudni\u0161kem mestu Longido (Tanzanija). Tanzanija je edini vir za \u010dudovite primerke Rubin Zoisita. Blevins je sprva mislil, da je leta 1949 na\u0161el ogromne depozite Rubina, vendar se je kasneje izkazalo, da je to zelena Zoisitova matrica z velikimi vklju\u010dki ve\u010dinoma neprozornega Rubina. Rubin Zoisit se lahko zelo razlikuje po barvi, vzorcu in trdoti. Zoisit zagotavlja zemeljsko zeleno barvo, medtem ko Rubinovi vklju\u010dki dajejo ro\u017enate in rde\u010de poudarke.<\/li>\n<\/ul>\n\n\n\n<h3 class=\"wp-block-heading\"><span style=\"color: #800080;\"><strong>Zdravilno * Metafizi\u010dne lastnosti<\/strong><\/span><\/h3>\n\n\n\n<ul class=\"wp-block-list\">\n<li>tesnoba, astralno potovanje, bakterijska oku\u017eba, kri, pogum, strah, plodnost, frigidnost, harmonija, zdravljenje, srce, impotenca, veselje, meditacija, menopavza, nihanje v razpolo\u017eenju, negativna energija, strast, potrpe\u017eljivost, psihi\u010dna sposobnost, samokontrola, samopodoba, spolna mo\u010d, duhovnost, spontanost, mo\u010d&#8230;<\/li>\n<\/ul>\n\n\n<div class=\"wp-block-image is-resized\">\n<figure class=\"alignleft\"><a href=\"https:\/\/moirai.si\/cakra\/\"><img loading=\"lazy\" decoding=\"async\" width=\"500\" height=\"500\" src=\"https:\/\/moirai.si\/wp-content\/uploads\/2019\/09\/\u010dakra.jpg\" alt=\"\" class=\"wp-image-14534\" style=\"width:125px\" srcset=\"https:\/\/moirai.si\/wp-content\/uploads\/2019\/09\/\u010dakra.jpg 500w, https:\/\/moirai.si\/wp-content\/uploads\/2019\/09\/\u010dakra-100x100.jpg 100w\" sizes=\"auto, (max-width: 500px) 100vw, 500px\" \/><\/a><\/figure>\n<\/div>\n\n\n<p><a href=\"https:\/\/moirai.si\/cakra\/\">\u010cakra<\/a><\/p>\n\n\n\n<p class=\"has-small-font-size\">** Navedene zdravilne in metafizi\u010dne lastnosti kamnov so zbrane iz ve\u010d razli\u010dnih virov. Informacije so na voljo le kot storitev in ne za zdravljenje bolezni. Moirai.si ne jam\u010di popolne veljavnosti navedenega.<\/p>\n\n\n\n<h3 class=\"wp-block-heading\"><span style=\"color: #800080;\"><strong>Zna\u010dilnosti minerala<\/strong><\/span><\/h3>\n\n\n\n<figure class=\"wp-block-table\"><table><tbody><tr><td>Kemijska sestava<\/td><td>Ca<sub>2<\/sub>Al<sub>3<\/sub>[Si<sub>2<\/sub>O<sub>7<\/sub>][SiO<sub>4<\/sub>]O(OH)<\/td><\/tr><tr><td>Barva<\/td><td>prosojna, vijoli\u010dna, sivo-bela, siva, rumeno-rjava, rumena, roza, zelena<\/td><\/tr><tr><td>Trdota (Mohs)<\/td><td>6.5- 7<\/td><\/tr><tr><td>Specifi\u010dna te\u017ea<\/td><td>3.35<\/td><\/tr><tr><td>Lomni koli\u010dnik<\/td><td>1.691-1.700<\/td><\/tr><\/tbody><\/table><\/figure>\n\n\n\n<h3 class=\"wp-block-heading\"><span style=\"color: #800080;\"><strong>Izvor in viri minerala<\/strong><\/span><\/h3>\n\n\n<div class=\"wp-block-image is-resized\">\n<figure class=\"alignleft size-large\"><img loading=\"lazy\" decoding=\"async\" width=\"189\" height=\"104\" src=\"https:\/\/moirai.si\/wp-content\/uploads\/2020\/01\/svet.jpg\" alt=\"\" class=\"wp-image-15658\" style=\"width:125px\"\/><\/figure>\n<\/div>\n\n\n<ul class=\"wp-block-list\">\n<li><span style=\"color: #800080;\"><strong>Zoisit<\/strong><\/span>: Afganistan, Avstralija, Avstrija, Belgija, Brazilija, Bolgarija, Kanada, \u010cile, Kitajska, \u010ce\u0161ka, Poljska, Danska, Ekvador, Indija, Irska, Italija, Jamajka, Japonska, Kazakstan, Madagaskar, Mehika, Nova Zelandija, Norve\u0161ka, Tanzanija, Slovenija&#8230;<\/li>\n\n\n\n<li><strong><span style=\"color: #800080;\">Rubin-Zoisit<\/span><\/strong>: Tanzanija<\/li>\n<\/ul>\n\n\n\n<h3 class=\"wp-block-heading\"><span style=\"color: #800080;\"><strong>Nega<\/strong><\/span><\/h3>\n\n\n\n<ul class=\"wp-block-list\">\n<li>Zoisit je mogo\u010de enostavno o\u010distiti s toplo milnico in mehko krpo ali krta\u010do. Bodite prepri\u010dani, da ga dobro sperite, da odstranite morebitne ostanke milnice. Izogibajte se dolgotrajnemu izpostavljanju vro\u010dini, saj lahko ogrevanje trajno spremeni barvo va\u0161ih kamnov. Ko nakit iz kamnov ali same kamne shranjujemo jih je najbolje dati v \u0161katlo prevle\u010deno s tkanino ali pa jih zavijemo v krpico lo\u010deno od ostalih in s tem prepre\u010dimo \u0161kodo in praske. Med ve\u010djimi fizi\u010dnimi aktivnostmi, kot so telovadba ali \u0161porti je priporo\u010dljivo nakit sneti. Izogibajte se pr\u0161enju parfuma in laka za lase direktno po svojem nakitu in kamnih.<\/li>\n<\/ul>\n\n\n\n<div class=\"wp-block-button aligncenter\"><a class=\"wp-block-button__link has-text-color has-background wp-element-button\" href=\"https:\/\/moirai.si\/izdelek-kategorija\/nakup-po-kamnih\/zoisit\/\" style=\"color:#2d2c2c;background-color:#ddc942\" target=\"_blank\" rel=\"noreferrer noopener\">Trgovina Zoisit<\/a><\/div>\n\n\n\n<p class=\"has-text-align-center\">Za <strong><span style=\"color: #800080;\">10<\/span>%<\/strong> popust pri spletnem nakupu uporabite kodo: <span style=\"color: #800080;\"><strong>moirai26 <\/strong><\/span>(koda je veljavna do 31.12.2026)!<\/p>\n\n\n\n<h3 class=\"wp-block-heading\"><span style=\"color: #800080;\"><strong>Horoskop<\/strong><\/span><\/h3>\n\n\n<div class=\"wp-block-image\">\n<figure class=\"alignleft size-large\"><img loading=\"lazy\" decoding=\"async\" width=\"116\" height=\"111\" src=\"https:\/\/moirai.si\/wp-content\/uploads\/2020\/01\/horoskop.jpg\" alt=\"\" class=\"wp-image-15659\"\/><\/figure>\n<\/div>\n\n\n<ul class=\"wp-block-list\">\n<li>Oven, Vodnar<\/li>\n<\/ul>\n","protected":false},"excerpt":{"rendered":"<p>Zgodovina Zdravilno * Metafizi\u010dne lastnosti \u010cakra ** Navedene zdravilne in metafizi\u010dne lastnosti kamnov so zbrane iz ve\u010d razli\u010dnih virov. Informacije so na voljo le kot storitev in ne za zdravljenje bolezni. Moirai.si ne jam\u010di popolne veljavnosti navedenega. Zna\u010dilnosti minerala Kemijska sestava Ca2Al3[Si2O7][SiO4]O(OH) Barva prosojna, vijoli\u010dna, sivo-bela, siva, rumeno-rjava, rumena, roza, zelena Trdota (Mohs) 6.5- 7 [&hellip;]<\/p>\n","protected":false},"author":1,"featured_media":0,"parent":0,"menu_order":0,"comment_status":"closed","ping_status":"closed","template":"template-products-page.php","meta":{"footnotes":""},"class_list":["post-13707","page","type-page","status-publish","hentry"],"_links":{"self":[{"href":"https:\/\/moirai.si\/hr\/wp-json\/wp\/v2\/pages\/13707","targetHints":{"allow":["GET"]}}],"collection":[{"href":"https:\/\/moirai.si\/hr\/wp-json\/wp\/v2\/pages"}],"about":[{"href":"https:\/\/moirai.si\/hr\/wp-json\/wp\/v2\/types\/page"}],"author":[{"embeddable":true,"href":"https:\/\/moirai.si\/hr\/wp-json\/wp\/v2\/users\/1"}],"replies":[{"embeddable":true,"href":"https:\/\/moirai.si\/hr\/wp-json\/wp\/v2\/comments?post=13707"}],"version-history":[{"count":16,"href":"https:\/\/moirai.si\/hr\/wp-json\/wp\/v2\/pages\/13707\/revisions"}],"predecessor-version":[{"id":27251,"href":"https:\/\/moirai.si\/hr\/wp-json\/wp\/v2\/pages\/13707\/revisions\/27251"}],"wp:attachment":[{"href":"https:\/\/moirai.si\/hr\/wp-json\/wp\/v2\/media?parent=13707"}],"curies":[{"name":"wp","href":"https:\/\/api.w.org\/{rel}","templated":true}]}}