{"id":276,"date":"2015-06-18T20:05:57","date_gmt":"2015-06-18T20:05:57","guid":{"rendered":"http:\/\/moirai.si\/?page_id=276"},"modified":"2023-12-06T11:29:27","modified_gmt":"2023-12-06T11:29:27","slug":"kontakt","status":"publish","type":"page","link":"https:\/\/moirai.si\/hr\/kontakt\/","title":{"rendered":"Kontakt"},"content":{"rendered":"<h3 class=\"wp-block-heading has-text-align-center\">info@moirai.si<\/h3>\n\n\n\n<h3 class=\"wp-block-heading has-text-align-center\">Telefon: <strong>040781999<\/strong><\/h3>\n\n\n\n<p class=\"has-text-align-center has-normal-font-size\">Mo\u017eete nas nazvati od ponedjeljka do petka izme\u0111u 12:00 i 16:00 ili po dogovoru izvan radnog vremena <\/p>\n\n\n\n<p class=\"has-text-align-center has-normal-font-size\">(za zakazivanje termina po\u0161aljite nam poruku na telefon ili e-mail adresu)<\/p>\n\n\n\n<h3 class=\"wp-block-heading has-text-align-center\">Ukoliko imate pitanja ili \u017eelja, uvijek Vam stojimo na raspolaganju!<\/h3>\n\n\n\n<p><\/p>","protected":false},"excerpt":{"rendered":"<p>info@moirai.si Tel: 040781999 Pokli\u010dete nas lahko od ponedeljka do petka med 12h in 16h oz. po dogovoru izven delovnega \u010dasa (za termin nam prosim po\u0161ljite sporo\u010dilo na telefon ali elektronski naslov) V primeru morebitnih vpra\u0161anj ali \u017eelja smo vam vedno na voljo!<\/p>","protected":false},"author":1,"featured_media":0,"parent":0,"menu_order":0,"comment_status":"closed","ping_status":"open","template":"template-products-page.php","meta":{"footnotes":""},"class_list":["post-276","page","type-page","status-publish","hentry"],"_links":{"self":[{"href":"https:\/\/moirai.si\/hr\/wp-json\/wp\/v2\/pages\/276","targetHints":{"allow":["GET"]}}],"collection":[{"href":"https:\/\/moirai.si\/hr\/wp-json\/wp\/v2\/pages"}],"about":[{"href":"https:\/\/moirai.si\/hr\/wp-json\/wp\/v2\/types\/page"}],"author":[{"embeddable":true,"href":"https:\/\/moirai.si\/hr\/wp-json\/wp\/v2\/users\/1"}],"replies":[{"embeddable":true,"href":"https:\/\/moirai.si\/hr\/wp-json\/wp\/v2\/comments?post=276"}],"version-history":[{"count":7,"href":"https:\/\/moirai.si\/hr\/wp-json\/wp\/v2\/pages\/276\/revisions"}],"predecessor-version":[{"id":24498,"href":"https:\/\/moirai.si\/hr\/wp-json\/wp\/v2\/pages\/276\/revisions\/24498"}],"wp:attachment":[{"href":"https:\/\/moirai.si\/hr\/wp-json\/wp\/v2\/media?parent=276"}],"curies":[{"name":"wp","href":"https:\/\/api.w.org\/{rel}","templated":true}]}}