{"id":4082,"date":"2015-12-05T19:01:23","date_gmt":"2015-12-05T19:01:23","guid":{"rendered":"http:\/\/moirai.si\/?page_id=4082"},"modified":"2026-01-02T13:41:19","modified_gmt":"2026-01-02T13:41:19","slug":"ahat","status":"publish","type":"page","link":"https:\/\/moirai.si\/hr\/ahat\/","title":{"rendered":"Ahat"},"content":{"rendered":"<div class=\"wp-block-button aligncenter is-style-fill\"><a class=\"wp-block-button__link has-text-color has-background wp-element-button\" href=\"https:\/\/moirai.si\/hr\/kategorija-proizvoda\/kupnja-kamenjem\/ahat\/\" style=\"color:#2d2c2c;background-color:#ddc942\">Trgovina Ahat<\/a><\/div>\n\n\n\n<h3 class=\"wp-block-heading\"><strong><span style=\"color: #800080;\">Povjest&nbsp;<\/span>&nbsp;&nbsp;&nbsp;&nbsp;&nbsp;<\/strong><strong>&nbsp;&nbsp;&nbsp;&nbsp;&nbsp;&nbsp;&nbsp;&nbsp;&nbsp;&nbsp;&nbsp;&nbsp;&nbsp;&nbsp;&nbsp;&nbsp;&nbsp;&nbsp;&nbsp;&nbsp;&nbsp;&nbsp;&nbsp;&nbsp;&nbsp;&nbsp;&nbsp;&nbsp;&nbsp;&nbsp;&nbsp;&nbsp;&nbsp;&nbsp;&nbsp;&nbsp;&nbsp;&nbsp;&nbsp;&nbsp;&nbsp;&nbsp;&nbsp;&nbsp;&nbsp;&nbsp;&nbsp;&nbsp;&nbsp;&nbsp;&nbsp;&nbsp;&nbsp;&nbsp;&nbsp;&nbsp;&nbsp;&nbsp;&nbsp;&nbsp; <\/strong><\/h3>\n\n\n<div class=\"wp-block-image wp-block-image alignright size-thumbnail is-resized\">\n<figure ><img loading=\"lazy\" decoding=\"async\" width=\"500\" height=\"500\" src=\"https:\/\/moirai.si\/wp-content\/uploads\/2020\/01\/ahatn-500x500.jpg\" alt=\"\" class=\"wp-image-15641\" style=\"object-fit:cover;width:125px;height:125px\" srcset=\"https:\/\/moirai.si\/wp-content\/uploads\/2020\/01\/ahatn-500x500.jpg 500w, https:\/\/moirai.si\/wp-content\/uploads\/2020\/01\/ahatn-100x100.jpg 100w, https:\/\/moirai.si\/wp-content\/uploads\/2020\/01\/ahatn-501x501.jpg 501w, https:\/\/moirai.si\/wp-content\/uploads\/2020\/01\/ahatn.jpg 566w\" sizes=\"auto, (max-width: 500px) 100vw, 500px\" \/><\/figure>\n<\/div>\n\n\n<ul class=\"wp-block-list\">\n<li>Kamen je dobio ime po gr\u010dkom filozofu i prirodoslovcu Teofrastu. Prona\u0111en je na obali rijeke Achates na dana\u0161njoj Siciliji izme\u0111u 4. i 3. stolje\u0107a prije Krista. Ahat pripada obitelji Kvarc. Klasificiran je kao kriptokristalna sorta ili Kalcedon. Ahat se obi\u010dno nalazi uz mnogih drugih kamenja i prvenstveno se klasificira kao vulkanski kamen. \u010cesto rastu u d\u017eepovima magmatskih, sedimentnih i metamorfnih kamenja poput Granita. Normalno raste u obliku badema ili sfernog ugljika i primjenjuje se u slojevima kroz dugo vremensko razdoblje, uzrokuju\u0107i tako vidljive linije paralelnih slojeva. Primjeri koji sadr\u017ee slojeve linija razdvojeni su u Ahat, dok su klasificirani kao Kalcedon, Karneol, Mahovina Ahat i druga komercijalna imena.<\/li>\n\n\n\n<li><span style=\"color: #800080;\">Sinonimi, stari nazivi, trgova\u010dki nazivi:<\/span> Ahat geoda, Ahatno Oko, Botsvana Ahat, Dendriti\u010dki Ahat, Drveni Ahat, Fosilni Ahat, Krizokola, Iris Ahat, Jaspis, Zmijski Ahat, Kalcedon, Karneol, Laguna Ahat, Mahovina Ahat, Plavi Ahat, Vatreni Ahat, Oniks, Zemljani Ahat, Sme\u0111i Ahat, Sard, Sardoniks, Sivi Ahat, Tubularni Ahat, Zvijezdani Ahat\u2026<\/li>\n<\/ul>\n\n\n\n<h3 class=\"wp-block-heading\"><span style=\"color: #800080;\"><strong>Ljekovita * Metafizi\u010dka svojstva<\/strong><\/span><\/h3>\n\n\n\n<ul class=\"wp-block-list\">\n<li>ambicioznost, blokade, bubrezi, crijeva, energija, infekcije, krv, mir, mjehur, motivacija, neovisnost, no\u0107ne more, obilje, o\u010di, odlu\u010dnost, optimizam, otpor, promrzlina, pu\u0161enje, samopouzdanje, snaga, srce, sre\u0107a, strah, stres, ubod insekata, postojanost, uzemljenje, za\u0161tita\u2026<\/li>\n<\/ul>\n\n\n\n<ul class=\"wp-block-list\">\n<li><a href=\"https:\/\/moirai.si\/hr\/kategorija-proizvoda\/kupnja-kamenjem\/ahat\/\" target=\"_blank\" rel=\"noopener noreferrer\"><span style=\"color: #800080;\"><strong>Ahatno Oko <\/strong><\/span><\/a>poja\u010dava pretok energije kroz tijelo i poti\u010de regeneracijske procese. Uz njegovu pomo\u0107 br\u017ee posti\u017eemo svoj cilj, a ujedno nam daje odlu\u010dnost.<\/li>\n<\/ul>\n\n\n\n<ul class=\"wp-block-list\">\n<li><a href=\"https:\/\/moirai.si\/hr\/kategorija-proizvoda\/kupnja-kamenjem\/ahat\/\"><span style=\"color: #800080;\"><strong>Botsvana Ahat <\/strong><\/span><\/a>uklanja lo\u0161e navike i pogodan je za one koji \u017eele prestati pu\u0161iti. Tradicionalno se koristi za odr\u017eavanje pozornosti na detalje. Vrlo dobro upija negativnu energiju i je izvrsan za detoksikaciju.<\/li>\n<\/ul>\n\n\n\n<ul class=\"wp-block-list\">\n<li><a href=\"https:\/\/moirai.si\/hr\/kategorija-proizvoda\/kupnja-kamenjem\/ahat\/\"><span style=\"color: #800080;\"><strong>Dendrit Ahat <\/strong><\/span><\/a>ja\u010da samopo\u0161tovanje, unutarnji mir i upornost. Poma\u017ee nam da spoznamo svoju unutarnju snagu. Poja\u010dava protok energije u tijelu. Odli\u010dan je talisman u meditaciji i raznim terapijama. Preporu\u010duje se trudnicama i mladim majkama, jer pru\u017ea sna\u017enu potporu.<\/li>\n<\/ul>\n\n\n\n<ul class=\"wp-block-list\">\n<li><a href=\"https:\/\/moirai.si\/hr\/kategorija-proizvoda\/kupnja-kamenjem\/ahat\/\"><span style=\"color: #800080;\"><strong>Drveni Ahat <\/strong><\/span><\/a>poma\u017ee nam s hipotermije i smrzavanja. \u0160titi nas od infekcija i daje nam hrabrost. Dobro djeluje na bubrege i mjehur. Ja\u010da srce i daje novu motivaciju. Sni\u017eava krvni tlak i blagotvorno djeluje na \u017eiv\u010dani i krvni sustav. Poja\u010dava prirodni imunolo\u0161ki sustav tijela.<\/li>\n<\/ul>\n\n\n\n<ul class=\"wp-block-list\">\n<li><a href=\"https:\/\/moirai.si\/hr\/kategorija-proizvoda\/kupnja-kamenjem\/ahat\/\"><span style=\"color: #800080;\"><strong>Fosilni Ahat <\/strong><\/span><\/a>je kamen sre\u0107e. Regulira yin i yang energiju i pove\u0107ava energiju. Mo\u017ee se koristiti za pristup mudrosti pro\u0161lih svjetova i sje\u0107anju na pro\u0161lost. \u0160titi nas od raznih opasnosti, ubla\u017eava strahove i odr\u017eava vezu me\u0111u voljenima. Je kamen plodnosti i njeguje odanost u partnerstvu.<\/li>\n<\/ul>\n\n\n\n<ul class=\"wp-block-list\">\n<li><a href=\"https:\/\/moirai.si\/hr\/kategorija-proizvoda\/kupnja-kamenjem\/ahat\/\"><span style=\"color: #800080;\"><strong>Zmija Ahat <\/strong><\/span><\/a>simbolizira neovisnost i ambiciju. Donijet \u0107e nam sre\u0107u, radost i zdravlje u na\u0161 \u017eivot. Promi\u010de dug \u017eivot i unosi mir i harmoniju u na\u0161e okru\u017eenje. Preporu\u010duje se osobama sa slu\u0161nim i \u017eelu\u010danim problemima.<\/li>\n<\/ul>\n\n\n\n<ul class=\"wp-block-list\">\n<li><a href=\"https:\/\/moirai.si\/hr\/kategorija-proizvoda\/kupnja-kamenjem\/ahat\/\"><span style=\"color: #800080;\"><strong>Mahovina ahat <\/strong><\/span><\/a>je kamen bogatstva koji privla\u010di obilje i daje nam optimizam. Ubla\u017eava patnju i uklanja blokade. Pobolj\u0161ava samopo\u0161tovanje, uklanja strah i stres.<\/li>\n<\/ul>\n\n\n\n<ul class=\"wp-block-list\">\n<li><a href=\"https:\/\/moirai.si\/hr\/kategorija-proizvoda\/kupnja-kamenjem\/ahat\/\"><span style=\"color: #800080;\"><strong>Vatreni Ahat<\/strong><\/span> <\/a>nudi podr\u0161ku u te\u0161kim trenucima. Ima sna\u017ean utjecaj na unutarnje stanice u tijelu. Koristi se kao dragi kamen jer sprje\u010dava impotenciju i frigidnost. \u0160titi nas od jakih promjena raspolo\u017eenja i iznenadnog bijesa.<\/li>\n<\/ul>\n\n\n\n<ul class=\"wp-block-list\">\n<li><a href=\"https:\/\/moirai.si\/hr\/kategorija-proizvoda\/kupnja-kamenjem\/ahat\/\"><span style=\"color: #800080;\"><strong>Sme\u0111i Ahat <\/strong><\/span><\/a>ubla\u017eava bol od insekata i ja\u010da krv. Pru\u017ea nam otpor od vanjskih utjecaja.<\/li>\n<\/ul>\n\n\n\n<ul class=\"wp-block-list\">\n<li><a href=\"https:\/\/moirai.si\/hr\/kategorija-proizvoda\/kupnja-kamenjem\/ahat\/\"><span style=\"color: #800080;\"><strong>Sivi Ahat <\/strong><\/span><\/a>poma\u017ee nam u lije\u010denju o\u010diju, crijeva i mjehura. Koristi se za za\u0161titu. Dobar je u lije\u010denju o\u010diju. Ja\u010da mjehur, crijeva i \u010disti otrove. Poma\u017ee kod depresije i poti\u010de hrabrost i inicijativu. Uravnote\u017euje logiku i intuiciju i ja\u010da samopouzdanje. Odr\u017eava vitalnost, zdravlje, energiju, mladena\u010dki izgled i dug \u017eivot.<\/li>\n<\/ul>\n\n\n\n<div class=\"wp-block-button aligncenter is-style-fill\"><a class=\"wp-block-button__link has-text-color has-background wp-element-button\" href=\"https:\/\/moirai.si\/hr\/kategorija-proizvoda\/kupnja-kamenjem\/ahat\/\" style=\"color:#2d2c2c;background-color:#ddc942\">Trgovina Ahat<\/a><\/div>\n\n\n<div class=\"wp-block-image wp-block-image alignleft is-resized\">\n<figure ><img loading=\"lazy\" decoding=\"async\" width=\"500\" height=\"500\" src=\"https:\/\/moirai.si\/wp-content\/uploads\/2019\/09\/\u010dakra.jpg\" alt=\"\" class=\"wp-image-14534\" style=\"object-fit:cover;width:125px;height:125px\" srcset=\"https:\/\/moirai.si\/wp-content\/uploads\/2019\/09\/\u010dakra.jpg 500w, https:\/\/moirai.si\/wp-content\/uploads\/2019\/09\/\u010dakra-100x100.jpg 100w\" sizes=\"auto, (max-width: 500px) 100vw, 500px\" \/><\/figure>\n<\/div>\n\n\n<ul class=\"wp-block-list\">\n<li><a href=\"https:\/\/moirai.si\/hr\/cakra\/\">\u010cakra<\/a><\/li>\n<\/ul>\n\n\n\n<p class=\"has-small-font-size\">**Navedena ljekovita i metafizi\u010dka svojstva kamenja prikupljena su iz razli\u010ditih izvora. Informacije su dostupne samo kao usluga, a ne za lije\u010denje bolesti. Moirai ne jam\u010di potpunu valjanost gore navedenog.<\/p>\n\n\n\n<h3 class=\"wp-block-heading\"><span style=\"color: #800080;\"><strong>Karakteristike minerala<\/strong><\/span><\/h3>\n\n\n\n<figure class=\"wp-block-table is-style-regular\"><table><tbody><tr><td><h3>Kemijski sastav<\/h3><\/td><td><h3>SiO<sub>2<\/sub><\/h3><\/td><\/tr><tr><td><h3>Boja<\/h3><\/td><td><h3>sivi, sme\u0111i, svijetlo sivi, bijeli slojevi<\/h3><\/td><\/tr><tr><td><h3>Tvrdo\u0107a (Mohs)<\/h3><\/td><td><h3>6.5-7<\/h3><\/td><\/tr><tr><td><h3>Gusto\u0107a<\/h3><\/td><td><h3>2.58-2.65<\/h3><\/td><\/tr><tr><td><h3>Indeks loma<\/h3><\/td><td><h3>1.530-1.540<\/h3><\/td><\/tr><\/tbody><\/table><\/figure>\n\n\n\n<h3 class=\"wp-block-heading has-text-align-left\"><span style=\"color: #800080;\"><strong>Izvor minerala<\/strong><\/span><\/h3>\n\n\n<div class=\"wp-block-image\">\n<figure class=\"alignleft is-resized\"><img loading=\"lazy\" decoding=\"async\" width=\"189\" height=\"104\" src=\"https:\/\/moirai.si\/wp-content\/uploads\/2019\/09\/svet.jpg\" alt=\"\" class=\"wp-image-14535\" style=\"width:125px\"\/><\/figure>\n<\/div>\n\n\n<ul class=\"wp-block-list\">\n<li>Argentina, Australija, Bocvana, Brazil, Egipat, Njema\u010dka, Indija, Madagaskar, Meksiko, Mjanmar, Urugvaj, SAD\u2026<\/li>\n<\/ul>\n\n\n\n<p><\/p>\n\n\n\n<h3 class=\"wp-block-heading\"><span style=\"color: #800080;\"><strong>Briga<\/strong><\/span><\/h3>\n\n\n\n<ul class=\"wp-block-list\">\n<li>Budu\u0107i da je Ahat Kvarc, treba paziti da se za \u010di\u0161\u0107enje ne koristi stvar koja je tvr\u0111a od njega. Kamen se jednostavno \u010disti mlakom vodom i mekom \u010detkom. \u0160to se ti\u010de ve\u0107ine kamenja i nakita, uporaba kemikalija za ku\u0107anstvo u \u010di\u0161\u0107enju se ne preporu\u010duje. Ekstremna vru\u0107ina mo\u017ee trajno na\u0161tetiti Ahatu.<\/li>\n\n\n\n<li>Najbolje je pohraniti kameni nakit u kutiju prekrivenu krpom ili zamotati u tkaninu odvojeno od ostalih, \u010dime se spre\u010davaju o\u0161te\u0107enja i mogu\u0107e ogrebotine. Preporu\u010dljivo je ne nositi nakit tijekom velikih fizi\u010dkih aktivnosti kao \u0161to su vje\u017ebanje ili sport. Izbjegavajte prskanje parfema na va\u0161 nakit i kamenje.<\/li>\n<\/ul>\n\n\n\n<div class=\"wp-block-button aligncenter is-style-fill\"><a class=\"wp-block-button__link has-text-color has-background wp-element-button\" href=\"https:\/\/moirai.si\/hr\/kategorija-proizvoda\/kupnja-kamenjem\/ahat\/\" style=\"color:#2d2c2c;background-color:#ddc942\">Trgovina Ahat<\/a><\/div>\n\n\n\n<ul class=\"wp-block-list\">\n<li>Za <strong><span style=\"color: #800080;\">10<\/span>%<\/strong> popusta koristite kod: <span style=\"color: #800080;\"><strong>moirai26 <\/strong><\/span>(koda je veljavna do 31.12.2026)!<\/li>\n<\/ul>\n\n\n\n<h3 class=\"wp-block-heading\"><span style=\"color: #800080;\"><strong>Horoskop<\/strong><\/span><\/h3>\n\n\n\n<h3 class=\"wp-block-heading\"><figure><img loading=\"lazy\" decoding=\"async\" class=\"wp-image-14536 alignleft\" src=\"https:\/\/moirai.si\/wp-content\/uploads\/2019\/09\/horoskop.jpg\" alt=\"\" width=\"90\" height=\"87\"\/><\/figure><\/h3>\n\n\n\n<ul class=\"wp-block-list\">\n<li>Blizanci, Djevica, Vodenjak, Bik, Jarac<\/li>\n<\/ul>","protected":false},"excerpt":{"rendered":"<p>Zgodovina&nbsp;&nbsp;&nbsp;&nbsp;&nbsp;&nbsp;&nbsp;&nbsp;&nbsp;&nbsp;&nbsp;&nbsp;&nbsp;&nbsp;&nbsp;&nbsp;&nbsp;&nbsp;&nbsp;&nbsp;&nbsp;&nbsp;&nbsp;&nbsp;&nbsp;&nbsp;&nbsp;&nbsp;&nbsp;&nbsp;&nbsp;&nbsp;&nbsp;&nbsp;&nbsp;&nbsp;&nbsp;&nbsp;&nbsp;&nbsp;&nbsp;&nbsp;&nbsp;&nbsp;&nbsp;&nbsp;&nbsp;&nbsp;&nbsp;&nbsp;&nbsp;&nbsp;&nbsp;&nbsp;&nbsp;&nbsp;&nbsp;&nbsp;&nbsp;&nbsp;&nbsp;&nbsp;&nbsp;&nbsp;&nbsp;&nbsp; Zdravilno * Metafizi\u010dne lastnosti ** Navedene zdravilne in metafizi\u010dne lastnosti kamnov so zbrane iz ve\u010d razli\u010dnih virov. Informacije so na voljo le kot storitev in ne za zdravljenje bolezni. Moirai ne jam\u010di popolne veljavnosti navedenega. Zna\u010dilnosti minerala Kemijska sestava: SiO2 Barva: siva, rjava, svetlo siva, bele plasti Trdota (Mohs): 6.5-7 Gostota: 2.58-2.65 Lomni koli\u010dnik: [&hellip;]<\/p>\n","protected":false},"author":1,"featured_media":0,"parent":0,"menu_order":0,"comment_status":"closed","ping_status":"open","template":"template-products-page.php","meta":{"footnotes":""},"class_list":["post-4082","page","type-page","status-publish","hentry"],"_links":{"self":[{"href":"https:\/\/moirai.si\/hr\/wp-json\/wp\/v2\/pages\/4082","targetHints":{"allow":["GET"]}}],"collection":[{"href":"https:\/\/moirai.si\/hr\/wp-json\/wp\/v2\/pages"}],"about":[{"href":"https:\/\/moirai.si\/hr\/wp-json\/wp\/v2\/types\/page"}],"author":[{"embeddable":true,"href":"https:\/\/moirai.si\/hr\/wp-json\/wp\/v2\/users\/1"}],"replies":[{"embeddable":true,"href":"https:\/\/moirai.si\/hr\/wp-json\/wp\/v2\/comments?post=4082"}],"version-history":[{"count":43,"href":"https:\/\/moirai.si\/hr\/wp-json\/wp\/v2\/pages\/4082\/revisions"}],"predecessor-version":[{"id":27195,"href":"https:\/\/moirai.si\/hr\/wp-json\/wp\/v2\/pages\/4082\/revisions\/27195"}],"wp:attachment":[{"href":"https:\/\/moirai.si\/hr\/wp-json\/wp\/v2\/media?parent=4082"}],"curies":[{"name":"wp","href":"https:\/\/api.w.org\/{rel}","templated":true}]}}