{"id":4119,"date":"2015-12-05T21:14:56","date_gmt":"2015-12-05T21:14:56","guid":{"rendered":"http:\/\/moirai.si\/?page_id=4119"},"modified":"2026-01-02T13:40:45","modified_gmt":"2026-01-02T13:40:45","slug":"akvamarin","status":"publish","type":"page","link":"https:\/\/moirai.si\/hr\/akvamarin\/","title":{"rendered":"Akvamarin"},"content":{"rendered":"<div class=\"wp-block-button aligncenter\"><a class=\"wp-block-button__link has-text-color has-background wp-element-button\" href=\"https:\/\/moirai.si\/hr\/kategorija-proizvoda\/kupnja-kamenjem\/akvamarin\/\" style=\"color:#2d2c2c;background-color:#ddc942\" target=\"_blank\" rel=\"noreferrer noopener\">Trgovina Akvamarin<\/a><\/div>\n\n\n\n<h3 class=\"wp-block-heading\"><span style=\"color: #800080;\"><strong>Povjest<\/strong><\/span><\/h3>\n\n\n<div class=\"wp-block-image wp-block-image alignright size-thumbnail is-resized\">\n<figure ><img decoding=\"async\" src=\"https:\/\/moirai.si\/wp-content\/uploads\/2020\/01\/akva-500x500.jpg\" alt=\"\" class=\"wp-image-15656\" style=\"object-fit:cover;width:125px;height:125px\"\/><\/figure>\n<\/div>\n\n\n<ul class=\"wp-block-list\">\n<li>Naziv Akvamarin dolazi od latinskog naziva \u201cmorska voda\u201d. On je plavo-zeleni tip Berila. Akvamarin i ostali Berilli vrlo su \u010dvrsti i izdr\u017eljivi. Najvrjedniji Akvamarin ima duboku plavu boju. Akvamarin se obi\u010dno tretira toplinom za uklanjanje \u017eutih nijansi. Ovim postupkom svijetlo plave boje dolaze u ve\u0107oj mjeri. Prirodne plave i zelene boje Akvamarina potje\u010du od dvovalentnih iona \u017eeljeza i metala.<\/li>\n<\/ul>\n\n\n\n<h3 class=\"wp-block-heading\"><span style=\"color: #800080;\"><strong>Ljekovita * Metafizi\u010dka svojstva<\/strong><\/span><\/h3>\n\n\n\n<ul class=\"wp-block-list\">\n<li>aura, duhovni rast, glavobolja, grlo, hrabrost, metabolizam, mir, o\u010di, ravnote\u017ea, red, samopo\u0161tovanje, srce, sre\u0107a, stres, \u0161titnja\u010da, vitalnost, zadovoljstvo, zubobolja, \u017eivci\u2026<\/li>\n<\/ul>\n\n\n\n<div class=\"wp-block-button aligncenter\"><a class=\"wp-block-button__link has-text-color has-background wp-element-button\" href=\"https:\/\/moirai.si\/hr\/kategorija-proizvoda\/kupnja-kamenjem\/akvamarin\/\" style=\"color:#2d2c2c;background-color:#ddc942\" target=\"_blank\" rel=\"noreferrer noopener\">Trgovina Akvamarin<\/a><\/div>\n\n\n\n<p><a href=\"https:\/\/moirai.si\/hr\/cakra\/\">\u010cakra<\/a><\/p>\n\n\n<div class=\"wp-block-image wp-block-image alignleft size-thumbnail is-resized\">\n<figure ><img decoding=\"async\" src=\"https:\/\/moirai.si\/wp-content\/uploads\/2020\/01\/chakra-500x500.jpg\" alt=\"\" class=\"wp-image-15609\" style=\"object-fit:cover;width:125px;height:125px\"\/><\/figure>\n<\/div>\n\n\n<p><\/p>\n\n\n\n<p class=\"has-text-align-left has-small-font-size\">** Navedena ljekovita i metafizi\u010dka svojstva kamenja prikupljena su iz razli\u010ditih izvora. Informacije su dostupne samo kao usluga, a ne za lije\u010denje bolesti. Moirai ne jam\u010di potpunu valjanost gore navedenog.<\/p>\n\n\n\n<p><\/p>\n\n\n\n<p><\/p>\n\n\n\n<h3 class=\"wp-block-heading\"><span style=\"color: #800080;\"><strong>Karakteristike minerala<\/strong><\/span><\/h3>\n\n\n\n<figure class=\"wp-block-table\"><table><tbody><tr><td>Kemijski sastav<\/td><td>Biti<sub>3<\/sub>Al<sub>2<\/sub>(SiO<sub>3<\/sub>)<sub>6<\/sub><\/td><\/tr><tr><td>Boja<\/td><td>zelena, plava, zeleno-plava, transparentna<\/td><\/tr><tr><td>Tvrdo\u0107a (Mohs)<\/td><td>7.5- 8<\/td><\/tr><tr><td>Gusto\u0107a<\/td><td>2.67-2.71<\/td><\/tr><tr><td>Indeks loma<\/td><td>1.577-1.583<\/td><\/tr><tr><td>Kristalni sistem<\/td><td>Heksagonalni<\/td><\/tr><\/tbody><\/table><\/figure>\n\n\n\n<h3 class=\"wp-block-heading\"><span style=\"color: #800080;\"><strong>Izvor minerala<\/strong><\/span><\/h3>\n\n\n<div class=\"wp-block-image wp-block-image alignleft size-large is-resized\">\n<figure ><img loading=\"lazy\" decoding=\"async\" width=\"189\" height=\"104\" src=\"https:\/\/moirai.si\/wp-content\/uploads\/2020\/01\/svet.jpg\" alt=\"\" class=\"wp-image-15658\" style=\"width:125px\"\/><\/figure>\n<\/div>\n\n\n<ul class=\"wp-block-list\">\n<li>Nigerija, Madagaskar, Zambija, Pakistan, Mozambik, Brazil, Australija, Mjanmar (Burma), Kina, Kenija, Namibija, Zimbabve, SAD\u2026<\/li>\n\n\n\n<li><\/li>\n<\/ul>\n\n\n\n<h3 class=\"wp-block-heading\"><span style=\"color: #800080;\"><strong>Briga<\/strong><\/span><\/h3>\n\n\n\n<ul class=\"wp-block-list\">\n<li>Iako je Akvamarin tvrd kamen zbog svojih prirodnih inkluzija, mo\u017ee se rasprsnuti ako je izlo\u017een ekstremnim temperaturama ili jakim udarcima. Dugo izlaganje izravnoj sun\u010devoj svjetlosti mo\u017ee uzrokovati da boja izblijedi. \u010cisti se mlakim sapunom i mekom \u010detkom.<\/li>\n\n\n\n<li>Najbolje je pohraniti kameni nakit u kutiju prekrivenu krpom ili zamotati u tkaninu odvojeno od ostalih, \u010dime se spre\u010davaju o\u0161te\u0107enja i mogu\u0107e ogrebotine. Preporu\u010dljivo je ne nositi nakit tijekom velikih fizi\u010dkih aktivnosti kao \u0161to su vje\u017ebanje ili sport. Izbjegavajte prskanje parfema na va\u0161 nakit i kamenje.<\/li>\n<\/ul>\n\n\n\n<div class=\"wp-block-button aligncenter\"><a class=\"wp-block-button__link has-text-color has-background wp-element-button\" href=\"https:\/\/moirai.si\/hr\/kategorija-proizvoda\/kupnja-kamenjem\/akvamarin\/\" style=\"color:#2d2c2c;background-color:#ddc942\" target=\"_blank\" rel=\"noreferrer noopener\">Trgovina Akvamarin<\/a><\/div>\n\n\n\n<ul class=\"wp-block-list\">\n<li>Za <strong><span style=\"color: #800080;\">10<\/span>%<\/strong> popusta koristite kod: <span style=\"color: #800080;\"><strong>moirai26 <\/strong><\/span>(koda je veljavna do 31.12.2026)!<\/li>\n<\/ul>\n\n\n\n<h3 class=\"wp-block-heading\"><span style=\"color: #800080;\"><strong>Horoskop<\/strong><\/span><\/h3>\n\n\n<div class=\"wp-block-image\">\n<figure class=\"alignleft size-large is-resized\"><img loading=\"lazy\" decoding=\"async\" width=\"116\" height=\"111\" src=\"https:\/\/moirai.si\/wp-content\/uploads\/2020\/01\/horoskop.jpg\" alt=\"\" class=\"wp-image-15659\" style=\"width:116px;height:111px\"\/><\/figure>\n<\/div>\n\n\n<ul class=\"wp-block-list\">\n<li>Blizanci, Ribe, Ovan, \u0160korpion, Vodenjak<\/li>\n<\/ul>","protected":false},"excerpt":{"rendered":"<p>Zgodovina Zdravilno * Metafizi\u010dne lastnosti \u010cakra ** Navedene zdravilne in metafizi\u010dne lastnosti kamnov so zbrane iz ve\u010d razli\u010dnih virov. Informacije so na voljo le kot storitev in ne za zdravljenje bolezni. Moirai.si ne jam\u010di popolne veljavnosti navedenega. Zna\u010dilnosti minerala Kemijska sestava Be3Al2(SiO3)6 Barva zelena, modra, zeleno-modra, prosojna Trdota (Mohs) 7.5- 8 Gostota 2.67-2.71 Lomni koli\u010dnik [&hellip;]<\/p>\n","protected":false},"author":1,"featured_media":0,"parent":0,"menu_order":0,"comment_status":"closed","ping_status":"closed","template":"template-products-page.php","meta":{"footnotes":""},"class_list":["post-4119","page","type-page","status-publish","hentry"],"_links":{"self":[{"href":"https:\/\/moirai.si\/hr\/wp-json\/wp\/v2\/pages\/4119","targetHints":{"allow":["GET"]}}],"collection":[{"href":"https:\/\/moirai.si\/hr\/wp-json\/wp\/v2\/pages"}],"about":[{"href":"https:\/\/moirai.si\/hr\/wp-json\/wp\/v2\/types\/page"}],"author":[{"embeddable":true,"href":"https:\/\/moirai.si\/hr\/wp-json\/wp\/v2\/users\/1"}],"replies":[{"embeddable":true,"href":"https:\/\/moirai.si\/hr\/wp-json\/wp\/v2\/comments?post=4119"}],"version-history":[{"count":17,"href":"https:\/\/moirai.si\/hr\/wp-json\/wp\/v2\/pages\/4119\/revisions"}],"predecessor-version":[{"id":27194,"href":"https:\/\/moirai.si\/hr\/wp-json\/wp\/v2\/pages\/4119\/revisions\/27194"}],"wp:attachment":[{"href":"https:\/\/moirai.si\/hr\/wp-json\/wp\/v2\/media?parent=4119"}],"curies":[{"name":"wp","href":"https:\/\/api.w.org\/{rel}","templated":true}]}}