{"id":4161,"date":"2015-12-07T15:25:27","date_gmt":"2015-12-07T15:25:27","guid":{"rendered":"http:\/\/moirai.si\/?page_id=4161"},"modified":"2026-01-02T13:39:57","modified_gmt":"2026-01-02T13:39:57","slug":"ametist","status":"publish","type":"page","link":"https:\/\/moirai.si\/hr\/ametist\/","title":{"rendered":"Ametist"},"content":{"rendered":"<div class=\"wp-block-button aligncenter\"><a class=\"wp-block-button__link has-text-color has-background wp-element-button\" href=\"https:\/\/moirai.si\/hr\/kategorija-proizvoda\/kupnja-kamenjem\/ametist\/\" style=\"color:#2d2c2c;background-color:#ddc942\" target=\"_blank\" rel=\"noreferrer noopener\">Trgovina Ametist<\/a><\/div>\n\n\n\n<h3 class=\"wp-block-heading\"><span style=\"color: #800080;\"><strong>Povjest<\/strong><\/span><\/h3>\n\n\n<div class=\"wp-block-image is-resized\">\n<figure class=\"alignright size-thumbnail\"><img loading=\"lazy\" decoding=\"async\" width=\"500\" height=\"500\" src=\"https:\/\/moirai.si\/wp-content\/uploads\/2020\/01\/ametist-500x500.jpg\" alt=\"\" class=\"wp-image-15666\" style=\"object-fit:cover;width:125px;height:125px\" srcset=\"https:\/\/moirai.si\/wp-content\/uploads\/2020\/01\/ametist-500x500.jpg 500w, https:\/\/moirai.si\/wp-content\/uploads\/2020\/01\/ametist-100x100.jpg 100w, https:\/\/moirai.si\/wp-content\/uploads\/2020\/01\/ametist-501x501.jpg 501w, https:\/\/moirai.si\/wp-content\/uploads\/2020\/01\/ametist.jpg 566w\" sizes=\"auto, (max-width: 500px) 100vw, 500px\" \/><\/figure>\n<\/div>\n\n\n<ul class=\"wp-block-list\">\n<li>Ametist je jedan od najcjenjenijih kamenja kvarcne skupine. Pripada makrokristalnim granama silicija. Kristali Ametista rastu na unutarnjoj povr\u0161ini Ahatnih geoda. Sami kristali narastu do nekoliko centimetara. Geode koje sadr\u017ee Ametist \u010desto dose\u017eu visinu od nekoliko metara. Njegova veli\u010danstvena boja ovisi o prisutnosti aluminija, mangana i \u017eeljeza. Ametist se tako\u0111er mo\u017ee pojaviti u obliku crvenkasto-ljubi\u010daste ili \u017euto-ljubi\u010dasta boje.<\/li>\n\n\n\n<li><span style=\"color: #800080;\">Sinonimi, stari nazivi, trgova\u010dki nazivi:<\/span> Madeira Topaz, Prasiolit\u2026<\/li>\n<\/ul>\n\n\n\n<h3 class=\"wp-block-heading\"><span style=\"color: #800080;\"><strong>Ljekovita * Metafizi\u010dka svojstva<\/strong><\/span><\/h3>\n\n\n\n<ul class=\"wp-block-list\">\n<li><span style=\"color: #800080;\"><strong>Lila Ametist<\/strong><\/span> \u2013 alkoholizam, astma, crijeva, epifiza, epilepsija, glavobolja, abdominalni poreme\u0107aji, hipofiza, slabine, inteligencija, intuicija, ko\u017ea, kosa, migrena, mir, nesanica, otekline, plu\u0107a, ozljede, psihosomatske bolesti, samopouzdanje, mu\u010dnina, disbalans \u0161e\u0107era, smirenost, strah, udarci, zle misli, \u017eiv\u010dani sustav...<\/li>\n\n\n\n<li><strong><span style=\"color: #800080;\">Zeleni Ametist (Prasiolit)<\/span><\/strong> toksini, tumor, \u010direvi, rast, blokade, \u017eelu\u010dana kiselina, prosperitet, bogatstvo, materijalna dobra, obilje, sre\u0107a, motivacija, negativna energija, samopouzdanje, brige, srce, sre\u0107a, radost, suosje\u0107anje\u2026<\/li>\n\n\n\n<li>Ametist se koristi za ja\u010danje imunolo\u0161kog sustava. Ja\u010da rad organa, \u010disti krv i mo\u017ee se koristiti za ubla\u017eavanje bolova. Dobar je kao komplementarni kristal drugim specifi\u010dnim kristalima za \"lije\u010denje\" raka.&nbsp;<\/li>\n<\/ul>\n\n\n\n<div class=\"wp-block-button aligncenter\"><a class=\"wp-block-button__link has-text-color has-background wp-element-button\" href=\"https:\/\/moirai.si\/hr\/kategorija-proizvoda\/kupnja-kamenjem\/ametist\/\" style=\"color:#2d2c2c;background-color:#ddc942\" target=\"_blank\" rel=\"noreferrer noopener\">Trgovina Ametist<\/a><\/div>\n\n\n\n<p><a href=\"https:\/\/moirai.si\/hr\/cakra\/\">\u010cakra<\/a><\/p>\n\n\n<div class=\"wp-block-image is-resized\">\n<figure class=\"alignleft size-thumbnail\"><img decoding=\"async\" src=\"https:\/\/moirai.si\/wp-content\/uploads\/2020\/01\/chakra-500x500.jpg\" alt=\"\" class=\"wp-image-15609\" style=\"object-fit:cover;width:125px;height:125px\"\/><\/figure>\n<\/div>\n\n\n<p class=\"has-small-font-size\">** Navedena ljekovita i metafizi\u010dka svojstva kamenja prikupljena su iz razli\u010ditih izvora. Informacije su dostupne samo kao usluga, a ne za lije\u010denje bolesti. Moirai ne jam\u010di potpunu valjanost gore navedenog.<\/p>\n\n\n\n<h3 class=\"wp-block-heading\"><span style=\"color: #800080;\"><strong>Karakteristike minerala<\/strong><\/span><\/h3>\n\n\n\n<figure class=\"wp-block-table\"><table><tbody><tr><td>Kemijski sastav<\/td><td>SiO<sub>2<\/sub><\/td><\/tr><tr><td>Boja<\/td><td>ljubi\u010dasta (lila), ljubi\u010dasto-crvena<\/td><\/tr><tr><td>Tvrdo\u0107a (Mohs)<\/td><td>7<\/td><\/tr><tr><td>Gusto\u0107a<\/td><td>2.65<\/td><\/tr><tr><td>Indeks loma<\/td><td>1.543-1.554<\/td><\/tr><tr><td>Kristalni sistem<\/td><td>Trigonalni<\/td><\/tr><\/tbody><\/table><\/figure>\n\n\n\n<h3 class=\"wp-block-heading\"><span style=\"color: #800080;\"><strong>Izvor minerala<\/strong><\/span><\/h3>\n\n\n<div class=\"wp-block-image is-resized\">\n<figure class=\"alignleft size-large\"><img loading=\"lazy\" decoding=\"async\" width=\"189\" height=\"104\" src=\"https:\/\/moirai.si\/wp-content\/uploads\/2020\/01\/svet.jpg\" alt=\"\" class=\"wp-image-15658\" style=\"width:125px\"\/><\/figure>\n<\/div>\n\n\n<ul class=\"wp-block-list\">\n<li>Brazil, \u0160ri Lanka, Indija, Urugvaj, Madagaskar, Njema\u010dka, Australija, Meksiko, Afrika, Rusija, SAD\u2026<\/li>\n<\/ul>\n\n\n\n<h3 class=\"wp-block-heading\"><span style=\"color: #800080;\"><strong>Briga<\/strong><\/span><\/h3>\n\n\n\n<ul class=\"wp-block-list\">\n<li>Ovaj kamen je vrlo tvrd i izdr\u017eljiv, pa se mo\u017ee o\u010distiti parom i ultrazvu\u010dnim sredstvom za \u010di\u0161\u0107enje. Ametist se lako \u010disti toplom vodom i blagim sapunom. Obri\u0161ite ga mekom krpom. Izbjegavajte dugotrajno izlaganje toplini jer mo\u017ee prouzrokovati trajno o\u0161te\u0107enje Ametista.<\/li>\n\n\n\n<li>Najbolje je pohraniti kameni nakit u kutiju prekrivenu krpom ili zamotati u tkaninu odvojeno od ostalih, \u010dime se spre\u010davaju o\u0161te\u0107enja i mogu\u0107e ogrebotine. Preporu\u010dljivo je ne nositi nakit tijekom velikih fizi\u010dkih aktivnosti kao \u0161to su vje\u017ebanje ili sport. Izbjegavajte prskanje parfema na va\u0161 nakit i kamenje.<\/li>\n<\/ul>\n\n\n\n<div class=\"wp-block-button aligncenter\"><a class=\"wp-block-button__link has-text-color has-background wp-element-button\" href=\"https:\/\/moirai.si\/hr\/kategorija-proizvoda\/kupnja-kamenjem\/ametist\/\" style=\"color:#2d2c2c;background-color:#ddc942\" target=\"_blank\" rel=\"noreferrer noopener\">Trgovina Ametist<\/a><\/div>\n\n\n\n<p class=\"has-text-align-center\">Za <strong><span style=\"color: #800080;\">10<\/span>%<\/strong> popusta koristite kod: <span style=\"color: #800080;\"><strong>moirai26 <\/strong><\/span>(koda je veljavna do 31.12.2026)!<\/p>\n\n\n\n<h3 class=\"wp-block-heading\"><span style=\"color: #800080;\"><strong>Horoskop<\/strong><\/span><\/h3>\n\n\n<div class=\"wp-block-image\">\n<figure class=\"alignleft size-large\"><img loading=\"lazy\" decoding=\"async\" width=\"116\" height=\"111\" src=\"https:\/\/moirai.si\/wp-content\/uploads\/2020\/01\/horoskop.jpg\" alt=\"\" class=\"wp-image-15659\"\/><\/figure>\n<\/div>\n\n\n<ul class=\"wp-block-list\">\n<li>Djevica, Strijelac, Jarac, Vodenjak, Ribe<\/li>\n<\/ul>","protected":false},"excerpt":{"rendered":"<p>Zgodovina Zdravilno * Metafizi\u010dne lastnosti \u010cakra ** Navedene zdravilne in metafizi\u010dne lastnosti kamnov so zbrane iz ve\u010d razli\u010dnih virov. Informacije so na voljo le kot storitev in ne za zdravljenje bolezni. Moirai.si ne jam\u010di popolne veljavnosti navedenega. Zna\u010dilnosti minerala Kemijska sestava SiO2 Barva vijoli\u010dna (lila), vijoli\u010dno-rde\u010da Trdota (Mohs) 7 Gostota 2.65 Lomni koli\u010dnik 1.543-1.554 Kristalni [&hellip;]<\/p>\n","protected":false},"author":1,"featured_media":0,"parent":0,"menu_order":0,"comment_status":"closed","ping_status":"closed","template":"template-products-page.php","meta":{"footnotes":""},"class_list":["post-4161","page","type-page","status-publish","hentry"],"_links":{"self":[{"href":"https:\/\/moirai.si\/hr\/wp-json\/wp\/v2\/pages\/4161","targetHints":{"allow":["GET"]}}],"collection":[{"href":"https:\/\/moirai.si\/hr\/wp-json\/wp\/v2\/pages"}],"about":[{"href":"https:\/\/moirai.si\/hr\/wp-json\/wp\/v2\/types\/page"}],"author":[{"embeddable":true,"href":"https:\/\/moirai.si\/hr\/wp-json\/wp\/v2\/users\/1"}],"replies":[{"embeddable":true,"href":"https:\/\/moirai.si\/hr\/wp-json\/wp\/v2\/comments?post=4161"}],"version-history":[{"count":17,"href":"https:\/\/moirai.si\/hr\/wp-json\/wp\/v2\/pages\/4161\/revisions"}],"predecessor-version":[{"id":27192,"href":"https:\/\/moirai.si\/hr\/wp-json\/wp\/v2\/pages\/4161\/revisions\/27192"}],"wp:attachment":[{"href":"https:\/\/moirai.si\/hr\/wp-json\/wp\/v2\/media?parent=4161"}],"curies":[{"name":"wp","href":"https:\/\/api.w.org\/{rel}","templated":true}]}}