{"id":4166,"date":"2015-12-07T16:55:11","date_gmt":"2015-12-07T16:55:11","guid":{"rendered":"http:\/\/moirai.si\/?page_id=4166"},"modified":"2026-01-02T13:38:47","modified_gmt":"2026-01-02T13:38:47","slug":"aventurin","status":"publish","type":"page","link":"https:\/\/moirai.si\/hr\/aventurin\/","title":{"rendered":"Aventurin"},"content":{"rendered":"<div class=\"wp-block-button aligncenter\"><a class=\"wp-block-button__link has-text-color has-background wp-element-button\" href=\"https:\/\/moirai.si\/hr\/kategorija-proizvoda\/kupnja-kamenjem\/aventurin\/\" style=\"color:#2d2c2c;background-color:#ddc942\" target=\"_blank\" rel=\"noreferrer noopener\">Trgovina Aventurin<\/a><\/div>\n\n\n\n<h3 class=\"wp-block-heading\"><span style=\"color: #800080;\"><strong>Povjest<\/strong><\/span><\/h3>\n\n\n<div class=\"wp-block-image is-resized\">\n<figure class=\"alignright size-large\"><img loading=\"lazy\" decoding=\"async\" width=\"566\" height=\"566\" src=\"https:\/\/moirai.si\/wp-content\/uploads\/2020\/01\/aventurin.jpg\" alt=\"\" class=\"wp-image-15672\" style=\"object-fit:cover;width:125px;height:125px\" srcset=\"https:\/\/moirai.si\/wp-content\/uploads\/2020\/01\/aventurin.jpg 566w, https:\/\/moirai.si\/wp-content\/uploads\/2020\/01\/aventurin-100x100.jpg 100w, https:\/\/moirai.si\/wp-content\/uploads\/2020\/01\/aventurin-501x501.jpg 501w\" sizes=\"auto, (max-width: 566px) 100vw, 566px\" \/><\/figure>\n<\/div>\n\n\n<ul class=\"wp-block-list\">\n<li>Aventurin je vrsta Kvarca. Sjajne inkluzije se obi\u010dno sastoje od Tinjaca koji se u Aventurinu obi\u010dno pojavljuje kao srednje tamno-tamnozelene boje sa srebrno zelenim ili plavim sjajem. Pored Mice, prisutni su i Hematit i Goetit koji uzrokuju znatan sjaj (avanturizacija). Aventurin se kre\u0107e od svijetlog do tamno zelenog. Sna\u017ena prisutnost Fuksita zna\u010di da je Aventurin tehni\u010dki definiran kao kamen, a ne kao mineral. Iako je naj\u010de\u0161\u0107a boja Aventurina zelena, on se mo\u017ee na\u0107i i u sme\u0111oj, naran\u010dastoj, \u017eutoj, crvenoj ili plavoj boji.<\/li>\n\n\n\n<li>Kvarc se stolje\u0107ima koristi za izradu nakita od dragog kamenja i drugih ukrasnih predmeta. Neki originalni alati otkriveni u Etiopiji (dolina Omo) napravljeni su od Kvarca. Mnogo Aventurinovih alata stari su vi\u0161e od dva i pol milijuna godina. Aventurin je vrhunski alatni materijal zahvaljuju\u0107i izvrsnoj tvrdo\u0107i i izotropnoj krhkosti, \u0161to ga \u010dini relativno jednostavnim za oblikovanje.<\/li>\n\n\n\n<li><span style=\"color: #800080;\">Sinonimi, stari nazivi, trgova\u010dki nazivi:<\/span> &nbsp;Avanturin<\/li>\n<\/ul>\n\n\n\n<h3 class=\"wp-block-heading\"><span style=\"color: #800080;\"><strong>Ljekovita * Metafizi\u010dka svojstva<\/strong><\/span><\/h3>\n\n\n\n<ul class=\"wp-block-list\">\n<li>arterioskleroza, blokada, bol, disanje, dobrobit, emocije, glavobolja, hrabrost, kolesterol, kreativnost, metabolizam, migrena, nesanica, opskrba krvlju, plu\u0107a, podr\u0161ka, pozitivnost, ravnote\u017ea, snovi, sr\u010dani udar, udobnost, vid, zglobovi, \u017eiv\u010dani sustav\u2026<\/li>\n\n\n\n<li>Crveni aventurin se koristi kao dodatak lije\u010denju raka abdomena. Re\u010deno je da ima protuupalna svojstva. Blagotvorno djeluje na organe, ko\u017eu i tkiva o\u0161te\u0107ena rakom. Poma\u017ee kod problema s plodno\u0161\u0107u, reproduktivnim organima, kod raka maternice, grli\u0107a maternice i kod hormonalne neravnote\u017ee.<\/li>\n<\/ul>\n\n\n\n<div class=\"wp-block-button aligncenter\"><a class=\"wp-block-button__link has-text-color has-background wp-element-button\" href=\"https:\/\/moirai.si\/hr\/kategorija-proizvoda\/kupnja-kamenjem\/aventurin\/\" style=\"color:#2d2c2c;background-color:#ddc942\" target=\"_blank\" rel=\"noreferrer noopener\">Trgovina Aventurin<\/a><\/div>\n\n\n<div class=\"wp-block-image is-resized\">\n<figure class=\"alignleft\"><a href=\"https:\/\/moirai.si\/hr\/cakra\/\"><img loading=\"lazy\" decoding=\"async\" width=\"500\" height=\"500\" src=\"https:\/\/moirai.si\/wp-content\/uploads\/2019\/09\/\u010dakra.jpg\" alt=\"\" class=\"wp-image-14534\" style=\"object-fit:cover;width:125px;height:125px\" srcset=\"https:\/\/moirai.si\/wp-content\/uploads\/2019\/09\/\u010dakra.jpg 500w, https:\/\/moirai.si\/wp-content\/uploads\/2019\/09\/\u010dakra-100x100.jpg 100w\" sizes=\"auto, (max-width: 500px) 100vw, 500px\" \/><\/a><\/figure>\n<\/div>\n\n\n<p><a href=\"https:\/\/moirai.si\/hr\/cakra\/\">\u010cakra<\/a><\/p>\n\n\n\n<p class=\"has-small-font-size\">** Navedena ljekovita i metafizi\u010dka svojstva kamenja prikupljena su iz razli\u010ditih izvora. Informacije su dostupne samo kao usluga, a ne za lije\u010denje bolesti. Moirai ne jam\u010di potpunu valjanost gore navedenog.<\/p>\n\n\n\n<h3 class=\"wp-block-heading\"><span style=\"color: #800080;\"><strong>Karakteristike minerala<\/strong><\/span><\/h3>\n\n\n\n<figure class=\"wp-block-table\"><table><tbody><tr><td>Kemijski sastav<\/td><td>SiO<sub>2<\/sub><\/td><\/tr><tr><td>Boja<\/td><td>zelena, zlatno sme\u0111a<\/td><\/tr><tr><td>Tvrdo\u0107a (Mohs)<\/td><td>6.5<\/td><\/tr><tr><td>Gusto\u0107a<\/td><td>2.64-2.69<\/td><\/tr><tr><td>Indeks loma<\/td><td>1.544-1.563<\/td><\/tr><tr><td>Kristalni sistem<\/td><td>Trigonalni<\/td><\/tr><\/tbody><\/table><\/figure>\n\n\n\n<h3 class=\"wp-block-heading\"><span style=\"color: #800080;\"><strong>Izvor minerala<\/strong><\/span><\/h3>\n\n\n<div class=\"wp-block-image is-resized\">\n<figure class=\"alignleft size-large\"><img loading=\"lazy\" decoding=\"async\" width=\"189\" height=\"104\" src=\"https:\/\/moirai.si\/wp-content\/uploads\/2020\/01\/svet.jpg\" alt=\"\" class=\"wp-image-15658\" style=\"width:125px\"\/><\/figure>\n<\/div>\n\n\n<ul class=\"wp-block-list\">\n<li>Brazil, \u010cile, Japan, Indija, Austrija, Rusija, Tanzanija\u2026<\/li>\n<\/ul>\n\n\n\n<h3 class=\"wp-block-heading\"><span style=\"color: #800080;\"><strong>Briga<\/strong><\/span><\/h3>\n\n\n\n<ul class=\"wp-block-list\">\n<li>Aventurin se mo\u017ee o\u010distiti toplom vodom i sapunom i mekom krpom ili \u010detkom. Kao i kod gotovo svih poludragog i dragog kamenja, treba izbjegavati te\u0161ke kemikalije za ku\u0107anstvo. Izbjegavajte dugotrajno izlaganje toplini jer to mo\u017ee o\u0161tetiti kamen.<\/li>\n\n\n\n<li>Najbolje je pohraniti kameni nakit u kutiju prekrivenu krpom ili zamotati u tkaninu odvojeno od ostalih, \u010dime se spre\u010davaju o\u0161te\u0107enja i mogu\u0107e ogrebotine. Preporu\u010dljivo je ne nositi nakit tijekom velikih fizi\u010dkih aktivnosti kao \u0161to su vje\u017ebanje ili sport. Izbjegavajte prskanje parfema na va\u0161 nakit i kamenje.<\/li>\n<\/ul>\n\n\n\n<div class=\"wp-block-button aligncenter\"><a class=\"wp-block-button__link has-text-color has-background wp-element-button\" href=\"https:\/\/moirai.si\/hr\/kategorija-proizvoda\/kupnja-kamenjem\/aventurin\/\" style=\"color:#2d2c2c;background-color:#ddc942\" target=\"_blank\" rel=\"noreferrer noopener\">Trgovina Aventurin<\/a><\/div>\n\n\n\n<p class=\"has-text-align-center\">Za <strong><span style=\"color: #800080;\">10<\/span>%<\/strong> popusta koristite kod: <span style=\"color: #800080;\"><strong>moirai26<\/strong><\/span>(koda je veljavna do 31.12.2026)!<\/p>\n\n\n\n<h3 class=\"wp-block-heading\"><span style=\"color: #800080;\"><strong>Horoskop<\/strong><\/span><\/h3>\n\n\n<div class=\"wp-block-image\">\n<figure class=\"alignleft size-large\"><img loading=\"lazy\" decoding=\"async\" width=\"116\" height=\"111\" src=\"https:\/\/moirai.si\/wp-content\/uploads\/2020\/01\/horoskop.jpg\" alt=\"\" class=\"wp-image-15659\"\/><\/figure>\n<\/div>\n\n\n<ul class=\"wp-block-list\">\n<li>Lav, Ovan, Vodenjak, Rak<\/li>\n<\/ul>","protected":false},"excerpt":{"rendered":"<p>Zgodovina Zdravilno * Metafizi\u010dne lastnosti \u010cakra ** Navedene zdravilne in metafizi\u010dne lastnosti kamnov so zbrane iz ve\u010d razli\u010dnih virov. Informacije so na voljo le kot storitev in ne za zdravljenje bolezni. Moirai.si ne jam\u010di popolne veljavnosti navedenega. Zna\u010dilnosti minerala Kemijska sestava SiO2 Barva zelena, zlato-rjava Trdota (Mohs) 6.5 Gostota 2.64-2.69 Lomni koli\u010dnik 1.544-1.563 Kristalni sistem [&hellip;]<\/p>\n","protected":false},"author":1,"featured_media":0,"parent":0,"menu_order":0,"comment_status":"closed","ping_status":"closed","template":"template-products-page.php","meta":{"footnotes":""},"class_list":["post-4166","page","type-page","status-publish","hentry"],"_links":{"self":[{"href":"https:\/\/moirai.si\/hr\/wp-json\/wp\/v2\/pages\/4166","targetHints":{"allow":["GET"]}}],"collection":[{"href":"https:\/\/moirai.si\/hr\/wp-json\/wp\/v2\/pages"}],"about":[{"href":"https:\/\/moirai.si\/hr\/wp-json\/wp\/v2\/types\/page"}],"author":[{"embeddable":true,"href":"https:\/\/moirai.si\/hr\/wp-json\/wp\/v2\/users\/1"}],"replies":[{"embeddable":true,"href":"https:\/\/moirai.si\/hr\/wp-json\/wp\/v2\/comments?post=4166"}],"version-history":[{"count":14,"href":"https:\/\/moirai.si\/hr\/wp-json\/wp\/v2\/pages\/4166\/revisions"}],"predecessor-version":[{"id":27189,"href":"https:\/\/moirai.si\/hr\/wp-json\/wp\/v2\/pages\/4166\/revisions\/27189"}],"wp:attachment":[{"href":"https:\/\/moirai.si\/hr\/wp-json\/wp\/v2\/media?parent=4166"}],"curies":[{"name":"wp","href":"https:\/\/api.w.org\/{rel}","templated":true}]}}