{"id":4170,"date":"2015-12-07T17:37:35","date_gmt":"2015-12-07T17:37:35","guid":{"rendered":"http:\/\/moirai.si\/?page_id=4170"},"modified":"2026-01-02T13:38:26","modified_gmt":"2026-01-02T13:38:26","slug":"biser","status":"publish","type":"page","link":"https:\/\/moirai.si\/hr\/biser\/","title":{"rendered":"Biser"},"content":{"rendered":"<div class=\"wp-block-button aligncenter\"><a class=\"wp-block-button__link has-text-color has-background wp-element-button\" href=\"https:\/\/moirai.si\/hr\/kategorija-proizvoda\/kupnja-kamenjem\/bisera-i-skoljki\/\" style=\"color:#2d2c2c;background-color:#ddc942\" target=\"_blank\" rel=\"noreferrer noopener\">Biser trgovina<\/a><\/div>\n\n\n\n<h3 class=\"wp-block-heading\"><span style=\"color: #800080;\"><strong>Povjest<\/strong><\/span><\/h3>\n\n\n<div class=\"wp-block-image is-resized\">\n<figure class=\"alignright size-thumbnail\"><img decoding=\"async\" src=\"https:\/\/moirai.si\/wp-content\/uploads\/2020\/01\/biser-500x500.jpg\" alt=\"\" class=\"wp-image-15675\" style=\"object-fit:cover;width:125px;height:125px\"\/><\/figure>\n<\/div>\n\n\n<ul class=\"wp-block-list\">\n<li>Biseri su jedan od prvih prona\u0111enih poludragih kamenja du\u017e obale Indije. To su organski poludragi i dragocjeni kamen\u010di\u0107i koji nastaju laminiranjem bisernog sloja meku\u0161aca, uglavnom kamenica i sedefa. Biseri se sastoje od sedefa, a to je prete\u017eno Aragonit (kalcijev karbonat) i Conchiolin (slo\u017eeni proteini koji tvore \u0161koljke). Naziv \u201cbiser\u201d izveden je iz srednjo engleskog izraza za \u201cperle\u201d, koji je izveden iz latinske rije\u010di \u201cpero\u201d, \u0161to zna\u010di \u201d noga\u201d, \u0161to bi trebalo odra\u017eavati nogu u obliku \u0161ake. Biseri mogu potjecati od slatkovodnih ili morskih meku\u0161aca. Ljepota bisera je u tome \u0161to se iz prirodne ljepote mogu ukloniti ljuske, potpuno oblikovane i pokazuju savr\u0161en sjaj bez potrebe za rezanjem ili poliranjem.<\/li>\n\n\n\n<li><span style=\"color: #800080;\"><strong>Prirodni biseri<\/strong> <\/span>su izuzetno rijetki, nevjerojatno skupi i obi\u010dno mali. Zbog toga su ljudi razvili na\u010dine uzgoja bisera kako bismo svi mogli u\u017eivati \u200b\u200bu ovom prekrasnom kamenju. U kultiviranim biserima biserno tkivo se ubacuje u \u0161koljku oko stranog tijela. Ako je postupak uspje\u0161na \u0161koljka, on stvara \u201cvre\u0107icu bisera\u201d oko stranog tijela, \u010dije stanice odvajaju sloj sme\u0111eg proteina zvanog Conchiolin. Nakon toga slijedi izlu\u010divanje brojnih bisernih mineralnih slojeva sastavljenih od kalcijevog karbonata u tankim preklapaju\u0107im slojevima.<\/li>\n\n\n\n<li>Prije nego \u0161to je \u010dovjek po\u010deo uzgajati bisere, sakupljani su iz Perzijskog zaljeva, \u0160ri Lanke, slatkovodnih resursa u Kini i nekih rijeka u Europi. Kasnije je Christopher Columbus otkrio bisere u Ju\u017enoj Americi. Kad su se prirodni biseri gotovo konzumirali u ranom dvadesetom stolje\u0107u, Kinezi i Japanci po\u010deli su uzgajati bisere. Potrebno je 3 do 7 godina da se napravi jedan biser. Boja bisera ovisi o vrsti laminiranja.<\/li>\n<\/ul>\n\n\n\n<h3 class=\"wp-block-heading\"><span style=\"color: #800080;\"><strong>Ljekovita * Metafizi\u010dka svojstva<\/strong><\/span><\/h3>\n\n\n\n<ul class=\"wp-block-list\">\n<li>Neki iscjelitelji koriste bisere za odr\u017eavanje ravnote\u017ee tjelesnih ritmova, razine hormona s mjese\u010devim ciklusom i za uskla\u0111ivanje \u010dovjeka s prirodom. Biseri su namijenjeni zna\u010denju nevinosti i vjere. Neki vjeruju da su biseri savr\u0161eni za mladenke, jer predstavljaju \u010disto\u0107u, iskrenost i odanost. Biseri promi\u010du dobro zdravlje i bogatstvo.<\/li>\n<\/ul>\n\n\n\n<div class=\"wp-block-button aligncenter\"><a class=\"wp-block-button__link has-text-color has-background wp-element-button\" href=\"https:\/\/moirai.si\/hr\/kategorija-proizvoda\/kupnja-kamenjem\/bisera-i-skoljki\/\" style=\"color:#2d2c2c;background-color:#ddc942\" target=\"_blank\" rel=\"noreferrer noopener\">Biser trgovina<\/a><\/div>\n\n\n<div class=\"wp-block-image is-resized\">\n<figure class=\"alignleft\"><a href=\"https:\/\/moirai.si\/hr\/cakra\/\"><img loading=\"lazy\" decoding=\"async\" width=\"500\" height=\"500\" src=\"https:\/\/moirai.si\/wp-content\/uploads\/2019\/09\/\u010dakra.jpg\" alt=\"\" class=\"wp-image-14534\" style=\"object-fit:cover;width:125px;height:125px\" srcset=\"https:\/\/moirai.si\/wp-content\/uploads\/2019\/09\/\u010dakra.jpg 500w, https:\/\/moirai.si\/wp-content\/uploads\/2019\/09\/\u010dakra-100x100.jpg 100w\" sizes=\"auto, (max-width: 500px) 100vw, 500px\" \/><\/a><\/figure>\n<\/div>\n\n\n<p><a href=\"https:\/\/moirai.si\/hr\/cakra\/\">\u010cakra<\/a><\/p>\n\n\n\n<p class=\"has-small-font-size\">** Navedena ljekovita i metafizi\u010dka svojstva kamenja prikupljena su iz razli\u010ditih izvora. Informacije su dostupne samo kao usluga, a ne za lije\u010denje bolesti. Moirai ne jam\u010di potpunu valjanost gore navedenog.<\/p>\n\n\n\n<h3 class=\"wp-block-heading\"><span style=\"color: #800080;\"><strong>Karakteristike minerala<\/strong><\/span><\/h3>\n\n\n\n<figure class=\"wp-block-table\"><table><tbody><tr><td>Kemijski sastav<\/td><td>CaCO<sub>3<\/sub><\/td><\/tr><tr><td>Boja<\/td><td>bijela, roza, srebrna, smetana, zlatna, zelena, plava, crna<\/td><\/tr><tr><td>Tvrdo\u0107a (Mohs)<\/td><td>2.5-4.5<\/td><\/tr><tr><td>Gusto\u0107a<\/td><td>2.61-2.85<\/td><\/tr><tr><td>Indeks loma<\/td><td>1.530-1.690<\/td><\/tr><tr><td>Kristalni sistem<\/td><td>Rombi\u010dni<\/td><\/tr><\/tbody><\/table><\/figure>\n\n\n\n<h3 class=\"wp-block-heading\"><span style=\"color: #800080;\"><strong>Izvor minerala<\/strong><\/span><\/h3>\n\n\n<div class=\"wp-block-image is-resized\">\n<figure class=\"alignleft size-large\"><img loading=\"lazy\" decoding=\"async\" width=\"189\" height=\"104\" src=\"https:\/\/moirai.si\/wp-content\/uploads\/2020\/01\/svet.jpg\" alt=\"\" class=\"wp-image-15658\" style=\"width:125px\"\/><\/figure>\n<\/div>\n\n\n<ul class=\"wp-block-list\">\n<li>Japan, Kina, Australija, Austrija, Francuska, \u0160kotska, Irska\u2026<\/li>\n<\/ul>\n\n\n\n<h3 class=\"wp-block-heading\"><span style=\"color: #800080;\"><strong>Briga<\/strong><\/span><\/h3>\n\n\n\n<ul class=\"wp-block-list\">\n<li>Biseri su mekani pa je potrebna nje\u017enost. Nikada ne koristite ultrazvu\u010dne ure\u0111aje ili ure\u0111aje za pare. Bisere nje\u017eno obri\u0161ite mekom krpom nakon svakog no\u0161enja. Pri \u010di\u0161\u0107enju koristite blagi sapun i vodu. Ako je nakit pleten, provjerite je li potpuno suh prije no\u0161enja.<\/li>\n\n\n\n<li>Najbolje je pohraniti kameni nakit u kutiju prekrivenu krpom ili zamotati u tkaninu odvojeno od ostalih, \u010dime se spre\u010davaju o\u0161te\u0107enja i mogu\u0107e ogrebotine. Preporu\u010dljivo je ne nositi nakit tijekom velikih fizi\u010dkih aktivnosti kao \u0161to su vje\u017ebanje ili sport. Izbjegavajte prskanje parfema na va\u0161 nakit i kamenje.<\/li>\n<\/ul>\n\n\n\n<div class=\"wp-block-button aligncenter\"><a class=\"wp-block-button__link has-text-color has-background wp-element-button\" href=\"https:\/\/moirai.si\/hr\/kategorija-proizvoda\/kupnja-kamenjem\/bisera-i-skoljki\/\" style=\"color:#2d2c2c;background-color:#ddc942\" target=\"_blank\" rel=\"noreferrer noopener\">Biser trgovina<\/a><\/div>\n\n\n\n<p class=\"has-text-align-center\">Za <strong><span style=\"color: #800080;\">10<\/span>%<\/strong> popusta koristite kod: <span style=\"color: #800080;\"><strong>moirai26 <\/strong><\/span>(koda je veljavna do 31.12.2026)!<\/p>","protected":false},"excerpt":{"rendered":"<p>Zgodovina Zdravilno * Metafizi\u010dne lastnosti \u010cakra ** Navedene zdravilne in metafizi\u010dne lastnosti kamnov so zbrane iz ve\u010d razli\u010dnih virov. Informacije so na voljo le kot storitev in ne za zdravljenje bolezni. Moirai.si ne jam\u010di popolne veljavnosti navedenega. Zna\u010dilnosti minerala Kemijska sestava CaCO3 Barva bela, roza, srebrna, zlata, zelena, modra, \u010drna Trdota (Mohs) 2.5-4.5 Gostota 2.61-2.85 [&hellip;]<\/p>\n","protected":false},"author":1,"featured_media":0,"parent":0,"menu_order":0,"comment_status":"closed","ping_status":"closed","template":"template-products-page.php","meta":{"footnotes":""},"class_list":["post-4170","page","type-page","status-publish","hentry"],"_links":{"self":[{"href":"https:\/\/moirai.si\/hr\/wp-json\/wp\/v2\/pages\/4170","targetHints":{"allow":["GET"]}}],"collection":[{"href":"https:\/\/moirai.si\/hr\/wp-json\/wp\/v2\/pages"}],"about":[{"href":"https:\/\/moirai.si\/hr\/wp-json\/wp\/v2\/types\/page"}],"author":[{"embeddable":true,"href":"https:\/\/moirai.si\/hr\/wp-json\/wp\/v2\/users\/1"}],"replies":[{"embeddable":true,"href":"https:\/\/moirai.si\/hr\/wp-json\/wp\/v2\/comments?post=4170"}],"version-history":[{"count":12,"href":"https:\/\/moirai.si\/hr\/wp-json\/wp\/v2\/pages\/4170\/revisions"}],"predecessor-version":[{"id":27188,"href":"https:\/\/moirai.si\/hr\/wp-json\/wp\/v2\/pages\/4170\/revisions\/27188"}],"wp:attachment":[{"href":"https:\/\/moirai.si\/hr\/wp-json\/wp\/v2\/media?parent=4170"}],"curies":[{"name":"wp","href":"https:\/\/api.w.org\/{rel}","templated":true}]}}