{"id":4176,"date":"2015-12-07T17:55:35","date_gmt":"2015-12-07T17:55:35","guid":{"rendered":"http:\/\/moirai.si\/?page_id=4176"},"modified":"2026-01-02T13:37:59","modified_gmt":"2026-01-02T13:37:59","slug":"sedef","status":"publish","type":"page","link":"https:\/\/moirai.si\/hr\/biserovina\/","title":{"rendered":"\u0160koljka"},"content":{"rendered":"<div class=\"wp-block-button aligncenter\"><a class=\"wp-block-button__link has-text-color has-background wp-element-button\" href=\"https:\/\/moirai.si\/hr\/kategorija-proizvoda\/bisera-i-skoljki\/\" style=\"color:#2d2c2c;background-color:#ddc942\" target=\"_blank\" rel=\"noreferrer noopener\">Trgovna \u0160koljka<\/a><\/div>\n\n\n\n<h3 class=\"wp-block-heading\"><span style=\"color: #800080;\"><strong>Povjest<\/strong><\/span><\/h3>\n\n\n<div class=\"wp-block-image is-resized\">\n<figure class=\"alignright size-thumbnail\"><img decoding=\"async\" src=\"https:\/\/moirai.si\/wp-content\/uploads\/2020\/01\/biserovina-500x500.jpg\" alt=\"\" class=\"wp-image-15678\" style=\"object-fit:cover;width:125px;height:125px\"\/><\/figure>\n<\/div>\n\n\n<ul class=\"wp-block-list\">\n<li>\u0160koljka je unutarnja lju\u0161tura\/prevlaka meku\u0161aca koja proizvodi bisere. Ljuska im se sastoji od tri sloja. Najudaljeniji je Periostrakum, zatim sloj kalcita i zatim najdublji sloj Bisera. Ovaj glatki dio ljuske nastaje tijekom rasta u sredi\u0161tu ljuske. Prirodna \u0160koljka nalazi se u cijelom svijetu i \u010de\u0161\u0107a je od bisera. \u0160koljke uvijek proizvode \u0161koljku, ali vrlo rijetko sadr\u017ee biser. \u0160koljka \u0107e stvoriti biser kako bi za\u0161titila svoje meko tijelo koje je iritirano strancem ili parazitom tako \u0161to \u0107e ga zatvoriti u biser.<\/li>\n\n\n\n<li><span style=\"color: #800080;\">Sinonimi, stari nazivi, trgova\u010dki nazivi:<\/span> Sedef...<\/li>\n<\/ul>\n\n\n\n<h3 class=\"wp-block-heading\"><span style=\"color: #800080;\"><strong>Ljekovita * Metafizi\u010dka svojstva<\/strong><\/span><\/h3>\n\n\n\n<ul class=\"wp-block-list\">\n<li>\u0160koljka ima izuzetnu sposobnost smirivanja i smanjivanja strahova onih koji ga nose. Posebno je koristna za svakoga \u010diji je \u017eivot intenzivan i stresan. Promi\u010de dobrobit, misli, intuiciju i ma\u0161tu. \u0160koljka nudi dobrohotnu, maj\u010dinsku za\u0161titu od negativne energije i ljubavi.<\/li>\n<\/ul>\n\n\n\n<div class=\"wp-block-button aligncenter\"><a class=\"wp-block-button__link has-text-color has-background wp-element-button\" href=\"https:\/\/moirai.si\/hr\/kategorija-proizvoda\/bisera-i-skoljki\/\" style=\"color:#2d2c2c;background-color:#ddc942\" target=\"_blank\" rel=\"noreferrer noopener\">Trgovna \u0160koljka<\/a><\/div>\n\n\n<div class=\"wp-block-image is-resized\">\n<figure class=\"alignleft\"><a href=\"https:\/\/moirai.si\/hr\/cakra\/\"><img loading=\"lazy\" decoding=\"async\" width=\"500\" height=\"500\" src=\"https:\/\/moirai.si\/wp-content\/uploads\/2019\/09\/\u010dakra.jpg\" alt=\"\" class=\"wp-image-14534\" style=\"object-fit:cover;width:125px;height:125px\" srcset=\"https:\/\/moirai.si\/wp-content\/uploads\/2019\/09\/\u010dakra.jpg 500w, https:\/\/moirai.si\/wp-content\/uploads\/2019\/09\/\u010dakra-100x100.jpg 100w\" sizes=\"auto, (max-width: 500px) 100vw, 500px\" \/><\/a><\/figure>\n<\/div>\n\n\n<p><a href=\"https:\/\/moirai.si\/hr\/cakra\/\">\u010cakra<\/a><\/p>\n\n\n\n<p class=\"has-small-font-size\">** Navedena ljekovita i metafizi\u010dka svojstva kamenja prikupljena su iz razli\u010ditih izvora. Informacije su dostupne samo kao usluga, a ne za lije\u010denje bolesti. Moirai ne jam\u010di potpunu valjanost gore navedenog.<\/p>\n\n\n\n<h3 class=\"wp-block-heading\"><span style=\"color: #800080;\"><strong>Karakteristike minerala<\/strong><\/span><\/h3>\n\n\n\n<figure class=\"wp-block-table\"><table><tbody><tr><td>Kemijski sastav<\/td><td>CaCO<sub>3<\/sub><\/td><\/tr><tr><td>Boja<\/td><td>bijela do krem<\/td><\/tr><tr><td>Tvrdo\u0107a (Mohs)<\/td><td>2.5-4.5<\/td><\/tr><tr><td>Gusto\u0107a<\/td><td>2.61-2.85<\/td><\/tr><tr><td>Indeks loma<\/td><td>1.530-1.690<\/td><\/tr><tr><td>Kristalni sistem<\/td><td>Rombi\u010dni<\/td><\/tr><\/tbody><\/table><\/figure>\n\n\n\n<h3 class=\"wp-block-heading\"><span style=\"color: #800080;\"><strong>Izvor minerala<\/strong><\/span><\/h3>\n\n\n<div class=\"wp-block-image is-resized\">\n<figure class=\"alignleft size-large\"><img loading=\"lazy\" decoding=\"async\" width=\"189\" height=\"104\" src=\"https:\/\/moirai.si\/wp-content\/uploads\/2020\/01\/svet.jpg\" alt=\"\" class=\"wp-image-15658\" style=\"width:125px\"\/><\/figure>\n<\/div>\n\n\n<ul class=\"wp-block-list\">\n<li>Australija, Japan, Srednja Amerika, Perzijski zaljev, Manaarski zaljev, Madagaskar, Burma (Mjanmar), Filipini, otoci Ju\u017enog Pacifika, Kina, Francuska Polinezija, Europa, SAD i JI Azija.<\/li>\n<\/ul>\n\n\n\n<h3 class=\"wp-block-heading\"><span style=\"color: #800080;\"><strong>Briga<\/strong><\/span><\/h3>\n\n\n\n<ul class=\"wp-block-list\">\n<li>\u0160koljka je prili\u010dno mekana u usporedbi s drugim biserima. Preporu\u010dljivo je o\u010distiti \u0160koljku mekom krpom nakon no\u0161enja. Izbjegavajte kori\u0161tenje ultrazvu\u010dnih \u010dista\u010da i kuhala na paru. Jednostavno koristite toplu vodu i blagi sapun ili deterd\u017eent. Obri\u0161ite biser mekom krpom, dobro isperite i uklonite ostatke sapuna. Izbjegavajte kori\u0161tenje agresivnih kemikalija ili sredstava za \u010di\u0161\u0107enje poput izbjeljiva\u010da, amonijaka ili kiselina.<\/li>\n\n\n\n<li>Tako\u0111er izbjegavajte dugotrajno izlaganje toplini, izravnoj sun\u010devoj svjetlosti ili ekstremnim temperaturnim fluktuacijama. Nakit od kamenja i same kamen\u010di\u0107e najbolje je \u010duvati u kutiji oblo\u017eenoj tkaninom ili ih zamotati u krpu odvojeno od ostalih i tako sprije\u010diti samo o\u0161te\u0107enja i eventualne ogrebotine. Preporu\u010dljivo je ne nositi nakit tijekom ve\u0107ih fizi\u010dkih aktivnosti kao \u0161to su vje\u017ebanje ili sport. Izbjegavajte prskanje parfema i laka za kosu izravno na nakit i kamenje.<\/li>\n<\/ul>\n\n\n\n<div class=\"wp-block-button aligncenter\"><a class=\"wp-block-button__link has-text-color has-background wp-element-button\" href=\"https:\/\/moirai.si\/hr\/kategorija-proizvoda\/bisera-i-skoljki\/\" style=\"color:#2d2c2c;background-color:#ddc942\" target=\"_blank\" rel=\"noreferrer noopener\">Trgovna \u0160koljka<\/a><\/div>\n\n\n\n<p class=\"has-text-align-center\">Za <strong><span style=\"color: #800080;\">10<\/span>%<\/strong> popusta koristite kod: <span style=\"color: #800080;\"><strong>moirai26 <\/strong><\/span>(koda je veljavna do 31.12.2026)!<\/p>","protected":false},"excerpt":{"rendered":"<p>Zgodovina Zdravilno * Metafizi\u010dne lastnosti \u010cakra ** Navedene zdravilne in metafizi\u010dne lastnosti kamnov so zbrane iz ve\u010d razli\u010dnih virov. Informacije so na voljo le kot storitev in ne za zdravljenje bolezni. Moirai.si ne jam\u010di popolne veljavnosti navedenega. Zna\u010dilnosti minerala Kemijska sestava CaCO3 Barva bela do krem Trdota (Mohs) 2.5-4.5 Gostota 2.61-2.85 Lomni koli\u010dnik 1.530-1.690 Kristalni [&hellip;]<\/p>\n","protected":false},"author":1,"featured_media":0,"parent":0,"menu_order":0,"comment_status":"closed","ping_status":"closed","template":"template-products-page.php","meta":{"footnotes":""},"class_list":["post-4176","page","type-page","status-publish","hentry"],"_links":{"self":[{"href":"https:\/\/moirai.si\/hr\/wp-json\/wp\/v2\/pages\/4176","targetHints":{"allow":["GET"]}}],"collection":[{"href":"https:\/\/moirai.si\/hr\/wp-json\/wp\/v2\/pages"}],"about":[{"href":"https:\/\/moirai.si\/hr\/wp-json\/wp\/v2\/types\/page"}],"author":[{"embeddable":true,"href":"https:\/\/moirai.si\/hr\/wp-json\/wp\/v2\/users\/1"}],"replies":[{"embeddable":true,"href":"https:\/\/moirai.si\/hr\/wp-json\/wp\/v2\/comments?post=4176"}],"version-history":[{"count":15,"href":"https:\/\/moirai.si\/hr\/wp-json\/wp\/v2\/pages\/4176\/revisions"}],"predecessor-version":[{"id":27187,"href":"https:\/\/moirai.si\/hr\/wp-json\/wp\/v2\/pages\/4176\/revisions\/27187"}],"wp:attachment":[{"href":"https:\/\/moirai.si\/hr\/wp-json\/wp\/v2\/media?parent=4176"}],"curies":[{"name":"wp","href":"https:\/\/api.w.org\/{rel}","templated":true}]}}