{"id":4181,"date":"2015-12-07T18:09:04","date_gmt":"2015-12-07T18:09:04","guid":{"rendered":"http:\/\/moirai.si\/?page_id=4181"},"modified":"2026-01-02T13:35:32","modified_gmt":"2026-01-02T13:35:32","slug":"fluorit","status":"publish","type":"page","link":"https:\/\/moirai.si\/hr\/fluorit\/","title":{"rendered":"Fluorit"},"content":{"rendered":"<div class=\"wp-block-buttons is-horizontal is-content-justification-center is-layout-flex wp-container-core-buttons-is-layout-03627597 wp-block-buttons-is-layout-flex\">\n<div class=\"wp-block-button aligncenter\"><a class=\"wp-block-button__link has-text-color has-background wp-element-button\" href=\"https:\/\/moirai.si\/hr\/kategorija-proizvoda\/kupnja-kamenjem\/fluorit\/\" style=\"color:#2d2c2c;background-color:#ddc942\" target=\"_blank\" rel=\"noreferrer noopener\">Trgovina Fluorit<\/a><\/div>\n<\/div>\n\n\n\n<h3 class=\"wp-block-heading\"><span style=\"color: #800080;\"><strong>Povjest<\/strong><\/span><\/h3>\n\n\n<div class=\"wp-block-image is-resized\">\n<figure class=\"alignright size-thumbnail\"><img decoding=\"async\" src=\"https:\/\/moirai.si\/wp-content\/uploads\/2020\/01\/fluorit-500x500.jpg\" alt=\"\" class=\"wp-image-15694\" style=\"object-fit:cover;width:125px;height:125px\"\/><\/figure>\n<\/div>\n\n\n<ul class=\"wp-block-list\">\n<li>Naziv \"Fluorit\" dolazi od latinske rije\u010di \"flow\" i odnosi se na fluorit koji se koristi u obradi \u010delika i aluminija. Rudari su ga izvorno zvali \"fluorit\" i koristi se i danas. Godine 1852. fenomen \"fluorescencije\" nazvan je po fluoritu, jer je bio jedan od prvih prou\u010davanih fluorescentnih minerala. Element fluor je dobio ime po fluoritu. Fluor je bitan element u kemijskom ionu fluorita. Fluorit \u010desto fluorescira pod ultraljubi\u010dastim (UV) svjetlom.<\/li>\n\n\n\n<li><span style=\"color: #800080;\">Sinonimi, stari nazivi, trgova\u010dki nazivi:<\/span> Ju\u017enoafri\u010dki smaragd, plavi John\u2026<\/li>\n<\/ul>\n\n\n\n<h3 class=\"wp-block-heading\"><span style=\"color: #800080;\"><strong>Ljekovita * Metafizi\u010dka svojstva<\/strong><\/span><\/h3>\n\n\n\n<ul class=\"wp-block-list\">\n<li>artritis, astma, duhovnost, gripa, bore, infekcije, bistrina, kosti, ko\u017ea, bubrezi, mentalni kapacitet, mir, organizacija, osteoporoza, uzemljenje, senilnost, zra\u010denje, zglobovi, stabilnost, trema, u\u010denje, za\u0161tita, zubi...<\/li>\n\n\n\n<li>Dugin fluorit poja\u010dava ljekovita svojstva drugih kristala.<\/li>\n<\/ul>\n\n\n\n<div class=\"wp-block-button aligncenter\"><a class=\"wp-block-button__link has-text-color has-background wp-element-button\" href=\"https:\/\/moirai.si\/hr\/kategorija-proizvoda\/kupnja-kamenjem\/fluorit\/\" style=\"color:#2d2c2c;background-color:#ddc942\" target=\"_blank\" rel=\"noreferrer noopener\">Trgovina Fluorit<\/a><\/div>\n\n\n<div class=\"wp-block-image is-resized\">\n<figure class=\"alignleft\"><a href=\"https:\/\/moirai.si\/hr\/cakra\/\"><img loading=\"lazy\" decoding=\"async\" width=\"500\" height=\"500\" src=\"https:\/\/moirai.si\/wp-content\/uploads\/2019\/09\/\u010dakra.jpg\" alt=\"\" class=\"wp-image-14534\" style=\"object-fit:cover;width:125px;height:125px\" srcset=\"https:\/\/moirai.si\/wp-content\/uploads\/2019\/09\/\u010dakra.jpg 500w, https:\/\/moirai.si\/wp-content\/uploads\/2019\/09\/\u010dakra-100x100.jpg 100w\" sizes=\"auto, (max-width: 500px) 100vw, 500px\" \/><\/a><\/figure>\n<\/div>\n\n\n<p><a href=\"https:\/\/moirai.si\/hr\/cakra\/\">\u010cakra<\/a><\/p>\n\n\n\n<p class=\"has-small-font-size\">** Navedena ljekovita i metafizi\u010dka svojstva kamenja prikupljena su iz razli\u010ditih izvora. Informacije su dostupne samo kao usluga, a ne za lije\u010denje bolesti. Moirai ne jam\u010di potpunu valjanost gore navedenog.<\/p>\n\n\n\n<h3 class=\"wp-block-heading\"><span style=\"color: #800080;\"><strong>Karakteristike minerala<\/strong><\/span><\/h3>\n\n\n\n<figure class=\"wp-block-table\"><table><tbody><tr><td>Kemijski sastav<\/td><td>CaF<sub>2<\/sub><\/td><\/tr><tr><td>Boja<\/td><td>ljubi\u010dasta, lila, zelena i bistra<\/td><\/tr><tr><td>Tvrdo\u0107a (Mohs)<\/td><td>4<\/td><\/tr><tr><td>Gusto\u0107a<\/td><td>3.17-3.56<\/td><\/tr><tr><td>Indeks loma<\/td><td>1.433-1.448<\/td><\/tr><tr><td>Kristalni sistem<\/td><td>Kubi\u010dni<\/td><\/tr><\/tbody><\/table><\/figure>\n\n\n\n<h3 class=\"wp-block-heading\"><span style=\"color: #800080;\"><strong>Izvor minerala<\/strong><\/span><\/h3>\n\n\n<div class=\"wp-block-image is-resized\">\n<figure class=\"alignleft size-large\"><img loading=\"lazy\" decoding=\"async\" width=\"189\" height=\"104\" src=\"https:\/\/moirai.si\/wp-content\/uploads\/2020\/01\/svet.jpg\" alt=\"\" class=\"wp-image-15658\" style=\"width:125px\"\/><\/figure>\n<\/div>\n\n\n<ul class=\"wp-block-list\">\n<li>Argentina, Austrija, Kanada, Kina, Engleska, Francuska, Njema\u010dka, Meksiko, Maroko, Mijanmar (Burma), Namibija, Rusija, \u0160panjolska, \u0160vicarska, SAD...<\/li>\n<\/ul>\n\n\n\n<h3 class=\"wp-block-heading\"><span style=\"color: #800080;\"><strong>Briga<\/strong><\/span><\/h3>\n\n\n\n<ul class=\"wp-block-list\">\n<li>Za \u010di\u0161\u0107enje Fluorita koristite vodu sa sapunom i meku krpu. Obavezno ga dobro isperite i uklonite sve ostatke sapuna. Kao i kod ve\u0107ine dragog i poludragog kamenja, izbjegavajte kori\u0161tenje ultrazvu\u010dnih \u010dista\u010da i aparata za paru. Izbjegavajte kori\u0161tenje izbjeljiva\u010da i drugih kemikalija.<\/li>\n\n\n\n<li>Najbolje je pohraniti kameni nakit u kutiju prekrivenu krpom ili zamotati u tkaninu odvojeno od ostalih, \u010dime se spre\u010davaju o\u0161te\u0107enja i mogu\u0107e ogrebotine. Preporu\u010dljivo je ne nositi nakit tijekom velikih fizi\u010dkih aktivnosti kao \u0161to su vje\u017ebanje ili sport. Izbjegavajte prskanje parfema na va\u0161 nakit i kamenje.<\/li>\n<\/ul>\n\n\n\n<div class=\"wp-block-button aligncenter\"><a class=\"wp-block-button__link has-text-color has-background wp-element-button\" href=\"https:\/\/moirai.si\/hr\/kategorija-proizvoda\/kupnja-kamenjem\/fluorit\/\" style=\"color:#2d2c2c;background-color:#ddc942\" target=\"_blank\" rel=\"noreferrer noopener\">Trgovina Fluorit<\/a><\/div>\n\n\n\n<p class=\"has-text-align-center\">Za <strong><span style=\"color: #800080;\">10<\/span>%<\/strong> popusta koristite kod: <span style=\"color: #800080;\"><strong>moirai26 <\/strong><\/span>(koda je veljavna do 31.12.2026)!<\/p>\n\n\n\n<h3 class=\"wp-block-heading\"><span style=\"color: #800080;\"><strong>Horoskop<\/strong><\/span><\/h3>\n\n\n<div class=\"wp-block-image\">\n<figure class=\"alignleft size-large\"><img loading=\"lazy\" decoding=\"async\" width=\"116\" height=\"111\" src=\"https:\/\/moirai.si\/wp-content\/uploads\/2020\/01\/horoskop.jpg\" alt=\"\" class=\"wp-image-15659\"\/><\/figure>\n<\/div>\n\n\n<ul class=\"wp-block-list\">\n<li>Jarac, Ribe<\/li>\n<\/ul>\n\n\n\n<div class=\"wp-block-buttons is-layout-flex wp-block-buttons-is-layout-flex\"><\/div>","protected":false},"excerpt":{"rendered":"<p>Zgodovina Zdravilno * Metafizi\u010dne lastnosti \u010cakra ** Navedene zdravilne in metafizi\u010dne lastnosti kamnov so zbrane iz ve\u010d razli\u010dnih virov. Informacije so na voljo le kot storitev in ne za zdravljenje bolezni. Moirai.si ne jam\u010di popolne veljavnosti navedenega. Zna\u010dilnosti minerala Kemijska sestava CaF2 Barva vijoli\u010dna, lila, zelena in jasna Trdota (Mohs) 4 Gostota 3.17-3.56 Lomni koli\u010dnik [&hellip;]<\/p>\n","protected":false},"author":1,"featured_media":0,"parent":0,"menu_order":0,"comment_status":"closed","ping_status":"closed","template":"template-products-page.php","meta":{"footnotes":""},"class_list":["post-4181","page","type-page","status-publish","hentry"],"_links":{"self":[{"href":"https:\/\/moirai.si\/hr\/wp-json\/wp\/v2\/pages\/4181","targetHints":{"allow":["GET"]}}],"collection":[{"href":"https:\/\/moirai.si\/hr\/wp-json\/wp\/v2\/pages"}],"about":[{"href":"https:\/\/moirai.si\/hr\/wp-json\/wp\/v2\/types\/page"}],"author":[{"embeddable":true,"href":"https:\/\/moirai.si\/hr\/wp-json\/wp\/v2\/users\/1"}],"replies":[{"embeddable":true,"href":"https:\/\/moirai.si\/hr\/wp-json\/wp\/v2\/comments?post=4181"}],"version-history":[{"count":15,"href":"https:\/\/moirai.si\/hr\/wp-json\/wp\/v2\/pages\/4181\/revisions"}],"predecessor-version":[{"id":27182,"href":"https:\/\/moirai.si\/hr\/wp-json\/wp\/v2\/pages\/4181\/revisions\/27182"}],"wp:attachment":[{"href":"https:\/\/moirai.si\/hr\/wp-json\/wp\/v2\/media?parent=4181"}],"curies":[{"name":"wp","href":"https:\/\/api.w.org\/{rel}","templated":true}]}}