{"id":4188,"date":"2015-12-07T18:23:32","date_gmt":"2015-12-07T18:23:32","guid":{"rendered":"http:\/\/moirai.si\/?page_id=4188"},"modified":"2026-01-02T13:35:10","modified_gmt":"2026-01-02T13:35:10","slug":"granat","status":"publish","type":"page","link":"https:\/\/moirai.si\/hr\/granat\/","title":{"rendered":"Granat"},"content":{"rendered":"<div class=\"wp-block-button aligncenter\"><a class=\"wp-block-button__link has-text-color has-background wp-element-button\" href=\"https:\/\/moirai.si\/hr\/kategorija-proizvoda\/kupnja-kamenjem\/granat\/\" style=\"color:#2d2c2c;background-color:#ddc942\" target=\"_blank\" rel=\"noreferrer noopener\">Trgovina Granat<\/a><\/div>\n\n\n\n<h3 class=\"wp-block-heading\"><span style=\"color: #800080;\"><strong>Povjest<\/strong><\/span><\/h3>\n\n\n<div class=\"wp-block-image is-resized\">\n<figure class=\"alignright size-thumbnail\"><img decoding=\"async\" src=\"https:\/\/moirai.si\/wp-content\/uploads\/2020\/01\/granat-500x500.jpg\" alt=\"\" class=\"wp-image-15696\" style=\"width:125px\"\/><\/figure>\n<\/div>\n\n\n<ul class=\"wp-block-list\">\n<li>Ime Granat dolazi od latinske rije\u010di za nar \u00abgranatum\u00bb. Kad netko pomisli na granat, ve\u0107ina ljudi zamisli crveno drago kamenje. Iako je crvena naj\u010de\u0161\u0107a, granat se pojavljuje u gotovo svim bojama. Granat je skupina minerala koja se pojavljuje u vi\u0161e od dvadeset razli\u010ditih varijanti.<\/li>\n\n\n\n<li><span style=\"color: #800080;\">Sinonimi, stari nazivi, trgova\u010dki nazivi:<\/span> Almandin, Andradit, Arkansas rubin, \u010de\u0161ki rubin, demantoid, plemeniti granat, grosular, hesonit, Cape rubin, pirop, rodolit, spesartin, transvalski \u017ead, uvarovit\u2026<\/li>\n<\/ul>\n\n\n\n<h3 class=\"wp-block-heading\"><span style=\"color: #800080;\"><strong>Ljekovita * Metafizi\u010dka svojstva<\/strong><\/span><\/h3>\n\n\n\n<ul class=\"wp-block-list\">\n<li><strong><span style=\"color: #800080;\">Crveni granat<\/span><\/strong>: depresija, glavobolja, ljutnja, krv, leukemija, ljubav, melankolija, no\u0107ne more, plodnost, hrabrost, malodu\u0161nost, metabolizam, samopouzdanje, anemija, slabost, srce, tuga...<\/li>\n\n\n\n<li><span style=\"color: #800080;\"><strong>Zeleni Granat<\/strong><\/span> (Tsavorit ili Tsavolit): Obilje, arterioskleroza, artritis, milosr\u0111e, suosje\u0107anje, zdravlje, nada, imunolo\u0161ki sustav, infekcije, upala, radost, bubrezi, materijalna dobra, ljubaznost, jetra, metabolizam, mir, blagostanje, za\u0161tita, di\u0161ni sustav, reumatizam , duhovnost, mo\u0107, bogatstvo\u2026<\/li>\n<\/ul>\n\n\n\n<div class=\"wp-block-button aligncenter\"><a class=\"wp-block-button__link has-text-color has-background wp-element-button\" href=\"https:\/\/moirai.si\/hr\/kategorija-proizvoda\/kupnja-kamenjem\/granat\/\" style=\"color:#2d2c2c;background-color:#ddc942\" target=\"_blank\" rel=\"noreferrer noopener\">Trgovina Granat<\/a><\/div>\n\n\n<div class=\"wp-block-image is-resized\">\n<figure class=\"alignleft\"><a href=\"https:\/\/moirai.si\/hr\/cakra\/\"><img loading=\"lazy\" decoding=\"async\" width=\"500\" height=\"500\" src=\"https:\/\/moirai.si\/wp-content\/uploads\/2019\/09\/\u010dakra.jpg\" alt=\"\" class=\"wp-image-14534\" style=\"width:125px\" srcset=\"https:\/\/moirai.si\/wp-content\/uploads\/2019\/09\/\u010dakra.jpg 500w, https:\/\/moirai.si\/wp-content\/uploads\/2019\/09\/\u010dakra-100x100.jpg 100w\" sizes=\"auto, (max-width: 500px) 100vw, 500px\" \/><\/a><\/figure>\n<\/div>\n\n\n<p><a href=\"https:\/\/moirai.si\/hr\/cakra\/\">\u010cakra<\/a><\/p>\n\n\n\n<p class=\"has-small-font-size\">** Navedena ljekovita i metafizi\u010dka svojstva kamenja prikupljena su iz razli\u010ditih izvora. Informacije su dostupne samo kao usluga, a ne za lije\u010denje bolesti. Moirai ne jam\u010di potpunu valjanost gore navedenog.<\/p>\n\n\n\n<h3 class=\"wp-block-heading\">&nbsp;<span style=\"color: #800080;\"><strong>Karakteristike minerala<\/strong><\/span><\/h3>\n\n\n\n<figure class=\"wp-block-table\"><table><tbody><tr><td>Kemijski sastav<\/td><td>Mg<sub>3<\/sub>Al<sub>2<\/sub>(SiO<sub>4<\/sub>)<sub>3<\/sub>)<\/td><\/tr><tr><td>Boja<\/td><td>duboko crvene do svijetloljubi\u010daste<\/td><\/tr><tr><td>Tvrdo\u0107a (Mohs)<\/td><td>6.5-7.5<\/td><\/tr><tr><td>Gusto\u0107a<\/td><td>3.10-4.30<\/td><\/tr><tr><td>Indeks loma<\/td><td>1.720-1.940<\/td><\/tr><tr><td>Kristalni sistem<\/td><td>Kubi\u010dni<\/td><\/tr><\/tbody><\/table><\/figure>\n\n\n\n<h3 class=\"wp-block-heading\"><span style=\"color: #800080;\"><strong>Izvor minerala<\/strong><\/span><\/h3>\n\n\n<div class=\"wp-block-image is-resized\">\n<figure class=\"alignleft size-large\"><img loading=\"lazy\" decoding=\"async\" width=\"189\" height=\"104\" src=\"https:\/\/moirai.si\/wp-content\/uploads\/2020\/01\/svet.jpg\" alt=\"\" class=\"wp-image-15658\" style=\"width:125px\"\/><\/figure>\n<\/div>\n\n\n<ul class=\"wp-block-list\">\n<li>Afrika, Indija, Rusija, Ju\u017ena Amerika, Madagaskar, Pakistan<strong>, <\/strong>SAD\u2026<\/li>\n<\/ul>\n\n\n\n<h3 class=\"wp-block-heading has-text-align-left\"><span style=\"color: #800080;\"><strong>Briga<\/strong><\/span><\/h3>\n\n\n\n<ul class=\"wp-block-list\">\n<li>O\u010distite granat toplom vodom i sapunicom i mekom \u010detkom. Tako\u0111er isperite kamen nakon pranja. Ultrazvu\u010dni tretmani mogu se koristiti na ve\u0107ini granata osim na tipu demantoidnog granata. \u010ci\u0161\u0107enje parom mo\u017ee uzrokovati promjenu boje zbog topline. Za\u0161titite granatu od o\u0161trih udaraca, ekstremnih promjena temperature i kemikalija.<\/li>\n\n\n\n<li>Najbolje je pohraniti kameni nakit u kutiju prekrivenu krpom ili zamotati u tkaninu odvojeno od ostalih, \u010dime se spre\u010davaju o\u0161te\u0107enja i mogu\u0107e ogrebotine. Preporu\u010dljivo je ne nositi nakit tijekom velikih fizi\u010dkih aktivnosti kao \u0161to su vje\u017ebanje ili sport. Izbjegavajte prskanje parfema na va\u0161 nakit i kamenje.<\/li>\n<\/ul>\n\n\n\n<div class=\"wp-block-button aligncenter\"><a class=\"wp-block-button__link has-text-color has-background wp-element-button\" href=\"https:\/\/moirai.si\/hr\/kategorija-proizvoda\/kupnja-kamenjem\/granat\/\" style=\"color:#2d2c2c;background-color:#ddc942\" target=\"_blank\" rel=\"noreferrer noopener\">Trgovina Granat<\/a><\/div>\n\n\n\n<p class=\"has-text-align-center\">Za <strong><span style=\"color: #800080;\">10<\/span>%<\/strong> popusta koristite kod: <span style=\"color: #800080;\"><strong>moirai26 <\/strong><\/span>(koda je veljavna do 31.12.2026)!<\/p>\n\n\n\n<h3 class=\"wp-block-heading\"><span style=\"color: #800080;\"><strong>Horoskop<\/strong><\/span><\/h3>\n\n\n<div class=\"wp-block-image\">\n<figure class=\"alignleft size-large\"><img loading=\"lazy\" decoding=\"async\" width=\"116\" height=\"111\" src=\"https:\/\/moirai.si\/wp-content\/uploads\/2020\/01\/horoskop.jpg\" alt=\"\" class=\"wp-image-15659\"\/><\/figure>\n<\/div>\n\n\n<ul class=\"wp-block-list\">\n<li>Ovan, Lav, Djevica, \u0160korpion, Jarac<\/li>\n<\/ul>","protected":false},"excerpt":{"rendered":"<p>Zgodovina Zdravilno * Metafizi\u010dne lastnosti \u010cakra ** Navedene zdravilne in metafizi\u010dne lastnosti kamnov so zbrane iz ve\u010d razli\u010dnih virov. Informacije so na voljo le kot storitev in ne za zdravljenje bolezni. Moirai.si ne jam\u010di popolne veljavnosti navedenega. &nbsp;Zna\u010dilnosti minerala Kemijska sestava Mg3Al2(SiO4)3) Barva globoko rde\u010da do svetlo vijoli\u010dna Trdota (Mohs) 6.5-7.5 Gostota 3.10-4.30 Lomni koli\u010dnik [&hellip;]<\/p>\n","protected":false},"author":1,"featured_media":0,"parent":0,"menu_order":0,"comment_status":"closed","ping_status":"closed","template":"template-products-page.php","meta":{"footnotes":""},"class_list":["post-4188","page","type-page","status-publish","hentry"],"_links":{"self":[{"href":"https:\/\/moirai.si\/hr\/wp-json\/wp\/v2\/pages\/4188","targetHints":{"allow":["GET"]}}],"collection":[{"href":"https:\/\/moirai.si\/hr\/wp-json\/wp\/v2\/pages"}],"about":[{"href":"https:\/\/moirai.si\/hr\/wp-json\/wp\/v2\/types\/page"}],"author":[{"embeddable":true,"href":"https:\/\/moirai.si\/hr\/wp-json\/wp\/v2\/users\/1"}],"replies":[{"embeddable":true,"href":"https:\/\/moirai.si\/hr\/wp-json\/wp\/v2\/comments?post=4188"}],"version-history":[{"count":16,"href":"https:\/\/moirai.si\/hr\/wp-json\/wp\/v2\/pages\/4188\/revisions"}],"predecessor-version":[{"id":27181,"href":"https:\/\/moirai.si\/hr\/wp-json\/wp\/v2\/pages\/4188\/revisions\/27181"}],"wp:attachment":[{"href":"https:\/\/moirai.si\/hr\/wp-json\/wp\/v2\/media?parent=4188"}],"curies":[{"name":"wp","href":"https:\/\/api.w.org\/{rel}","templated":true}]}}