{"id":4192,"date":"2015-12-07T18:43:50","date_gmt":"2015-12-07T18:43:50","guid":{"rendered":"http:\/\/moirai.si\/?page_id=4192"},"modified":"2026-01-02T13:07:25","modified_gmt":"2026-01-02T13:07:25","slug":"hematit","status":"publish","type":"page","link":"https:\/\/moirai.si\/hr\/hematit\/","title":{"rendered":"Hematit"},"content":{"rendered":"<div class=\"wp-block-button aligncenter\"><a class=\"wp-block-button__link has-text-color has-background wp-element-button\" href=\"https:\/\/moirai.si\/hr\/kategorija-proizvoda\/kupnja-kamenjem\/hematit\/\" style=\"color:#2d2c2c;background-color:#ddc942\" target=\"_blank\" rel=\"noreferrer noopener\">Trgovina Hematit<\/a><\/div>\n\n\n\n<h3 class=\"wp-block-heading\"><span style=\"color: #800080;\"><strong>Povjest<\/strong><\/span><\/h3>\n\n\n<div class=\"wp-block-image is-resized\">\n<figure class=\"alignright size-thumbnail\"><img decoding=\"async\" src=\"https:\/\/moirai.si\/wp-content\/uploads\/2020\/01\/hematit-500x500.jpg\" alt=\"\" class=\"wp-image-15701\" style=\"width:125px\"\/><\/figure>\n<\/div>\n\n\n<ul class=\"wp-block-list\">\n<li>Zbog sadr\u017eaja \u017eeljeznog oksida koji se nalazi na hematitu, crvena hr\u0111a je \u010desto jasno vidljiva, po \u010demu je i dobila ime. Kada je sam hematit visoko poliran, mo\u017ee izgledati poput poliranog srebra. Hematit je uvijek nejasan i obi\u010dno je crno-sive boje. Njegovi kristali su prozirni, crvenkaste ili sme\u0111e boje.<\/li>\n\n\n\n<li><span style=\"color: #800080;\">Sinonimi, stari nazivi, trgova\u010dki nazivi:<\/span> Krvavec, Spekularit, Iron Rose...<\/li>\n<\/ul>\n\n\n\n<h3 class=\"wp-block-heading\"><span style=\"color: #800080;\"><strong>Ljekovita * Metafizi\u010dka svojstva<\/strong><\/span><\/h3>\n\n\n\n<ul class=\"wp-block-list\">\n<li>depresija, egoizam, hemoglobin, jetra, ljutnja, koncentracija, gr\u010devi, krv, logika, mir, mozak, negativnost, nesanica, o\u010di, opekline, plu\u0107a, metabolizam, uzemljenje, samopouzdanje, anemija, pam\u0107enje, spontanost, srce, svje\u017eina, \u0161titnja\u010da, tijelo, gu\u0161tera\u010da, tvrdoglavost, ravnote\u017ea, radost, upala, slezena, temperatura, za\u0161tita...<\/li>\n\n\n\n<li>Hematit poma\u017ee kod tumora mozga i raka mozga. Neki vjeruju da poma\u017ee smanjiti rast tumora i popraviti se na stani\u010dnoj razini.<\/li>\n<\/ul>\n\n\n\n<div class=\"wp-block-button aligncenter\"><a class=\"wp-block-button__link has-text-color has-background wp-element-button\" href=\"https:\/\/moirai.si\/hr\/kategorija-proizvoda\/kupnja-kamenjem\/hematit\/\" style=\"color:#2d2c2c;background-color:#ddc942\" target=\"_blank\" rel=\"noreferrer noopener\">Trgovina Hematit<\/a><\/div>\n\n\n<div class=\"wp-block-image is-resized\">\n<figure class=\"alignleft\"><a href=\"https:\/\/moirai.si\/hr\/cakra\/\"><img loading=\"lazy\" decoding=\"async\" width=\"500\" height=\"500\" src=\"https:\/\/moirai.si\/wp-content\/uploads\/2019\/09\/\u010dakra.jpg\" alt=\"\" class=\"wp-image-14534\" style=\"width:125px\" srcset=\"https:\/\/moirai.si\/wp-content\/uploads\/2019\/09\/\u010dakra.jpg 500w, https:\/\/moirai.si\/wp-content\/uploads\/2019\/09\/\u010dakra-100x100.jpg 100w\" sizes=\"auto, (max-width: 500px) 100vw, 500px\" \/><\/a><\/figure>\n<\/div>\n\n\n<p><a href=\"https:\/\/moirai.si\/hr\/cakra\/\">\u010cakra<\/a><\/p>\n\n\n\n<p class=\"has-small-font-size\">** Navedena ljekovita i metafizi\u010dka svojstva kamenja prikupljena su iz razli\u010ditih izvora. Informacije su dostupne samo kao usluga, a ne za lije\u010denje bolesti. Moirai ne jam\u010di potpunu valjanost gore navedenog.<\/p>\n\n\n\n<h3 class=\"wp-block-heading\"><span style=\"color: #800080;\"><strong>Karakteristike minerala<\/strong><\/span><\/h3>\n\n\n\n<figure class=\"wp-block-table\"><table><tbody><tr><td>Kemijski sastav<\/td><td>Fe<sub>2<\/sub>O<sub>3<\/sub><\/td><\/tr><tr><td>Boja<\/td><td>crna, crno-sme\u0111a, sme\u0111e-crvena<\/td><\/tr><tr><td>Tvrdo\u0107a (Mohs)<\/td><td>5.5-6.5<\/td><\/tr><tr><td>Gusto\u0107a<\/td><td>5.26<\/td><\/tr><tr><td>Indeks loma<\/td><td>2.870-3.220<\/td><\/tr><tr><td>Kristalni sistem<\/td><td>Trigonalni<\/td><\/tr><\/tbody><\/table><\/figure>\n\n\n\n<h3 class=\"wp-block-heading\"><span style=\"color: #800080;\"><strong>Izvor minerala<\/strong><\/span><\/h3>\n\n\n<div class=\"wp-block-image is-resized\">\n<figure class=\"alignleft size-large\"><img loading=\"lazy\" decoding=\"async\" width=\"189\" height=\"104\" src=\"https:\/\/moirai.si\/wp-content\/uploads\/2020\/01\/svet.jpg\" alt=\"\" class=\"wp-image-15658\" style=\"width:125px\"\/><\/figure>\n<\/div>\n\n\n<ul class=\"wp-block-list\">\n<li>Brazil, Slovenija, Engleska, Italija, Maroko, Ju\u017ena Afrika, Banglade\u0161, Kina, Novi Zeland, \u010ce\u0161ka, SAD...<\/li>\n<\/ul>\n\n\n\n<h3 class=\"wp-block-heading\"><span style=\"color: #800080;\"><strong>Briga<\/strong><\/span><\/h3>\n\n\n\n<ul class=\"wp-block-list\">\n<li>Hematit je prili\u010dno mekan kamen. Izbjegavajte kori\u0161tenje parnih i ultrazvu\u010dnih \u010dista\u010da. Nemojte koristiti kemikalije ili teku\u0107ine za \u010di\u0161\u0107enje, osobito izbjeljiva\u010d ili kiselinu. Hematit se mo\u017ee \u010distiti toplom vodom i sapunicom i mekom krpom. Dobro isperite hematit kako biste uklonili ostatke sapunaste vode. Prilikom pohranjivanja nakita od kamenja ili samog kamenja najbolje ga je staviti u kutiju oblo\u017eenu tkaninom ili zamotanu u krpu odvojeno od ostalih i tako sprije\u010diti o\u0161te\u0107enja i ogrebotine.<\/li>\n\n\n\n<li>Najbolji je kameni nakit pohraniti u kutiju prekrivenu krpom ili ga zamotati u tkaninu odvojeno od ostalih, \u010dime se spre\u010davaju o\u0161te\u0107enja i mogu\u0107e ogrebotine.\nPreporu\u010da se skidanje nakita tijekom ve\u0107ih tjelesnih aktivnosti, poput vje\u017ebanja ili sporta. Izbjegavajte prskanje parfema i laka za kosu izravno na nakit i kamenje.<\/li>\n<\/ul>\n\n\n\n<div class=\"wp-block-button aligncenter\"><a class=\"wp-block-button__link has-text-color has-background wp-element-button\" href=\"https:\/\/moirai.si\/hr\/kategorija-proizvoda\/kupnja-kamenjem\/hematit\/\" style=\"color:#2d2c2c;background-color:#ddc942\" target=\"_blank\" rel=\"noreferrer noopener\">Trgovina Hematit<\/a><\/div>\n\n\n\n<p class=\"has-text-align-center\">Za <strong><span style=\"color: #800080;\">10<\/span>%<\/strong> popusta koristite kod: <span style=\"color: #800080;\"><strong>moirai26 <\/strong><\/span>(koda je veljavna do 31.12.2026)!<\/p>\n\n\n\n<h3 class=\"wp-block-heading\"><span style=\"color: #800080;\"><strong>Horoskop<\/strong><\/span><\/h3>\n\n\n<div class=\"wp-block-image\">\n<figure class=\"alignleft size-large\"><img loading=\"lazy\" decoding=\"async\" width=\"116\" height=\"111\" src=\"https:\/\/moirai.si\/wp-content\/uploads\/2020\/01\/horoskop.jpg\" alt=\"\" class=\"wp-image-15659\"\/><\/figure>\n<\/div>\n\n\n<ul class=\"wp-block-list\">\n<li>Ovan, Vodenjak, Ribe, Jarac<\/li>\n<\/ul>","protected":false},"excerpt":{"rendered":"<p>Zgodovina Zdravilno * Metafizi\u010dne lastnosti \u010cakra ** Navedene zdravilne in metafizi\u010dne lastnosti kamnov so zbrane iz ve\u010d razli\u010dnih virov. Informacije so na voljo le kot storitev in ne za zdravljenje bolezni. Moirai.si ne jam\u010di popolne veljavnosti navedenega. Zna\u010dilnosti minerala Kemijska sestava Fe2O3 Barva \u010drna, \u010drno-rjava, rjavo-rde\u010da Trdota (Mohs) 5.5-6.5 Gostota 5.26 Lomni koli\u010dnik 2.870-3.220 Kristalni [&hellip;]<\/p>\n","protected":false},"author":1,"featured_media":0,"parent":0,"menu_order":0,"comment_status":"closed","ping_status":"closed","template":"template-products-page.php","meta":{"footnotes":""},"class_list":["post-4192","page","type-page","status-publish","hentry"],"_links":{"self":[{"href":"https:\/\/moirai.si\/hr\/wp-json\/wp\/v2\/pages\/4192","targetHints":{"allow":["GET"]}}],"collection":[{"href":"https:\/\/moirai.si\/hr\/wp-json\/wp\/v2\/pages"}],"about":[{"href":"https:\/\/moirai.si\/hr\/wp-json\/wp\/v2\/types\/page"}],"author":[{"embeddable":true,"href":"https:\/\/moirai.si\/hr\/wp-json\/wp\/v2\/users\/1"}],"replies":[{"embeddable":true,"href":"https:\/\/moirai.si\/hr\/wp-json\/wp\/v2\/comments?post=4192"}],"version-history":[{"count":12,"href":"https:\/\/moirai.si\/hr\/wp-json\/wp\/v2\/pages\/4192\/revisions"}],"predecessor-version":[{"id":27139,"href":"https:\/\/moirai.si\/hr\/wp-json\/wp\/v2\/pages\/4192\/revisions\/27139"}],"wp:attachment":[{"href":"https:\/\/moirai.si\/hr\/wp-json\/wp\/v2\/media?parent=4192"}],"curies":[{"name":"wp","href":"https:\/\/api.w.org\/{rel}","templated":true}]}}