{"id":4198,"date":"2015-12-07T18:59:30","date_gmt":"2015-12-07T18:59:30","guid":{"rendered":"http:\/\/moirai.si\/?page_id=4198"},"modified":"2026-01-02T13:10:11","modified_gmt":"2026-01-02T13:10:11","slug":"krizopraza","status":"publish","type":"page","link":"https:\/\/moirai.si\/hr\/hrizopras\/","title":{"rendered":"Krizopras"},"content":{"rendered":"<div class=\"wp-block-button aligncenter\"><a class=\"wp-block-button__link has-text-color has-background wp-element-button\" href=\"https:\/\/moirai.si\/hr\/kategorija-proizvoda\/kupnja-kamenjem\/krizopraza\/\" style=\"color:#2d2c2c;background-color:#ddc942\" target=\"_blank\" rel=\"noreferrer noopener\">Trgovina Krizopras<\/a><\/div>\n\n\n\n<h3 class=\"wp-block-heading\"><span style=\"color: #800080;\"><strong>Povjest<\/strong><\/span><\/h3>\n\n\n<div class=\"wp-block-image is-resized\">\n<figure class=\"alignright size-large\"><img loading=\"lazy\" decoding=\"async\" width=\"566\" height=\"566\" src=\"https:\/\/moirai.si\/wp-content\/uploads\/2020\/01\/hrizopras.jpg\" alt=\"\" class=\"wp-image-15708\" style=\"width:125px\" srcset=\"https:\/\/moirai.si\/wp-content\/uploads\/2020\/01\/hrizopras.jpg 566w, https:\/\/moirai.si\/wp-content\/uploads\/2020\/01\/hrizopras-100x100.jpg 100w, https:\/\/moirai.si\/wp-content\/uploads\/2020\/01\/hrizopras-501x501.jpg 501w\" sizes=\"auto, (max-width: 566px) 100vw, 566px\" \/><\/figure>\n<\/div>\n\n\n<ul class=\"wp-block-list\">\n<li>Ime Krizopras potje\u010de od gr\u010dke rije\u010di \u03c7\u03c1\u03c5\u03c3\u03cc\u03c2 (chrysos) \u0161to zna\u010di \u201czlato\u201d i \u03c0\u03c1\u03ac\u03c3\u03b9\u03bd\u03bf\u03bd (prasinon), \u0161to zna\u010di \u201czeleno\u201d. Krizopras je vrlo rijedak oblik Kremena. Najistaknutija karakteristika mu je prekrasna boja, koja je poput zelene jabuke. Ipak, treba napomenuti da Krizopras tako\u0111er mo\u017ee biti vrlo tamnozelene boje. Tragovi nikla daju mu lijepu zelenu boju.<\/li>\n\n\n\n<li><span style=\"color: #800080;\">Sinonimi, stari nazivi, trgova\u010dki nazivi:<\/span> Hrizopraz, kamen Venere\u2026<\/li>\n<\/ul>\n\n\n\n<h3 class=\"wp-block-heading\"><span style=\"color: #800080;\"><strong>Ljekovita * Metafizi\u010dka svojstva<\/strong><\/span><\/h3>\n\n\n\n<ul class=\"wp-block-list\">\n<li>hormoni, jetra, klaustrofobija, ko\u017ea, kreativnost, ljubav, mo\u0107, nasilje, obilje, o\u010di, odanost, odnosi, plodnost, samopouzdanje, blagostanje, samopo\u0161tovanje, san, sigurnost, srce, sre\u0107a, poticaj, tolerancija, trovanje, \u010darolije, uspjeh\u2026<\/li>\n<\/ul>\n\n\n\n<div class=\"wp-block-button aligncenter\"><a class=\"wp-block-button__link has-text-color has-background wp-element-button\" href=\"https:\/\/moirai.si\/hr\/kategorija-proizvoda\/kupnja-kamenjem\/krizopraza\/\" style=\"color:#2d2c2c;background-color:#ddc942\" target=\"_blank\" rel=\"noreferrer noopener\">Trgovina Krizopras<\/a><\/div>\n\n\n<div class=\"wp-block-image is-resized\">\n<figure class=\"alignleft\"><a href=\"https:\/\/moirai.si\/hr\/cakra\/\"><img loading=\"lazy\" decoding=\"async\" width=\"500\" height=\"500\" src=\"https:\/\/moirai.si\/wp-content\/uploads\/2019\/09\/\u010dakra.jpg\" alt=\"\" class=\"wp-image-14534\" style=\"width:125px\" srcset=\"https:\/\/moirai.si\/wp-content\/uploads\/2019\/09\/\u010dakra.jpg 500w, https:\/\/moirai.si\/wp-content\/uploads\/2019\/09\/\u010dakra-100x100.jpg 100w\" sizes=\"auto, (max-width: 500px) 100vw, 500px\" \/><\/a><\/figure>\n<\/div>\n\n\n<p><a href=\"https:\/\/moirai.si\/hr\/cakra\/\">\u010cakra<\/a><\/p>\n\n\n\n<p class=\"has-small-font-size\">** Navedena ljekovita i metafizi\u010dka svojstva kamenja prikupljena su iz razli\u010ditih izvora. Informacije su dostupne samo kao usluga, a ne za lije\u010denje bolesti. Moirai ne jam\u010di potpunu valjanost gore navedenog.<\/p>\n\n\n\n<h3 class=\"wp-block-heading\"><span style=\"color: #800080;\"><strong>Karakteristike minerala<\/strong><\/span><\/h3>\n\n\n\n<figure class=\"wp-block-table\"><table><tbody><tr><td>Kemijski sastav<\/td><td>SiO<sub>2<\/sub><\/td><\/tr><tr><td>Boja<\/td><td>limun \u017euta, svijetlo zelena, zelena<\/td><\/tr><tr><td>Tvrdo\u0107a (Mohs)<\/td><td>6-7<\/td><\/tr><tr><td>Gusto\u0107a<\/td><td>2.58-2.64<\/td><\/tr><tr><td>Indeks loma<\/td><td>1.530-1.539<\/td><\/tr><tr><td>Kristalni sistem<\/td><td>Trigonalni<\/td><\/tr><\/tbody><\/table><\/figure>\n\n\n\n<h3 class=\"wp-block-heading\"><span style=\"color: #800080;\"><strong>Izvor minerala<\/strong><\/span><\/h3>\n\n\n<div class=\"wp-block-image is-resized\">\n<figure class=\"alignleft size-large\"><img loading=\"lazy\" decoding=\"async\" width=\"189\" height=\"104\" src=\"https:\/\/moirai.si\/wp-content\/uploads\/2020\/01\/svet.jpg\" alt=\"\" class=\"wp-image-15658\" style=\"width:125px\"\/><\/figure>\n<\/div>\n\n\n<ul class=\"wp-block-list\">\n<li>Poljska, Njema\u010dka, Rusija, Zimbabve, Ju\u017ena Afrika, Tanzanija, Indija, Kazahstan, Madagaskar, Brazil, Arizona, Kalifornija, Oregon, Australija\u2026<\/li>\n<\/ul>\n\n\n\n<h3 class=\"wp-block-heading\"><strong>&nbsp;<span style=\"color: #800080;\">Briga<\/span><\/strong><\/h3>\n\n\n\n<ul class=\"wp-block-list\">\n<li>Krizopras se mo\u017ee o\u010distiti toplim sapunom i mekom krpom. Ne koristite o\u0161tre kemikalije za ku\u0107anstvo. Mo\u017ee izblijediti ako je izlo\u017een izravnoj sun\u010devoj svjetlosti.<\/li>\n\n\n\n<li>Najbolji je kameni nakit pohraniti u kutiju prekrivenu krpom ili ga zamotati u tkaninu odvojeno od ostalih, \u010dime se spre\u010davaju o\u0161te\u0107enja i mogu\u0107e ogrebotine.\nPreporu\u010da se skidanje nakita tijekom ve\u0107ih tjelesnih aktivnosti, poput vje\u017ebanja ili sporta. Izbjegavajte prskanje parfema i laka za kosu izravno na nakit i kamenje.<\/li>\n<\/ul>\n\n\n\n<div class=\"wp-block-button aligncenter\"><a class=\"wp-block-button__link has-text-color has-background wp-element-button\" href=\"https:\/\/moirai.si\/hr\/kategorija-proizvoda\/kupnja-kamenjem\/krizopraza\/\" style=\"color:#2d2c2c;background-color:#ddc942\" target=\"_blank\" rel=\"noreferrer noopener\">Trgovina Krizopras<\/a><\/div>\n\n\n\n<p class=\"has-text-align-center\">Za <strong><span style=\"color: #800080;\">10<\/span>%<\/strong> popusta koristite kod: <span style=\"color: #800080;\"><strong>moirai26 <\/strong><\/span>(koda je veljavna do 31.12.2026)!<\/p>\n\n\n\n<h3 class=\"wp-block-heading\"><span style=\"color: #800080;\"><strong>Horoskop<\/strong><\/span><\/h3>\n\n\n<div class=\"wp-block-image\">\n<figure class=\"alignleft size-large\"><img loading=\"lazy\" decoding=\"async\" width=\"116\" height=\"111\" src=\"https:\/\/moirai.si\/wp-content\/uploads\/2020\/01\/horoskop.jpg\" alt=\"\" class=\"wp-image-15659\"\/><\/figure>\n<\/div>\n\n\n<ul class=\"wp-block-list\">\n<li>Bik, Blizanci, Vaga, Rak, \u0160korpion<\/li>\n<\/ul>","protected":false},"excerpt":{"rendered":"<p>Zgodovina Zdravilno * Metafizi\u010dne lastnosti \u010cakra ** Navedene zdravilne in metafizi\u010dne lastnosti kamnov so zbrane iz ve\u010d razli\u010dnih virov. Informacije so na voljo le kot storitev in ne za zdravljenje bolezni. Moirai.si ne jam\u010di popolne veljavnosti navedenega. Zna\u010dilnosti minerala Kemijska sestava SiO2 Barva limonino rumena do svetlo zelena Trdota (Mohs) 6-7 Gostota 2.58-2.64 Lomni koli\u010dnik [&hellip;]<\/p>\n","protected":false},"author":1,"featured_media":0,"parent":0,"menu_order":0,"comment_status":"closed","ping_status":"closed","template":"template-products-page.php","meta":{"footnotes":""},"class_list":["post-4198","page","type-page","status-publish","hentry"],"_links":{"self":[{"href":"https:\/\/moirai.si\/hr\/wp-json\/wp\/v2\/pages\/4198","targetHints":{"allow":["GET"]}}],"collection":[{"href":"https:\/\/moirai.si\/hr\/wp-json\/wp\/v2\/pages"}],"about":[{"href":"https:\/\/moirai.si\/hr\/wp-json\/wp\/v2\/types\/page"}],"author":[{"embeddable":true,"href":"https:\/\/moirai.si\/hr\/wp-json\/wp\/v2\/users\/1"}],"replies":[{"embeddable":true,"href":"https:\/\/moirai.si\/hr\/wp-json\/wp\/v2\/comments?post=4198"}],"version-history":[{"count":11,"href":"https:\/\/moirai.si\/hr\/wp-json\/wp\/v2\/pages\/4198\/revisions"}],"predecessor-version":[{"id":27145,"href":"https:\/\/moirai.si\/hr\/wp-json\/wp\/v2\/pages\/4198\/revisions\/27145"}],"wp:attachment":[{"href":"https:\/\/moirai.si\/hr\/wp-json\/wp\/v2\/media?parent=4198"}],"curies":[{"name":"wp","href":"https:\/\/api.w.org\/{rel}","templated":true}]}}