{"id":4211,"date":"2015-12-07T19:33:35","date_gmt":"2015-12-07T19:33:35","guid":{"rendered":"http:\/\/moirai.si\/?page_id=4211"},"modified":"2026-01-02T13:53:11","modified_gmt":"2026-01-02T13:53:11","slug":"jaspis","status":"publish","type":"page","link":"https:\/\/moirai.si\/hr\/jaspis\/","title":{"rendered":"Jaspis"},"content":{"rendered":"<div class=\"wp-block-button aligncenter\"><a class=\"wp-block-button__link has-text-color has-background wp-element-button\" href=\"https:\/\/moirai.si\/hr\/kategorija-proizvoda\/kupnja-kamenjem\/jaspis\/\" style=\"color:#2d2c2c;background-color:#ddc942\" target=\"_blank\" rel=\"noreferrer noopener\">Trgovina Jaspis<\/a><\/div>\n\n\n\n<h3 class=\"wp-block-heading\"><span style=\"color: #800080;\"><strong>Povjest<\/strong><\/span><\/h3>\n\n\n<div class=\"wp-block-image is-resized\">\n<figure class=\"alignright size-thumbnail\"><img decoding=\"async\" src=\"https:\/\/moirai.si\/wp-content\/uploads\/2020\/01\/jaspis-500x500.jpg\" alt=\"\" class=\"wp-image-15712\" style=\"width:125px\"\/><\/figure>\n<\/div>\n\n\n<ul class=\"wp-block-list\">\n<li>Jaspis je vrsta silicija. Naziv \"jaspis\" dolazi od gr\u010dke rije\u010di za \"to\u010dkasti kamen\". Naziv se odnosi na njegov obi\u010dno vi\u0161ebojan, prugast, pjegav ili vatreni izgled. Jaspis se mo\u017ee pojaviti u gotovo svim bojama. Naj\u010de\u0161\u0107i uzorci jaspisa uklju\u010duju zanimljive mramorne uzorke, orbitalne prstenove, pruge i to\u010dkice.<\/li>\n\n\n\n<li><span style=\"color: #800080;\">Sinonimi, stari nazivi, trgova\u010dki nazivi: <\/span>Ahat Jaspis, Basanit, Brecia Jaspis, Crni Jaspis, Dalmatiner Jaspis, Egipatski Jaspis, Jaspis Kambaba, Krvavi Jaspis, Leopard Jaspis, Mokait, Oceanski Jaspis, Zemljani Jaspis, Crveni Jaspis, Crveni Malahit, Riolit, \u017duti Jaspis, Sileks, Turitela Jaspis, Zebrasti Jaspis, Zeleni Jaspis\u2026<\/li>\n<\/ul>\n\n\n\n<h3 class=\"wp-block-heading\"><span style=\"color: #800080;\"><strong>Ljekovita * Metafizi\u010dka svojstva<\/strong><\/span><\/h3>\n\n\n\n<ul class=\"wp-block-list\">\n<li>alergije, astralno putovanje, aura, bol, bubrezi, emocije, energija, gastrointestinalni trakt, groznica, hrabrost, imunolo\u0161ki sustav, ko\u017ea, kreativnost, krv, krvarenje, mir, nagon, negativna energija, noge, obrazovanje, odgovornost, oporavak, probava, regeneracija tkiva, srce, strah, strpljenje, udobnost, za\u0161tita, zra\u010denje, \u017eeludac\u2026<\/li>\n<\/ul>\n\n\n\n<ul class=\"wp-block-list\">\n<li><strong><span style=\"color: #800080;\">Brecia Jaspis<\/span><\/strong> je dobar za uzemljenje i za\u0161titu. Pove\u0107ava organizacijske sposobnosti i razvija kreativnost. Ja\u010da empatiju i poma\u017ee nam kod alergija. Apsorbuje negativnu energiju. \u010cisti i stabilizira polje aure. Izvrsna je za detoksikaciju tijela, poma\u017ee kod problema sa srcem i krvlju.<\/li>\n\n\n\n<li><span style=\"color: #800080;\"><strong>Crni Jaspis<\/strong><\/span> je za\u0161titni kamen i odli\u010dan je za uzemljenje. To je korisno u ubla\u017eavanju svih vrsta boli. Poma\u017ee nam kod problema sa \u017eelucem i stopalima. Uravnote\u017euje minerale u tijelu i poma\u017ee nam da se oporavimo od dugotrajne bolesti ili operacije.<\/li>\n\n\n\n<li><span style=\"color: #800080;\"><strong>Dalmatiner Jaspis<\/strong><\/span> je prizemni kamen. \u010cisti krv, auru i sve druge disfunkcionalne energije. Ja\u010da imunolo\u0161ki sustav. Poma\u017ee u balansiranju emocija i odr\u017eava mir. Vidljive crne to\u010dke su crni Turmalini koji vrlo dobro apsorbiraju negativnu energiju.<\/li>\n\n\n\n<li><strong><span style=\"color: #800080;\">Leopardova Ko\u017ea<\/span><\/strong> jetra, mir, negativna energija, plodnost, probavni sustav, problemi s bubrezima, protok krvi, slabost, slezena, snaga, stabilnost, stres, trbuh, vitalnost, za\u0161tita, \u017eu\u010dni mjehur\u2026<\/li>\n\n\n\n<li><span style=\"color: #800080;\"><strong>Mokait jaspis<\/strong><\/span> je mo\u0107an ljekoviti kamen. Mokait Jaspis je mo\u0107an ljekoviti kamen. Povezuje nas sa Zemljinim energijama, omogu\u0107avaju\u0107i ve\u0107u povezanost s instinktom. Donosi intuitivno razumijevanje prirodnog razvoja duha. Uravnote\u017euje i pobolj\u0161ava protok energije izme\u0111u \u010dakri. Poma\u017ee usporiti proces starenja.<\/li>\n\n\n\n<li><span style=\"color: #800080;\"><strong>Oceanski Jaspis<\/strong><\/span> poma\u017ee preuzeti odgovornost i strpljenje. Pobolj\u0161ava probavni proces i eliminira toksine koji izazivaju tjelesne mirise i bolesti. To je kamen radosti. Poti\u010de duboko opu\u0161tanje. Smiruje tugu pro\u0161losti i daje nam optimizam. Smiruje stres i promi\u010de mir. Stabilizira auru. Odli\u010dno je sredstvo za meditaciju. Koristi se kao talisman strpljenja.<\/li>\n\n\n\n<li><span style=\"color: #800080;\"><strong>Zemljani Jaspis<\/strong><\/span> pobolj\u0161ava kreativnost. Donosi utjehu i smanjuje strah. Odvaja toksine iz tijela i ja\u010da imunolo\u0161ki sustav. Poma\u017ee kod ko\u017enih bolesti i bolesti bubrega. Jaspis je za za\u0161titu i njegu koji \u0107e nam donijeti udobnost u te\u0161kim vremenima. Odli\u010dan je kamen za sve umjetnike koji tra\u017ee inspiraciju. Donosi sigurnost i stabilnost u na\u0161e \u017eivote.<\/li>\n\n\n\n<li><span style=\"color: #800080;\"><strong>Crveni Jaspis<\/strong><\/span> se mo\u017ee koristiti u astralnim putovanjima. Poma\u017ee nam da prona\u0111emo pravdu i istodobno nas u\u010di preuzeti odgovornost. Odvla\u010di nas od situacija koje nisu dobre za nas. Ja\u010da imunolo\u0161ki sustav i ubla\u017eava razne vrste bolova. Zaustavlja krvarenje i poma\u017ee kod vru\u0107ice. Neutralizira zra\u010denje i druge oblike one\u010di\u0161\u0107enja okoli\u0161a i elektromagnetskog zaga\u0111enja. \u010cisti i stabilizira auru.<\/li>\n\n\n\n<li><span style=\"color: #800080;\"><strong>\u017duti Jaspis<\/strong><\/span> je za\u0161titni kamen. Neutralizira zra\u010denje i druge oblike ekolo\u0161kog i elektromagnetskog one\u010di\u0161\u0107enja. Je kamen obrazovanja. Poma\u017ee kod \u017eelu\u010danih smetnji, ubla\u017eava stresne probleme i poti\u010de regeneraciju tkiva. Detoksificira organe i poma\u017ee probavi. Donosi hrabrost i za\u0161titu. Podr\u017eava nas u doba stresa, tjeskobe i poma\u017ee smiriti na\u0161e \u017eivce i emocije.<\/li>\n\n\n\n<li><span style=\"color: #800080;\"><strong>Zebra Jaspis<\/strong><\/span> je odli\u010dan za uzemljenje i stabilizaciju. Je vrlo povoljan kamen za udobnost. Dobro djeluje na auru i sve \u010dakre. To je korisno za sve koji se oporavljaju od bolesti ili ozljede.<\/li>\n\n\n\n<li><span style=\"color: #800080;\"><strong>Zeleni Jaspis<\/strong><\/span> je kamen ravnote\u017ee. Lije\u010di i osloba\u0111a bolesti i razne opsesije. Ja\u010da imunolo\u0161ki sustav i detoksificira tijelo. \u0160titi od one\u010di\u0161\u0107enja. Poma\u017ee kod ko\u017enih bolesti. Zdravi bolesti iz gornjeg dijela tijela i probave.<\/li>\n\n\n\n<li><span style=\"color: #800080;\"><strong>Kambaba Jaspis<\/strong><\/span>: srce, travma, \u017ealost, jeza, ljubosumje, meditacija, mir, travma, osredoto\u010denost, rak, blaginja, vnetja, plodnost&#8230;<\/li>\n<\/ul>\n\n\n\n<div class=\"wp-block-button aligncenter\"><a class=\"wp-block-button__link has-text-color has-background wp-element-button\" href=\"https:\/\/moirai.si\/hr\/kategorija-proizvoda\/kupnja-kamenjem\/jaspis\/\" style=\"color:#2d2c2c;background-color:#ddc942\" target=\"_blank\" rel=\"noreferrer noopener\">Trgovina Jaspis<\/a><\/div>\n\n\n<div class=\"wp-block-image is-resized\">\n<figure class=\"alignleft\"><a href=\"https:\/\/moirai.si\/hr\/cakra\/\"><img loading=\"lazy\" decoding=\"async\" width=\"500\" height=\"500\" src=\"https:\/\/moirai.si\/wp-content\/uploads\/2019\/09\/\u010dakra.jpg\" alt=\"\" class=\"wp-image-14534\" style=\"width:125px\" srcset=\"https:\/\/moirai.si\/wp-content\/uploads\/2019\/09\/\u010dakra.jpg 500w, https:\/\/moirai.si\/wp-content\/uploads\/2019\/09\/\u010dakra-100x100.jpg 100w\" sizes=\"auto, (max-width: 500px) 100vw, 500px\" \/><\/a><\/figure>\n<\/div>\n\n\n<p><a href=\"https:\/\/moirai.si\/hr\/cakra\/\">\u010cakra<\/a><\/p>\n\n\n\n<p class=\"has-small-font-size\">** Navedena ljekovita i metafizi\u010dka svojstva kamenja prikupljena su iz razli\u010ditih izvora. Informacije su dostupne samo kao usluga, a ne za lije\u010denje bolesti. Moirai ne jam\u010di potpunu valjanost gore navedenog.<\/p>\n\n\n\n<h3 class=\"wp-block-heading\"><span style=\"color: #800080;\"><strong>Karakteristike minerala<\/strong><\/span><\/h3>\n\n\n\n<figure class=\"wp-block-table\"><table><tbody><tr><td>Kemijski sastav<\/td><td>SiO<sub>2<\/sub><\/td><\/tr><tr><td>Boja<\/td><td>sve boje<\/td><\/tr><tr><td>Tvrdo\u0107a (Mohs)<\/td><td>6.5- 7<\/td><\/tr><tr><td>Gusto\u0107a<\/td><td>2.58-2.91<\/td><\/tr><tr><td>Indeks loma<\/td><td>1.540<\/td><\/tr><tr><td>Kristalni sistem<\/td><td>Trigonalni<\/td><\/tr><\/tbody><\/table><\/figure>\n\n\n\n<h3 class=\"wp-block-heading\"><span style=\"color: #800080;\"><strong>Izvor minerala<\/strong><\/span><\/h3>\n\n\n<div class=\"wp-block-image is-resized\">\n<figure class=\"alignleft size-large\"><img loading=\"lazy\" decoding=\"async\" width=\"189\" height=\"104\" src=\"https:\/\/moirai.si\/wp-content\/uploads\/2020\/01\/svet.jpg\" alt=\"\" class=\"wp-image-15658\" style=\"width:125px\"\/><\/figure>\n<\/div>\n\n\n<ul class=\"wp-block-list\">\n<li>Australija, Brazil, Kanada, Egipat, Indija, Indonezija, Kazahstan, Madagaskar, Meksiko, Rusija, Urugvaj, Venezuela, Arizona, Kalifornija, Idaho, Oregon, Teksas, SAD\u2026<\/li>\n<\/ul>\n\n\n\n<h3 class=\"wp-block-heading\"><span style=\"color: #800080;\"><strong>Briga<\/strong><\/span><\/h3>\n\n\n\n<ul class=\"wp-block-list\">\n<li>Jaspis se lako \u010disti toplom vodom i sapunom i mekom krpom ili \u010detkom. Obavezno ga dobro operite kako biste uklonili sapun. Jaspis je prili\u010dno porozan, omogu\u0107ava mu brzo obojenje, jer lako upija druge kemikalije i boje. Izbjegavajte dugotrajno izlaganje toplini jer grijanje mo\u017ee trajno promijeniti boju va\u0161eg kamenja.<\/li>\n\n\n\n<li>Najbolji je kameni nakit pohraniti u kutiju prekrivenu krpom ili ga zamotati u tkaninu odvojeno od ostalih, \u010dime se spre\u010davaju o\u0161te\u0107enja i mogu\u0107e ogrebotine.\nPreporu\u010da se skidanje nakita tijekom ve\u0107ih tjelesnih aktivnosti, poput vje\u017ebanja ili sporta. Izbjegavajte prskanje parfema i laka za kosu izravno na nakit i kamenje.<\/li>\n<\/ul>\n\n\n\n<div class=\"wp-block-button aligncenter\"><a class=\"wp-block-button__link has-text-color has-background wp-element-button\" href=\"https:\/\/moirai.si\/hr\/kategorija-proizvoda\/kupnja-kamenjem\/jaspis\/\" style=\"color:#2d2c2c;background-color:#ddc942\" target=\"_blank\" rel=\"noreferrer noopener\">Trgovina Jaspis<\/a><\/div>\n\n\n\n<p class=\"has-text-align-center\">Za <strong><span style=\"color: #800080;\">10<\/span>%<\/strong> popusta koristite kod: <span style=\"color: #800080;\"><strong>moirai26 <\/strong><\/span>(koda je veljavna do 31.12.2026)!<\/p>\n\n\n\n<h3 class=\"wp-block-heading\"><span style=\"color: #800080;\"><strong>Horoskop<\/strong><\/span><\/h3>\n\n\n<div class=\"wp-block-image\">\n<figure class=\"alignleft size-large\"><img loading=\"lazy\" decoding=\"async\" width=\"116\" height=\"111\" src=\"https:\/\/moirai.si\/wp-content\/uploads\/2020\/01\/horoskop.jpg\" alt=\"\" class=\"wp-image-15659\"\/><\/figure>\n<\/div>\n\n\n<ul class=\"wp-block-list\">\n<li>Lav, Djevica, \u0160korpion, Vodenjak, Ovan<\/li>\n<\/ul>","protected":false},"excerpt":{"rendered":"<p>Zgodovina Zdravilno * Metafizi\u010dne lastnosti \u010cakra ** Navedene zdravilne in metafizi\u010dne lastnosti kamnov so zbrane iz ve\u010d razli\u010dnih virov. Informacije so na voljo le kot storitev in ne za zdravljenje bolezni. Moirai.si ne jam\u010di popolne veljavnosti navedenega. Zna\u010dilnosti minerala Kemijska sestava SiO2 Barva ope\u010dnato rde\u010da Trdota (Mohs) 6.5- 7 Gostota 2.58-2.91 Lomni koli\u010dnik 1.540 Kristalni [&hellip;]<\/p>\n","protected":false},"author":1,"featured_media":0,"parent":0,"menu_order":0,"comment_status":"closed","ping_status":"closed","template":"template-products-page.php","meta":{"footnotes":""},"class_list":["post-4211","page","type-page","status-publish","hentry"],"_links":{"self":[{"href":"https:\/\/moirai.si\/hr\/wp-json\/wp\/v2\/pages\/4211","targetHints":{"allow":["GET"]}}],"collection":[{"href":"https:\/\/moirai.si\/hr\/wp-json\/wp\/v2\/pages"}],"about":[{"href":"https:\/\/moirai.si\/hr\/wp-json\/wp\/v2\/types\/page"}],"author":[{"embeddable":true,"href":"https:\/\/moirai.si\/hr\/wp-json\/wp\/v2\/users\/1"}],"replies":[{"embeddable":true,"href":"https:\/\/moirai.si\/hr\/wp-json\/wp\/v2\/comments?post=4211"}],"version-history":[{"count":14,"href":"https:\/\/moirai.si\/hr\/wp-json\/wp\/v2\/pages\/4211\/revisions"}],"predecessor-version":[{"id":27197,"href":"https:\/\/moirai.si\/hr\/wp-json\/wp\/v2\/pages\/4211\/revisions\/27197"}],"wp:attachment":[{"href":"https:\/\/moirai.si\/hr\/wp-json\/wp\/v2\/media?parent=4211"}],"curies":[{"name":"wp","href":"https:\/\/api.w.org\/{rel}","templated":true}]}}