{"id":4215,"date":"2015-12-07T19:50:07","date_gmt":"2015-12-07T19:50:07","guid":{"rendered":"http:\/\/moirai.si\/?page_id=4215"},"modified":"2026-01-02T13:54:01","modified_gmt":"2026-01-02T13:54:01","slug":"kalcedon","status":"publish","type":"page","link":"https:\/\/moirai.si\/hr\/kalcedon\/","title":{"rendered":"Kalcedon"},"content":{"rendered":"<div class=\"wp-block-button aligncenter\"><a class=\"wp-block-button__link has-text-color has-background wp-element-button\" href=\"https:\/\/moirai.si\/hr\/kategorija-proizvoda\/kupnja-kamenjem\/kalcedon\/\" style=\"color:#2d2c2c;background-color:#ddc942\" target=\"_blank\" rel=\"noreferrer noopener\">Trgovina Kalcedon<\/a><\/div>\n\n\n\n<h3 class=\"wp-block-heading\"><span style=\"color: #800080;\"><strong>Povjest<\/strong><\/span><\/h3>\n\n\n<div class=\"wp-block-image is-resized\">\n<figure class=\"alignright size-thumbnail\"><img decoding=\"async\" src=\"https:\/\/moirai.si\/wp-content\/uploads\/2020\/01\/kalcedon-500x500.jpg\" alt=\"\" class=\"wp-image-15715\" style=\"width:125px\"\/><\/figure>\n<\/div>\n\n\n<ul class=\"wp-block-list\">\n<li>Pravo ime Kalcedon dolazi od latinske rije\u010di \u201cChalcedonius\u201d, koja dolazi od naziva za drevnu luku Male Azije \u201cChalcedon\u201d, sada Kadikoy, Turska. Pripada skupini kvar\u010dnih minerala i odlikuje se prozirno\u0161\u0107u. Ima \u010dvrstu, svjetliju boju, obi\u010dno u rasponu od plavkasto-bijele ili sive. Kalcedon je kompaktni silikonski mineral i naj\u010de\u0161\u0107e se nalazi u sedimentnom i vulkanskom okru\u017eenju. Sama tvorba se odvija tijekom dugog vremenskog razdoblja kada se minerali polako talo\u017ee u d\u017eepu druge vrste stijena, poput granita. Podru\u010dja s vi\u0161om vulkanskom aktivno\u0161\u0107u smje\u0161taju najve\u0107a le\u017ei\u0161ta Kalcedona.<\/li>\n\n\n\n<li><span style=\"color: #800080;\">Sinonimi, stari nazivi, trgova\u010dki nazivi:<\/span> Kvarcin, Lidit, Lutecit\u2026<\/li>\n<\/ul>\n\n\n\n<h3 class=\"wp-block-heading\"><span style=\"color: #800080;\"><strong>Ljekovita * Metafizi\u010dka svojstva<\/strong><\/span><\/h3>\n\n\n\n<ul class=\"wp-block-list\">\n<li>astma, bubrezi, krvotok, depresija, disanje, grlo, izdr\u017eljivost, kost, ko\u0161tana sr\u017e, leukemija, ljubaznost, milost, napetost, o\u010di, reakcija, sluznica, snaga, uzbu\u0111enje, volja\u2026<\/li>\n<\/ul>\n\n\n\n<div class=\"wp-block-button aligncenter\"><a class=\"wp-block-button__link has-text-color has-background wp-element-button\" href=\"https:\/\/moirai.si\/hr\/kategorija-proizvoda\/kupnja-kamenjem\/kalcedon\/\" style=\"color:#2d2c2c;background-color:#ddc942\" target=\"_blank\" rel=\"noreferrer noopener\">Trgovina Kalcedon<\/a><\/div>\n\n\n<div class=\"wp-block-image is-resized\">\n<figure class=\"alignleft\"><a href=\"https:\/\/moirai.si\/hr\/cakra\/\"><img loading=\"lazy\" decoding=\"async\" width=\"500\" height=\"500\" src=\"https:\/\/moirai.si\/wp-content\/uploads\/2019\/09\/\u010dakra.jpg\" alt=\"\" class=\"wp-image-14534\" style=\"width:125px\" srcset=\"https:\/\/moirai.si\/wp-content\/uploads\/2019\/09\/\u010dakra.jpg 500w, https:\/\/moirai.si\/wp-content\/uploads\/2019\/09\/\u010dakra-100x100.jpg 100w\" sizes=\"auto, (max-width: 500px) 100vw, 500px\" \/><\/a><\/figure>\n<\/div>\n\n\n<p><a href=\"https:\/\/moirai.si\/hr\/cakra\/\">\u010cakra<\/a><\/p>\n\n\n\n<p class=\"has-small-font-size\">** Navedena ljekovita i metafizi\u010dka svojstva kamenja prikupljena su iz razli\u010ditih izvora. Informacije su dostupne samo kao usluga, a ne za lije\u010denje bolesti. Moirai ne jam\u010di potpunu valjanost gore navedenog.<\/p>\n\n\n\n<h3 class=\"wp-block-heading\"><span style=\"color: #800080;\"><strong>Karakteristike minerala<\/strong><\/span><\/h3>\n\n\n\n<figure class=\"wp-block-table\"><table><tbody><tr><td>Kemijski sastav<\/td><td>SiO<sub>2<\/sub><\/td><\/tr><tr><td>Boja<\/td><td>svijetlo plava, svijetlo plavo-bijela<\/td><\/tr><tr><td>Tvrdo\u0107a (Mohs)<\/td><td>6-7<\/td><\/tr><tr><td>Gusto\u0107a<\/td><td>2.59-2.61<\/td><\/tr><tr><td>Indeks loma<\/td><td>1.544-1.553<\/td><\/tr><tr><td>Kristalni sistem<\/td><td>Trigonalni<\/td><\/tr><\/tbody><\/table><\/figure>\n\n\n\n<h3 class=\"wp-block-heading\"><span style=\"color: #800080;\"><strong>Izvor minerala<\/strong><\/span><\/h3>\n\n\n<div class=\"wp-block-image is-resized\">\n<figure class=\"alignleft size-large\"><img loading=\"lazy\" decoding=\"async\" width=\"189\" height=\"104\" src=\"https:\/\/moirai.si\/wp-content\/uploads\/2020\/01\/svet.jpg\" alt=\"\" class=\"wp-image-15658\" style=\"width:125px\"\/><\/figure>\n<\/div>\n\n\n<ul class=\"wp-block-list\">\n<li>SAD, Urugvaj, Indija, Madagaskar, Burma, Meksiko, Brazil, Afrika\u2026<\/li>\n<\/ul>\n\n\n\n<h3 class=\"wp-block-heading\"><span style=\"color: #800080;\"><strong>Briga<\/strong><\/span><\/h3>\n\n\n\n<ul class=\"wp-block-list\">\n<li>Kalcedon se lako \u010disti toplom vodom i sapunom, mekom krpom ili \u010detkom. Dobro isperite i uklonite preostali sapun. Kao i kod ve\u0107ine kamenja, izbjegavajte kori\u0161tenje te\u0161kih kemikalija za ku\u0107anstvo (izbjeljiva\u010da, kiselina itd.). Kalcedon je porozan, \u0161to zna\u010di da se mo\u017ee lako obojiti jer vrlo lako upija kemikalije i boje.<\/li>\n\n\n\n<li>Kameni nakit je najbolje pohraniti u kutiju prekrivenu krpom ili zamotati u krpu odvojenu od ostalih, sprje\u010davaju\u0107i samo o\u0161te\u0107enja i mogu\u0107e ogrebotine. Preporu\u010dljivo je ne nositi nakit tijekom velikih fizi\u010dkih aktivnosti kao \u0161to su vje\u017ebanje ili sport. Izbjegavajte prskanje parfema na va\u0161 nakit i kamenje.<\/li>\n<\/ul>\n\n\n\n<div class=\"wp-block-button aligncenter\"><a class=\"wp-block-button__link has-text-color has-background wp-element-button\" href=\"https:\/\/moirai.si\/hr\/kategorija-proizvoda\/kupnja-kamenjem\/kalcedon\/\" style=\"color:#2d2c2c;background-color:#ddc942\" target=\"_blank\" rel=\"noreferrer noopener\">Trgovina Kalcedon<\/a><\/div>\n\n\n\n<p class=\"has-text-align-center\">Za <strong><span style=\"color: #800080;\">10<\/span>%<\/strong> popusta koristite kod: <span style=\"color: #800080;\"><strong>moirai26<\/strong> <\/span><span style=\"color: #800080;\"><\/span>(koda je veljavna do 31.12.2026)!<\/p>\n\n\n\n<h3 class=\"wp-block-heading\"><span style=\"color: #800080;\"><strong>Horoskop<\/strong><\/span><\/h3>\n\n\n<div class=\"wp-block-image\">\n<figure class=\"alignleft size-large\"><img loading=\"lazy\" decoding=\"async\" width=\"116\" height=\"111\" src=\"https:\/\/moirai.si\/wp-content\/uploads\/2020\/01\/horoskop.jpg\" alt=\"\" class=\"wp-image-15659\"\/><\/figure>\n<\/div>\n\n\n<ul class=\"wp-block-list\">\n<li>Rak, Djevica, Strijelac, Vodenjak, Ovan, Bik, \u0160korpion<\/li>\n<\/ul>","protected":false},"excerpt":{"rendered":"<p>Zgodovina Zdravilno * Metafizi\u010dne lastnosti \u010cakra ** Navedene zdravilne in metafizi\u010dne lastnosti kamnov so zbrane iz ve\u010d razli\u010dnih virov. Informacije so na voljo le kot storitev in ne za zdravljenje bolezni. Moirai.si ne jam\u010di popolne veljavnosti navedenega. Zna\u010dilnosti minerala Kemijska sestava SiO2 Barva svetlo modra, svetlo modro-bela Trdota (Mohs) 6-7 Gostota 2.59-2.61 Lomni koli\u010dnik 1.544-1.553 [&hellip;]<\/p>\n","protected":false},"author":1,"featured_media":0,"parent":0,"menu_order":0,"comment_status":"closed","ping_status":"closed","template":"template-products-page.php","meta":{"footnotes":""},"class_list":["post-4215","page","type-page","status-publish","hentry"],"_links":{"self":[{"href":"https:\/\/moirai.si\/hr\/wp-json\/wp\/v2\/pages\/4215","targetHints":{"allow":["GET"]}}],"collection":[{"href":"https:\/\/moirai.si\/hr\/wp-json\/wp\/v2\/pages"}],"about":[{"href":"https:\/\/moirai.si\/hr\/wp-json\/wp\/v2\/types\/page"}],"author":[{"embeddable":true,"href":"https:\/\/moirai.si\/hr\/wp-json\/wp\/v2\/users\/1"}],"replies":[{"embeddable":true,"href":"https:\/\/moirai.si\/hr\/wp-json\/wp\/v2\/comments?post=4215"}],"version-history":[{"count":14,"href":"https:\/\/moirai.si\/hr\/wp-json\/wp\/v2\/pages\/4215\/revisions"}],"predecessor-version":[{"id":27198,"href":"https:\/\/moirai.si\/hr\/wp-json\/wp\/v2\/pages\/4215\/revisions\/27198"}],"wp:attachment":[{"href":"https:\/\/moirai.si\/hr\/wp-json\/wp\/v2\/media?parent=4215"}],"curies":[{"name":"wp","href":"https:\/\/api.w.org\/{rel}","templated":true}]}}