{"id":4219,"date":"2015-12-07T20:03:16","date_gmt":"2015-12-07T20:03:16","guid":{"rendered":"http:\/\/moirai.si\/?page_id=4219"},"modified":"2026-01-02T13:55:13","modified_gmt":"2026-01-02T13:55:13","slug":"karneol","status":"publish","type":"page","link":"https:\/\/moirai.si\/hr\/karneol\/","title":{"rendered":"Karneol"},"content":{"rendered":"<div class=\"wp-block-button aligncenter\"><a class=\"wp-block-button__link has-text-color has-background wp-element-button\" href=\"https:\/\/moirai.si\/hr\/kategorija-proizvoda\/kupnja-kamenjem\/karneol\/\" style=\"color:#2d2c2c;background-color:#ddc942\" target=\"_blank\" rel=\"noreferrer noopener\">Trgovina Karneol<\/a><\/div>\n\n\n\n<h3 class=\"wp-block-heading\"><span style=\"color: #800080;\"><strong>Povjest<\/strong><\/span><\/h3>\n\n\n<div class=\"wp-block-image is-resized\">\n<figure class=\"alignright size-thumbnail\"><img decoding=\"async\" src=\"https:\/\/moirai.si\/wp-content\/uploads\/2020\/01\/karneol-500x500.jpg\" alt=\"\" class=\"wp-image-15721\" style=\"width:125px\"\/><\/figure>\n<\/div>\n\n\n<ul class=\"wp-block-list\">\n<li>Karneol je dobio ime po crveno-naran\u010dastoj tre\u0161nji i pripada skupini minerala Kvarc. Klasificira se po svojoj prepoznatljivoj boji, koja se definira kao crveno-naran\u010dasta do sme\u0111e-crvena boja kvarcnog tipa. Boju dobiva od ne\u010disto\u0107a \u017eeljeza koje se stvaraju u bezbojnim kristalima kvarca.<\/li>\n\n\n\n<li><span style=\"color: #800080;\">Sinonimi, stari nazivi, trgova\u010dki nazivi:<\/span> Ahat kajsije\u2026<\/li>\n<\/ul>\n\n\n\n<h3 class=\"wp-block-heading\"><span style=\"color: #800080;\"><strong>Ljekovita * Metafizi\u010dka svojstva<\/strong><\/span><\/h3>\n\n\n\n<ul class=\"wp-block-list\">\n<li>bol, depresija, desni, gubitak te\u017eine, imunolo\u0161ki sustav, jetra, ko\u017ea, krv, krvarenje, bubrezi, mjehur, menstruacija, mir, negativna energija, nebrojenost, o\u010di, plu\u0107a, plodnost, hrabrost, porod, probava, cirkulacija, prostata, rane , reuma, anemija, slabost, sre\u0107a, \u017eeludac, radost, vitalnost, slezena, za\u0161tita...<\/li>\n\n\n\n<li>Kombinacija heliotropa i karneola poma\u017ee u komplementarnom lije\u010denju raka jetre i bubrega, jer bi trebao transformirati i pro\u010di\u0161\u0107avati negativne energije.<\/li>\n<\/ul>\n\n\n\n<div class=\"wp-block-button aligncenter\"><a class=\"wp-block-button__link has-text-color has-background wp-element-button\" href=\"https:\/\/moirai.si\/hr\/kategorija-proizvoda\/kupnja-kamenjem\/karneol\/\" style=\"color:#2d2c2c;background-color:#ddc942\" target=\"_blank\" rel=\"noreferrer noopener\">Trgovina Karneol<\/a><\/div>\n\n\n<div class=\"wp-block-image is-resized\">\n<figure class=\"alignleft\"><a href=\"https:\/\/moirai.si\/hr\/cakra\/\"><img loading=\"lazy\" decoding=\"async\" width=\"500\" height=\"500\" src=\"https:\/\/moirai.si\/wp-content\/uploads\/2019\/09\/\u010dakra.jpg\" alt=\"\" class=\"wp-image-14534\" style=\"width:125px\" srcset=\"https:\/\/moirai.si\/wp-content\/uploads\/2019\/09\/\u010dakra.jpg 500w, https:\/\/moirai.si\/wp-content\/uploads\/2019\/09\/\u010dakra-100x100.jpg 100w\" sizes=\"auto, (max-width: 500px) 100vw, 500px\" \/><\/a><\/figure>\n<\/div>\n\n\n<p><a href=\"https:\/\/moirai.si\/hr\/cakra\/\">\u010cakra<\/a><\/p>\n\n\n\n<p class=\"has-small-font-size\">** Navedena ljekovita i metafizi\u010dka svojstva kamenja prikupljena su iz razli\u010ditih izvora. Informacije su dostupne samo kao usluga, a ne za lije\u010denje bolesti. Moirai ne jam\u010di potpunu valjanost gore navedenog.<\/p>\n\n\n\n<h3 class=\"wp-block-heading\">&nbsp;<span style=\"color: #800080;\"><strong>Karakteristike minerala<\/strong><\/span><\/h3>\n\n\n\n<figure class=\"wp-block-table\"><table><tbody><tr><td>Kemijski sastav<\/td><td>SiO<sub>2<\/sub><\/td><\/tr><tr><td>Boja<\/td><td>krvavo crvena do crveno-sme\u0111a<\/td><\/tr><tr><td>Tvrdo\u0107a (Mohs)<\/td><td>6-7<\/td><\/tr><tr><td>Gusto\u0107a<\/td><td>2.59-2.61<\/td><\/tr><tr><td>Indeks loma<\/td><td>1.530-1.539<\/td><\/tr><tr><td>Kristalni sistem<\/td><td>Trigonalni<\/td><\/tr><\/tbody><\/table><\/figure>\n\n\n\n<h3 class=\"wp-block-heading\"><span style=\"color: #800080;\"><strong>Izvor minerala<\/strong><\/span><\/h3>\n\n\n<div class=\"wp-block-image is-resized\">\n<figure class=\"alignleft size-large\"><img loading=\"lazy\" decoding=\"async\" width=\"189\" height=\"104\" src=\"https:\/\/moirai.si\/wp-content\/uploads\/2020\/01\/svet.jpg\" alt=\"\" class=\"wp-image-15658\" style=\"width:125px\"\/><\/figure>\n<\/div>\n\n\n<ul class=\"wp-block-list\">\n<li>Indija, Brazil, Urugvaj, Madagaskar i SAD.<\/li>\n<\/ul>\n\n\n\n<h3 class=\"wp-block-heading\"><span style=\"color: #800080;\"><strong>Briga<\/strong><\/span><\/h3>\n\n\n\n<ul class=\"wp-block-list\">\n<li>Karneol se lako \u010disti toplom vodom i sapunicom i mekom krpom ili \u010detkom. Obavezno temeljito isperite karneol kako biste uklonili sve ostatke sapunaste vode. Kao i kod ve\u0107ine drugih kamenja, izbjegavajte kori\u0161tenje jakih ku\u0107anskih kemikalija jer one mogu trajno o\u0161tetiti boju kamenja. Tako\u0111er biste trebali izbjegavati dugotrajno izlaganje toplini jer toplina mo\u017ee o\u0161tetiti ili promijeniti boju va\u0161eg kamenja.<\/li>\n\n\n\n<li>Najbolji je kameni nakit pohraniti u kutiju prekrivenu krpom ili ga zamotati u tkaninu odvojeno od ostalih, \u010dime se spre\u010davaju o\u0161te\u0107enja i mogu\u0107e ogrebotine.\nPreporu\u010da se skidanje nakita tijekom ve\u0107ih tjelesnih aktivnosti, poput vje\u017ebanja ili sporta. Izbjegavajte prskanje parfema i laka za kosu izravno na nakit i kamenje.<\/li>\n<\/ul>\n\n\n\n<div class=\"wp-block-button aligncenter\"><a class=\"wp-block-button__link has-text-color has-background wp-element-button\" href=\"https:\/\/moirai.si\/hr\/kategorija-proizvoda\/kupnja-kamenjem\/karneol\/\" style=\"color:#2d2c2c;background-color:#ddc942\" target=\"_blank\" rel=\"noreferrer noopener\">Trgovina Karneol<\/a><\/div>\n\n\n\n<p class=\"has-text-align-center\">Za <strong><span style=\"color: #800080;\">10<\/span>%<\/strong> popusta koristite kod: <span style=\"color: #800080;\"><strong>moirai26 <\/strong><\/span>(koda je veljavna do 31.12.2026)!<\/p>\n\n\n\n<h3 class=\"wp-block-heading\"><span style=\"color: #800080;\"><strong>Horoskop<\/strong><\/span><\/h3>\n\n\n<div class=\"wp-block-image\">\n<figure class=\"alignleft size-large\"><img loading=\"lazy\" decoding=\"async\" width=\"116\" height=\"111\" src=\"https:\/\/moirai.si\/wp-content\/uploads\/2020\/01\/horoskop.jpg\" alt=\"\" class=\"wp-image-15659\"\/><\/figure>\n<\/div>\n\n\n<ul class=\"wp-block-list\">\n<li>Bik, Rak, Lav, Vaga, Djevica<\/li>\n<\/ul>","protected":false},"excerpt":{"rendered":"<p>Zgodovina Zdravilno * Metafizi\u010dne lastnosti \u010cakra ** Navedene zdravilne in metafizi\u010dne lastnosti kamnov so zbrane iz ve\u010d razli\u010dnih virov. Informacije so na voljo le kot storitev in ne za zdravljenje bolezni. Moirai.si ne jam\u010di popolne veljavnosti navedenega. &nbsp;Zna\u010dilnosti minerala Kemijska sestava SiO2 Barva krvavo rde\u010da do rde\u010de-rjava Trdota (Mohs) 6-7 Gostota 2.59-2.61 Lomni koli\u010dnik 1.530-1.539 [&hellip;]<\/p>\n","protected":false},"author":1,"featured_media":0,"parent":0,"menu_order":0,"comment_status":"closed","ping_status":"closed","template":"template-products-page.php","meta":{"footnotes":""},"class_list":["post-4219","page","type-page","status-publish","hentry"],"_links":{"self":[{"href":"https:\/\/moirai.si\/hr\/wp-json\/wp\/v2\/pages\/4219","targetHints":{"allow":["GET"]}}],"collection":[{"href":"https:\/\/moirai.si\/hr\/wp-json\/wp\/v2\/pages"}],"about":[{"href":"https:\/\/moirai.si\/hr\/wp-json\/wp\/v2\/types\/page"}],"author":[{"embeddable":true,"href":"https:\/\/moirai.si\/hr\/wp-json\/wp\/v2\/users\/1"}],"replies":[{"embeddable":true,"href":"https:\/\/moirai.si\/hr\/wp-json\/wp\/v2\/comments?post=4219"}],"version-history":[{"count":13,"href":"https:\/\/moirai.si\/hr\/wp-json\/wp\/v2\/pages\/4219\/revisions"}],"predecessor-version":[{"id":27201,"href":"https:\/\/moirai.si\/hr\/wp-json\/wp\/v2\/pages\/4219\/revisions\/27201"}],"wp:attachment":[{"href":"https:\/\/moirai.si\/hr\/wp-json\/wp\/v2\/media?parent=4219"}],"curies":[{"name":"wp","href":"https:\/\/api.w.org\/{rel}","templated":true}]}}