{"id":4230,"date":"2015-12-07T20:30:39","date_gmt":"2015-12-07T20:30:39","guid":{"rendered":"http:\/\/moirai.si\/?page_id=4230"},"modified":"2026-01-02T13:56:19","modified_gmt":"2026-01-02T13:56:19","slug":"koraljni","status":"publish","type":"page","link":"https:\/\/moirai.si\/hr\/korala\/","title":{"rendered":"Koralj"},"content":{"rendered":"<div class=\"wp-block-button aligncenter\"><a class=\"wp-block-button__link has-text-color has-background wp-element-button\" href=\"https:\/\/moirai.si\/hr\/kategorija-proizvoda\/kupnja-kamenjem\/koraljni\/\" style=\"color:#2d2c2c;background-color:#ddc942\" target=\"_blank\" rel=\"noreferrer noopener\">Trgovina Korala<\/a><\/div>\n\n\n\n<h3 class=\"wp-block-heading\"><span style=\"color: #800080;\"><strong>Povjest<\/strong><\/span><\/h3>\n\n\n<div class=\"wp-block-image is-resized\">\n<figure class=\"alignright size-thumbnail\"><img decoding=\"async\" src=\"https:\/\/moirai.si\/wp-content\/uploads\/2020\/01\/korala-500x500.jpg\" alt=\"\" class=\"wp-image-15729\" style=\"width:125px\"\/><\/figure>\n<\/div>\n\n\n<ul class=\"wp-block-list\">\n<li>Dragocjeni koralj je kvalitetna vrsta prirodnog koralja koji je usko povezan s grebenskim koraljem. Nastaje duboko na dnu stjenovitog morskog dna, gdje je niska stopa sedimentacije. Raste u tamnom okru\u017eenju, na dubini ve\u0107oj od 500 metara, uklju\u010duju\u0107i \u0161pilje i pukotine. Koralj se polako gradi s koraljnim polipima. Ova si\u0107u\u0161na morska stvorenja u nekoliko minuta formiraju tvrde ljuske koje se nakupljaju kako kolonija raste. S vremenom, kolonija po\u010dinje formirati slo\u017eene grane i skeletne strukture, koje se sastoje od stvrdnutog kalcijevog karbonata i obojene su karotenoidima. Ove biolo\u0161ke formacije rastu vrlo sporo, \u010desto samo 1 milimetar godi\u0161nje, a variraju od malih do ogromnih koraljnih grebena.<\/li>\n<\/ul>\n\n\n\n<h3 class=\"wp-block-heading\"><span style=\"color: #800080;\"><strong>Ljekovita * Metafizi\u010dka svojstva<\/strong><\/span><\/h3>\n\n\n\n<ul class=\"wp-block-list\">\n<li>anemija, artritis, emocije, ma\u0161ta, intuicija, koncentracija, ko\u017ea, krv, krvne stanice, krvni sustav, mir, regeneracija tkiva, tkivo, u\u010denje, vizualizacija, \u017eivci, \u017eiv\u010dani sustav...<\/li>\n<\/ul>\n\n\n\n<div class=\"wp-block-button aligncenter\"><a class=\"wp-block-button__link has-text-color has-background wp-element-button\" href=\"https:\/\/moirai.si\/hr\/kategorija-proizvoda\/kupnja-kamenjem\/koraljni\/\" style=\"color:#2d2c2c;background-color:#ddc942\" target=\"_blank\" rel=\"noreferrer noopener\">Trgovina Korala<\/a><\/div>\n\n\n<div class=\"wp-block-image is-resized\">\n<figure class=\"alignleft\"><a href=\"https:\/\/moirai.si\/hr\/cakra\/\"><img loading=\"lazy\" decoding=\"async\" width=\"500\" height=\"500\" src=\"https:\/\/moirai.si\/wp-content\/uploads\/2019\/09\/\u010dakra.jpg\" alt=\"\" class=\"wp-image-14534\" style=\"width:125px\" srcset=\"https:\/\/moirai.si\/wp-content\/uploads\/2019\/09\/\u010dakra.jpg 500w, https:\/\/moirai.si\/wp-content\/uploads\/2019\/09\/\u010dakra-100x100.jpg 100w\" sizes=\"auto, (max-width: 500px) 100vw, 500px\" \/><\/a><\/figure>\n<\/div>\n\n\n<p><a href=\"https:\/\/moirai.si\/hr\/cakra\/\">\u010cakra<\/a><\/p>\n\n\n\n<p class=\"has-small-font-size\">** Navedena ljekovita i metafizi\u010dka svojstva kamenja prikupljena su iz razli\u010ditih izvora. Informacije su dostupne samo kao usluga, a ne za lije\u010denje bolesti. Moirai ne jam\u010di potpunu valjanost gore navedenog.<\/p>\n\n\n\n<h3 class=\"wp-block-heading\"><span style=\"color: #800080;\"><strong>Karakteristike minerala<\/strong><\/span><\/h3>\n\n\n\n<figure class=\"wp-block-table\"><table><tbody><tr><td>Kemijski sastav<\/td><td>CaCO<sub>3<\/sub><\/td><\/tr><tr><td>Boja<\/td><td>duboko crvene do nje\u017eno ru\u017ei\u010daste<\/td><\/tr><tr><td>Tvrdo\u0107a (Mohs)<\/td><td>3-4<\/td><\/tr><tr><td>Gusto\u0107a<\/td><td>2.60-2.70<\/td><\/tr><tr><td>Indeks loma<\/td><td>1.486-1.658<\/td><\/tr><tr><td>Kristalni sistem<\/td><td>Rombi\u010dni<\/td><\/tr><\/tbody><\/table><\/figure>\n\n\n\n<h3 class=\"wp-block-heading\"><span style=\"color: #800080;\"><strong>Izvor minerala<\/strong><\/span><\/h3>\n\n\n<div class=\"wp-block-image is-resized\">\n<figure class=\"alignleft size-large\"><img loading=\"lazy\" decoding=\"async\" width=\"189\" height=\"104\" src=\"https:\/\/moirai.si\/wp-content\/uploads\/2020\/01\/svet.jpg\" alt=\"\" class=\"wp-image-15658\" style=\"width:125px\"\/><\/figure>\n<\/div>\n\n\n<ul class=\"wp-block-list\">\n<li>Crveno more, Biskajski zaljev, Malezija, Otoci Midway, Japan, Tajvan, Australija<strong>, <\/strong>Havaji\u2026<\/li>\n<\/ul>\n\n\n\n<h3 class=\"wp-block-heading\"><span style=\"color: #800080;\"><strong>Briga<\/strong><\/span><\/h3>\n\n\n\n<ul class=\"wp-block-list\">\n<li>Koralj nije jako izdr\u017eljiv u usporedbi s ve\u0107inom drugog kamenja i stoga zahtijeva malo vi\u0161e njege i odr\u017eavanja od drugog dragog i poludragog kamenja. Koralj je vrlo osjetljiv na kiseline i toplinu. Tako\u0111er je poznato da boja mo\u017ee izblijediti s vremenom. Kako biste smanjili gubitak boje, izbjegavajte izlaganje Coralja izravnoj sun\u010devoj svjetlosti dulje vrijeme i izbjegavajte ekstremne fluktuacije temperature. Nemojte \u010distiti Koralu nikakvim sredstvima za \u010di\u0161\u0107enje u ku\u0107anstvu (poput izbjeljiva\u010da ili raznih kiselina) i nemojte prskati parfeme ili lakove za kosu izravno na Koralu. Koralj se mo\u017ee obrisati mekom krpom i \u010distiti blagim sapunom ili deterd\u017eentom. Obavezno dobro isperite koralj hladnom vodom kako biste uklonili ostatke sapunaste vode.<\/li>\n\n\n\n<li>Najbolje je pohraniti kameni nakit u kutiju prekrivenu krpom ili zamotati u tkaninu odvojeno od ostalih, \u010dime se spre\u010davaju o\u0161te\u0107enja i mogu\u0107e ogrebotine. Preporu\u010dljivo je ne nositi nakit tijekom velikih fizi\u010dkih aktivnosti kao \u0161to su vje\u017ebanje ili sport. Izbjegavajte prskanje parfema na va\u0161 nakit i kamenje.<\/li>\n<\/ul>\n\n\n\n<div class=\"wp-block-button aligncenter\"><a class=\"wp-block-button__link has-text-color has-background wp-element-button\" href=\"https:\/\/moirai.si\/hr\/kategorija-proizvoda\/kupnja-kamenjem\/koraljni\/\" style=\"color:#2d2c2c;background-color:#ddc942\" target=\"_blank\" rel=\"noreferrer noopener\">Trgovina Korala<\/a><\/div>\n\n\n\n<p class=\"has-text-align-center\">Za <strong><span style=\"color: #800080;\">10<\/span>%<\/strong> popusta koristite kod: <span style=\"color: #800080;\"><strong>moirai26 <\/strong><\/span>(koda je veljavna do 31.12.2026)!<\/p>\n\n\n\n<h3 class=\"wp-block-heading\"><span style=\"color: #800080;\"><strong>Horoskop<\/strong><\/span><\/h3>\n\n\n<div class=\"wp-block-image\">\n<figure class=\"alignleft size-large\"><img loading=\"lazy\" decoding=\"async\" width=\"116\" height=\"111\" src=\"https:\/\/moirai.si\/wp-content\/uploads\/2020\/01\/horoskop.jpg\" alt=\"\" class=\"wp-image-15659\"\/><\/figure>\n<\/div>\n\n\n<ul class=\"wp-block-list\">\n<li>Bik, Ribe, Vaga, \u0160korpion<\/li>\n<\/ul>","protected":false},"excerpt":{"rendered":"<p>Zgodovina Zdravilno * Metafizi\u010dne lastnosti \u010cakra ** Navedene zdravilne in metafizi\u010dne lastnosti kamnov so zbrane iz ve\u010d razli\u010dnih virov. Informacije so na voljo le kot storitev in ne za zdravljenje bolezni. Moirai.si ne jam\u010di popolne veljavnosti navedenega. Zna\u010dilnosti minerala Kemijska sestava CaCO3 Barva globoko rde\u010da do ne\u017eno roza Trdota (Mohs) 3-4 Gostota 2.60-2.70 Lomni koli\u010dnik [&hellip;]<\/p>\n","protected":false},"author":1,"featured_media":0,"parent":0,"menu_order":0,"comment_status":"closed","ping_status":"closed","template":"template-products-page.php","meta":{"footnotes":""},"class_list":["post-4230","page","type-page","status-publish","hentry"],"_links":{"self":[{"href":"https:\/\/moirai.si\/hr\/wp-json\/wp\/v2\/pages\/4230","targetHints":{"allow":["GET"]}}],"collection":[{"href":"https:\/\/moirai.si\/hr\/wp-json\/wp\/v2\/pages"}],"about":[{"href":"https:\/\/moirai.si\/hr\/wp-json\/wp\/v2\/types\/page"}],"author":[{"embeddable":true,"href":"https:\/\/moirai.si\/hr\/wp-json\/wp\/v2\/users\/1"}],"replies":[{"embeddable":true,"href":"https:\/\/moirai.si\/hr\/wp-json\/wp\/v2\/comments?post=4230"}],"version-history":[{"count":12,"href":"https:\/\/moirai.si\/hr\/wp-json\/wp\/v2\/pages\/4230\/revisions"}],"predecessor-version":[{"id":27203,"href":"https:\/\/moirai.si\/hr\/wp-json\/wp\/v2\/pages\/4230\/revisions\/27203"}],"wp:attachment":[{"href":"https:\/\/moirai.si\/hr\/wp-json\/wp\/v2\/media?parent=4230"}],"curies":[{"name":"wp","href":"https:\/\/api.w.org\/{rel}","templated":true}]}}