{"id":4235,"date":"2015-12-07T21:05:45","date_gmt":"2015-12-07T21:05:45","guid":{"rendered":"http:\/\/moirai.si\/?page_id=4235"},"modified":"2026-01-02T13:59:12","modified_gmt":"2026-01-02T13:59:12","slug":"kvarcni","status":"publish","type":"page","link":"https:\/\/moirai.si\/hr\/kvarc\/","title":{"rendered":"Kvarc"},"content":{"rendered":"<div class=\"wp-block-button aligncenter\"><a class=\"wp-block-button__link has-text-color has-background wp-element-button\" href=\"https:\/\/moirai.si\/hr\/kategorija-proizvoda\/kupnja-kamenjem\/kvarcni\/\" style=\"color:#2d2c2c;background-color:#ddc942\" target=\"_blank\" rel=\"noreferrer noopener\">Trgovina Kvarc<\/a><\/div>\n\n\n\n<h3 class=\"wp-block-heading\"><span style=\"color: #800080;\"><strong>Povjest<\/strong><\/span><\/h3>\n\n\n<div class=\"wp-block-image is-resized\">\n<figure class=\"alignright size-thumbnail\"><img decoding=\"async\" src=\"https:\/\/moirai.si\/wp-content\/uploads\/2020\/01\/kvarc-500x500.jpg\" alt=\"\" class=\"wp-image-15734\" style=\"width:125px\"\/><\/figure>\n<\/div>\n\n\n<ul class=\"wp-block-list\">\n<li>Kvarc je jedan od najva\u017enijih minerala na zemlji i predstavlja jednu od najpopularnijih skupina kamenja u svijetu obojenog kamenja. Postoje dvije varijante kvarca, koje se mogu podijeliti u druge specifi\u010dnije podvrste. Dvije glavne grane kvarca su makrokristalni kvarc i kriptokristalni kvarc.<\/li>\n\n\n\n<li><strong><span style=\"color: #800080;\">Makrokristalni Kvarc:<\/span><\/strong> uklju\u010duje ametist, ametrin, kamen munju, plavi kvarc, citrin, sokolovo oko, prasiolit, ma\u010dje oko, limunski kvarc, dimljeni kvarc, prasem, rutil, karneol i tigrovo oko. Makrokristalni kvarc obi\u010dno je proziran do proziran i formira se s ve\u0107im kristalima od kriptokristalnog kvarca.<\/li>\n\n\n\n<li><strong><span style=\"color: #800080;\">Kriptokristalni Kvarc<\/span> <\/strong>uklju\u010duje ahat, hrizopras, dumortierit, jaspis, oniks, sard, sardoniks, hematit, heliotrop, hrizokolu, kalcedon i karneol.<\/li>\n<\/ul>\n\n\n\n<div class=\"wp-block-button aligncenter\"><a class=\"wp-block-button__link has-text-color has-background wp-element-button\" href=\"https:\/\/moirai.si\/hr\/kategorija-proizvoda\/kupnja-kamenjem\/kvarcni\/\" style=\"color:#2d2c2c;background-color:#ddc942\" target=\"_blank\" rel=\"noreferrer noopener\">Trgovina Kvarc<\/a><\/div>\n\n\n\n<h3 class=\"wp-block-heading\"><span style=\"color: #800080;\"><strong>Ljekovita * Metafizi\u010dka svojstva<\/strong><\/span><\/h3>\n\n\n<div class=\"wp-block-image is-resized\">\n<figure class=\"alignleft size-thumbnail\"><img decoding=\"async\" src=\"https:\/\/moirai.si\/wp-content\/uploads\/2020\/01\/chakra-500x500.jpg\" alt=\"\" class=\"wp-image-15609\" style=\"width:125px\"\/><\/figure>\n<\/div>\n\n\n<p><a href=\"https:\/\/moirai.si\/hr\/cakra\/\">\u010cakra<\/a><\/p>\n\n\n\n<p class=\"has-small-font-size\"> ** Navedena ljekovita i metafizi\u010dka svojstva kamenja prikupljena su iz razli\u010ditih izvora. Informacije su dostupne samo kao usluga, a ne za lije\u010denje bolesti. Moirai ne jam\u010di potpunu valjanost gore navedenog. <\/p>\n\n\n\n<div class=\"wp-block-group\"><div class=\"wp-block-group__inner-container is-layout-flow wp-block-group-is-layout-flow\">\n<div class=\"wp-block-group\"><div class=\"wp-block-group__inner-container is-layout-flow wp-block-group-is-layout-flow\">\n<ul class=\"wp-block-list\">\n<li><strong><span style=\"color: #800080;\">Ametist<\/span> <\/strong>\u2013 zle misli, inteligencija, psihi\u010dke sposobnosti, intuicija, mir, jedinstvo, spokoj, smirenost, nesanica, glavobolja, pankreas, bol u le\u0111ima, alkoholizam\u2026<\/li>\n<\/ul>\n<\/div><\/div>\n<\/div><\/div>\n\n\n\n<ul class=\"wp-block-list\">\n<li><strong><span style=\"color: #800080;\">Ahat<\/span> <\/strong>\u2013 sre\u0107a, za\u0161tita, no\u0107ne more, stres, umor, snaga, sklad, unutarnja stabilnost, stalo\u017eenost, zrelost, sigurnost, samopouzdanje, dojenje, inspiracija\u2026<\/li>\n<\/ul>\n\n\n\n<ul class=\"wp-block-list\">\n<li><strong><span style=\"color: #800080;\">Ametrin<\/span> <\/strong>\u2013 glavobolja, gu\u0161tera\u010da, bolovi u le\u0111ima, alkoholizam, stres, napetost, glava, emocije, depresija, kreativnost, koncentracija, bistrina, imunolo\u0161ki sustav, \u017eiv\u010dani sustav, alergije, probavne smetnje...<\/li>\n\n\n\n<li><strong><span style=\"color: #800080;\">Plavi Kvarc<\/span><\/strong> - smirenost, um, intuicija, komunikacija, kreativnost, stres, negativne misli, grlo, krv...<\/li>\n\n\n\n<li><span style=\"color: #800080;\"><strong>Karneol<\/strong> <\/span>\u2013 hrabrost, depresija, za\u0161tita od vatre i nesre\u0107e, sre\u0107a, lo\u0161a energija, siroma\u0161tvo, humor, temperament, probavni problemi, bolovi u \u017eelucu, reuma, bubrezi...<\/li>\n<\/ul>\n\n\n\n<div class=\"wp-block-button aligncenter\"><a class=\"wp-block-button__link has-text-color has-background wp-element-button\" href=\"https:\/\/moirai.si\/hr\/kategorija-proizvoda\/kupnja-kamenjem\/kvarcni\/\" style=\"color:#2d2c2c;background-color:#ddc942\" target=\"_blank\" rel=\"noreferrer noopener\">Trgovina Kvarc<\/a><\/div>\n\n\n\n<ul class=\"wp-block-list\">\n<li><strong><span style=\"color: #800080;\">Ma\u010dje oko<\/span><\/strong> \u2013 samopomo\u0107, ljubav, kreativnost, psihi\u010dki vid, poreme\u0107aji krvi, anemija, snaga, vitalnost, metabolizam, ubla\u017eavanje bolova, \u017eiv\u010dani sustav, nadbubre\u017ene \u017elijezde, spolna funkcija, seksualni poreme\u0107aji, mi\u0161i\u0107no tkivo, zubi, nokti\u2026<\/li>\n<\/ul>\n\n\n\n<ul class=\"wp-block-list\">\n<li><strong><span style=\"color: #800080;\">Kalcedon<\/span> <\/strong>- emocionalna uravnote\u017eenost, izdr\u017eljivost, ljubaznost, susretljivost, prihva\u0107anje, velikodu\u0161nost, milosr\u0111e, ljubaznost, ravnote\u017ea svih tjelesnih energija, groznica, leukemija, o\u010dne bolesti...<\/li>\n<\/ul>\n\n\n\n<div class=\"wp-block-button aligncenter\"><a class=\"wp-block-button__link has-text-color has-background wp-element-button\" href=\"https:\/\/moirai.si\/hr\/kategorija-proizvoda\/kupnja-kamenjem\/kalcedon\/\" style=\"color:#2d2c2c;background-color:#ddc942\" target=\"_blank\" rel=\"noreferrer noopener\">Trgovina Kalcedon<\/a><\/div>\n\n\n\n<ul class=\"wp-block-list\">\n<li><span style=\"color: #800080;\"><strong>Krizokola<\/strong> <\/span>- prihva\u0107anje, ljutnja, tjeskoba, artritis, krvni tlak, opekline, samopouzdanje, gr\u010devi, depresija, dijabetes, probava, strah, groznica, krivnja, srce, kukovi, infekcije, snaga, inspiracija, laringitis, grlo, u\u010denje, jetra, ljubav, plu\u0107a, meditacija, menstrualni bolovi, mi\u0161i\u0107i, negativna energija, \u017eiv\u010dana napetost, mir, reuma, o\u017eiljci, osjetljivost, stabilnost, stres, grlo, \u0161titnja\u010da, tolerancija, \u010direvi...<\/li>\n<\/ul>\n\n\n\n<div class=\"wp-block-button aligncenter\"><a class=\"wp-block-button__link has-text-color has-background wp-element-button\" href=\"https:\/\/moirai.si\/hr\/kategorija-proizvoda\/kupnja-kamenjem\/krizokol-2\/\" style=\"color:#2d2c2c;background-color:#ddc942\" target=\"_blank\" rel=\"noreferrer noopener\">Trgovina Krizokola<\/a><\/div>\n\n\n\n<ul class=\"wp-block-list\">\n<li><strong><span style=\"color: #800080;\">Krizopras<\/span> <\/strong>\u2013 sre\u0107a, blagostanje, govor, ljutnja, jasno\u0107a, kreativnost, obilje, uspjeh, lojalnost, poslovnost, srce, samopo\u0161tovanje, emocionalna ravnote\u017ea, prihva\u0107anje promjena, tolerancija\u2026<\/li>\n<\/ul>\n\n\n\n<div class=\"wp-block-button aligncenter\"><a class=\"wp-block-button__link has-text-color has-background wp-element-button\" href=\"https:\/\/moirai.si\/hr\/kategorija-proizvoda\/kupnja-kamenjem\/krizopraza\/\" style=\"color:#2d2c2c;background-color:#ddc942\" target=\"_blank\" rel=\"noreferrer noopener\">Trgovina Krizopras<\/a><\/div>\n\n\n\n<ul class=\"wp-block-list\">\n<li><span style=\"color: #800080;\"><strong>Citrin<\/strong> <\/span>- pozitivna energija, uspjeh, blagostanje, obilje, negativna energija, za\u0161tita, depresija, ljutnja, promjene raspolo\u017eenja, probava, \u017eelu\u010dani problemi, poreme\u0107aji spavanja, \u0161titnja\u010de, srca, bubrega, jetre, fizi\u010dke ovisnosti, strahovi, fobije...<\/li>\n\n\n\n<li><strong><span style=\"color: #800080;\">Herkimer Kvarc <\/span><\/strong>je dvostruko kristalizirani kvarc iznimne \u010disto\u0107e. Nazivaju ga i Herkimer Diamond zbog visokog sjaja i sjaja. Herkimer je dobio ime po okrugu Herkimer (SAD), gdje je prvi put prona\u0111en takav primjerak kvarca u dolini rijeke Mohawk. Novo le\u017ei\u0161te tako\u0111er je u Pakistanu. Herkimer Quartz sna\u017ean je poja\u010diva\u010d duhovne energije i izuzetno ljekovit kristal koji se koristi za meditaciju i vizualizaciju. Kombinira snagu kamene munje i dijamanta. Vjeruje se da je najmo\u0107niji od svih kvarcnih kristala. Ima sposobnost primanja duhovne energije uz prijenos vlastite energije. Samo to ja\u010da i usmjerava. Iscjeljuje i uravnote\u017euje sve \u010dakre. Poma\u017ee nam da donesemo jasne odluke i prihvatimo pro\u0161lost. Tako\u0111er se koristi za \u010di\u0161\u0107enje emocija, za promicanje glatkog tijeka emocionalnog \u017eivota i za olak\u0161avanje otpu\u0161tanja emocionalnih blokada uzrokovanih traumama u ovom i prethodnim \u017eivotima. Prisutnost tamnih ugljikovodika u kristalu pridonosi snazi \u200b\u200bovog kamena da \u0161titi onoga tko ga nosi i \u010disti okolinu od svih negativnih emocija transformiraju\u0107i negativne energije u pozitivnije frekvencije.<\/li>\n<\/ul>\n\n\n\n<ul class=\"wp-block-list\">\n<li><strong><span style=\"color: #800080;\">Dumortierit<\/span><\/strong> \u2013 mozak, kontrola \u017eivota, hrabrost, konvulzije, depresija, proljev, epilepsija, strah, glavobolja, preosjetljivost, mu\u010dnina, strpljenje, mir, osobne ovisnosti, simptomi trudno\u0107e, samopo\u0161tovanje, sebi\u010dnost, ko\u017eni poreme\u0107aji, bol, trbuh, stres, tvrdoglavost , \u0161titnja\u010da , povra\u0107anje\u2026<\/li>\n<\/ul>\n\n\n\n<div class=\"wp-block-button aligncenter\"><a class=\"wp-block-button__link has-text-color has-background wp-element-button\" href=\"https:\/\/moirai.si\/hr\/kategorija-proizvoda\/kupnja-kamenjem\/dumortierit\/\" style=\"color:#2d2c2c;background-color:#ddc942\" target=\"_blank\" rel=\"noreferrer noopener\">Trgovina Dumortierit<\/a><\/div>\n\n\n\n<ul class=\"wp-block-list\">\n<li><strong><span style=\"color: #800080;\">Sokolovo Oko<\/span><\/strong> - strah od letenja, fokus, vid, sinusi, kralje\u017enica, vrat, za\u0161tita, negativna energija, duhovni i materijalni ciljevi, astralna putovanja, sre\u0107a...<\/li>\n<\/ul>\n\n\n\n<div class=\"wp-block-button aligncenter\"><a class=\"wp-block-button__link has-text-color has-background wp-element-button\" href=\"https:\/\/moirai.si\/hr\/kategorija-proizvoda\/kupnja-kamenjem\/oko-sokolovo\/\" style=\"color:#2d2c2c;background-color:#ddc942\" target=\"_blank\" rel=\"noreferrer noopener\">Trgovina Sokolovo oko<\/a><\/div>\n\n\n\n<ul class=\"wp-block-list\">\n<li><span style=\"color: #800080;\"><strong>Heliotrop (krvavi kamen)<\/strong><\/span> \u2013 bol, krvarenje, \u017eeludac, crijeva, krv, cirkulacija, za\u0161tita, intuicija, kreativnost, negativna energija, stres, sanjarenje, hrabrost, nesebi\u010dnost, idealizam, zbunjenost, rak, leukemija, anemija...<\/li>\n<\/ul>\n\n\n\n<div class=\"wp-block-button aligncenter\"><a class=\"wp-block-button__link has-text-color has-background wp-element-button\" href=\"https:\/\/moirai.si\/hr\/kategorija-proizvoda\/kupnja-kamenjem\/heliotrop\/\" style=\"color:#2d2c2c;background-color:#ddc942\" target=\"_blank\" rel=\"noreferrer noopener\">Trgovina Heliotrop<\/a><\/div>\n\n\n\n<ul class=\"wp-block-list\">\n<li><span style=\"color: #800080;\"><strong>Jaspis<\/strong> <\/span>\u2013 alergije, astralna putovanja, bol, emocije, energija, ko\u017ea, krv, krvarenje, bubrezi, mir, negativna energija, odgovornost, oporavak, imunolo\u0161ki sustav, instinkt, hrabrost, strpljenje, probava, probavni sustav, regeneracija tkiva, zra\u010denje, srce, noge, strah, udobnost, kreativnost, toplina, obrazovanje, za\u0161tita...<\/li>\n<\/ul>\n\n\n\n<div class=\"wp-block-button aligncenter\"><a class=\"wp-block-button__link has-text-color has-background wp-element-button\" href=\"https:\/\/moirai.si\/hr\/kategorija-proizvoda\/kupnja-kamenjem\/jaspis\/\" style=\"color:#2d2c2c;background-color:#ddc942\" target=\"_blank\" rel=\"noreferrer noopener\">Trgovina Jaspis<\/a><\/div>\n\n\n\n<ul class=\"wp-block-list\">\n<li><strong><span style=\"color: #800080;\">Limun kvarc<\/span><\/strong> \u2013 jasno\u0107a, dono\u0161enje odluka, komunikacija, sre\u0107a, duhovnost, sumnja, tjeskoba, depresija, ravnote\u017ea, sre\u0107a\u2026<\/li>\n<\/ul>\n\n\n\n<div class=\"wp-block-button aligncenter\"><a class=\"wp-block-button__link has-text-color has-background wp-element-button\" href=\"https:\/\/moirai.si\/hr\/kategorija-proizvoda\/kupnja-kamenjem\/kvarcni\/\" style=\"color:#2d2c2c;background-color:#ddc942\" target=\"_blank\" rel=\"noreferrer noopener\">Trgovina Kvarc<\/a><\/div>\n\n\n\n<ul class=\"wp-block-list\">\n<li><span style=\"color: #800080;\"><strong>Oniks<\/strong> <\/span>\u2013 regeneracija, novi po\u010deci, za\u0161tita, snaga, samopouzdanje, negativne emocije, strah, tjeskoba, emocionalne rane, porod, o\u010di, u\u0161i, ko\u017ea, kosa, zubi, nokti...<\/li>\n<\/ul>\n\n\n\n<div class=\"wp-block-button aligncenter\"><a class=\"wp-block-button__link has-text-color has-background wp-element-button\" href=\"https:\/\/moirai.si\/hr\/kategorija-proizvoda\/kupnja-kamenjem\/oniks\/\" style=\"color:#2d2c2c;background-color:#ddc942\" target=\"_blank\" rel=\"noreferrer noopener\">Trgovina Oniks<\/a><\/div>\n\n\n\n<ul class=\"wp-block-list\">\n<li><strong><span style=\"color: #800080;\">Prasem<\/span> <\/strong>\u2013 radost, negativnost, dobro zdravlje, negativna energija, depresija, o\u010di, modrice, temperatura, srce, imunolo\u0161ki i endokrini sustav, emocionalni umor, ciste, meditacija\u2026<\/li>\n<\/ul>\n\n\n\n<div class=\"wp-block-button aligncenter\"><a class=\"wp-block-button__link has-text-color has-background wp-element-button\" href=\"https:\/\/moirai.si\/hr\/kategorija-proizvoda\/kupnja-kamenjem\/ja-sam-svinja\/\" style=\"color:#2d2c2c;background-color:#ddc942\" target=\"_blank\" rel=\"noreferrer noopener\">Trgovina Prasem<\/a><\/div>\n\n\n\n<p><strong><span style=\"color: #800080;\">Prasiolit (zeleni Kvarc)<\/span><\/strong>\u2013 toksini, tumor, \u010direvi, rast, blokade, \u017eelu\u010dana kiselina, prosperitet, bogatstvo, sre\u0107a, motivacija, negativna energija, samopouzdanje, brige, srce, sre\u0107a, radost, suosje\u0107anje\u2026<\/p>\n\n\n\n<div class=\"wp-block-button aligncenter\"><a class=\"wp-block-button__link has-text-color has-background wp-element-button\" href=\"https:\/\/moirai.si\/hr\/kategorija-proizvoda\/kupnja-kamenjem\/ametist\/\" style=\"color:#2d2c2c;background-color:#ddc942\" target=\"_blank\" rel=\"noreferrer noopener\">Trgovina Ametist-Prasiolit<\/a><\/div>\n\n\n\n<ul class=\"wp-block-list\">\n<li><span style=\"color: #800080;\"><strong>Gorski Kristal<\/strong><\/span> \u2013 glavni iscjelitelj, negativna energija, zra\u010denje, elektromagnetni smog, koncentracija, pam\u0107enje, imunolo\u0161ki sustav, ravnote\u017ea, organi, \u010dista\u010d du\u0161e, harmonizira sve \u010dakre\u2026<\/li>\n<\/ul>\n\n\n\n<div class=\"wp-block-button aligncenter\"><a class=\"wp-block-button__link has-text-color has-background wp-element-button\" href=\"https:\/\/moirai.si\/hr\/kategorija-proizvoda\/kupnja-kamenjem\/gorski-kristal\/\" style=\"color:#2d2c2c;background-color:#ddc942\" target=\"_blank\" rel=\"noreferrer noopener\">Trgovina Gorski Kristal<\/a><\/div>\n\n\n\n<ul class=\"wp-block-list\">\n<li><span style=\"color: #800080;\"><strong>Rozenkvarc<\/strong> <\/span>\u2013 ljubav, povjerenje, harmonija, odnosi, srce, prijateljstvo, iscjeljenje, mir, utjeha, tuga, krvotok, tjelesne teku\u0107ine, leukemija, plodnost, abortus, meditacija, oprost, empatija, napetost, stres, ljubomora, ljutnja, ko\u017ea, krv - krvo\u017eilni sustav, \u017eenski reproduktivni sustav, mjehuri, opekline, o\u017eiljci...<\/li>\n<\/ul>\n\n\n\n<div class=\"wp-block-button aligncenter\"><a class=\"wp-block-button__link has-text-color has-background wp-element-button\" href=\"https:\/\/moirai.si\/hr\/kategorija-proizvoda\/kupnja-kamenjem\/cvijet-ruze\/\" style=\"color:#2d2c2c;background-color:#ddc942\" target=\"_blank\" rel=\"noreferrer noopener\">Trgovina Rozenkvarc<\/a><\/div>\n\n\n\n<ul class=\"wp-block-list\">\n<li><strong><span style=\"color: #800080;\">Rutil<\/span> <\/strong>\u2013 odnosi, traume, astralna putovanja, snovi, meditacija, intuicija, bronhitis, impotencija, dojenje, vene, regeneracija, jasno\u0107a, depresija, emocionalne rane, duhovno bu\u0111enje\u2026<\/li>\n<\/ul>\n\n\n\n<div class=\"wp-block-button aligncenter\"><a class=\"wp-block-button__link has-text-color has-background wp-element-button\" href=\"https:\/\/moirai.si\/hr\/kategorija-proizvoda\/kupnja-kamenjem\/rutil\/\" style=\"color:#2d2c2c;background-color:#ddc942\" target=\"_blank\" rel=\"noreferrer noopener\">Trgovina Rutil<\/a><\/div>\n\n\n\n<ul class=\"wp-block-list\">\n<li><strong><span style=\"color: #800080;\">Sardoniks<\/span> <\/strong>\u2013 za\u0161tita, sre\u0107a, prijateljstvo, snaga, sre\u0107a, integritet, depresija, izdr\u017eljivost, mo\u0107, energija, kreativnost, samokontrola, percepcija, plu\u0107a, kosti, imunolo\u0161ki sustav\u2026<\/li>\n<\/ul>\n\n\n\n<ul class=\"wp-block-list\">\n<li><span style=\"color: #800080;\"><strong>Dimni Kvarc<\/strong><\/span> \u2013 abdomen, nadbubre\u017ene \u017elijezde, ljutnja, le\u0111a, bronhi, kemoterapija, kroni\u010dna bol, depresija, umor, strah, stopala, ruke, glavobolja, kukovi, neovisnost, bubrezi, koljena, vodstvo, noge, mi\u0161i\u0107i, tkiva, gr\u010devi, negativna energija, gu\u0161tera\u010da, zra\u010denje, reproduktivni sustav, ramena, kralje\u017enica, duhovna energija, izdr\u017eljivost, snaga, stres, opekline, toksini...<\/li>\n\n\n\n<li>Poznata je po svojoj ljekovitosti u lije\u010denju donjeg dijela tijela, jajnika, trbuha i nogu. Trebao bi pomo\u0107i u lije\u010denju radijacijske bolesti, kao iu lije\u010denju nakon kemoterapije. \u0160to je Smoky Quartz tamniji, to je u\u010dinkovitiji.<\/li>\n<\/ul>\n\n\n\n<div class=\"wp-block-button aligncenter\"><a class=\"wp-block-button__link has-text-color has-background wp-element-button\" href=\"https:\/\/moirai.si\/hr\/kategorija-proizvoda\/kupnja-kamenjem\/kvarcni\/\" style=\"color:#2d2c2c;background-color:#ddc942\" target=\"_blank\" rel=\"noreferrer noopener\">Trgovina Kvarc<\/a><\/div>\n\n\n\n<ul class=\"wp-block-list\">\n<li><strong><span style=\"color: #800080;\">Tigrovo Oko<\/span><\/strong> - fizi\u010dka snaga, izdr\u017eljivost, problemi s vidom, sinusima, negativna energija, promjene raspolo\u017eenja, snaga, volja, svrha, hrabrost, samopouzdanje...<\/li>\n<\/ul>\n\n\n\n<div class=\"wp-block-button aligncenter\"><a class=\"wp-block-button__link has-text-color has-background wp-element-button\" href=\"https:\/\/moirai.si\/hr\/kategorija-proizvoda\/kupnja-kamenjem\/tigrovo-oko\/\" style=\"color:#2d2c2c;background-color:#ddc942\" target=\"_blank\" rel=\"noreferrer noopener\">Trgovina Tigrovo oko<\/a><\/div>\n\n\n\n<p class=\"has-text-align-center\">Za <strong><span style=\"color: #800080;\">10<\/span>%<\/strong> popusta koristite kod: <span style=\"color: #800080;\"><strong>moirai26 <\/strong><\/span>(koda je veljavna do 31.12.2026)!<\/p>\n\n\n\n<h3 class=\"wp-block-heading\"><span style=\"color: #800080;\">Briga<\/span><\/h3>\n\n\n\n<ul class=\"wp-block-list\">\n<li>Kvarc ima relativno dobru tvrdo\u0107u i postojanost. Te\u017ei je od drugog kamenja, ali ipak mek\u0161i od ostalih. Za \u010di\u0161\u0107enje kvarca jednostavno koristite obi\u010dnu vodu i blagi sapun ili deterd\u017eent ako je potrebno. Obri\u0161ite kamenje mekom krpom i provjerite je li kamen dobro opran kako biste uklonili sve ostatke sapuna. Izbjegavajte dugotrajno izlaganje izravnoj sun\u010devoj svjetlosti ili toplini i izbjegavajte velike temperaturne oscilacije. Kao i kod ve\u0107ine minerala, izbjegavajte kori\u0161tenje aparata za kuhanje na paru i ultrazvu\u010dnih \u010dista\u010da.<\/li>\n\n\n\n<li>Najbolje je pohraniti kameni nakit u kutiju prekrivenu krpom ili zamotati u tkaninu odvojeno od ostalih, \u010dime se spre\u010davaju o\u0161te\u0107enja i mogu\u0107e ogrebotine. Preporu\u010dljivo je ne nositi nakit tijekom velikih fizi\u010dkih aktivnosti kao \u0161to su vje\u017ebanje ili sport. Izbjegavajte prskanje parfema na va\u0161 nakit i kamenje.<\/li>\n<\/ul>","protected":false},"excerpt":{"rendered":"<p>Zgodovina Zdravilno * Metafizi\u010dne lastnosti \u010cakra ** Navedene zdravilne in metafizi\u010dne lastnosti kamnov so zbrane iz ve\u010d razli\u010dnih virov. Informacije so na voljo le kot storitev in ne za zdravljenje bolezni. Moirai.si ne jam\u010di popolne veljavnosti navedenega. Prasiolit (zeleni Kvarc)&#8211; toksini, tumor, razjede, rast, blokade, \u017eelod\u010dna kislina, blaginja, bogastvo, sre\u010da, motivacija, negativna energija, samozavest, skrbi, [&hellip;]<\/p>\n","protected":false},"author":1,"featured_media":0,"parent":0,"menu_order":0,"comment_status":"closed","ping_status":"closed","template":"template-products-page.php","meta":{"footnotes":""},"class_list":["post-4235","page","type-page","status-publish","hentry"],"_links":{"self":[{"href":"https:\/\/moirai.si\/hr\/wp-json\/wp\/v2\/pages\/4235","targetHints":{"allow":["GET"]}}],"collection":[{"href":"https:\/\/moirai.si\/hr\/wp-json\/wp\/v2\/pages"}],"about":[{"href":"https:\/\/moirai.si\/hr\/wp-json\/wp\/v2\/types\/page"}],"author":[{"embeddable":true,"href":"https:\/\/moirai.si\/hr\/wp-json\/wp\/v2\/users\/1"}],"replies":[{"embeddable":true,"href":"https:\/\/moirai.si\/hr\/wp-json\/wp\/v2\/comments?post=4235"}],"version-history":[{"count":30,"href":"https:\/\/moirai.si\/hr\/wp-json\/wp\/v2\/pages\/4235\/revisions"}],"predecessor-version":[{"id":27213,"href":"https:\/\/moirai.si\/hr\/wp-json\/wp\/v2\/pages\/4235\/revisions\/27213"}],"wp:attachment":[{"href":"https:\/\/moirai.si\/hr\/wp-json\/wp\/v2\/media?parent=4235"}],"curies":[{"name":"wp","href":"https:\/\/api.w.org\/{rel}","templated":true}]}}