{"id":4770,"date":"2015-12-11T17:15:44","date_gmt":"2015-12-11T17:15:44","guid":{"rendered":"http:\/\/moirai.si\/en\/?page_id=4770"},"modified":"2026-01-02T14:02:20","modified_gmt":"2026-01-02T14:02:20","slug":"lapis-lazuli","status":"publish","type":"page","link":"https:\/\/moirai.si\/hr\/lapis-lazuli\/","title":{"rendered":"Lapis Lazuli"},"content":{"rendered":"<div class=\"wp-block-button aligncenter\"><a class=\"wp-block-button__link has-text-color has-background wp-element-button\" href=\"https:\/\/moirai.si\/hr\/kategorija-proizvoda\/kupnja-kamenjem\/lapis-lazuli\/\" style=\"color:#2d2c2c;background-color:#ddc942\" target=\"_blank\" rel=\"noreferrer noopener\">Trgovina Lapis Lazuli<\/a><\/div>\n\n\n\n<h3 class=\"wp-block-heading\"><span style=\"color: #993366;\"><span style=\"color: #800080;\"><strong>Povjest<\/strong><\/span><strong><br \/><\/strong><\/span><\/h3>\n\n\n<div class=\"wp-block-image is-resized\">\n<figure class=\"alignright size-thumbnail\"><img decoding=\"async\" src=\"https:\/\/moirai.si\/wp-content\/uploads\/2020\/01\/lapis-500x500.jpg\" alt=\"\" class=\"wp-image-15743\" style=\"width:125px\"\/><\/figure>\n<\/div>\n\n\n<ul class=\"wp-block-list\">\n<li>Ime mu dolazi od latinske rije\u010di \"lapis\", \u0161to zna\u010di \"kamen\" i od arapske i perzijske rije\u010di \"lazaward\". Lazaward je bio perzijski naziv za kamen Lapis i naziv lokacije rudnika gdje je prvi put prona\u0111en. Tehni\u010dki se definira kao kamen (stijena), a ne kao mineral.<\/li>\n<\/ul>\n\n\n\n<h3 class=\"wp-block-heading\"><span style=\"color: #800080;\"><strong>Ljekovita * Metafizi\u010dka svojstva<\/strong><\/span><\/h3>\n\n\n\n<ul class=\"wp-block-list\">\n<li>alergija, duhovnost, epilepsija, glavobol, grlo, harmonija, imunski sistem, izra\u017eanje, ko\u017ea, kr\u010di, krvni pritisk, menstrualne bole\u010dine, migrena, mir, mo\u010d, morala, negativna energija, negativnost, nos, objektivnost, odnosi, piki in vbodi insektov, plju\u010da, pogum, po\u0161tenost, preglednost, psihi\u010dni napad, samospo\u0161tovanje, sklepi, so\u010dutje, srce, stres, \u0161\u010ditnica, uroki, ustvarjalnost, vnetje, vro\u010dina, za\u0161\u010dita, \u017eiv\u010dni sistem&#8230;<\/li>\n<\/ul>\n\n\n\n<div class=\"wp-block-button aligncenter\"><a class=\"wp-block-button__link has-text-color has-background wp-element-button\" href=\"https:\/\/moirai.si\/hr\/kategorija-proizvoda\/kupnja-kamenjem\/lapis-lazuli\/\" style=\"color:#2d2c2c;background-color:#ddc942\" target=\"_blank\" rel=\"noreferrer noopener\">Trgovina Lapis Lazuli<\/a><\/div>\n\n\n<div class=\"wp-block-image is-resized\">\n<figure class=\"alignleft\"><a href=\"https:\/\/moirai.si\/hr\/cakra\/\"><img loading=\"lazy\" decoding=\"async\" width=\"500\" height=\"500\" src=\"https:\/\/moirai.si\/wp-content\/uploads\/2019\/09\/\u010dakra.jpg\" alt=\"\" class=\"wp-image-14534\" style=\"width:125px\" srcset=\"https:\/\/moirai.si\/wp-content\/uploads\/2019\/09\/\u010dakra.jpg 500w, https:\/\/moirai.si\/wp-content\/uploads\/2019\/09\/\u010dakra-100x100.jpg 100w\" sizes=\"auto, (max-width: 500px) 100vw, 500px\" \/><\/a><\/figure>\n<\/div>\n\n\n<p><a href=\"https:\/\/moirai.si\/hr\/cakra\/\">\u010cakra<\/a><\/p>\n\n\n\n<p class=\"has-small-font-size\">**Navedena ljekovita i metafizi\u010dka svojstva kamenja prikupljena su iz nekoliko razli\u010ditih izvora. Informacije su dane samo kao usluga, a ne za lije\u010denje bolesti. Moirai.si ne jam\u010di potpunu valjanost gore navedenog.<\/p>\n\n\n\n<h3 class=\"wp-block-heading\"><span style=\"color: #800080;\"><strong>Karakteristike minerala&nbsp;<\/strong><\/span><\/h3>\n\n\n\n<figure class=\"wp-block-table\"><table><tbody><tr><td>Kemijski sastav<\/td><td>(Na,Ca)<sub>8<\/sub>Al<sub>6<\/sub>ti si<sub>6<\/sub>O<sub>24<\/sub>(S, SO)<sub>4<\/sub><\/td><\/tr><tr><td>Boja<\/td><td>Indigo plava<\/td><\/tr><tr><td>Tvrdo\u0107a (Mohs)<\/td><td>5-6<\/td><\/tr><tr><td>Gusto\u0107a<\/td><td>2.70-2.90<\/td><\/tr><tr><td>Indeks loma<\/td><td>1.500<\/td><\/tr><tr><td>Kristalni sistem<\/td><td>Kubi\u010dni<\/td><\/tr><\/tbody><\/table><\/figure>\n\n\n\n<h3 class=\"wp-block-heading\"><span style=\"color: #800080;\"><strong>Izvor minerala<\/strong><\/span><\/h3>\n\n\n<div class=\"wp-block-image is-resized\">\n<figure class=\"alignleft size-large\"><img loading=\"lazy\" decoding=\"async\" width=\"189\" height=\"104\" src=\"https:\/\/moirai.si\/wp-content\/uploads\/2020\/01\/svet.jpg\" alt=\"\" class=\"wp-image-15658\" style=\"width:125px\"\/><\/figure>\n<\/div>\n\n\n<ul class=\"wp-block-list\">\n<li>Afganistan, SAD, Kanada, \u010cile i Rusija.<\/li>\n<\/ul>\n\n\n\n<h3 class=\"wp-block-heading\"><span style=\"color: #800080;\"><strong>Briga<\/strong><\/span><\/h3>\n\n\n\n<ul class=\"wp-block-list\">\n<li>Lapis Lazuli je mek\u0161i od mnogih dragulja, ali uz njegu, nakit i proizvodi izra\u0111eni od njega mogu trajati generacijama. Lapis Lazuli je dosta osjetljiv na jak pritisak, visoke temperature i razne ku\u0107ne kemikalije i sredstva za \u010di\u0161\u0107enje. Izbjegavajte izlaganje lapisa izbjeljiva\u010du i sumpornoj kiselini. Lapis Lazuli jednostavno o\u010distite hladnom vodom i blagim sapunom.<\/li>\n\n\n\n<li>Kameni nakit je najbolje pohraniti u kutiju prekrivenu krpom ili zamotati u krpu odvojenu od ostalih, sprje\u010davaju\u0107i samo o\u0161te\u0107enja i mogu\u0107e ogrebotine. Preporu\u010dljivo je ne nositi nakit tijekom velikih fizi\u010dkih aktivnosti kao \u0161to su vje\u017ebanje ili sport. Izbjegavajte prskanje parfema na va\u0161 nakit i kamenje.<\/li>\n<\/ul>\n\n\n\n<div class=\"wp-block-button aligncenter\"><a class=\"wp-block-button__link has-text-color has-background wp-element-button\" href=\"https:\/\/moirai.si\/hr\/kategorija-proizvoda\/kupnja-kamenjem\/lapis-lazuli\/\" style=\"color:#2d2c2c;background-color:#ddc942\" target=\"_blank\" rel=\"noreferrer noopener\">Trgovina Lapis Lazuli<\/a><\/div>\n\n\n\n<p class=\"has-text-align-center\">Za <strong><span style=\"color: #800080;\">10<\/span>%<\/strong> popusta koristite kod: <span style=\"color: #800080;\"><strong>moirai26 <\/strong><\/span>(koda je veljavna do 31.12.2026)!<\/p>\n\n\n\n<h3 class=\"wp-block-heading\"><span style=\"color: #800080;\"><strong>Horoskop<\/strong><\/span><\/h3>\n\n\n<div class=\"wp-block-image\">\n<figure class=\"alignleft size-large\"><img loading=\"lazy\" decoding=\"async\" width=\"116\" height=\"111\" src=\"https:\/\/moirai.si\/wp-content\/uploads\/2020\/01\/horoskop.jpg\" alt=\"\" class=\"wp-image-15659\"\/><\/figure>\n<\/div>\n\n\n<ul class=\"wp-block-list\">\n<li>Bik, Strijelac<\/li>\n<\/ul>","protected":false},"excerpt":{"rendered":"<p>Zgodovina Zdravilno * Metafizi\u010dne lastnosti \u010cakra **Navedene zdravilne in metafizi\u010dne lastnosti kamnov so zbrane iz ve\u010d razli\u010dnih virov. Informacije so na voljo le kot storitev in ne za zdravljenje bolezni. Moirai.si ne jam\u010di popolne veljavnosti navedenega. Zna\u010dilnosti minerala&nbsp; Kemijska sestava (Na,Ca)8Al6Si6O24(S,SO)4 Barva Indigo modra Trdota (Mohs) 5-6 Gostota 2.70-2.90 Lomni koli\u010dnik 1.500 Kristalni sistem Kubi\u010dni [&hellip;]<\/p>\n","protected":false},"author":1,"featured_media":0,"parent":0,"menu_order":0,"comment_status":"closed","ping_status":"closed","template":"template-products-page.php","meta":{"footnotes":""},"class_list":["post-4770","page","type-page","status-publish","hentry"],"_links":{"self":[{"href":"https:\/\/moirai.si\/hr\/wp-json\/wp\/v2\/pages\/4770","targetHints":{"allow":["GET"]}}],"collection":[{"href":"https:\/\/moirai.si\/hr\/wp-json\/wp\/v2\/pages"}],"about":[{"href":"https:\/\/moirai.si\/hr\/wp-json\/wp\/v2\/types\/page"}],"author":[{"embeddable":true,"href":"https:\/\/moirai.si\/hr\/wp-json\/wp\/v2\/users\/1"}],"replies":[{"embeddable":true,"href":"https:\/\/moirai.si\/hr\/wp-json\/wp\/v2\/comments?post=4770"}],"version-history":[{"count":14,"href":"https:\/\/moirai.si\/hr\/wp-json\/wp\/v2\/pages\/4770\/revisions"}],"predecessor-version":[{"id":27217,"href":"https:\/\/moirai.si\/hr\/wp-json\/wp\/v2\/pages\/4770\/revisions\/27217"}],"wp:attachment":[{"href":"https:\/\/moirai.si\/hr\/wp-json\/wp\/v2\/media?parent=4770"}],"curies":[{"name":"wp","href":"https:\/\/api.w.org\/{rel}","templated":true}]}}