{"id":4774,"date":"2015-12-11T17:36:10","date_gmt":"2015-12-11T17:36:10","guid":{"rendered":"http:\/\/moirai.si\/?page_id=4774"},"modified":"2026-01-02T14:04:11","modified_gmt":"2026-01-02T14:04:11","slug":"lepidolit","status":"publish","type":"page","link":"https:\/\/moirai.si\/hr\/lepidolit\/","title":{"rendered":"Lepidolit"},"content":{"rendered":"<div class=\"wp-block-button aligncenter\"><a class=\"wp-block-button__link has-text-color has-background wp-element-button\" href=\"https:\/\/moirai.si\/hr\/kategorija-proizvoda\/kupnja-kamenjem\/lepidolit\/\" style=\"color:#2d2c2c;background-color:#ddc942\" target=\"_blank\" rel=\"noreferrer noopener\">Trgovina Lepidolit<\/a><\/div>\n\n\n\n<h3 class=\"wp-block-heading\"><span style=\"color: #800080;\"><strong>Povjest<\/strong><\/span><\/h3>\n\n\n<div class=\"wp-block-image is-resized\">\n<figure class=\"alignright size-thumbnail\"><img decoding=\"async\" src=\"https:\/\/moirai.si\/wp-content\/uploads\/2020\/01\/lepidolit-500x500.jpg\" alt=\"\" class=\"wp-image-15749\" style=\"width:125px\"\/><\/figure>\n<\/div>\n\n\n<ul class=\"wp-block-list\">\n<li>Lepidolit pripada skupini tinjaca i nije definiran kao kamen. Prvi put je otkriven u 18. stolje\u0107u kada je nazvan Lilalit zbog svoje boje lavande. Me\u0111utim, znanstvenici su ga kasnije preimenovali u lepidolit prema gr\u010dkoj rije\u010di \"lepidos\", \u0161to zna\u010di \"ljestvica\". Naziv se odnosi na njegov ljuskavi izgled s ljuskicama litija. Lepidolit se pojavljuje u granitnim pegmatitima i \u010desto se nalazi s drugim kristalima kao \u0161to su turmalin i kvarc.<\/li>\n\n\n\n<li><span style=\"color: #800080;\">Sinonimi, stari nazivi, trgova\u010dki nazivi:<\/span> &nbsp;Lilalit\u2026<\/li>\n<\/ul>\n\n\n\n<h3 class=\"wp-block-heading\"><span style=\"color: #800080;\"><strong>Ljekovita * Metafizi\u010dka svojstva<\/strong><\/span><\/h3>\n\n\n\n<ul class=\"wp-block-list\">\n<li>anoreksija, bipolarni poreme\u0107aj, blokade, emocije, depresija, duhovnost, ljutnja, kozmi\u010dka svijest, mir, negativnost, nervoza, odluke, panika, poslovni uspjeh, razum, stres, trauma, tre\u0107e oko, ovisnost...<\/li>\n<\/ul>\n\n\n\n<div class=\"wp-block-button aligncenter\"><a class=\"wp-block-button__link has-text-color has-background wp-element-button\" href=\"https:\/\/moirai.si\/hr\/kategorija-proizvoda\/kupnja-kamenjem\/lepidolit\/\" style=\"color:#2d2c2c;background-color:#ddc942\" target=\"_blank\" rel=\"noreferrer noopener\">Trgovina Lepidolit<\/a><\/div>\n\n\n<div class=\"wp-block-image is-resized\">\n<figure class=\"alignleft\"><a href=\"https:\/\/moirai.si\/hr\/cakra\/\"><img loading=\"lazy\" decoding=\"async\" width=\"500\" height=\"500\" src=\"https:\/\/moirai.si\/wp-content\/uploads\/2019\/09\/\u010dakra.jpg\" alt=\"\" class=\"wp-image-14534\" style=\"width:125px\" srcset=\"https:\/\/moirai.si\/wp-content\/uploads\/2019\/09\/\u010dakra.jpg 500w, https:\/\/moirai.si\/wp-content\/uploads\/2019\/09\/\u010dakra-100x100.jpg 100w\" sizes=\"auto, (max-width: 500px) 100vw, 500px\" \/><\/a><\/figure>\n<\/div>\n\n\n<p><a href=\"https:\/\/moirai.si\/hr\/cakra\/\">\u010cakra<\/a><\/p>\n\n\n\n<p class=\"has-small-font-size\">** Navedena ljekovita i metafizi\u010dka svojstva kamenja prikupljena su iz razli\u010ditih izvora. Informacije su dostupne samo kao usluga, a ne za lije\u010denje bolesti. Moirai ne jam\u010di potpunu valjanost gore navedenog.<\/p>\n\n\n\n<h3 class=\"wp-block-heading\"><span style=\"color: #800080;\"><strong>Karakteristike minerala<\/strong><\/span><\/h3>\n\n\n\n<figure class=\"wp-block-table\"><table><tbody><tr><td>Kemijski sastav<\/td><td>K(Li,Al)<sub>3<\/sub>(Al, Si, Rb)<sub>4<\/sub>O<sub>10<\/sub>(F,OH)<sub>2<\/sub><\/td><\/tr><tr><td>Boja<\/td><td>Ru\u017ei\u010dasta, ljubi\u010dasta, crvena, ljubi\u010dasto-zelena, \u017euta, bijela i prozirna<\/td><\/tr><tr><td>Tvrdo\u0107a (Mohs)<\/td><td>2.5-3<\/td><\/tr><tr><td>Gusto\u0107a<\/td><td>2.80-2.90<\/td><\/tr><tr><td>Indeks loma<\/td><td>1.525-1.586<\/td><\/tr><tr><td>Kristalni sistem<\/td><td>Monoklina<\/td><\/tr><\/tbody><\/table><\/figure>\n\n\n\n<h3 class=\"wp-block-heading\"><span style=\"color: #800080;\"><strong>Izvor minerala<\/strong><\/span><\/h3>\n\n\n<div class=\"wp-block-image is-resized\">\n<figure class=\"alignleft size-large\"><img loading=\"lazy\" decoding=\"async\" width=\"189\" height=\"104\" src=\"https:\/\/moirai.si\/wp-content\/uploads\/2020\/01\/svet.jpg\" alt=\"\" class=\"wp-image-15658\" style=\"width:125px\"\/><\/figure>\n<\/div>\n\n\n<ul class=\"wp-block-list\">\n<li>Brazil, Rusija, SAD, Kanada, \u0160vedska, Njema\u010dka, Finska, \u010ce\u0161ka, Japan, Zimbabve i Madagaskar.<\/li>\n<\/ul>\n\n\n\n<h3 class=\"wp-block-heading\"><span style=\"color: #800080;\"><strong>Briga<\/strong><\/span><\/h3>\n\n\n\n<ul class=\"wp-block-list\">\n<li>Lepidolit mo\u017ee biti prili\u010dno osjetljiv na jak pritisak, visoke temperature i jake ku\u0107ne kemikalije i sredstva za \u010di\u0161\u0107enje. Izbjegavajte izlaganje Lepidolita izbjeljiva\u010du ili sumpornoj kiselini. O\u010distite lepidolit toplom vodom i sapunicom. Obri\u0161ite kamen mekom krpom i uvjerite se da je dobro ispran kako biste uklonili ostatke sapuna.<\/li>\n\n\n\n<li>Kameni nakit je najbolje pohraniti u kutiju prekrivenu krpom ili zamotati u krpu odvojenu od ostalih, sprje\u010davaju\u0107i samo o\u0161te\u0107enja i mogu\u0107e ogrebotine. Preporu\u010dljivo je ne nositi nakit tijekom velikih fizi\u010dkih aktivnosti kao \u0161to su vje\u017ebanje ili sport. Izbjegavajte prskanje parfema na va\u0161 nakit i kamenje.<\/li>\n<\/ul>\n\n\n\n<div class=\"wp-block-button aligncenter\"><a class=\"wp-block-button__link has-text-color has-background wp-element-button\" href=\"https:\/\/moirai.si\/hr\/kategorija-proizvoda\/kupnja-kamenjem\/lepidolit\/\" style=\"color:#2d2c2c;background-color:#ddc942\" target=\"_blank\" rel=\"noreferrer noopener\">Trgovina Lepidolit<\/a><\/div>\n\n\n\n<p class=\"has-text-align-center\">Za <strong><span style=\"color: #800080;\">10<\/span>%<\/strong> popusta koristite kod: <span style=\"color: #800080;\"><strong>moirai26 <\/strong><\/span>(koda je veljavna do 31.12.2026)!<\/p>\n\n\n\n<h3 class=\"wp-block-heading\"><span style=\"color: #800080;\"><strong>Horoskop<\/strong><\/span><\/h3>\n\n\n<div class=\"wp-block-image\">\n<figure class=\"alignleft size-large\"><img loading=\"lazy\" decoding=\"async\" width=\"116\" height=\"111\" src=\"https:\/\/moirai.si\/wp-content\/uploads\/2020\/01\/horoskop.jpg\" alt=\"\" class=\"wp-image-15659\"\/><\/figure>\n<\/div>\n\n\n<ul class=\"wp-block-list\">\n<li>Vaga<\/li>\n<\/ul>","protected":false},"excerpt":{"rendered":"<p>Zgodovina Zdravilno * Metafizi\u010dne lastnosti \u010cakra ** Navedene zdravilne in metafizi\u010dne lastnosti kamnov so zbrane iz ve\u010d razli\u010dnih virov. Informacije so na voljo le kot storitev in ne za zdravljenje bolezni. Moirai.si ne jam\u010di popolne veljavnosti navedenega. Zna\u010dilnosti minerala Kemijska sestava K(Li,Al)3(Al,Si,Rb)4O10(F,OH)2 Barva Roza, vijoli\u010den, rde\u010d, vijoli\u010dno-zelen, rumen, bel in prosojen Trdota (Mohs) 2.5-3 Gostota [&hellip;]<\/p>\n","protected":false},"author":1,"featured_media":0,"parent":0,"menu_order":0,"comment_status":"closed","ping_status":"closed","template":"template-products-page.php","meta":{"footnotes":""},"class_list":["post-4774","page","type-page","status-publish","hentry"],"_links":{"self":[{"href":"https:\/\/moirai.si\/hr\/wp-json\/wp\/v2\/pages\/4774","targetHints":{"allow":["GET"]}}],"collection":[{"href":"https:\/\/moirai.si\/hr\/wp-json\/wp\/v2\/pages"}],"about":[{"href":"https:\/\/moirai.si\/hr\/wp-json\/wp\/v2\/types\/page"}],"author":[{"embeddable":true,"href":"https:\/\/moirai.si\/hr\/wp-json\/wp\/v2\/users\/1"}],"replies":[{"embeddable":true,"href":"https:\/\/moirai.si\/hr\/wp-json\/wp\/v2\/comments?post=4774"}],"version-history":[{"count":11,"href":"https:\/\/moirai.si\/hr\/wp-json\/wp\/v2\/pages\/4774\/revisions"}],"predecessor-version":[{"id":27219,"href":"https:\/\/moirai.si\/hr\/wp-json\/wp\/v2\/pages\/4774\/revisions\/27219"}],"wp:attachment":[{"href":"https:\/\/moirai.si\/hr\/wp-json\/wp\/v2\/media?parent=4774"}],"curies":[{"name":"wp","href":"https:\/\/api.w.org\/{rel}","templated":true}]}}