{"id":4867,"date":"2015-12-12T21:08:34","date_gmt":"2015-12-12T21:08:34","guid":{"rendered":"http:\/\/moirai.si\/?page_id=4867"},"modified":"2026-01-02T14:09:26","modified_gmt":"2026-01-02T14:09:26","slug":"moldavit","status":"publish","type":"page","link":"https:\/\/moirai.si\/hr\/moldavit\/","title":{"rendered":"Moldavit"},"content":{"rendered":"<div class=\"wp-block-button aligncenter\"><a class=\"wp-block-button__link has-text-color has-background wp-element-button\" href=\"https:\/\/moirai.si\/hr\/kategorija-proizvoda\/kupnja-kamenjem\/moldavit\/\" style=\"color:#2d2c2c;background-color:#ddc942\" target=\"_blank\" rel=\"noreferrer noopener\">Trgovina Moldavit<\/a><\/div>\n\n\n\n<h3 class=\"wp-block-heading\"><span style=\"color: #800080;\">Povjest<\/span><\/h3>\n\n\n<div class=\"wp-block-image is-resized\">\n<figure class=\"alignright size-thumbnail\"><img decoding=\"async\" src=\"https:\/\/moirai.si\/wp-content\/uploads\/2020\/02\/moldavit-500x500.jpg\" alt=\"\" class=\"wp-image-15759\" style=\"width:125px\"\/><\/figure>\n<\/div>\n\n\n<ul class=\"wp-block-list\">\n<li>Moldavit je prvi put nazvan \"krizoliti\" po profesoru Josefu Mayeru sa Sveu\u010dili\u0161ta u Pragu. Naziv je kasnije zamijenjen imenom \"Moldavit\" prema \"Moldauthein\". Moldauthein je mjesto gdje je prvi put otkriven i opisan primjerak moldavita. Spada u skupinu tektita. Prirodno je staklo, a boja mu je maslinastozelena do sme\u0111ezelenkasta. Nekad se smatralo da je moldavit nastao iz pare nakon pada meteorita na zemlju.<\/li>\n<\/ul>\n\n\n\n<h3 class=\"wp-block-heading\"><span style=\"color: #800080;\">Ljekovita * Metafizi\u010dka svojstva<\/span><\/h3>\n\n\n\n<ul class=\"wp-block-list\">\n<li>alergije, anemija, astma, bakterije, blokade, duhovnost, glavobolja, gripa, infekcije, osipi, vidovitost, ko\u0161tana sr\u017e, ko\u017ea, upale ko\u017ee, meditacija, metastaze, odnosi, infekcije, plodnost, prehlada, psihi\u010dko bu\u0111enje, rendgensko zra\u010denje, mu\u010dnina, pam\u0107enje, sre\u0107a, umor, radost, opijenost, za\u0161tita...<\/li>\n<\/ul>\n\n\n\n<div class=\"wp-block-button aligncenter\"><a class=\"wp-block-button__link has-text-color has-background wp-element-button\" href=\"https:\/\/moirai.si\/hr\/kategorija-proizvoda\/kupnja-kamenjem\/moldavit\/\" style=\"color:#2d2c2c;background-color:#ddc942\" target=\"_blank\" rel=\"noreferrer noopener\">Trgovina Moldavit<\/a><\/div>\n\n\n<div class=\"wp-block-image is-resized\">\n<figure class=\"alignleft\"><a href=\"https:\/\/moirai.si\/hr\/cakra\/\"><img loading=\"lazy\" decoding=\"async\" width=\"500\" height=\"500\" src=\"https:\/\/moirai.si\/wp-content\/uploads\/2019\/09\/\u010dakra.jpg\" alt=\"\" class=\"wp-image-14534\" style=\"width:125px\" srcset=\"https:\/\/moirai.si\/wp-content\/uploads\/2019\/09\/\u010dakra.jpg 500w, https:\/\/moirai.si\/wp-content\/uploads\/2019\/09\/\u010dakra-100x100.jpg 100w\" sizes=\"auto, (max-width: 500px) 100vw, 500px\" \/><\/a><\/figure>\n<\/div>\n\n\n<p><a href=\"https:\/\/moirai.si\/hr\/cakra\/\">\u010cakra<\/a><\/p>\n\n\n\n<p class=\"has-small-font-size\">** Navedena ljekovita i metafizi\u010dka svojstva kamenja prikupljena su iz razli\u010ditih izvora. Informacije su dostupne samo kao usluga, a ne za lije\u010denje bolesti. Moirai ne jam\u010di potpunu valjanost gore navedenog.<\/p>\n\n\n\n<h3 class=\"wp-block-heading\"><span style=\"color: #800080;\">Karakteristike minerala<\/span><\/h3>\n\n\n\n<figure class=\"wp-block-table\"><table><tbody><tr><td>Kemijski sastav<\/td><td>SiO<sub>2<\/sub>(+Al<sub>2<\/sub>O<sub>3<\/sub>)<\/td><\/tr><tr><td>Boja<\/td><td>zelene do sme\u0111ezelene<\/td><\/tr><tr><td>Tvrdo\u0107a (Mohs)<\/td><td>5.5-7<\/td><\/tr><tr><td>Gusto\u0107a<\/td><td>2.32-2.38<\/td><\/tr><tr><td>Indeks loma<\/td><td>1.480-1.540<\/td><\/tr><tr><td>Kristalni sistem<\/td><td>Amorfna<\/td><\/tr><\/tbody><\/table><\/figure>\n\n\n\n<h3 class=\"wp-block-heading\"><span style=\"color: #800080;\">Izvor minerala<\/span><\/h3>\n\n\n<div class=\"wp-block-image is-resized\">\n<figure class=\"alignleft size-large\"><img loading=\"lazy\" decoding=\"async\" width=\"189\" height=\"104\" src=\"https:\/\/moirai.si\/wp-content\/uploads\/2020\/01\/svet.jpg\" alt=\"\" class=\"wp-image-15658\" style=\"width:125px\"\/><\/figure>\n<\/div>\n\n\n<ul class=\"wp-block-list\">\n<li>\u010ce\u0161ka, Njema\u010dka i Austrija.<\/li>\n<\/ul>\n\n\n\n<h3 class=\"wp-block-heading\"><span style=\"color: #800080;\">Briga<\/span><\/h3>\n\n\n\n<ul class=\"wp-block-list\">\n<li>Moldavit je prili\u010dno mekan i krhak u usporedbi s ve\u0107inom drugog dragog kamenja. Izbjegavajte kori\u0161tenje kemikalija ili sredstava za \u010di\u0161\u0107enje prilikom \u010di\u0161\u0107enja Moldavita. Ne koristite ultrazvu\u010dne ili parne \u010dista\u010de. Mo\u017ee se \u010distiti blagim sapunom i mekom krpom. Obavezno dobro isperite ostatke sapunaste vode.<\/li>\n\n\n\n<li>Kameni nakit je najbolje pohraniti u kutiju prekrivenu krpom ili zamotati u krpu odvojenu od ostalih, sprje\u010davaju\u0107i samo o\u0161te\u0107enja i mogu\u0107e ogrebotine. Preporu\u010dljivo je ne nositi nakit tijekom velikih fizi\u010dkih aktivnosti kao \u0161to su vje\u017ebanje ili sport. Izbjegavajte prskanje parfema na va\u0161 nakit i kamenje.<\/li>\n<\/ul>\n\n\n\n<div class=\"wp-block-button aligncenter\"><a class=\"wp-block-button__link has-text-color has-background wp-element-button\" href=\"https:\/\/moirai.si\/hr\/kategorija-proizvoda\/kupnja-kamenjem\/moldavit\/\" style=\"color:#2d2c2c;background-color:#ddc942\" target=\"_blank\" rel=\"noreferrer noopener\">Trgovina Moldavit<\/a><\/div>\n\n\n\n<p class=\"has-text-align-center\">Za <strong><span style=\"color: #800080;\">10<\/span>%<\/strong> popusta koristite kod: <span style=\"color: #800080;\"><strong>moirai26 <\/strong><\/span>(koda je veljavna do 31.12.2026)!<\/p>\n\n\n\n<h3 class=\"wp-block-heading\"><span style=\"color: #800080;\">Horoskop<\/span><\/h3>\n\n\n<div class=\"wp-block-image\">\n<figure class=\"alignleft size-large\"><img loading=\"lazy\" decoding=\"async\" width=\"116\" height=\"111\" src=\"https:\/\/moirai.si\/wp-content\/uploads\/2020\/01\/horoskop.jpg\" alt=\"\" class=\"wp-image-15659\"\/><\/figure>\n<\/div>\n\n\n<ul class=\"wp-block-list\">\n<li>Sva znamenja<\/li>\n<\/ul>","protected":false},"excerpt":{"rendered":"<p>Zgodovina Zdravilno * Metafizi\u010dne lastnosti \u010cakra ** Navedene zdravilne in metafizi\u010dne lastnosti kamnov so zbrane iz ve\u010d razli\u010dnih virov. Informacije so na voljo le kot storitev in ne za zdravljenje bolezni. Moirai.si ne jam\u010di popolne veljavnosti navedenega. Zna\u010dilnosti minerala Kemijska sestava SiO2(+Al2O3) Barva zelena do rjavo-zelena Trdota (Mohs) 5.5-7 Gostota 2.32-2.38 Lomni koli\u010dnik 1.480-1.540 Kristalni [&hellip;]<\/p>\n","protected":false},"author":1,"featured_media":0,"parent":0,"menu_order":0,"comment_status":"closed","ping_status":"closed","template":"template-products-page.php","meta":{"footnotes":""},"class_list":["post-4867","page","type-page","status-publish","hentry"],"_links":{"self":[{"href":"https:\/\/moirai.si\/hr\/wp-json\/wp\/v2\/pages\/4867","targetHints":{"allow":["GET"]}}],"collection":[{"href":"https:\/\/moirai.si\/hr\/wp-json\/wp\/v2\/pages"}],"about":[{"href":"https:\/\/moirai.si\/hr\/wp-json\/wp\/v2\/types\/page"}],"author":[{"embeddable":true,"href":"https:\/\/moirai.si\/hr\/wp-json\/wp\/v2\/users\/1"}],"replies":[{"embeddable":true,"href":"https:\/\/moirai.si\/hr\/wp-json\/wp\/v2\/comments?post=4867"}],"version-history":[{"count":11,"href":"https:\/\/moirai.si\/hr\/wp-json\/wp\/v2\/pages\/4867\/revisions"}],"predecessor-version":[{"id":27225,"href":"https:\/\/moirai.si\/hr\/wp-json\/wp\/v2\/pages\/4867\/revisions\/27225"}],"wp:attachment":[{"href":"https:\/\/moirai.si\/hr\/wp-json\/wp\/v2\/media?parent=4867"}],"curies":[{"name":"wp","href":"https:\/\/api.w.org\/{rel}","templated":true}]}}