{"id":4871,"date":"2015-12-12T21:30:47","date_gmt":"2015-12-12T21:30:47","guid":{"rendered":"http:\/\/moirai.si\/?page_id=4871"},"modified":"2026-01-02T14:10:19","modified_gmt":"2026-01-02T14:10:19","slug":"opsidijan-2","status":"publish","type":"page","link":"https:\/\/moirai.si\/hr\/obsidijan\/","title":{"rendered":"Opsidijan"},"content":{"rendered":"<div class=\"wp-block-button aligncenter\"><a class=\"wp-block-button__link has-text-color has-background wp-element-button\" href=\"https:\/\/moirai.si\/hr\/kategorija-proizvoda\/kupnja-kamenjem\/opsidijan-2\/\" style=\"color:#2d2c2c;background-color:#ddc942\" target=\"_blank\" rel=\"noreferrer noopener\">Trgovina Opsidijan<\/a><\/div>\n\n\n\n<h3 class=\"wp-block-heading\"><span style=\"color: #800080;\"><strong>Povjest<\/strong><\/span><\/h3>\n\n\n<div class=\"wp-block-image is-resized\">\n<figure class=\"alignright size-thumbnail\"><img loading=\"lazy\" decoding=\"async\" width=\"500\" height=\"500\" src=\"https:\/\/moirai.si\/wp-content\/uploads\/2020\/02\/osidijan-500x500.jpg\" alt=\"\" class=\"wp-image-15765\" style=\"width:125px\" srcset=\"https:\/\/moirai.si\/wp-content\/uploads\/2020\/02\/osidijan-500x500.jpg 500w, https:\/\/moirai.si\/wp-content\/uploads\/2020\/02\/osidijan-100x100.jpg 100w, https:\/\/moirai.si\/wp-content\/uploads\/2020\/02\/osidijan-501x501.jpg 501w, https:\/\/moirai.si\/wp-content\/uploads\/2020\/02\/osidijan.jpg 566w\" sizes=\"auto, (max-width: 500px) 100vw, 500px\" \/><\/figure>\n<\/div>\n\n\n<ul class=\"wp-block-list\">\n<li>Opsidijan je dobio ime po \"Obsiusu\", Rimljaninu koji je otkrio sli\u010dan kamen. To je prirodno vulkansko staklo i nastaje kada se lava hladi. Od njega su se izra\u0111ivali vrhovi i o\u0161trice kopalja te ukrasi. U svom \u010distom obliku, opsidijan ima tamnu boju zbog prisutnosti \u017eeljeza i magnezija. Mo\u017ee se klasificirati prema vrstama na temelju razli\u010ditih svojstava. Me\u0111utim, neke osnovne vrste opsidijana uklju\u010duju sljede\u0107e; mrlje (Snje\u017eni i kikiriki opsidijan), male kvr\u017eice (Apache Tears) i sjaj (Srebrni opsidijan i Vatreni opsidijan).<\/li>\n\n\n\n<li><span style=\"color: #800080;\">Sinonimi, stari nazivi, trgova\u010dki nazivi:<\/span> Apa\u0161ke suze, islandski ahat, mahagonij opsidijan, dugin opsidijan, snje\u017eni opsidijan, srebrni opsidijan, tokaj lux safir...<\/li>\n<\/ul>\n\n\n\n<h3 class=\"wp-block-heading\"><span style=\"color: #800080;\"><strong>Ljekovita * Metafizi\u010dka svojstva<\/strong><\/span><\/h3>\n\n\n\n<ul class=\"wp-block-list\">\n<li>artritis, blokade, iscjeljenje du\u0161e, emocije, estrogen, imunolo\u0161ki sustav, gr\u010devi, krvarenje, cirkulacija krvi, napetost, negativnost, ozljede, metabolizam, prostata, psihi\u010dki napad, detoksikacija, stres, testosteron, trauma, mentalne sposobnosti, za\u0161tita, zbunjenost, \u017eivci \u2026<\/li>\n<\/ul>\n\n\n\n<ul class=\"wp-block-list\">\n<li><span style=\"color: #800080;\"><strong>CRNI OPSIDIJAN<\/strong><\/span> ima jake metafizi\u010dke karakteristike koje \u0161tite od negativnosti. Blagotvorno djeluje na strah, ljutnju, stres i obeshrabruje tu\u0111e nezadovoljstvo. Poma\u017ee nam osloboditi ugra\u0111enu negativnost iz aure iu kontaktu s duhovnim svijetom. Poznato je da poma\u017ee u osloba\u0111anju raznih ovisnosti, poreme\u0107aja prehrane, negativnih pona\u0161anja i emocionalnih blokada. Mo\u017ee pove\u0107ati razinu testosterona ili estrogena kada se koristi za deblokadu va\u0161e korijenske \u010dakre. Crni opsidijan podi\u017ee va\u0161 libido.<\/li>\n\n\n\n<li><strong><span style=\"color: #800080;\">MAHAGONIJ OPSIDIJAN<\/span><\/strong> vitalizira, otklanja energetske blokade i ubrzava rast na svim razinama. To je stabiliziraju\u0107i kamen koji ja\u010da auru i vra\u0107a ravnote\u017eu u spolnu \u010dakru i solarni pleksus. Ubla\u017eava bolove i pobolj\u0161ava cirkulaciju krvi. Pobolj\u0161ava protok na\u0161e kreativne energije i \u0161titi nas od psihi\u010dkih napada. Omogu\u0107uje uzemljenje i za\u0161titu. \u010cesto se koristi kao pomo\u0107 u procesu dono\u0161enja odluka.<\/li>\n\n\n\n<li><strong><span style=\"color: #800080;\">DUGA OPSIDIJAN<\/span><\/strong> je kamen \"zadovoljstva\". Olak\u0161ava u\u017eivanje u vlastitom \u017eivotu i daje nam osje\u0107aj zahvalnosti. U\u010di nas o duhovnoj prirodi i obnavlja energiju srca. To je kamen ljubavi. Ima jaka za\u0161titna svojstva. Apsorbira negativnu energiju iz aure i ubla\u017eava stres. Otvara i aktivira sve \u010dakre. Poma\u017ee ubla\u017eiti strah kod ku\u0107e i na poslu. Donosi sre\u0107u i radost.<\/li>\n\n\n\n<li><span style=\"color: #800080;\"><strong>PLAVI OPSIDIJAN<\/strong><\/span> poma\u017ee u astralnom putovanju i pove\u0107ava telepatiju. Aktivira grlenu \u010dakru i podupire komunikacijske vje\u0161tine. Otvara auru. Poma\u017ee nam kod poreme\u0107aja govora, oka, Alzheimerove bolesti, shizofrenije i poreme\u0107aja osobnosti.<\/li>\n\n\n\n<li><strong><span style=\"color: #800080;\">PLAVO-ZELENI OPSIDIJAN<\/span><\/strong> otvara sr\u010danu i grlenu \u010dakru. Omogu\u0107uje govorenje istine i razumijevanje iz srca. Uravnote\u017euje um, tijelo i duh. Pobolj\u0161ava asimilaciju vitamina A i E. Pobolj\u0161ava no\u0107ni vid.<\/li>\n\n\n\n<li><strong><span style=\"color: #800080;\">SNJE\u017dNI OPSIDIJAN<\/span><\/strong> poti\u010de nas na duhovni rast. Ima vrlo jaka za\u0161titna svojstva. Apsorbira negativnu energiju iz aure i otklanja stres. Neutralizira bol i razbija blokade. Smanjuje vrijeme zacjeljivanja rana. Ja\u010da zdravlje, intuiciju i cirkulaciju. Otpu\u0161ta napetost i ubla\u017eava \u0161ok. Bistri um i ja\u010da logiku. Koristan je za vene, kostur i glatku ko\u017eu. Iscjeljuje stare karmi\u010dke obrasce. Vrlo je dobar za uzemljenje i za\u0161titu.<\/li>\n\n\n\n<li><strong><span style=\"color: #800080;\">SREBRNI OPSIDIJAN<\/span><\/strong> \u2013 pobolj\u0161ava percepciju, izo\u0161trava osjetila i intelekt. Promi\u010de jasnu komunikaciju s drugima. Utje\u010de na racionalno dono\u0161enje odluka. Poma\u017ee nam razumjeti pona\u0161anje drugih i pobolj\u0161ava nepo\u017eeljne osobine. Pove\u0107ava strpljenje i ustrajnost. To je prekrasan kamen za astralna putovanja jer pru\u017ea sna\u017enu vezu izme\u0111u fizi\u010dkog i astralnog tijela. Smiruju\u0107i je kamen za one koji imaju problema s posesivnom majkom.<\/li>\n\n\n\n<li><strong><span style=\"color: #800080;\">ZLATNI OPSIDIJAN<\/span><\/strong> pru\u017ea nam znanje o duhovnosti. Regulira energetska polja. Pobolj\u0161ava meditaciju i daje nam strpljenje i ustrajnost. Povezuje astralna tijela s fizi\u010dkim tijelom. Nudi nam za\u0161titu i osloba\u0111a od stresa. \u010cisti auru, negativnu energiju i podr\u017eava nas u postizanju ciljeva.<\/li>\n\n\n\n<li><strong><span style=\"color: #800080;\">MRE\u017dASTI OPSIDIJAN<\/span> <\/strong>\u2013 uzemljenje, koljena, kukovi, za\u0161tita, emocije, promjene raspolo\u017eenja, depresija, unutarnja snaga, mentalna jasno\u0107a, kreativnost, stres, duhovnost, astralna putovanja\u2026<\/li>\n<\/ul>\n\n\n\n<div class=\"wp-block-button aligncenter\"><a class=\"wp-block-button__link has-text-color has-background wp-element-button\" href=\"https:\/\/moirai.si\/hr\/kategorija-proizvoda\/kupnja-kamenjem\/opsidijan-2\/\" style=\"color:#2d2c2c;background-color:#ddc942\" target=\"_blank\" rel=\"noreferrer noopener\">Trgovina Opsidijan<\/a><\/div>\n\n\n<div class=\"wp-block-image is-resized\">\n<figure class=\"alignleft\"><a href=\"https:\/\/moirai.si\/hr\/cakra\/\"><img loading=\"lazy\" decoding=\"async\" width=\"500\" height=\"500\" src=\"https:\/\/moirai.si\/wp-content\/uploads\/2019\/09\/\u010dakra.jpg\" alt=\"\" class=\"wp-image-14534\" style=\"width:125px\" srcset=\"https:\/\/moirai.si\/wp-content\/uploads\/2019\/09\/\u010dakra.jpg 500w, https:\/\/moirai.si\/wp-content\/uploads\/2019\/09\/\u010dakra-100x100.jpg 100w\" sizes=\"auto, (max-width: 500px) 100vw, 500px\" \/><\/a><\/figure>\n<\/div>\n\n\n<p><a href=\"https:\/\/moirai.si\/hr\/cakra\/\">\u010cakra<\/a><\/p>\n\n\n\n<p class=\"has-small-font-size\">** Navedena ljekovita i metafizi\u010dka svojstva kamenja prikupljena su iz razli\u010ditih izvora. Informacije su dostupne samo kao usluga, a ne za lije\u010denje bolesti. Moirai ne jam\u010di potpunu valjanost gore navedenog.<\/p>\n\n\n\n<h3 class=\"wp-block-heading\"><span style=\"color: #800080;\"><strong>Karakteristike minerala<\/strong><\/span><\/h3>\n\n\n\n<figure class=\"wp-block-table\"><table><tbody><tr><td>Kemijski sastav<\/td><td>SiO<sub>2<\/sub>+H<sub>2<\/sub>O<\/td><\/tr><tr><td>Boja<\/td><td>crna s bijelim dodacima<\/td><\/tr><tr><td>Tvrdo\u0107a (Mohs)<\/td><td>5-5.5<\/td><\/tr><tr><td>Gusto\u0107a<\/td><td>2.30-2.60<\/td><\/tr><tr><td>Indeks loma<\/td><td>1.480-1.510<\/td><\/tr><tr><td>Kristalni sistem<\/td><td>Amorfna<\/td><\/tr><\/tbody><\/table><\/figure>\n\n\n\n<h3 class=\"wp-block-heading\"><span style=\"color: #800080;\"><strong>Izvor minerala<\/strong><\/span><\/h3>\n\n\n<div class=\"wp-block-image is-resized\">\n<figure class=\"alignleft size-large\"><img loading=\"lazy\" decoding=\"async\" width=\"189\" height=\"104\" src=\"https:\/\/moirai.si\/wp-content\/uploads\/2020\/01\/svet.jpg\" alt=\"\" class=\"wp-image-15658\" style=\"width:125px\"\/><\/figure>\n<\/div>\n\n\n<ul class=\"wp-block-list\">\n<li>Argentina, Armenija, Azerbajd\u017ean, Kanada, \u010cile, Gruzija, Gr\u010dka, Salvador, Gvatemala, Island, Italija, Japan, Kenija, Meksiko, Novi Zeland, Peru, \u0160kotska, Turska i SAD.<\/li>\n<\/ul>\n\n\n\n<h3 class=\"wp-block-heading\"><span style=\"color: #800080;\"><strong>Briga<\/strong><\/span><\/h3>\n\n\n\n<ul class=\"wp-block-list\">\n<li>Jednostavno koristite vodu sa sapunom i meku krpu za \u010di\u0161\u0107enje Obsidiana. Obavezno temeljito isperite kamen kako biste uklonili sve ostatke sapuna. Kao i kod ve\u0107ine dragog kamenja, ne preporu\u010duje se kori\u0161tenje ultrazvu\u010dnih \u010dista\u010da i aparata za paru s obsidijanom.<\/li>\n\n\n\n<li>Kameni nakit je najbolje pohraniti u kutiju prekrivenu krpom ili zamotati u krpu odvojenu od ostalih, sprje\u010davaju\u0107i samo o\u0161te\u0107enja i mogu\u0107e ogrebotine. Preporu\u010dljivo je ne nositi nakit tijekom velikih fizi\u010dkih aktivnosti kao \u0161to su vje\u017ebanje ili sport. Izbjegavajte prskanje parfema na va\u0161 nakit i kamenje.<\/li>\n<\/ul>\n\n\n\n<div class=\"wp-block-button aligncenter\"><a class=\"wp-block-button__link has-text-color has-background wp-element-button\" href=\"https:\/\/moirai.si\/hr\/kategorija-proizvoda\/kupnja-kamenjem\/opsidijan-2\/\" style=\"color:#2d2c2c;background-color:#ddc942\" target=\"_blank\" rel=\"noreferrer noopener\">Trgovina Opsidijan<\/a><\/div>\n\n\n\n<p class=\"has-text-align-center\">Za <strong><span style=\"color: #800080;\">10<\/span>%<\/strong> popusta koristite kod: <span style=\"color: #800080;\"><strong>moirai26 <\/strong><\/span>(koda je veljavna do 31.12.2026)!<\/p>\n\n\n\n<h3 class=\"wp-block-heading\"><span style=\"color: #800080;\"><strong>Horoskop<\/strong><\/span><\/h3>\n\n\n<div class=\"wp-block-image\">\n<figure class=\"alignleft size-large\"><img loading=\"lazy\" decoding=\"async\" width=\"116\" height=\"111\" src=\"https:\/\/moirai.si\/wp-content\/uploads\/2020\/01\/horoskop.jpg\" alt=\"\" class=\"wp-image-15659\"\/><\/figure>\n<\/div>\n\n\n<ul class=\"wp-block-list\">\n<li>\u0160korpion, Strijelac, Vodenjak, Jarac<\/li>\n<\/ul>","protected":false},"excerpt":{"rendered":"<p>Zgodovina Zdravilno * Metafizi\u010dne lastnosti \u010cakra ** Navedene zdravilne in metafizi\u010dne lastnosti kamnov so zbrane iz ve\u010d razli\u010dnih virov. Informacije so na voljo le kot storitev in ne za zdravljenje bolezni. Moirai.si ne jam\u010di popolne veljavnosti navedenega. Zna\u010dilnosti minerala Kemijska sestava SiO2+H2O Barva \u010drna z belimi dodatki Trdota (Mohs) 5-5.5 Gostota 2.30-2.60 Lomni koli\u010dnik 1.480-1.510 [&hellip;]<\/p>\n","protected":false},"author":1,"featured_media":0,"parent":0,"menu_order":0,"comment_status":"closed","ping_status":"closed","template":"template-products-page.php","meta":{"footnotes":""},"class_list":["post-4871","page","type-page","status-publish","hentry"],"_links":{"self":[{"href":"https:\/\/moirai.si\/hr\/wp-json\/wp\/v2\/pages\/4871","targetHints":{"allow":["GET"]}}],"collection":[{"href":"https:\/\/moirai.si\/hr\/wp-json\/wp\/v2\/pages"}],"about":[{"href":"https:\/\/moirai.si\/hr\/wp-json\/wp\/v2\/types\/page"}],"author":[{"embeddable":true,"href":"https:\/\/moirai.si\/hr\/wp-json\/wp\/v2\/users\/1"}],"replies":[{"embeddable":true,"href":"https:\/\/moirai.si\/hr\/wp-json\/wp\/v2\/comments?post=4871"}],"version-history":[{"count":14,"href":"https:\/\/moirai.si\/hr\/wp-json\/wp\/v2\/pages\/4871\/revisions"}],"predecessor-version":[{"id":27226,"href":"https:\/\/moirai.si\/hr\/wp-json\/wp\/v2\/pages\/4871\/revisions\/27226"}],"wp:attachment":[{"href":"https:\/\/moirai.si\/hr\/wp-json\/wp\/v2\/media?parent=4871"}],"curies":[{"name":"wp","href":"https:\/\/api.w.org\/{rel}","templated":true}]}}